{"id":995,"date":"2019-02-06T14:35:26","date_gmt":"2019-02-06T19:35:26","guid":{"rendered":"http:\/\/crcoc.ca\/pregnancy-and-infant-loss-network\/"},"modified":"2019-10-01T11:50:03","modified_gmt":"2019-10-01T15:50:03","slug":"reseau-de-soutien-fausse-couche-et-perte-dun-bebe","status":"publish","type":"page","link":"https:\/\/www.crcoc.ca\/fr\/adultes\/reseau-de-soutien-fausse-couche-et-perte-dun-bebe\/","title":{"rendered":"R\u00e9seau de soutien fausse couche et perte d&rsquo;un b\u00e9b\u00e9"},"content":{"rendered":"\t\t<div data-elementor-type=\"wp-post\" data-elementor-id=\"995\" class=\"elementor elementor-995 elementor-991\" data-elementor-post-type=\"page\">\n\t\t\t\t\t\t<section class=\"elementor-section elementor-top-section elementor-element elementor-element-a00152e elementor-section-boxed elementor-section-height-default elementor-section-height-default\" data-id=\"a00152e\" data-element_type=\"section\" data-e-type=\"section\">\n\t\t\t\t\t\t<div class=\"elementor-container elementor-column-gap-default\">\n\t\t\t\t\t<div class=\"elementor-column elementor-col-100 elementor-top-column elementor-element elementor-element-475d577\" data-id=\"475d577\" data-element_type=\"column\" data-e-type=\"column\">\n\t\t\t<div class=\"elementor-widget-wrap elementor-element-populated\">\n\t\t\t\t\t\t<div class=\"elementor-element elementor-element-afd9317 elementor-widget elementor-widget-heading\" data-id=\"afd9317\" data-element_type=\"widget\" data-e-type=\"widget\" data-widget_type=\"heading.default\">\n\t\t\t\t<div class=\"elementor-widget-container\">\n\t\t\t\t\t<h2 class=\"elementor-heading-title elementor-size-default\">Cercles de soutien dirig\u00e9s pour fausse couche et perte d'un b\u00e9b\u00e9<\/h2>\t\t\t\t<\/div>\n\t\t\t\t<\/div>\n\t\t\t\t<section class=\"elementor-section elementor-inner-section elementor-element elementor-element-f4b780a elementor-section-boxed elementor-section-height-default elementor-section-height-default\" data-id=\"f4b780a\" data-element_type=\"section\" data-e-type=\"section\">\n\t\t\t\t\t\t<div class=\"elementor-container elementor-column-gap-default\">\n\t\t\t\t\t<div class=\"elementor-column elementor-col-50 elementor-inner-column elementor-element elementor-element-8216c6a\" data-id=\"8216c6a\" data-element_type=\"column\" data-e-type=\"column\">\n\t\t\t<div class=\"elementor-widget-wrap elementor-element-populated\">\n\t\t\t\t\t\t<div class=\"elementor-element elementor-element-e13aa91 elementor-widget elementor-widget-image\" data-id=\"e13aa91\" data-element_type=\"widget\" data-e-type=\"widget\" data-widget_type=\"image.default\">\n\t\t\t\t<div class=\"elementor-widget-container\">\n\t\t\t\t\t\t\t\t\t\t\t\t\t\t\t<img fetchpriority=\"high\" decoding=\"async\" width=\"300\" height=\"222\" src=\"http:\/\/www.crcoc.ca\/wp-content\/uploads\/2019\/02\/PAIL-idea-15b45d-1-e1529702886624.jpg\" class=\"attachment-large size-large wp-image-983\" alt=\"\" \/>\t\t\t\t\t\t\t\t\t\t\t\t\t\t\t<\/div>\n\t\t\t\t<\/div>\n\t\t\t\t<div class=\"elementor-element elementor-element-b8f1f4c elementor-align-justify elementor-widget elementor-widget-button\" data-id=\"b8f1f4c\" data-element_type=\"widget\" data-e-type=\"widget\" data-widget_type=\"button.default\">\n\t\t\t\t<div class=\"elementor-widget-container\">\n\t\t\t\t\t\t\t\t\t<div class=\"elementor-button-wrapper\">\n\t\t\t\t\t<a class=\"elementor-button elementor-button-link elementor-size-sm\" href=\"https:\/\/pailnetwork.sunnybrook.ca\/\">\n\t\t\t\t\t\t<span class=\"elementor-button-content-wrapper\">\n\t\t\t\t\t\t\t\t\t<span class=\"elementor-button-text\">Aller au site web<\/span>\n\t\t\t\t\t<\/span>\n\t\t\t\t\t<\/a>\n\t\t\t\t<\/div>\n\t\t\t\t\t\t\t\t<\/div>\n\t\t\t\t<\/div>\n\t\t\t\t\t<\/div>\n\t\t<\/div>\n\t\t\t\t<div class=\"elementor-column elementor-col-50 elementor-inner-column elementor-element elementor-element-eb512b3\" data-id=\"eb512b3\" data-element_type=\"column\" data-e-type=\"column\">\n\t\t\t<div class=\"elementor-widget-wrap elementor-element-populated\">\n\t\t\t\t\t\t<div class=\"elementor-element elementor-element-91c1c8e elementor-widget elementor-widget-text-editor\" data-id=\"91c1c8e\" data-element_type=\"widget\" data-e-type=\"widget\" data-widget_type=\"text-editor.default\">\n\t\t\t\t<div class=\"elementor-widget-container\">\n\t\t\t\t\t\t\t\t\t<p>Le R\u00e9seau fausse couche et perte d\u2019un b\u00e9b\u00e9 (PAIL) offre un soutien gratuit aux familles qui ont perdu un b\u00e9b\u00e9 pendant leur grossesse ou avant l\u2019\u00e2ge de 12 mois.\u00a0 Nous souhaitons la bienvenue \u00e0 toutes les familles de l\u2019Ontario qui ont subi une perte pendant la grossesse ou v\u00e9cue la mort d\u2019un b\u00e9b\u00e9.\u00a0 Les personnes qui souhaitent participer doivent communiquer avec le R\u00e9seau PAIL afin de\u00a0<a href=\"https:\/\/pailnetwork.sunnybrook.ca\/support-for-families\/support-services-intake\/%E2%80%8B\">compl\u00e9ter leur admission<\/a>\u00a0et ainsi pouvoir se joindre \u00e0 d\u2019autres personnes qui partagent leur chagrin.<\/p><p>Le R\u00e9seau PAIL a form\u00e9 des personnes b\u00e9n\u00e9voles qui partagent une exp\u00e9rience v\u00e9cue de perte afin de faciliter ces groupes de soutien dans votre communaut\u00e9.\u00a0 Personne de devrait avoir \u00e0 pleurer seul \u2013 nous sommes l\u00e0 pour vous aider.<\/p><p class=\"MsoNormal\"><span lang=\"FR-CA\" style=\"font-size: 13pt; line-height: 107%; font-family: Arial, sans-serif; background-image: initial; background-position: initial; background-size: initial; background-repeat: initial; background-attachment: initial; background-origin: initial; background-clip: initial;\">Ce groupe est disponible en anglais et en fran\u00e7ais.\u00a0<\/span><\/p>\t\t\t\t\t\t\t\t<\/div>\n\t\t\t\t<\/div>\n\t\t\t\t\t<\/div>\n\t\t<\/div>\n\t\t\t\t\t<\/div>\n\t\t<\/section>\n\t\t\t\t<div class=\"elementor-element elementor-element-9408060 elementor-widget elementor-widget-spacer\" data-id=\"9408060\" data-element_type=\"widget\" data-e-type=\"widget\" data-widget_type=\"spacer.default\">\n\t\t\t\t<div class=\"elementor-widget-container\">\n\t\t\t\t\t\t\t<div class=\"elementor-spacer\">\n\t\t\t<div class=\"elementor-spacer-inner\"><\/div>\n\t\t<\/div>\n\t\t\t\t\t\t<\/div>\n\t\t\t\t<\/div>\n\t\t\t\t<div class=\"elementor-element elementor-element-9dafbb2 elementor-widget elementor-widget-text-editor\" data-id=\"9dafbb2\" data-element_type=\"widget\" data-e-type=\"widget\" data-widget_type=\"text-editor.default\">\n\t\t\t\t<div class=\"elementor-widget-container\">\n\t\t\t\t\t\t\t\t\t<p><strong>Pour plus de d\u00e9tails, vous pouvez communiquer avec PAIL de diff\u00e9rentes fa\u00e7ons:\u00a0<a href=\"http:\/\/pailnetwork.ca\/support-for-families\">pailnetwork.ca\/support-for-families<\/a>\u00a0ou\u00a0<a href=\"mailto:pailnetwork@sunnybrook.ca\">pailnetwork@sunnybrook.ca<\/a>.<\/strong><\/p>\t\t\t\t\t\t\t\t<\/div>\n\t\t\t\t<\/div>\n\t\t\t\t\t<\/div>\n\t\t<\/div>\n\t\t\t\t\t<\/div>\n\t\t<\/section>\n\t\t\t\t<\/div>\n\t\t","protected":false},"excerpt":{"rendered":"<p>Cercles de soutien dirig\u00e9s pour fausse couche et perte d&rsquo;un b\u00e9b\u00e9 Aller au site web Le R\u00e9seau fausse couche et perte d\u2019un b\u00e9b\u00e9 (PAIL) offre un soutien gratuit aux familles qui ont perdu un b\u00e9b\u00e9 pendant leur grossesse ou avant l\u2019\u00e2ge de 12 mois.\u00a0 Nous souhaitons la bienvenue \u00e0 toutes les familles de l\u2019Ontario qui &#8230; <a title=\"R\u00e9seau de soutien fausse couche et perte d&rsquo;un b\u00e9b\u00e9\" class=\"read-more\" href=\"https:\/\/www.crcoc.ca\/fr\/adultes\/reseau-de-soutien-fausse-couche-et-perte-dun-bebe\/\">Read more<\/a><\/p>\n","protected":false},"author":1,"featured_media":0,"parent":684,"menu_order":0,"comment_status":"closed","ping_status":"closed","template":"","meta":{"footnotes":""},"class_list":["post-995","page","type-page","status-publish"],"yoast_head":"<!-- This site is optimized with the Yoast SEO plugin v27.3 - https:\/\/yoast.com\/product\/yoast-seo-wordpress\/ -->\n<title>R\u00e9seau de soutien fausse couche et perte d&#039;un b\u00e9b\u00e9 - CRCOC - OCCRC<\/title>\n<meta name=\"robots\" content=\"index, follow, max-snippet:-1, max-image-preview:large, max-video-preview:-1\" \/>\n<link rel=\"canonical\" href=\"https:\/\/www.crcoc.ca\/fr\/adultes\/reseau-de-soutien-fausse-couche-et-perte-dun-bebe\/\" \/>\n<meta property=\"og:locale\" content=\"fr_FR\" \/>\n<meta property=\"og:type\" content=\"article\" \/>\n<meta property=\"og:title\" content=\"R\u00e9seau de soutien fausse couche et perte d&#039;un b\u00e9b\u00e9 - CRCOC - OCCRC\" \/>\n<meta property=\"og:description\" content=\"Cercles de soutien dirig\u00e9s pour fausse couche et perte d&rsquo;un b\u00e9b\u00e9 Aller au site web Le R\u00e9seau fausse couche et perte d\u2019un b\u00e9b\u00e9 (PAIL) offre un soutien gratuit aux familles qui ont perdu un b\u00e9b\u00e9 pendant leur grossesse ou avant l\u2019\u00e2ge de 12 mois.\u00a0 Nous souhaitons la bienvenue \u00e0 toutes les familles de l\u2019Ontario qui ... Read more\" \/>\n<meta property=\"og:url\" content=\"https:\/\/www.crcoc.ca\/fr\/adultes\/reseau-de-soutien-fausse-couche-et-perte-dun-bebe\/\" \/>\n<meta property=\"og:site_name\" content=\"CRCOC - OCCRC\" \/>\n<meta property=\"article:publisher\" content=\"https:\/\/www.facebook.com\/OCCRC.CRCOC\/\" \/>\n<meta property=\"article:modified_time\" content=\"2019-10-01T15:50:03+00:00\" \/>\n<meta property=\"og:image\" content=\"https:\/\/www.crcoc.ca\/wp-content\/uploads\/2019\/02\/PAIL-idea-15b45d-1-e1529702886624.jpg\" \/>\n<meta name=\"twitter:card\" content=\"summary_large_image\" \/>\n<meta name=\"twitter:site\" content=\"@OCCRC_CRCOC\" \/>\n<meta name=\"twitter:label1\" content=\"Dur\u00e9e de lecture estim\u00e9e\" \/>\n\t<meta name=\"twitter:data1\" content=\"1 minute\" \/>\n<script type=\"application\/ld+json\" class=\"yoast-schema-graph\">{\"@context\":\"https:\\\/\\\/schema.org\",\"@graph\":[{\"@type\":\"WebPage\",\"@id\":\"https:\\\/\\\/www.crcoc.ca\\\/fr\\\/adultes\\\/reseau-de-soutien-fausse-couche-et-perte-dun-bebe\\\/\",\"url\":\"https:\\\/\\\/www.crcoc.ca\\\/fr\\\/adultes\\\/reseau-de-soutien-fausse-couche-et-perte-dun-bebe\\\/\",\"name\":\"R\u00e9seau de soutien fausse couche et perte d'un b\u00e9b\u00e9 - CRCOC - OCCRC\",\"isPartOf\":{\"@id\":\"http:\\\/\\\/www.crcoc.ca\\\/fr\\\/#website\"},\"primaryImageOfPage\":{\"@id\":\"https:\\\/\\\/www.crcoc.ca\\\/fr\\\/adultes\\\/reseau-de-soutien-fausse-couche-et-perte-dun-bebe\\\/#primaryimage\"},\"image\":{\"@id\":\"https:\\\/\\\/www.crcoc.ca\\\/fr\\\/adultes\\\/reseau-de-soutien-fausse-couche-et-perte-dun-bebe\\\/#primaryimage\"},\"thumbnailUrl\":\"https:\\\/\\\/www.crcoc.ca\\\/wp-content\\\/uploads\\\/2019\\\/02\\\/PAIL-idea-15b45d-1-e1529702886624.jpg\",\"datePublished\":\"2019-02-06T19:35:26+00:00\",\"dateModified\":\"2019-10-01T15:50:03+00:00\",\"breadcrumb\":{\"@id\":\"https:\\\/\\\/www.crcoc.ca\\\/fr\\\/adultes\\\/reseau-de-soutien-fausse-couche-et-perte-dun-bebe\\\/#breadcrumb\"},\"inLanguage\":\"fr-FR\",\"potentialAction\":[{\"@type\":\"ReadAction\",\"target\":[\"https:\\\/\\\/www.crcoc.ca\\\/fr\\\/adultes\\\/reseau-de-soutien-fausse-couche-et-perte-dun-bebe\\\/\"]}]},{\"@type\":\"ImageObject\",\"inLanguage\":\"fr-FR\",\"@id\":\"https:\\\/\\\/www.crcoc.ca\\\/fr\\\/adultes\\\/reseau-de-soutien-fausse-couche-et-perte-dun-bebe\\\/#primaryimage\",\"url\":\"https:\\\/\\\/www.crcoc.ca\\\/wp-content\\\/uploads\\\/2019\\\/02\\\/PAIL-idea-15b45d-1-e1529702886624.jpg\",\"contentUrl\":\"https:\\\/\\\/www.crcoc.ca\\\/wp-content\\\/uploads\\\/2019\\\/02\\\/PAIL-idea-15b45d-1-e1529702886624.jpg\"},{\"@type\":\"BreadcrumbList\",\"@id\":\"https:\\\/\\\/www.crcoc.ca\\\/fr\\\/adultes\\\/reseau-de-soutien-fausse-couche-et-perte-dun-bebe\\\/#breadcrumb\",\"itemListElement\":[{\"@type\":\"ListItem\",\"position\":1,\"name\":\"Home\",\"item\":\"https:\\\/\\\/www.crcoc.ca\\\/fr\\\/\"},{\"@type\":\"ListItem\",\"position\":2,\"name\":\"Adultes\",\"item\":\"https:\\\/\\\/www.crcoc.ca\\\/fr\\\/adultes\\\/\"},{\"@type\":\"ListItem\",\"position\":3,\"name\":\"R\u00e9seau de soutien fausse couche et perte d&rsquo;un b\u00e9b\u00e9\"}]},{\"@type\":\"WebSite\",\"@id\":\"http:\\\/\\\/www.crcoc.ca\\\/fr\\\/#website\",\"url\":\"http:\\\/\\\/www.crcoc.ca\\\/fr\\\/\",\"name\":\"CRCOC - OCCRC\",\"description\":\"Centre de ressources communautaires Orl\u00e9ans-Cumberland | Orl\u00e9ans-Cumberland Community Resource Center\",\"publisher\":{\"@id\":\"http:\\\/\\\/www.crcoc.ca\\\/fr\\\/#organization\"},\"potentialAction\":[{\"@type\":\"SearchAction\",\"target\":{\"@type\":\"EntryPoint\",\"urlTemplate\":\"http:\\\/\\\/www.crcoc.ca\\\/fr\\\/?s={search_term_string}\"},\"query-input\":{\"@type\":\"PropertyValueSpecification\",\"valueRequired\":true,\"valueName\":\"search_term_string\"}}],\"inLanguage\":\"fr-FR\"},{\"@type\":\"Organization\",\"@id\":\"http:\\\/\\\/www.crcoc.ca\\\/fr\\\/#organization\",\"name\":\"Orl\u00e9ans-Cumberland Community Resource Centre\",\"url\":\"http:\\\/\\\/www.crcoc.ca\\\/fr\\\/\",\"logo\":{\"@type\":\"ImageObject\",\"inLanguage\":\"fr-FR\",\"@id\":\"http:\\\/\\\/www.crcoc.ca\\\/fr\\\/#\\\/schema\\\/logo\\\/image\\\/\",\"url\":\"https:\\\/\\\/www.crcoc.ca\\\/wp-content\\\/uploads\\\/2019\\\/01\\\/cropped-Logo_OCCRCeachside-1.png\",\"contentUrl\":\"https:\\\/\\\/www.crcoc.ca\\\/wp-content\\\/uploads\\\/2019\\\/01\\\/cropped-Logo_OCCRCeachside-1.png\",\"width\":512,\"height\":512,\"caption\":\"Orl\u00e9ans-Cumberland Community Resource Centre\"},\"image\":{\"@id\":\"http:\\\/\\\/www.crcoc.ca\\\/fr\\\/#\\\/schema\\\/logo\\\/image\\\/\"},\"sameAs\":[\"https:\\\/\\\/www.facebook.com\\\/OCCRC.CRCOC\\\/\",\"https:\\\/\\\/x.com\\\/OCCRC_CRCOC\",\"https:\\\/\\\/instagram.com\\\/occrcyp_crcocpj\\\/\"]}]}<\/script>\n<!-- \/ Yoast SEO plugin. -->","yoast_head_json":{"title":"R\u00e9seau de soutien fausse couche et perte d'un b\u00e9b\u00e9 - CRCOC - OCCRC","robots":{"index":"index","follow":"follow","max-snippet":"max-snippet:-1","max-image-preview":"max-image-preview:large","max-video-preview":"max-video-preview:-1"},"canonical":"https:\/\/www.crcoc.ca\/fr\/adultes\/reseau-de-soutien-fausse-couche-et-perte-dun-bebe\/","og_locale":"fr_FR","og_type":"article","og_title":"R\u00e9seau de soutien fausse couche et perte d'un b\u00e9b\u00e9 - CRCOC - OCCRC","og_description":"Cercles de soutien dirig\u00e9s pour fausse couche et perte d&rsquo;un b\u00e9b\u00e9 Aller au site web Le R\u00e9seau fausse couche et perte d\u2019un b\u00e9b\u00e9 (PAIL) offre un soutien gratuit aux familles qui ont perdu un b\u00e9b\u00e9 pendant leur grossesse ou avant l\u2019\u00e2ge de 12 mois.\u00a0 Nous souhaitons la bienvenue \u00e0 toutes les familles de l\u2019Ontario qui ... Read more","og_url":"https:\/\/www.crcoc.ca\/fr\/adultes\/reseau-de-soutien-fausse-couche-et-perte-dun-bebe\/","og_site_name":"CRCOC - OCCRC","article_publisher":"https:\/\/www.facebook.com\/OCCRC.CRCOC\/","article_modified_time":"2019-10-01T15:50:03+00:00","og_image":[{"url":"https:\/\/www.crcoc.ca\/wp-content\/uploads\/2019\/02\/PAIL-idea-15b45d-1-e1529702886624.jpg","type":"","width":"","height":""}],"twitter_card":"summary_large_image","twitter_site":"@OCCRC_CRCOC","twitter_misc":{"Dur\u00e9e de lecture estim\u00e9e":"1 minute"},"schema":{"@context":"https:\/\/schema.org","@graph":[{"@type":"WebPage","@id":"https:\/\/www.crcoc.ca\/fr\/adultes\/reseau-de-soutien-fausse-couche-et-perte-dun-bebe\/","url":"https:\/\/www.crcoc.ca\/fr\/adultes\/reseau-de-soutien-fausse-couche-et-perte-dun-bebe\/","name":"R\u00e9seau de soutien fausse couche et perte d'un b\u00e9b\u00e9 - CRCOC - OCCRC","isPartOf":{"@id":"http:\/\/www.crcoc.ca\/fr\/#website"},"primaryImageOfPage":{"@id":"https:\/\/www.crcoc.ca\/fr\/adultes\/reseau-de-soutien-fausse-couche-et-perte-dun-bebe\/#primaryimage"},"image":{"@id":"https:\/\/www.crcoc.ca\/fr\/adultes\/reseau-de-soutien-fausse-couche-et-perte-dun-bebe\/#primaryimage"},"thumbnailUrl":"https:\/\/www.crcoc.ca\/wp-content\/uploads\/2019\/02\/PAIL-idea-15b45d-1-e1529702886624.jpg","datePublished":"2019-02-06T19:35:26+00:00","dateModified":"2019-10-01T15:50:03+00:00","breadcrumb":{"@id":"https:\/\/www.crcoc.ca\/fr\/adultes\/reseau-de-soutien-fausse-couche-et-perte-dun-bebe\/#breadcrumb"},"inLanguage":"fr-FR","potentialAction":[{"@type":"ReadAction","target":["https:\/\/www.crcoc.ca\/fr\/adultes\/reseau-de-soutien-fausse-couche-et-perte-dun-bebe\/"]}]},{"@type":"ImageObject","inLanguage":"fr-FR","@id":"https:\/\/www.crcoc.ca\/fr\/adultes\/reseau-de-soutien-fausse-couche-et-perte-dun-bebe\/#primaryimage","url":"https:\/\/www.crcoc.ca\/wp-content\/uploads\/2019\/02\/PAIL-idea-15b45d-1-e1529702886624.jpg","contentUrl":"https:\/\/www.crcoc.ca\/wp-content\/uploads\/2019\/02\/PAIL-idea-15b45d-1-e1529702886624.jpg"},{"@type":"BreadcrumbList","@id":"https:\/\/www.crcoc.ca\/fr\/adultes\/reseau-de-soutien-fausse-couche-et-perte-dun-bebe\/#breadcrumb","itemListElement":[{"@type":"ListItem","position":1,"name":"Home","item":"https:\/\/www.crcoc.ca\/fr\/"},{"@type":"ListItem","position":2,"name":"Adultes","item":"https:\/\/www.crcoc.ca\/fr\/adultes\/"},{"@type":"ListItem","position":3,"name":"R\u00e9seau de soutien fausse couche et perte d&rsquo;un b\u00e9b\u00e9"}]},{"@type":"WebSite","@id":"http:\/\/www.crcoc.ca\/fr\/#website","url":"http:\/\/www.crcoc.ca\/fr\/","name":"CRCOC - OCCRC","description":"Centre de ressources communautaires Orl\u00e9ans-Cumberland | Orl\u00e9ans-Cumberland Community Resource Center","publisher":{"@id":"http:\/\/www.crcoc.ca\/fr\/#organization"},"potentialAction":[{"@type":"SearchAction","target":{"@type":"EntryPoint","urlTemplate":"http:\/\/www.crcoc.ca\/fr\/?s={search_term_string}"},"query-input":{"@type":"PropertyValueSpecification","valueRequired":true,"valueName":"search_term_string"}}],"inLanguage":"fr-FR"},{"@type":"Organization","@id":"http:\/\/www.crcoc.ca\/fr\/#organization","name":"Orl\u00e9ans-Cumberland Community Resource Centre","url":"http:\/\/www.crcoc.ca\/fr\/","logo":{"@type":"ImageObject","inLanguage":"fr-FR","@id":"http:\/\/www.crcoc.ca\/fr\/#\/schema\/logo\/image\/","url":"https:\/\/www.crcoc.ca\/wp-content\/uploads\/2019\/01\/cropped-Logo_OCCRCeachside-1.png","contentUrl":"https:\/\/www.crcoc.ca\/wp-content\/uploads\/2019\/01\/cropped-Logo_OCCRCeachside-1.png","width":512,"height":512,"caption":"Orl\u00e9ans-Cumberland Community Resource Centre"},"image":{"@id":"http:\/\/www.crcoc.ca\/fr\/#\/schema\/logo\/image\/"},"sameAs":["https:\/\/www.facebook.com\/OCCRC.CRCOC\/","https:\/\/x.com\/OCCRC_CRCOC","https:\/\/instagram.com\/occrcyp_crcocpj\/"]}]}},"_links":{"self":[{"href":"https:\/\/www.crcoc.ca\/fr\/wp-json\/wp\/v2\/pages\/995","targetHints":{"allow":["GET"]}}],"collection":[{"href":"https:\/\/www.crcoc.ca\/fr\/wp-json\/wp\/v2\/pages"}],"about":[{"href":"https:\/\/www.crcoc.ca\/fr\/wp-json\/wp\/v2\/types\/page"}],"author":[{"embeddable":true,"href":"https:\/\/www.crcoc.ca\/fr\/wp-json\/wp\/v2\/users\/1"}],"replies":[{"embeddable":true,"href":"https:\/\/www.crcoc.ca\/fr\/wp-json\/wp\/v2\/comments?post=995"}],"version-history":[{"count":4,"href":"https:\/\/www.crcoc.ca\/fr\/wp-json\/wp\/v2\/pages\/995\/revisions"}],"predecessor-version":[{"id":9847,"href":"https:\/\/www.crcoc.ca\/fr\/wp-json\/wp\/v2\/pages\/995\/revisions\/9847"}],"up":[{"embeddable":true,"href":"https:\/\/www.crcoc.ca\/fr\/wp-json\/wp\/v2\/pages\/684"}],"wp:attachment":[{"href":"https:\/\/www.crcoc.ca\/fr\/wp-json\/wp\/v2\/media?parent=995"}],"curies":[{"name":"wp","href":"https:\/\/api.w.org\/{rel}","templated":true}]}}