{"id":9501,"date":"2019-09-02T17:55:02","date_gmt":"2019-09-02T21:55:02","guid":{"rendered":"https:\/\/www.crcoc.ca\/?page_id=9501"},"modified":"2019-09-02T17:56:07","modified_gmt":"2019-09-02T21:56:07","slug":"succes","status":"publish","type":"page","link":"https:\/\/www.crcoc.ca\/fr\/succes\/","title":{"rendered":"Succ\u00e8s"},"content":{"rendered":"\t\t<div data-elementor-type=\"wp-post\" data-elementor-id=\"9501\" class=\"elementor elementor-9501 elementor-9497\" data-elementor-post-type=\"page\">\n\t\t\t\t\t\t<section class=\"elementor-section elementor-top-section elementor-element elementor-element-55c18ec5 elementor-section-boxed elementor-section-height-default elementor-section-height-default\" data-id=\"55c18ec5\" data-element_type=\"section\" data-e-type=\"section\">\n\t\t\t\t\t\t<div class=\"elementor-container elementor-column-gap-default\">\n\t\t\t\t\t<div class=\"elementor-column elementor-col-100 elementor-top-column elementor-element elementor-element-59b6b188\" data-id=\"59b6b188\" data-element_type=\"column\" data-e-type=\"column\">\n\t\t\t<div class=\"elementor-widget-wrap elementor-element-populated\">\n\t\t\t\t\t\t<div class=\"elementor-element elementor-element-3b9f077 elementor-widget elementor-widget-heading\" data-id=\"3b9f077\" data-element_type=\"widget\" data-e-type=\"widget\" data-widget_type=\"heading.default\">\n\t\t\t\t<div class=\"elementor-widget-container\">\n\t\t\t\t\t<h2 class=\"elementor-heading-title elementor-size-default\">Succ\u00e8s<\/h2>\t\t\t\t<\/div>\n\t\t\t\t<\/div>\n\t\t\t\t<div class=\"elementor-element elementor-element-9e2bef elementor-widget elementor-widget-text-editor\" data-id=\"9e2bef\" data-element_type=\"widget\" data-e-type=\"widget\" data-widget_type=\"text-editor.default\">\n\t\t\t\t<div class=\"elementor-widget-container\">\n\t\t\t\t\t\t\t\t\t\n<p>Votre transaction a \u00e9t\u00e9 effectu\u00e9e avec succ\u00e8s, merci!<\/p>\n\n<p>Visiter notre <a href=\"https:\/\/www.crcoc.ca\/fr\">page d&rsquo;accueil.<\/a><\/p>\n\t\t\t\t\t\t\t\t<\/div>\n\t\t\t\t<\/div>\n\t\t\t\t\t<\/div>\n\t\t<\/div>\n\t\t\t\t\t<\/div>\n\t\t<\/section>\n\t\t\t\t<\/div>\n\t\t","protected":false},"excerpt":{"rendered":"<p>Succ\u00e8s Votre transaction a \u00e9t\u00e9 effectu\u00e9e avec succ\u00e8s, merci! Visiter notre page d&rsquo;accueil.<\/p>\n","protected":false},"author":1,"featured_media":0,"parent":0,"menu_order":0,"comment_status":"closed","ping_status":"closed","template":"","meta":{"footnotes":""},"class_list":["post-9501","page","type-page","status-publish"],"yoast_head":"<!-- This site is optimized with the Yoast SEO plugin v27.3 - https:\/\/yoast.com\/product\/yoast-seo-wordpress\/ -->\n<title>Succ\u00e8s - CRCOC - OCCRC<\/title>\n<meta name=\"robots\" content=\"index, follow, max-snippet:-1, max-image-preview:large, max-video-preview:-1\" \/>\n<link rel=\"canonical\" href=\"https:\/\/www.crcoc.ca\/fr\/succes\/\" \/>\n<meta property=\"og:locale\" content=\"fr_FR\" \/>\n<meta property=\"og:type\" content=\"article\" \/>\n<meta property=\"og:title\" content=\"Succ\u00e8s - CRCOC - OCCRC\" \/>\n<meta property=\"og:description\" content=\"Succ\u00e8s Votre transaction a \u00e9t\u00e9 effectu\u00e9e avec succ\u00e8s, merci! Visiter notre page d&rsquo;accueil.\" \/>\n<meta property=\"og:url\" content=\"https:\/\/www.crcoc.ca\/fr\/succes\/\" \/>\n<meta property=\"og:site_name\" content=\"CRCOC - OCCRC\" \/>\n<meta property=\"article:publisher\" content=\"https:\/\/www.facebook.com\/OCCRC.CRCOC\/\" \/>\n<meta property=\"article:modified_time\" content=\"2019-09-02T21:56:07+00:00\" \/>\n<meta name=\"twitter:card\" content=\"summary_large_image\" \/>\n<meta name=\"twitter:site\" content=\"@OCCRC_CRCOC\" \/>\n<script type=\"application\/ld+json\" class=\"yoast-schema-graph\">{\"@context\":\"https:\\\/\\\/schema.org\",\"@graph\":[{\"@type\":\"WebPage\",\"@id\":\"https:\\\/\\\/www.crcoc.ca\\\/fr\\\/succes\\\/\",\"url\":\"https:\\\/\\\/www.crcoc.ca\\\/fr\\\/succes\\\/\",\"name\":\"Succ\u00e8s - CRCOC - OCCRC\",\"isPartOf\":{\"@id\":\"https:\\\/\\\/www.crcoc.ca\\\/fr\\\/#website\"},\"datePublished\":\"2019-09-02T21:55:02+00:00\",\"dateModified\":\"2019-09-02T21:56:07+00:00\",\"breadcrumb\":{\"@id\":\"https:\\\/\\\/www.crcoc.ca\\\/fr\\\/succes\\\/#breadcrumb\"},\"inLanguage\":\"fr-FR\",\"potentialAction\":[{\"@type\":\"ReadAction\",\"target\":[\"https:\\\/\\\/www.crcoc.ca\\\/fr\\\/succes\\\/\"]}]},{\"@type\":\"BreadcrumbList\",\"@id\":\"https:\\\/\\\/www.crcoc.ca\\\/fr\\\/succes\\\/#breadcrumb\",\"itemListElement\":[{\"@type\":\"ListItem\",\"position\":1,\"name\":\"Home\",\"item\":\"https:\\\/\\\/www.crcoc.ca\\\/fr\\\/\"},{\"@type\":\"ListItem\",\"position\":2,\"name\":\"Succ\u00e8s\"}]},{\"@type\":\"WebSite\",\"@id\":\"https:\\\/\\\/www.crcoc.ca\\\/fr\\\/#website\",\"url\":\"https:\\\/\\\/www.crcoc.ca\\\/fr\\\/\",\"name\":\"CRCOC - OCCRC\",\"description\":\"Centre de ressources communautaires Orl\u00e9ans-Cumberland | Orl\u00e9ans-Cumberland Community Resource Center\",\"publisher\":{\"@id\":\"https:\\\/\\\/www.crcoc.ca\\\/fr\\\/#organization\"},\"potentialAction\":[{\"@type\":\"SearchAction\",\"target\":{\"@type\":\"EntryPoint\",\"urlTemplate\":\"https:\\\/\\\/www.crcoc.ca\\\/fr\\\/?s={search_term_string}\"},\"query-input\":{\"@type\":\"PropertyValueSpecification\",\"valueRequired\":true,\"valueName\":\"search_term_string\"}}],\"inLanguage\":\"fr-FR\"},{\"@type\":\"Organization\",\"@id\":\"https:\\\/\\\/www.crcoc.ca\\\/fr\\\/#organization\",\"name\":\"Orl\u00e9ans-Cumberland Community Resource Centre\",\"url\":\"https:\\\/\\\/www.crcoc.ca\\\/fr\\\/\",\"logo\":{\"@type\":\"ImageObject\",\"inLanguage\":\"fr-FR\",\"@id\":\"https:\\\/\\\/www.crcoc.ca\\\/fr\\\/#\\\/schema\\\/logo\\\/image\\\/\",\"url\":\"https:\\\/\\\/www.crcoc.ca\\\/wp-content\\\/uploads\\\/2019\\\/01\\\/cropped-Logo_OCCRCeachside-1.png\",\"contentUrl\":\"https:\\\/\\\/www.crcoc.ca\\\/wp-content\\\/uploads\\\/2019\\\/01\\\/cropped-Logo_OCCRCeachside-1.png\",\"width\":512,\"height\":512,\"caption\":\"Orl\u00e9ans-Cumberland Community Resource Centre\"},\"image\":{\"@id\":\"https:\\\/\\\/www.crcoc.ca\\\/fr\\\/#\\\/schema\\\/logo\\\/image\\\/\"},\"sameAs\":[\"https:\\\/\\\/www.facebook.com\\\/OCCRC.CRCOC\\\/\",\"https:\\\/\\\/x.com\\\/OCCRC_CRCOC\",\"https:\\\/\\\/instagram.com\\\/occrcyp_crcocpj\\\/\"]}]}<\/script>\n<!-- \/ Yoast SEO plugin. -->","yoast_head_json":{"title":"Succ\u00e8s - CRCOC - OCCRC","robots":{"index":"index","follow":"follow","max-snippet":"max-snippet:-1","max-image-preview":"max-image-preview:large","max-video-preview":"max-video-preview:-1"},"canonical":"https:\/\/www.crcoc.ca\/fr\/succes\/","og_locale":"fr_FR","og_type":"article","og_title":"Succ\u00e8s - CRCOC - OCCRC","og_description":"Succ\u00e8s Votre transaction a \u00e9t\u00e9 effectu\u00e9e avec succ\u00e8s, merci! Visiter notre page d&rsquo;accueil.","og_url":"https:\/\/www.crcoc.ca\/fr\/succes\/","og_site_name":"CRCOC - OCCRC","article_publisher":"https:\/\/www.facebook.com\/OCCRC.CRCOC\/","article_modified_time":"2019-09-02T21:56:07+00:00","twitter_card":"summary_large_image","twitter_site":"@OCCRC_CRCOC","schema":{"@context":"https:\/\/schema.org","@graph":[{"@type":"WebPage","@id":"https:\/\/www.crcoc.ca\/fr\/succes\/","url":"https:\/\/www.crcoc.ca\/fr\/succes\/","name":"Succ\u00e8s - CRCOC - OCCRC","isPartOf":{"@id":"https:\/\/www.crcoc.ca\/fr\/#website"},"datePublished":"2019-09-02T21:55:02+00:00","dateModified":"2019-09-02T21:56:07+00:00","breadcrumb":{"@id":"https:\/\/www.crcoc.ca\/fr\/succes\/#breadcrumb"},"inLanguage":"fr-FR","potentialAction":[{"@type":"ReadAction","target":["https:\/\/www.crcoc.ca\/fr\/succes\/"]}]},{"@type":"BreadcrumbList","@id":"https:\/\/www.crcoc.ca\/fr\/succes\/#breadcrumb","itemListElement":[{"@type":"ListItem","position":1,"name":"Home","item":"https:\/\/www.crcoc.ca\/fr\/"},{"@type":"ListItem","position":2,"name":"Succ\u00e8s"}]},{"@type":"WebSite","@id":"https:\/\/www.crcoc.ca\/fr\/#website","url":"https:\/\/www.crcoc.ca\/fr\/","name":"CRCOC - OCCRC","description":"Centre de ressources communautaires Orl\u00e9ans-Cumberland | Orl\u00e9ans-Cumberland Community Resource Center","publisher":{"@id":"https:\/\/www.crcoc.ca\/fr\/#organization"},"potentialAction":[{"@type":"SearchAction","target":{"@type":"EntryPoint","urlTemplate":"https:\/\/www.crcoc.ca\/fr\/?s={search_term_string}"},"query-input":{"@type":"PropertyValueSpecification","valueRequired":true,"valueName":"search_term_string"}}],"inLanguage":"fr-FR"},{"@type":"Organization","@id":"https:\/\/www.crcoc.ca\/fr\/#organization","name":"Orl\u00e9ans-Cumberland Community Resource Centre","url":"https:\/\/www.crcoc.ca\/fr\/","logo":{"@type":"ImageObject","inLanguage":"fr-FR","@id":"https:\/\/www.crcoc.ca\/fr\/#\/schema\/logo\/image\/","url":"https:\/\/www.crcoc.ca\/wp-content\/uploads\/2019\/01\/cropped-Logo_OCCRCeachside-1.png","contentUrl":"https:\/\/www.crcoc.ca\/wp-content\/uploads\/2019\/01\/cropped-Logo_OCCRCeachside-1.png","width":512,"height":512,"caption":"Orl\u00e9ans-Cumberland Community Resource Centre"},"image":{"@id":"https:\/\/www.crcoc.ca\/fr\/#\/schema\/logo\/image\/"},"sameAs":["https:\/\/www.facebook.com\/OCCRC.CRCOC\/","https:\/\/x.com\/OCCRC_CRCOC","https:\/\/instagram.com\/occrcyp_crcocpj\/"]}]}},"_links":{"self":[{"href":"https:\/\/www.crcoc.ca\/fr\/wp-json\/wp\/v2\/pages\/9501","targetHints":{"allow":["GET"]}}],"collection":[{"href":"https:\/\/www.crcoc.ca\/fr\/wp-json\/wp\/v2\/pages"}],"about":[{"href":"https:\/\/www.crcoc.ca\/fr\/wp-json\/wp\/v2\/types\/page"}],"author":[{"embeddable":true,"href":"https:\/\/www.crcoc.ca\/fr\/wp-json\/wp\/v2\/users\/1"}],"replies":[{"embeddable":true,"href":"https:\/\/www.crcoc.ca\/fr\/wp-json\/wp\/v2\/comments?post=9501"}],"version-history":[{"count":2,"href":"https:\/\/www.crcoc.ca\/fr\/wp-json\/wp\/v2\/pages\/9501\/revisions"}],"predecessor-version":[{"id":9503,"href":"https:\/\/www.crcoc.ca\/fr\/wp-json\/wp\/v2\/pages\/9501\/revisions\/9503"}],"wp:attachment":[{"href":"https:\/\/www.crcoc.ca\/fr\/wp-json\/wp\/v2\/media?parent=9501"}],"curies":[{"name":"wp","href":"https:\/\/api.w.org\/{rel}","templated":true}]}}