{"id":793,"date":"2019-02-05T11:03:48","date_gmt":"2019-02-05T16:03:48","guid":{"rendered":"http:\/\/crcoc.ca\/cards-that-care\/"},"modified":"2023-02-06T14:10:55","modified_gmt":"2023-02-06T19:10:55","slug":"cartes-qui-comptent","status":"publish","type":"page","link":"https:\/\/www.crcoc.ca\/fr\/cartes-qui-comptent\/","title":{"rendered":"Cartes qui comptent"},"content":{"rendered":"\t\t<div data-elementor-type=\"wp-post\" data-elementor-id=\"793\" class=\"elementor elementor-793 elementor-782\" data-elementor-post-type=\"page\">\n\t\t\t\t\t\t<section class=\"elementor-section elementor-top-section elementor-element elementor-element-d554bae elementor-section-boxed elementor-section-height-default elementor-section-height-default\" data-id=\"d554bae\" data-element_type=\"section\" data-e-type=\"section\">\n\t\t\t\t\t\t<div class=\"elementor-container elementor-column-gap-default\">\n\t\t\t\t\t<div class=\"elementor-column elementor-col-100 elementor-top-column elementor-element elementor-element-e9dee08\" data-id=\"e9dee08\" data-element_type=\"column\" data-e-type=\"column\">\n\t\t\t<div class=\"elementor-widget-wrap elementor-element-populated\">\n\t\t\t\t\t\t<div class=\"elementor-element elementor-element-df2a4bc elementor-widget-divider--view-line elementor-widget elementor-widget-divider\" data-id=\"df2a4bc\" data-element_type=\"widget\" data-e-type=\"widget\" data-widget_type=\"divider.default\">\n\t\t\t\t<div class=\"elementor-widget-container\">\n\t\t\t\t\t\t\t<div class=\"elementor-divider\">\n\t\t\t<span class=\"elementor-divider-separator\">\n\t\t\t\t\t\t<\/span>\n\t\t<\/div>\n\t\t\t\t\t\t<\/div>\n\t\t\t\t<\/div>\n\t\t\t\t<div class=\"elementor-element elementor-element-b9e5951 elementor-widget elementor-widget-image\" data-id=\"b9e5951\" data-element_type=\"widget\" data-e-type=\"widget\" data-widget_type=\"image.default\">\n\t\t\t\t<div class=\"elementor-widget-container\">\n\t\t\t\t\t\t\t\t\t\t\t\t\t\t\t<img decoding=\"async\" width=\"150\" height=\"150\" src=\"http:\/\/www.crcoc.ca\/wp-content\/uploads\/2023\/01\/donation-2-150x150.png\" class=\"attachment-thumbnail size-thumbnail wp-image-28020\" alt=\"\" srcset=\"http:\/\/www.crcoc.ca\/wp-content\/uploads\/2023\/01\/donation-2-150x150.png 150w, http:\/\/www.crcoc.ca\/wp-content\/uploads\/2023\/01\/donation-2-300x300.png 300w, http:\/\/www.crcoc.ca\/wp-content\/uploads\/2023\/01\/donation-2-768x770.png 768w, http:\/\/www.crcoc.ca\/wp-content\/uploads\/2023\/01\/donation-2.png 978w\" sizes=\"(max-width: 150px) 100vw, 150px\" \/>\t\t\t\t\t\t\t\t\t\t\t\t\t\t\t<\/div>\n\t\t\t\t<\/div>\n\t\t\t\t<div class=\"elementor-element elementor-element-86ba51c elementor-widget elementor-widget-text-editor\" data-id=\"86ba51c\" data-element_type=\"widget\" data-e-type=\"widget\" data-widget_type=\"text-editor.default\">\n\t\t\t\t<div class=\"elementor-widget-container\">\n\t\t\t\t\t\t\t\t\t<h2><strong>DES CARTES QUI COMPTENT<\/strong><\/h2>\t\t\t\t\t\t\t\t<\/div>\n\t\t\t\t<\/div>\n\t\t\t\t<div class=\"elementor-element elementor-element-39f89c0 elementor-widget-divider--view-line elementor-widget elementor-widget-divider\" data-id=\"39f89c0\" data-element_type=\"widget\" data-e-type=\"widget\" data-widget_type=\"divider.default\">\n\t\t\t\t<div class=\"elementor-widget-container\">\n\t\t\t\t\t\t\t<div class=\"elementor-divider\">\n\t\t\t<span class=\"elementor-divider-separator\">\n\t\t\t\t\t\t<\/span>\n\t\t<\/div>\n\t\t\t\t\t\t<\/div>\n\t\t\t\t<\/div>\n\t\t\t\t<div class=\"elementor-element elementor-element-9a62224 elementor-widget elementor-widget-image\" data-id=\"9a62224\" data-element_type=\"widget\" data-e-type=\"widget\" data-widget_type=\"image.default\">\n\t\t\t\t<div class=\"elementor-widget-container\">\n\t\t\t\t\t\t\t\t\t\t\t\t\t\t\t<img fetchpriority=\"high\" decoding=\"async\" width=\"900\" height=\"300\" src=\"http:\/\/www.crcoc.ca\/wp-content\/uploads\/2023\/02\/230206_CommunityCaringDonor_BIL-6.png\" class=\"attachment-large size-large wp-image-28345\" alt=\"\" srcset=\"http:\/\/www.crcoc.ca\/wp-content\/uploads\/2023\/02\/230206_CommunityCaringDonor_BIL-6.png 900w, http:\/\/www.crcoc.ca\/wp-content\/uploads\/2023\/02\/230206_CommunityCaringDonor_BIL-6-300x100.png 300w, http:\/\/www.crcoc.ca\/wp-content\/uploads\/2023\/02\/230206_CommunityCaringDonor_BIL-6-768x256.png 768w\" sizes=\"(max-width: 900px) 100vw, 900px\" \/>\t\t\t\t\t\t\t\t\t\t\t\t\t\t\t<\/div>\n\t\t\t\t<\/div>\n\t\t\t\t<div class=\"elementor-element elementor-element-77d337a elementor-widget elementor-widget-heading\" data-id=\"77d337a\" data-element_type=\"widget\" data-e-type=\"widget\" data-widget_type=\"heading.default\">\n\t\t\t\t<div class=\"elementor-widget-container\">\n\t\t\t\t\t<h2 class=\"elementor-heading-title elementor-size-default\">COMMENT \u00c7A MARCHE ?<\/h2>\t\t\t\t<\/div>\n\t\t\t\t<\/div>\n\t\t\t\t<div class=\"elementor-element elementor-element-20c7e41 elementor-widget elementor-widget-text-editor\" data-id=\"20c7e41\" data-element_type=\"widget\" data-e-type=\"widget\" data-widget_type=\"text-editor.default\">\n\t\t\t\t<div class=\"elementor-widget-container\">\n\t\t\t\t\t\t\t\t\t<ul><li>Remplissez le formulaire de commande (format <a href=\"http:\/\/crcoc.ca\/wp-content\/uploads\/2019\/02\/Community-Order-Form-OCCRCs-Cards-that-Care-Program-revised-Jan.-2-2019-FillPrint.xlsx\">Excel<\/a>\u00a0ou fichier\u00a0<a href=\"http:\/\/crcoc.ca\/wp-content\/uploads\/2019\/02\/Community-Order-Form-OCCRCs-Cards-that-Care-Program-revised-Jan.-2-2019-Print-Fill.pdf\">PDF<\/a>) et\u00a0imprimez-le.<\/li><li>Remettez le formulaire en personne au CRCOC ou envoyez-le par courriel au CRCOC.<\/li><li>Vous pouvez aussi envoyer le formulaire \u00e9lectronique de commande par courriel au CRCOC \u00e0 l\u2019adresse <a href=\"mailto:cchartrand@crcoc.ca\">cchartrand@crcoc.ca<\/a><\/li><li>Vous pouvez effectuer votre paiement en argent, par ch\u00e8que ou carte de cr\u00e9dit.<\/li><li>*Des frais suppl\u00e9mentaires de 3 % s\u2019appliquent pour les paiements par cartes de cr\u00e9dit.<\/li><li>Le CRCOC commande les cartes-cadeaux une fois qu\u2019il a re\u00e7u les commandes.<\/li><li>Elles sont \u00e9changeables chez plusieurs commerces populaires \u00e0 Orl\u00e9ans et dans les environs (\u00e9piceries, stations-service, restaurants, etc.).<\/li><li>De 2\u00a0% \u00e0 15\u00a0% de leur valeur est vers\u00e9e au CRCOC.<\/li><\/ul>\t\t\t\t\t\t\t\t<\/div>\n\t\t\t\t<\/div>\n\t\t\t\t<div class=\"elementor-element elementor-element-1f30e4d elementor-widget elementor-widget-image\" data-id=\"1f30e4d\" data-element_type=\"widget\" data-e-type=\"widget\" data-widget_type=\"image.default\">\n\t\t\t\t<div class=\"elementor-widget-container\">\n\t\t\t\t\t\t\t\t\t\t\t\t\t\t\t<img decoding=\"async\" width=\"768\" height=\"461\" src=\"http:\/\/www.crcoc.ca\/wp-content\/uploads\/2019\/02\/Participating-businesses-2017-768x461.png\" class=\"attachment-medium_large size-medium_large wp-image-785\" alt=\"\" srcset=\"http:\/\/www.crcoc.ca\/wp-content\/uploads\/2019\/02\/Participating-businesses-2017-768x461.png 768w, http:\/\/www.crcoc.ca\/wp-content\/uploads\/2019\/02\/Participating-businesses-2017-300x180.png 300w, http:\/\/www.crcoc.ca\/wp-content\/uploads\/2019\/02\/Participating-businesses-2017-1024x614.png 1024w\" sizes=\"(max-width: 768px) 100vw, 768px\" \/>\t\t\t\t\t\t\t\t\t\t\t\t\t\t\t<\/div>\n\t\t\t\t<\/div>\n\t\t\t\t\t<\/div>\n\t\t<\/div>\n\t\t\t\t\t<\/div>\n\t\t<\/section>\n\t\t\t\t<section class=\"elementor-section elementor-top-section elementor-element elementor-element-665f819 elementor-section-boxed elementor-section-height-default elementor-section-height-default\" data-id=\"665f819\" data-element_type=\"section\" data-e-type=\"section\">\n\t\t\t\t\t\t<div class=\"elementor-container elementor-column-gap-default\">\n\t\t\t\t\t<div class=\"elementor-column elementor-col-100 elementor-top-column elementor-element elementor-element-b7f9aaa\" data-id=\"b7f9aaa\" data-element_type=\"column\" data-e-type=\"column\">\n\t\t\t<div class=\"elementor-widget-wrap elementor-element-populated\">\n\t\t\t\t\t\t<div class=\"elementor-element elementor-element-5ecf911 elementor-widget-divider--view-line elementor-widget elementor-widget-divider\" data-id=\"5ecf911\" data-element_type=\"widget\" data-e-type=\"widget\" data-widget_type=\"divider.default\">\n\t\t\t\t<div class=\"elementor-widget-container\">\n\t\t\t\t\t\t\t<div class=\"elementor-divider\">\n\t\t\t<span class=\"elementor-divider-separator\">\n\t\t\t\t\t\t<\/span>\n\t\t<\/div>\n\t\t\t\t\t\t<\/div>\n\t\t\t\t<\/div>\n\t\t\t\t<div class=\"elementor-element elementor-element-5add516 elementor-shape-circle elementor-grid-0 e-grid-align-center elementor-widget elementor-widget-social-icons\" data-id=\"5add516\" data-element_type=\"widget\" data-e-type=\"widget\" data-widget_type=\"social-icons.default\">\n\t\t\t\t<div class=\"elementor-widget-container\">\n\t\t\t\t\t\t\t<div class=\"elementor-social-icons-wrapper elementor-grid\">\n\t\t\t\t\t\t\t<span class=\"elementor-grid-item\">\n\t\t\t\t\t<a class=\"elementor-icon elementor-social-icon elementor-social-icon-facebook elementor-repeater-item-71fab36\" href=\"https:\/\/www.facebook.com\/OCCRC.CRCOC\" target=\"_blank\">\n\t\t\t\t\t\t<span class=\"elementor-screen-only\">Facebook<\/span>\n\t\t\t\t\t\t<i aria-hidden=\"true\" class=\"fab fa-facebook\"><\/i>\t\t\t\t\t<\/a>\n\t\t\t\t<\/span>\n\t\t\t\t\t<\/div>\n\t\t\t\t\t\t<\/div>\n\t\t\t\t<\/div>\n\t\t\t\t\t<\/div>\n\t\t<\/div>\n\t\t\t\t\t<\/div>\n\t\t<\/section>\n\t\t\t\t<\/div>\n\t\t","protected":false},"excerpt":{"rendered":"<p>DES CARTES QUI COMPTENT COMMENT \u00c7A MARCHE ? Remplissez le formulaire de commande (format Excel\u00a0ou fichier\u00a0PDF) et\u00a0imprimez-le. Remettez le formulaire en personne au CRCOC ou envoyez-le par courriel au CRCOC. Vous pouvez aussi envoyer le formulaire \u00e9lectronique de commande par courriel au CRCOC \u00e0 l\u2019adresse cchartrand@crcoc.ca Vous pouvez effectuer votre paiement en argent, par ch\u00e8que &#8230; <a title=\"Cartes qui comptent\" class=\"read-more\" href=\"https:\/\/www.crcoc.ca\/fr\/cartes-qui-comptent\/\">Read more<\/a><\/p>\n","protected":false},"author":1,"featured_media":0,"parent":0,"menu_order":0,"comment_status":"closed","ping_status":"closed","template":"","meta":{"footnotes":""},"class_list":["post-793","page","type-page","status-publish"],"yoast_head":"<!-- This site is optimized with the Yoast SEO plugin v27.3 - https:\/\/yoast.com\/product\/yoast-seo-wordpress\/ -->\n<title>Cartes qui comptent - CRCOC - OCCRC<\/title>\n<meta name=\"robots\" content=\"index, follow, max-snippet:-1, max-image-preview:large, max-video-preview:-1\" \/>\n<link rel=\"canonical\" href=\"https:\/\/www.crcoc.ca\/fr\/cartes-qui-comptent\/\" \/>\n<meta property=\"og:locale\" content=\"fr_FR\" \/>\n<meta property=\"og:type\" content=\"article\" \/>\n<meta property=\"og:title\" content=\"Cartes qui comptent - CRCOC - OCCRC\" \/>\n<meta property=\"og:description\" content=\"DES CARTES QUI COMPTENT COMMENT \u00c7A MARCHE ? Remplissez le formulaire de commande (format Excel\u00a0ou fichier\u00a0PDF) et\u00a0imprimez-le. Remettez le formulaire en personne au CRCOC ou envoyez-le par courriel au CRCOC. Vous pouvez aussi envoyer le formulaire \u00e9lectronique de commande par courriel au CRCOC \u00e0 l\u2019adresse cchartrand@crcoc.ca Vous pouvez effectuer votre paiement en argent, par ch\u00e8que ... Read more\" \/>\n<meta property=\"og:url\" content=\"https:\/\/www.crcoc.ca\/fr\/cartes-qui-comptent\/\" \/>\n<meta property=\"og:site_name\" content=\"CRCOC - OCCRC\" \/>\n<meta property=\"article:publisher\" content=\"https:\/\/www.facebook.com\/OCCRC.CRCOC\/\" \/>\n<meta property=\"article:modified_time\" content=\"2023-02-06T19:10:55+00:00\" \/>\n<meta property=\"og:image\" content=\"https:\/\/www.crcoc.ca\/wp-content\/uploads\/2023\/01\/donation-2-150x150.png\" \/>\n<meta name=\"twitter:card\" content=\"summary_large_image\" \/>\n<meta name=\"twitter:site\" content=\"@OCCRC_CRCOC\" \/>\n<meta name=\"twitter:label1\" content=\"Dur\u00e9e de lecture estim\u00e9e\" \/>\n\t<meta name=\"twitter:data1\" content=\"2 minutes\" \/>\n<script type=\"application\/ld+json\" class=\"yoast-schema-graph\">{\"@context\":\"https:\\\/\\\/schema.org\",\"@graph\":[{\"@type\":\"WebPage\",\"@id\":\"https:\\\/\\\/www.crcoc.ca\\\/fr\\\/cartes-qui-comptent\\\/\",\"url\":\"https:\\\/\\\/www.crcoc.ca\\\/fr\\\/cartes-qui-comptent\\\/\",\"name\":\"Cartes qui comptent - CRCOC - OCCRC\",\"isPartOf\":{\"@id\":\"https:\\\/\\\/www.crcoc.ca\\\/fr\\\/#website\"},\"primaryImageOfPage\":{\"@id\":\"https:\\\/\\\/www.crcoc.ca\\\/fr\\\/cartes-qui-comptent\\\/#primaryimage\"},\"image\":{\"@id\":\"https:\\\/\\\/www.crcoc.ca\\\/fr\\\/cartes-qui-comptent\\\/#primaryimage\"},\"thumbnailUrl\":\"https:\\\/\\\/www.crcoc.ca\\\/wp-content\\\/uploads\\\/2023\\\/01\\\/donation-2-150x150.png\",\"datePublished\":\"2019-02-05T16:03:48+00:00\",\"dateModified\":\"2023-02-06T19:10:55+00:00\",\"breadcrumb\":{\"@id\":\"https:\\\/\\\/www.crcoc.ca\\\/fr\\\/cartes-qui-comptent\\\/#breadcrumb\"},\"inLanguage\":\"fr-FR\",\"potentialAction\":[{\"@type\":\"ReadAction\",\"target\":[\"https:\\\/\\\/www.crcoc.ca\\\/fr\\\/cartes-qui-comptent\\\/\"]}]},{\"@type\":\"ImageObject\",\"inLanguage\":\"fr-FR\",\"@id\":\"https:\\\/\\\/www.crcoc.ca\\\/fr\\\/cartes-qui-comptent\\\/#primaryimage\",\"url\":\"https:\\\/\\\/www.crcoc.ca\\\/wp-content\\\/uploads\\\/2023\\\/01\\\/donation-2-150x150.png\",\"contentUrl\":\"https:\\\/\\\/www.crcoc.ca\\\/wp-content\\\/uploads\\\/2023\\\/01\\\/donation-2-150x150.png\"},{\"@type\":\"BreadcrumbList\",\"@id\":\"https:\\\/\\\/www.crcoc.ca\\\/fr\\\/cartes-qui-comptent\\\/#breadcrumb\",\"itemListElement\":[{\"@type\":\"ListItem\",\"position\":1,\"name\":\"Home\",\"item\":\"https:\\\/\\\/www.crcoc.ca\\\/fr\\\/\"},{\"@type\":\"ListItem\",\"position\":2,\"name\":\"Cartes qui comptent\"}]},{\"@type\":\"WebSite\",\"@id\":\"https:\\\/\\\/www.crcoc.ca\\\/fr\\\/#website\",\"url\":\"https:\\\/\\\/www.crcoc.ca\\\/fr\\\/\",\"name\":\"CRCOC - OCCRC\",\"description\":\"Centre de ressources communautaires Orl\u00e9ans-Cumberland | Orl\u00e9ans-Cumberland Community Resource Center\",\"publisher\":{\"@id\":\"https:\\\/\\\/www.crcoc.ca\\\/fr\\\/#organization\"},\"potentialAction\":[{\"@type\":\"SearchAction\",\"target\":{\"@type\":\"EntryPoint\",\"urlTemplate\":\"https:\\\/\\\/www.crcoc.ca\\\/fr\\\/?s={search_term_string}\"},\"query-input\":{\"@type\":\"PropertyValueSpecification\",\"valueRequired\":true,\"valueName\":\"search_term_string\"}}],\"inLanguage\":\"fr-FR\"},{\"@type\":\"Organization\",\"@id\":\"https:\\\/\\\/www.crcoc.ca\\\/fr\\\/#organization\",\"name\":\"Orl\u00e9ans-Cumberland Community Resource Centre\",\"url\":\"https:\\\/\\\/www.crcoc.ca\\\/fr\\\/\",\"logo\":{\"@type\":\"ImageObject\",\"inLanguage\":\"fr-FR\",\"@id\":\"https:\\\/\\\/www.crcoc.ca\\\/fr\\\/#\\\/schema\\\/logo\\\/image\\\/\",\"url\":\"https:\\\/\\\/www.crcoc.ca\\\/wp-content\\\/uploads\\\/2019\\\/01\\\/cropped-Logo_OCCRCeachside-1.png\",\"contentUrl\":\"https:\\\/\\\/www.crcoc.ca\\\/wp-content\\\/uploads\\\/2019\\\/01\\\/cropped-Logo_OCCRCeachside-1.png\",\"width\":512,\"height\":512,\"caption\":\"Orl\u00e9ans-Cumberland Community Resource Centre\"},\"image\":{\"@id\":\"https:\\\/\\\/www.crcoc.ca\\\/fr\\\/#\\\/schema\\\/logo\\\/image\\\/\"},\"sameAs\":[\"https:\\\/\\\/www.facebook.com\\\/OCCRC.CRCOC\\\/\",\"https:\\\/\\\/x.com\\\/OCCRC_CRCOC\",\"https:\\\/\\\/instagram.com\\\/occrcyp_crcocpj\\\/\"]}]}<\/script>\n<!-- \/ Yoast SEO plugin. -->","yoast_head_json":{"title":"Cartes qui comptent - CRCOC - OCCRC","robots":{"index":"index","follow":"follow","max-snippet":"max-snippet:-1","max-image-preview":"max-image-preview:large","max-video-preview":"max-video-preview:-1"},"canonical":"https:\/\/www.crcoc.ca\/fr\/cartes-qui-comptent\/","og_locale":"fr_FR","og_type":"article","og_title":"Cartes qui comptent - CRCOC - OCCRC","og_description":"DES CARTES QUI COMPTENT COMMENT \u00c7A MARCHE ? Remplissez le formulaire de commande (format Excel\u00a0ou fichier\u00a0PDF) et\u00a0imprimez-le. Remettez le formulaire en personne au CRCOC ou envoyez-le par courriel au CRCOC. Vous pouvez aussi envoyer le formulaire \u00e9lectronique de commande par courriel au CRCOC \u00e0 l\u2019adresse cchartrand@crcoc.ca Vous pouvez effectuer votre paiement en argent, par ch\u00e8que ... Read more","og_url":"https:\/\/www.crcoc.ca\/fr\/cartes-qui-comptent\/","og_site_name":"CRCOC - OCCRC","article_publisher":"https:\/\/www.facebook.com\/OCCRC.CRCOC\/","article_modified_time":"2023-02-06T19:10:55+00:00","og_image":[{"url":"https:\/\/www.crcoc.ca\/wp-content\/uploads\/2023\/01\/donation-2-150x150.png","type":"","width":"","height":""}],"twitter_card":"summary_large_image","twitter_site":"@OCCRC_CRCOC","twitter_misc":{"Dur\u00e9e de lecture estim\u00e9e":"2 minutes"},"schema":{"@context":"https:\/\/schema.org","@graph":[{"@type":"WebPage","@id":"https:\/\/www.crcoc.ca\/fr\/cartes-qui-comptent\/","url":"https:\/\/www.crcoc.ca\/fr\/cartes-qui-comptent\/","name":"Cartes qui comptent - CRCOC - OCCRC","isPartOf":{"@id":"https:\/\/www.crcoc.ca\/fr\/#website"},"primaryImageOfPage":{"@id":"https:\/\/www.crcoc.ca\/fr\/cartes-qui-comptent\/#primaryimage"},"image":{"@id":"https:\/\/www.crcoc.ca\/fr\/cartes-qui-comptent\/#primaryimage"},"thumbnailUrl":"https:\/\/www.crcoc.ca\/wp-content\/uploads\/2023\/01\/donation-2-150x150.png","datePublished":"2019-02-05T16:03:48+00:00","dateModified":"2023-02-06T19:10:55+00:00","breadcrumb":{"@id":"https:\/\/www.crcoc.ca\/fr\/cartes-qui-comptent\/#breadcrumb"},"inLanguage":"fr-FR","potentialAction":[{"@type":"ReadAction","target":["https:\/\/www.crcoc.ca\/fr\/cartes-qui-comptent\/"]}]},{"@type":"ImageObject","inLanguage":"fr-FR","@id":"https:\/\/www.crcoc.ca\/fr\/cartes-qui-comptent\/#primaryimage","url":"https:\/\/www.crcoc.ca\/wp-content\/uploads\/2023\/01\/donation-2-150x150.png","contentUrl":"https:\/\/www.crcoc.ca\/wp-content\/uploads\/2023\/01\/donation-2-150x150.png"},{"@type":"BreadcrumbList","@id":"https:\/\/www.crcoc.ca\/fr\/cartes-qui-comptent\/#breadcrumb","itemListElement":[{"@type":"ListItem","position":1,"name":"Home","item":"https:\/\/www.crcoc.ca\/fr\/"},{"@type":"ListItem","position":2,"name":"Cartes qui comptent"}]},{"@type":"WebSite","@id":"https:\/\/www.crcoc.ca\/fr\/#website","url":"https:\/\/www.crcoc.ca\/fr\/","name":"CRCOC - OCCRC","description":"Centre de ressources communautaires Orl\u00e9ans-Cumberland | Orl\u00e9ans-Cumberland Community Resource Center","publisher":{"@id":"https:\/\/www.crcoc.ca\/fr\/#organization"},"potentialAction":[{"@type":"SearchAction","target":{"@type":"EntryPoint","urlTemplate":"https:\/\/www.crcoc.ca\/fr\/?s={search_term_string}"},"query-input":{"@type":"PropertyValueSpecification","valueRequired":true,"valueName":"search_term_string"}}],"inLanguage":"fr-FR"},{"@type":"Organization","@id":"https:\/\/www.crcoc.ca\/fr\/#organization","name":"Orl\u00e9ans-Cumberland Community Resource Centre","url":"https:\/\/www.crcoc.ca\/fr\/","logo":{"@type":"ImageObject","inLanguage":"fr-FR","@id":"https:\/\/www.crcoc.ca\/fr\/#\/schema\/logo\/image\/","url":"https:\/\/www.crcoc.ca\/wp-content\/uploads\/2019\/01\/cropped-Logo_OCCRCeachside-1.png","contentUrl":"https:\/\/www.crcoc.ca\/wp-content\/uploads\/2019\/01\/cropped-Logo_OCCRCeachside-1.png","width":512,"height":512,"caption":"Orl\u00e9ans-Cumberland Community Resource Centre"},"image":{"@id":"https:\/\/www.crcoc.ca\/fr\/#\/schema\/logo\/image\/"},"sameAs":["https:\/\/www.facebook.com\/OCCRC.CRCOC\/","https:\/\/x.com\/OCCRC_CRCOC","https:\/\/instagram.com\/occrcyp_crcocpj\/"]}]}},"_links":{"self":[{"href":"https:\/\/www.crcoc.ca\/fr\/wp-json\/wp\/v2\/pages\/793","targetHints":{"allow":["GET"]}}],"collection":[{"href":"https:\/\/www.crcoc.ca\/fr\/wp-json\/wp\/v2\/pages"}],"about":[{"href":"https:\/\/www.crcoc.ca\/fr\/wp-json\/wp\/v2\/types\/page"}],"author":[{"embeddable":true,"href":"https:\/\/www.crcoc.ca\/fr\/wp-json\/wp\/v2\/users\/1"}],"replies":[{"embeddable":true,"href":"https:\/\/www.crcoc.ca\/fr\/wp-json\/wp\/v2\/comments?post=793"}],"version-history":[{"count":11,"href":"https:\/\/www.crcoc.ca\/fr\/wp-json\/wp\/v2\/pages\/793\/revisions"}],"predecessor-version":[{"id":28372,"href":"https:\/\/www.crcoc.ca\/fr\/wp-json\/wp\/v2\/pages\/793\/revisions\/28372"}],"wp:attachment":[{"href":"https:\/\/www.crcoc.ca\/fr\/wp-json\/wp\/v2\/media?parent=793"}],"curies":[{"name":"wp","href":"https:\/\/api.w.org\/{rel}","templated":true}]}}