{"id":652,"date":"2019-02-01T16:05:57","date_gmt":"2019-02-01T21:05:57","guid":{"rendered":"http:\/\/crcoc.ca\/?page_id=652"},"modified":"2019-03-21T09:59:33","modified_gmt":"2019-03-21T13:59:33","slug":"action-logement","status":"publish","type":"page","link":"https:\/\/www.crcoc.ca\/fr\/action-logement\/","title":{"rendered":"Action logement"},"content":{"rendered":"\t\t<div data-elementor-type=\"wp-post\" data-elementor-id=\"652\" class=\"elementor elementor-652 elementor-649\" data-elementor-post-type=\"page\">\n\t\t\t\t\t\t<section class=\"elementor-section elementor-top-section elementor-element elementor-element-0dd2135 elementor-section-boxed elementor-section-height-default elementor-section-height-default\" data-id=\"0dd2135\" data-element_type=\"section\">\n\t\t\t\t\t\t<div class=\"elementor-container elementor-column-gap-default\">\n\t\t\t\t\t<div class=\"elementor-column elementor-col-100 elementor-top-column elementor-element elementor-element-614b6d2\" data-id=\"614b6d2\" data-element_type=\"column\">\n\t\t\t<div class=\"elementor-widget-wrap elementor-element-populated\">\n\t\t\t\t\t\t<section class=\"elementor-section elementor-inner-section elementor-element elementor-element-930f9f4 elementor-section-boxed elementor-section-height-default elementor-section-height-default\" data-id=\"930f9f4\" data-element_type=\"section\">\n\t\t\t\t\t\t<div class=\"elementor-container elementor-column-gap-default\">\n\t\t\t\t\t<div class=\"elementor-column elementor-col-50 elementor-inner-column elementor-element elementor-element-2b40de8\" data-id=\"2b40de8\" data-element_type=\"column\">\n\t\t\t<div class=\"elementor-widget-wrap elementor-element-populated\">\n\t\t\t\t\t\t<div class=\"elementor-element elementor-element-dc9c215 elementor-widget elementor-widget-image\" data-id=\"dc9c215\" data-element_type=\"widget\" data-widget_type=\"image.default\">\n\t\t\t\t<div class=\"elementor-widget-container\">\n\t\t\t\t\t\t\t\t\t\t\t\t<figure class=\"wp-caption\">\n\t\t\t\t\t\t\t\t\t\t\t<a href=\"https:\/\/www.action-logement.ca\/fr\/action-logement\/\">\n\t\t\t\t\t\t\t<img decoding=\"async\" src=\"https:\/\/www.crcoc.ca\/wp-content\/uploads\/2019\/02\/Action-Logement-FinalLogo-75-300x70.png\" title=\"Action-Logement-FinalLogo-75-300&#215;70\" alt=\"Action-Logement-FinalLogo-75-300x70\" loading=\"lazy\" \/>\t\t\t\t\t\t\t\t<\/a>\n\t\t\t\t\t\t\t\t\t\t\t<figcaption class=\"widget-image-caption wp-caption-text\">Action-Logement<\/figcaption>\n\t\t\t\t\t\t\t\t\t\t<\/figure>\n\t\t\t\t\t\t\t\t\t<\/div>\n\t\t\t\t<\/div>\n\t\t\t\t<div class=\"elementor-element elementor-element-f9248d9 elementor-align-justify elementor-widget elementor-widget-button\" data-id=\"f9248d9\" data-element_type=\"widget\" data-widget_type=\"button.default\">\n\t\t\t\t<div class=\"elementor-widget-container\">\n\t\t\t\t\t\t\t\t\t<div class=\"elementor-button-wrapper\">\n\t\t\t\t\t<a class=\"elementor-button elementor-button-link elementor-size-sm\" href=\"https:\/\/www.action-logement.ca\/fr\/action-logement\/\">\n\t\t\t\t\t\t<span class=\"elementor-button-content-wrapper\">\n\t\t\t\t\t\t\t\t\t<span class=\"elementor-button-text\">Aller au site web<\/span>\n\t\t\t\t\t<\/span>\n\t\t\t\t\t<\/a>\n\t\t\t\t<\/div>\n\t\t\t\t\t\t\t\t<\/div>\n\t\t\t\t<\/div>\n\t\t\t\t<div class=\"elementor-element elementor-element-f32e8e6 elementor-widget elementor-widget-text-editor\" data-id=\"f32e8e6\" data-element_type=\"widget\" data-widget_type=\"text-editor.default\">\n\t\t\t\t<div class=\"elementor-widget-container\">\n\t\t\t\t\t\t\t\t\t<ul><li class=\"m_5973090042683624646gmail-msolistparagraph\"><span lang=\"FR-CA\">Aide les personnes et les familles \u00e0 faible revenu \u00e0 trouver un logement convenable et s\u00fbr<\/span><\/li><li class=\"m_5973090042683624646gmail-msolistparagraph\">Les aide \u00e9galement \u00e0 garder leur logement<\/li><li class=\"m_5973090042683624646gmail-msolistparagraph\">Organisation caritative<\/li><\/ul><p><strong><b><span lang=\"FR-CA\">Pour prendre rendez-vous:<\/span><\/b> 613 562-8219 ou <\/strong><a href=\"mailto:info@action-logement.ca\"><strong>info@action-logement.ca<\/strong><\/a><\/p>\t\t\t\t\t\t\t\t<\/div>\n\t\t\t\t<\/div>\n\t\t\t\t\t<\/div>\n\t\t<\/div>\n\t\t\t\t<div class=\"elementor-column elementor-col-50 elementor-inner-column elementor-element elementor-element-03ce6d7\" data-id=\"03ce6d7\" data-element_type=\"column\">\n\t\t\t<div class=\"elementor-widget-wrap elementor-element-populated\">\n\t\t\t\t\t\t<div class=\"elementor-element elementor-element-370bdb6 elementor-widget elementor-widget-image\" data-id=\"370bdb6\" data-element_type=\"widget\" data-widget_type=\"image.default\">\n\t\t\t\t<div class=\"elementor-widget-container\">\n\t\t\t\t\t\t\t\t\t\t\t\t<figure class=\"wp-caption\">\n\t\t\t\t\t\t\t\t\t\t\t<a href=\"http:\/\/www.och-lco.ca\/fr\/\">\n\t\t\t\t\t\t\t<img decoding=\"async\" src=\"https:\/\/www.crcoc.ca\/wp-content\/uploads\/2019\/03\/Ottawa-community-housing_logo.png\" title=\"Ottawa community housing_logo\" alt=\"Ottawa community housing_logo\" loading=\"lazy\" \/>\t\t\t\t\t\t\t\t<\/a>\n\t\t\t\t\t\t\t\t\t\t\t<figcaption class=\"widget-image-caption wp-caption-text\">Logement communautaire Ottawa<\/figcaption>\n\t\t\t\t\t\t\t\t\t\t<\/figure>\n\t\t\t\t\t\t\t\t\t<\/div>\n\t\t\t\t<\/div>\n\t\t\t\t<div class=\"elementor-element elementor-element-1f6be03 elementor-align-justify elementor-widget elementor-widget-button\" data-id=\"1f6be03\" data-element_type=\"widget\" data-widget_type=\"button.default\">\n\t\t\t\t<div class=\"elementor-widget-container\">\n\t\t\t\t\t\t\t\t\t<div class=\"elementor-button-wrapper\">\n\t\t\t\t\t<a class=\"elementor-button elementor-button-link elementor-size-sm\" href=\"http:\/\/www.och-lco.ca\/fr\/\">\n\t\t\t\t\t\t<span class=\"elementor-button-content-wrapper\">\n\t\t\t\t\t\t\t\t\t<span class=\"elementor-button-text\">Aller au site web<\/span>\n\t\t\t\t\t<\/span>\n\t\t\t\t\t<\/a>\n\t\t\t\t<\/div>\n\t\t\t\t\t\t\t\t<\/div>\n\t\t\t\t<\/div>\n\t\t\t\t<div class=\"elementor-element elementor-element-c8e51b4 elementor-widget elementor-widget-text-editor\" data-id=\"c8e51b4\" data-element_type=\"widget\" data-widget_type=\"text-editor.default\">\n\t\t\t\t<div class=\"elementor-widget-container\">\n\t\t\t\t\t\t\t\t\t<ul><li><span lang=\"FR-CA\">Le plus important fournisseur de logements sociaux \u00e0 Ottawa<\/span><\/li><li><span lang=\"FR-CA\">Peut vous aider avec une large gamme de logements locatifs et subventionn\u00e9s<\/span><\/li><\/ul>\t\t\t\t\t\t\t\t<\/div>\n\t\t\t\t<\/div>\n\t\t\t\t\t<\/div>\n\t\t<\/div>\n\t\t\t\t\t<\/div>\n\t\t<\/section>\n\t\t\t\t\t<\/div>\n\t\t<\/div>\n\t\t\t\t\t<\/div>\n\t\t<\/section>\n\t\t\t\t<\/div>\n\t\t","protected":false},"excerpt":{"rendered":"<p>Action-Logement Aller au site web Aide les personnes et les familles \u00e0 faible revenu \u00e0 trouver un logement convenable et s\u00fbr Les aide \u00e9galement \u00e0 garder leur logement Organisation caritative Pour prendre rendez-vous: 613 562-8219 ou info@action-logement.ca Logement communautaire Ottawa Aller au site web Le plus important fournisseur de logements sociaux \u00e0 Ottawa Peut vous &#8230; <a title=\"Action logement\" class=\"read-more\" href=\"https:\/\/www.crcoc.ca\/fr\/action-logement\/\">Read more<\/a><\/p>\n","protected":false},"author":1,"featured_media":0,"parent":0,"menu_order":0,"comment_status":"closed","ping_status":"closed","template":"","meta":{"footnotes":""},"class_list":["post-652","page","type-page","status-publish"],"yoast_head":"<!-- This site is optimized with the Yoast SEO plugin v24.7 - https:\/\/yoast.com\/wordpress\/plugins\/seo\/ -->\n<title>Action logement - CRCOC - OCCRC<\/title>\n<meta name=\"robots\" content=\"index, follow, max-snippet:-1, max-image-preview:large, max-video-preview:-1\" \/>\n<link rel=\"canonical\" href=\"https:\/\/www.crcoc.ca\/fr\/action-logement\/\" \/>\n<meta property=\"og:locale\" content=\"fr_FR\" \/>\n<meta property=\"og:type\" content=\"article\" \/>\n<meta property=\"og:title\" content=\"Action logement - CRCOC - OCCRC\" \/>\n<meta property=\"og:description\" content=\"Action-Logement Aller au site web Aide les personnes et les familles \u00e0 faible revenu \u00e0 trouver un logement convenable et s\u00fbr Les aide \u00e9galement \u00e0 garder leur logement Organisation caritative Pour prendre rendez-vous: 613 562-8219 ou info@action-logement.ca Logement communautaire Ottawa Aller au site web Le plus important fournisseur de logements sociaux \u00e0 Ottawa Peut vous ... Read more\" \/>\n<meta property=\"og:url\" content=\"https:\/\/www.crcoc.ca\/fr\/action-logement\/\" \/>\n<meta property=\"og:site_name\" content=\"CRCOC - OCCRC\" \/>\n<meta property=\"article:publisher\" content=\"https:\/\/www.facebook.com\/OCCRC.CRCOC\/\" \/>\n<meta property=\"article:modified_time\" content=\"2019-03-21T13:59:33+00:00\" \/>\n<meta property=\"og:image\" content=\"http:\/\/crcoc.ca\/wp-content\/uploads\/elementor\/thumbs\/Action-Logement-FinalLogo-75-300x70-o53xc51j02dojgrsyxedk2ucen2ss2ylid3qnyhkhs.png\" \/>\n<meta name=\"twitter:card\" content=\"summary_large_image\" \/>\n<meta name=\"twitter:site\" content=\"@OCCRC_CRCOC\" \/>\n<script type=\"application\/ld+json\" class=\"yoast-schema-graph\">{\"@context\":\"https:\/\/schema.org\",\"@graph\":[{\"@type\":\"WebPage\",\"@id\":\"https:\/\/www.crcoc.ca\/fr\/action-logement\/\",\"url\":\"https:\/\/www.crcoc.ca\/fr\/action-logement\/\",\"name\":\"Action logement - CRCOC - OCCRC\",\"isPartOf\":{\"@id\":\"https:\/\/www.crcoc.ca\/fr\/#website\"},\"primaryImageOfPage\":{\"@id\":\"https:\/\/www.crcoc.ca\/fr\/action-logement\/#primaryimage\"},\"image\":{\"@id\":\"https:\/\/www.crcoc.ca\/fr\/action-logement\/#primaryimage\"},\"thumbnailUrl\":\"http:\/\/crcoc.ca\/wp-content\/uploads\/elementor\/thumbs\/Action-Logement-FinalLogo-75-300x70-o53xc51j02dojgrsyxedk2ucen2ss2ylid3qnyhkhs.png\",\"datePublished\":\"2019-02-01T21:05:57+00:00\",\"dateModified\":\"2019-03-21T13:59:33+00:00\",\"breadcrumb\":{\"@id\":\"https:\/\/www.crcoc.ca\/fr\/action-logement\/#breadcrumb\"},\"inLanguage\":\"fr-FR\",\"potentialAction\":[{\"@type\":\"ReadAction\",\"target\":[\"https:\/\/www.crcoc.ca\/fr\/action-logement\/\"]}]},{\"@type\":\"ImageObject\",\"inLanguage\":\"fr-FR\",\"@id\":\"https:\/\/www.crcoc.ca\/fr\/action-logement\/#primaryimage\",\"url\":\"http:\/\/crcoc.ca\/wp-content\/uploads\/elementor\/thumbs\/Action-Logement-FinalLogo-75-300x70-o53xc51j02dojgrsyxedk2ucen2ss2ylid3qnyhkhs.png\",\"contentUrl\":\"http:\/\/crcoc.ca\/wp-content\/uploads\/elementor\/thumbs\/Action-Logement-FinalLogo-75-300x70-o53xc51j02dojgrsyxedk2ucen2ss2ylid3qnyhkhs.png\"},{\"@type\":\"BreadcrumbList\",\"@id\":\"https:\/\/www.crcoc.ca\/fr\/action-logement\/#breadcrumb\",\"itemListElement\":[{\"@type\":\"ListItem\",\"position\":1,\"name\":\"Home\",\"item\":\"https:\/\/www.crcoc.ca\/fr\/\"},{\"@type\":\"ListItem\",\"position\":2,\"name\":\"Action logement\"}]},{\"@type\":\"WebSite\",\"@id\":\"https:\/\/www.crcoc.ca\/fr\/#website\",\"url\":\"https:\/\/www.crcoc.ca\/fr\/\",\"name\":\"CRCOC - OCCRC\",\"description\":\"Centre de ressources communautaires Orl\u00e9ans-Cumberland | Orl\u00e9ans-Cumberland Community Resource Center\",\"publisher\":{\"@id\":\"https:\/\/www.crcoc.ca\/fr\/#organization\"},\"potentialAction\":[{\"@type\":\"SearchAction\",\"target\":{\"@type\":\"EntryPoint\",\"urlTemplate\":\"https:\/\/www.crcoc.ca\/fr\/?s={search_term_string}\"},\"query-input\":{\"@type\":\"PropertyValueSpecification\",\"valueRequired\":true,\"valueName\":\"search_term_string\"}}],\"inLanguage\":\"fr-FR\"},{\"@type\":\"Organization\",\"@id\":\"https:\/\/www.crcoc.ca\/fr\/#organization\",\"name\":\"Orl\u00e9ans-Cumberland Community Resource Centre\",\"url\":\"https:\/\/www.crcoc.ca\/fr\/\",\"logo\":{\"@type\":\"ImageObject\",\"inLanguage\":\"fr-FR\",\"@id\":\"https:\/\/www.crcoc.ca\/fr\/#\/schema\/logo\/image\/\",\"url\":\"https:\/\/www.crcoc.ca\/wp-content\/uploads\/2019\/01\/cropped-Logo_OCCRCeachside-1.png\",\"contentUrl\":\"https:\/\/www.crcoc.ca\/wp-content\/uploads\/2019\/01\/cropped-Logo_OCCRCeachside-1.png\",\"width\":512,\"height\":512,\"caption\":\"Orl\u00e9ans-Cumberland Community Resource Centre\"},\"image\":{\"@id\":\"https:\/\/www.crcoc.ca\/fr\/#\/schema\/logo\/image\/\"},\"sameAs\":[\"https:\/\/www.facebook.com\/OCCRC.CRCOC\/\",\"https:\/\/x.com\/OCCRC_CRCOC\",\"https:\/\/instagram.com\/occrcyp_crcocpj\/\"]}]}<\/script>\n<!-- \/ Yoast SEO plugin. -->","yoast_head_json":{"title":"Action logement - CRCOC - OCCRC","robots":{"index":"index","follow":"follow","max-snippet":"max-snippet:-1","max-image-preview":"max-image-preview:large","max-video-preview":"max-video-preview:-1"},"canonical":"https:\/\/www.crcoc.ca\/fr\/action-logement\/","og_locale":"fr_FR","og_type":"article","og_title":"Action logement - CRCOC - OCCRC","og_description":"Action-Logement Aller au site web Aide les personnes et les familles \u00e0 faible revenu \u00e0 trouver un logement convenable et s\u00fbr Les aide \u00e9galement \u00e0 garder leur logement Organisation caritative Pour prendre rendez-vous: 613 562-8219 ou info@action-logement.ca Logement communautaire Ottawa Aller au site web Le plus important fournisseur de logements sociaux \u00e0 Ottawa Peut vous ... Read more","og_url":"https:\/\/www.crcoc.ca\/fr\/action-logement\/","og_site_name":"CRCOC - OCCRC","article_publisher":"https:\/\/www.facebook.com\/OCCRC.CRCOC\/","article_modified_time":"2019-03-21T13:59:33+00:00","og_image":[{"url":"http:\/\/crcoc.ca\/wp-content\/uploads\/elementor\/thumbs\/Action-Logement-FinalLogo-75-300x70-o53xc51j02dojgrsyxedk2ucen2ss2ylid3qnyhkhs.png","type":"","width":"","height":""}],"twitter_card":"summary_large_image","twitter_site":"@OCCRC_CRCOC","schema":{"@context":"https:\/\/schema.org","@graph":[{"@type":"WebPage","@id":"https:\/\/www.crcoc.ca\/fr\/action-logement\/","url":"https:\/\/www.crcoc.ca\/fr\/action-logement\/","name":"Action logement - CRCOC - OCCRC","isPartOf":{"@id":"https:\/\/www.crcoc.ca\/fr\/#website"},"primaryImageOfPage":{"@id":"https:\/\/www.crcoc.ca\/fr\/action-logement\/#primaryimage"},"image":{"@id":"https:\/\/www.crcoc.ca\/fr\/action-logement\/#primaryimage"},"thumbnailUrl":"http:\/\/crcoc.ca\/wp-content\/uploads\/elementor\/thumbs\/Action-Logement-FinalLogo-75-300x70-o53xc51j02dojgrsyxedk2ucen2ss2ylid3qnyhkhs.png","datePublished":"2019-02-01T21:05:57+00:00","dateModified":"2019-03-21T13:59:33+00:00","breadcrumb":{"@id":"https:\/\/www.crcoc.ca\/fr\/action-logement\/#breadcrumb"},"inLanguage":"fr-FR","potentialAction":[{"@type":"ReadAction","target":["https:\/\/www.crcoc.ca\/fr\/action-logement\/"]}]},{"@type":"ImageObject","inLanguage":"fr-FR","@id":"https:\/\/www.crcoc.ca\/fr\/action-logement\/#primaryimage","url":"http:\/\/crcoc.ca\/wp-content\/uploads\/elementor\/thumbs\/Action-Logement-FinalLogo-75-300x70-o53xc51j02dojgrsyxedk2ucen2ss2ylid3qnyhkhs.png","contentUrl":"http:\/\/crcoc.ca\/wp-content\/uploads\/elementor\/thumbs\/Action-Logement-FinalLogo-75-300x70-o53xc51j02dojgrsyxedk2ucen2ss2ylid3qnyhkhs.png"},{"@type":"BreadcrumbList","@id":"https:\/\/www.crcoc.ca\/fr\/action-logement\/#breadcrumb","itemListElement":[{"@type":"ListItem","position":1,"name":"Home","item":"https:\/\/www.crcoc.ca\/fr\/"},{"@type":"ListItem","position":2,"name":"Action logement"}]},{"@type":"WebSite","@id":"https:\/\/www.crcoc.ca\/fr\/#website","url":"https:\/\/www.crcoc.ca\/fr\/","name":"CRCOC - OCCRC","description":"Centre de ressources communautaires Orl\u00e9ans-Cumberland | Orl\u00e9ans-Cumberland Community Resource Center","publisher":{"@id":"https:\/\/www.crcoc.ca\/fr\/#organization"},"potentialAction":[{"@type":"SearchAction","target":{"@type":"EntryPoint","urlTemplate":"https:\/\/www.crcoc.ca\/fr\/?s={search_term_string}"},"query-input":{"@type":"PropertyValueSpecification","valueRequired":true,"valueName":"search_term_string"}}],"inLanguage":"fr-FR"},{"@type":"Organization","@id":"https:\/\/www.crcoc.ca\/fr\/#organization","name":"Orl\u00e9ans-Cumberland Community Resource Centre","url":"https:\/\/www.crcoc.ca\/fr\/","logo":{"@type":"ImageObject","inLanguage":"fr-FR","@id":"https:\/\/www.crcoc.ca\/fr\/#\/schema\/logo\/image\/","url":"https:\/\/www.crcoc.ca\/wp-content\/uploads\/2019\/01\/cropped-Logo_OCCRCeachside-1.png","contentUrl":"https:\/\/www.crcoc.ca\/wp-content\/uploads\/2019\/01\/cropped-Logo_OCCRCeachside-1.png","width":512,"height":512,"caption":"Orl\u00e9ans-Cumberland Community Resource Centre"},"image":{"@id":"https:\/\/www.crcoc.ca\/fr\/#\/schema\/logo\/image\/"},"sameAs":["https:\/\/www.facebook.com\/OCCRC.CRCOC\/","https:\/\/x.com\/OCCRC_CRCOC","https:\/\/instagram.com\/occrcyp_crcocpj\/"]}]}},"_links":{"self":[{"href":"https:\/\/www.crcoc.ca\/fr\/wp-json\/wp\/v2\/pages\/652","targetHints":{"allow":["GET"]}}],"collection":[{"href":"https:\/\/www.crcoc.ca\/fr\/wp-json\/wp\/v2\/pages"}],"about":[{"href":"https:\/\/www.crcoc.ca\/fr\/wp-json\/wp\/v2\/types\/page"}],"author":[{"embeddable":true,"href":"https:\/\/www.crcoc.ca\/fr\/wp-json\/wp\/v2\/users\/1"}],"replies":[{"embeddable":true,"href":"https:\/\/www.crcoc.ca\/fr\/wp-json\/wp\/v2\/comments?post=652"}],"version-history":[{"count":0,"href":"https:\/\/www.crcoc.ca\/fr\/wp-json\/wp\/v2\/pages\/652\/revisions"}],"wp:attachment":[{"href":"https:\/\/www.crcoc.ca\/fr\/wp-json\/wp\/v2\/media?parent=652"}],"curies":[{"name":"wp","href":"https:\/\/api.w.org\/{rel}","templated":true}]}}