{"id":32286,"date":"2024-05-23T12:49:25","date_gmt":"2024-05-23T16:49:25","guid":{"rendered":"https:\/\/www.crcoc.ca\/?page_id=32286"},"modified":"2024-07-25T09:03:58","modified_gmt":"2024-07-25T13:03:58","slug":"effetsscolaires24","status":"publish","type":"page","link":"https:\/\/www.crcoc.ca\/fr\/effetsscolaires24\/","title":{"rendered":"Programme d&rsquo;effets scolaires 2024"},"content":{"rendered":"\t\t<div data-elementor-type=\"wp-page\" data-elementor-id=\"32286\" class=\"elementor elementor-32286 elementor-32264\" data-elementor-post-type=\"page\">\n\t\t\t\t\t\t<section class=\"elementor-section elementor-top-section elementor-element elementor-element-e917dbc elementor-section-boxed elementor-section-height-default elementor-section-height-default\" data-id=\"e917dbc\" data-element_type=\"section\">\n\t\t\t\t\t\t<div class=\"elementor-container elementor-column-gap-default\">\n\t\t\t\t\t<div class=\"elementor-column elementor-col-100 elementor-top-column elementor-element elementor-element-d60f8a2\" data-id=\"d60f8a2\" data-element_type=\"column\">\n\t\t\t<div class=\"elementor-widget-wrap elementor-element-populated\">\n\t\t\t\t\t\t<div class=\"elementor-element elementor-element-998c7d4 elementor-widget elementor-widget-image\" data-id=\"998c7d4\" data-element_type=\"widget\" data-widget_type=\"image.default\">\n\t\t\t\t<div class=\"elementor-widget-container\">\n\t\t\t\t\t\t\t\t\t\t\t\t\t\t\t<img fetchpriority=\"high\" decoding=\"async\" width=\"945\" height=\"400\" src=\"https:\/\/www.crcoc.ca\/wp-content\/uploads\/2024\/05\/240821_2024_SchoolSuppliesProgram_KeelaBanner_FR.png\" class=\"attachment-large size-large wp-image-32270\" alt=\"\" srcset=\"https:\/\/www.crcoc.ca\/wp-content\/uploads\/2024\/05\/240821_2024_SchoolSuppliesProgram_KeelaBanner_FR.png 945w, https:\/\/www.crcoc.ca\/wp-content\/uploads\/2024\/05\/240821_2024_SchoolSuppliesProgram_KeelaBanner_FR-300x127.png 300w, https:\/\/www.crcoc.ca\/wp-content\/uploads\/2024\/05\/240821_2024_SchoolSuppliesProgram_KeelaBanner_FR-768x325.png 768w\" sizes=\"(max-width: 945px) 100vw, 945px\" \/>\t\t\t\t\t\t\t\t\t\t\t\t\t\t\t<\/div>\n\t\t\t\t<\/div>\n\t\t\t\t<div class=\"elementor-element elementor-element-4c03220 elementor-widget elementor-widget-image\" data-id=\"4c03220\" data-element_type=\"widget\" data-widget_type=\"image.default\">\n\t\t\t\t<div class=\"elementor-widget-container\">\n\t\t\t\t\t\t\t\t\t\t\t\t\t\t\t<img decoding=\"async\" width=\"768\" height=\"140\" src=\"https:\/\/www.crcoc.ca\/wp-content\/uploads\/2024\/05\/BP-logo-1-768x140.png\" class=\"attachment-medium_large size-medium_large wp-image-32292\" alt=\"\" srcset=\"https:\/\/www.crcoc.ca\/wp-content\/uploads\/2024\/05\/BP-logo-1-768x140.png 768w, https:\/\/www.crcoc.ca\/wp-content\/uploads\/2024\/05\/BP-logo-1-300x55.png 300w, https:\/\/www.crcoc.ca\/wp-content\/uploads\/2024\/05\/BP-logo-1-1024x186.png 1024w, https:\/\/www.crcoc.ca\/wp-content\/uploads\/2024\/05\/BP-logo-1-1536x279.png 1536w, https:\/\/www.crcoc.ca\/wp-content\/uploads\/2024\/05\/BP-logo-1-2048x372.png 2048w\" sizes=\"(max-width: 768px) 100vw, 768px\" \/>\t\t\t\t\t\t\t\t\t\t\t\t\t\t\t<\/div>\n\t\t\t\t<\/div>\n\t\t\t\t<section class=\"elementor-section elementor-inner-section elementor-element elementor-element-23eaf7e elementor-section-boxed elementor-section-height-default elementor-section-height-default\" data-id=\"23eaf7e\" data-element_type=\"section\">\n\t\t\t\t\t\t<div class=\"elementor-container elementor-column-gap-default\">\n\t\t\t\t\t<div class=\"elementor-column elementor-col-100 elementor-inner-column elementor-element elementor-element-994b49e\" data-id=\"994b49e\" data-element_type=\"column\">\n\t\t\t<div class=\"elementor-widget-wrap elementor-element-populated\">\n\t\t\t\t\t\t<div class=\"elementor-element elementor-element-be2a7e0 elementor-widget elementor-widget-text-editor\" data-id=\"be2a7e0\" data-element_type=\"widget\" data-widget_type=\"text-editor.default\">\n\t\t\t\t<div class=\"elementor-widget-container\">\n\t\t\t\t\t\t\t\t\t<p>La rentr\u00e9e scolaire approche \u00e0 grands pas, et nous esp\u00e9rons que vous pourrez nous aider cette ann\u00e9e \u00e0 pr\u00e9parer les \u00e9l\u00e8ve de la r\u00e9gion d\u2019Orl\u00e9ans-Cumberland \u00e0 r\u00e9ussir\u2009! Chaque ann\u00e9e, plus de <strong>450 enfants et jeunes<\/strong> de notre communaut\u00e9 ont besoin de notre soutien pour s\u2019assurer qu\u2019ils commencent l\u2019\u00e9cole avec les effets scolaires n\u00e9cessaires parmi une liste croissante d\u2019articles envoy\u00e9s par les conseils scolaires.<\/p><p><a href=\"https:\/\/www.crcoc.ca\/wp-content\/uploads\/2024\/06\/240617_SchoolSuppliesFundraiser_Individual_Letters_FR.pdf\">Pour plus de d\u00e9tails, cliquez ici pour lire la lettre de Luc sur le programme d&rsquo;effets scolaires 2024.<\/a><\/p>\t\t\t\t\t\t\t\t<\/div>\n\t\t\t\t<\/div>\n\t\t\t\t<div class=\"elementor-element elementor-element-d153c3e elementor-widget-divider--view-line elementor-widget elementor-widget-divider\" data-id=\"d153c3e\" data-element_type=\"widget\" data-widget_type=\"divider.default\">\n\t\t\t\t<div class=\"elementor-widget-container\">\n\t\t\t\t\t\t\t<div class=\"elementor-divider\">\n\t\t\t<span class=\"elementor-divider-separator\">\n\t\t\t\t\t\t<\/span>\n\t\t<\/div>\n\t\t\t\t\t\t<\/div>\n\t\t\t\t<\/div>\n\t\t\t\t<div class=\"elementor-element elementor-element-afa2d38 elementor-widget elementor-widget-heading\" data-id=\"afa2d38\" data-element_type=\"widget\" data-widget_type=\"heading.default\">\n\t\t\t\t<div class=\"elementor-widget-container\">\n\t\t\t\t\t<h2 class=\"elementor-heading-title elementor-size-default\">Les fa\u00e7ons dont vous pouvez faire une diff\u00e9rence lors de la rentr\u00e9e scolaire.<\/h2>\t\t\t\t<\/div>\n\t\t\t\t<\/div>\n\t\t\t\t<div class=\"elementor-element elementor-element-318bc49 elementor-widget elementor-widget-spacer\" data-id=\"318bc49\" data-element_type=\"widget\" data-widget_type=\"spacer.default\">\n\t\t\t\t<div class=\"elementor-widget-container\">\n\t\t\t\t\t\t\t<div class=\"elementor-spacer\">\n\t\t\t<div class=\"elementor-spacer-inner\"><\/div>\n\t\t<\/div>\n\t\t\t\t\t\t<\/div>\n\t\t\t\t<\/div>\n\t\t\t\t<div class=\"elementor-element elementor-element-8e44658 elementor-widget elementor-widget-spacer\" data-id=\"8e44658\" data-element_type=\"widget\" data-widget_type=\"spacer.default\">\n\t\t\t\t<div class=\"elementor-widget-container\">\n\t\t\t\t\t\t\t<div class=\"elementor-spacer\">\n\t\t\t<div class=\"elementor-spacer-inner\"><\/div>\n\t\t<\/div>\n\t\t\t\t\t\t<\/div>\n\t\t\t\t<\/div>\n\t\t\t\t<div class=\"elementor-element elementor-element-296c8dd elementor-widget elementor-widget-text-editor\" data-id=\"296c8dd\" data-element_type=\"widget\" data-widget_type=\"text-editor.default\">\n\t\t\t\t<div class=\"elementor-widget-container\">\n\t\t\t\t\t\t\t\t\t<p><strong>Participez \u00e0 une journ\u00e9e \u00ab\u2009Earn Back\u2009\u00bb\u00a0: <\/strong><\/p><ul><li>Inscrivez OCCRC au dos de votre re\u00e7u lorsque vous mangez \u00e0 Boston Pizza Orleans le <strong>mercredi 24 juillet et le lundi 29 juillet de 17 h \u00e0 21 h. Pendant ces journ\u00e9es, seulement pour les repas sur place, 10 % de vos ventes de nourriture, \u00e0 l\u2019exclusion de l\u2019alcool, seront revers\u00e9s au Programme d&rsquo;effets scolaires.<\/strong><\/li><\/ul>\t\t\t\t\t\t\t\t<\/div>\n\t\t\t\t<\/div>\n\t\t\t\t<div class=\"elementor-element elementor-element-fdb300b elementor-widget elementor-widget-image\" data-id=\"fdb300b\" data-element_type=\"widget\" data-widget_type=\"image.default\">\n\t\t\t\t<div class=\"elementor-widget-container\">\n\t\t\t\t\t\t\t\t\t\t\t\t\t\t\t<img decoding=\"async\" width=\"150\" height=\"150\" src=\"https:\/\/www.crcoc.ca\/wp-content\/uploads\/2024\/05\/BP-orleans-logo-1-150x150.png\" class=\"attachment-thumbnail size-thumbnail wp-image-32294\" alt=\"\" srcset=\"https:\/\/www.crcoc.ca\/wp-content\/uploads\/2024\/05\/BP-orleans-logo-1-150x150.png 150w, https:\/\/www.crcoc.ca\/wp-content\/uploads\/2024\/05\/BP-orleans-logo-1-300x300.png 300w, https:\/\/www.crcoc.ca\/wp-content\/uploads\/2024\/05\/BP-orleans-logo-1.png 500w\" sizes=\"(max-width: 150px) 100vw, 150px\" \/>\t\t\t\t\t\t\t\t\t\t\t\t\t\t\t<\/div>\n\t\t\t\t<\/div>\n\t\t\t\t<div class=\"elementor-element elementor-element-5239fb0 elementor-widget-divider--view-line elementor-widget elementor-widget-divider\" data-id=\"5239fb0\" data-element_type=\"widget\" data-widget_type=\"divider.default\">\n\t\t\t\t<div class=\"elementor-widget-container\">\n\t\t\t\t\t\t\t<div class=\"elementor-divider\">\n\t\t\t<span class=\"elementor-divider-separator\">\n\t\t\t\t\t\t<\/span>\n\t\t<\/div>\n\t\t\t\t\t\t<\/div>\n\t\t\t\t<\/div>\n\t\t\t\t<div class=\"elementor-element elementor-element-a9c76e0 elementor-widget elementor-widget-text-editor\" data-id=\"a9c76e0\" data-element_type=\"widget\" data-widget_type=\"text-editor.default\">\n\t\t\t\t<div class=\"elementor-widget-container\">\n\t\t\t\t\t\t\t\t\t<p><strong>Faire un don\u00a0: <\/strong><\/p><ul><li>Si vous ne pouvez pas assister \u00e0 l\u2019\u00e9v\u00e9nement ou \u00e0 l\u2019une des deux journ\u00e9es \u00ab\u2009Earn Back\u2009\u00bb, vous pouvez toujours contribuer au programme de fournitures scolaires\u00a02024 du CRCOC. Un don de <strong>50\u00a0dollars permet d\u2019aider un \u00e9l\u00e8ve<\/strong> et un don de <strong>100\u00a0dollars permet d\u2019aider deux \u00e9l\u00e8ves<\/strong>.<\/li><\/ul>\t\t\t\t\t\t\t\t<\/div>\n\t\t\t\t<\/div>\n\t\t\t\t<div class=\"elementor-element elementor-element-d0a3ae5 elementor-align-center elementor-widget__width-inherit elementor-widget elementor-widget-button\" data-id=\"d0a3ae5\" data-element_type=\"widget\" data-widget_type=\"button.default\">\n\t\t\t\t<div class=\"elementor-widget-container\">\n\t\t\t\t\t\t\t\t\t<div class=\"elementor-button-wrapper\">\n\t\t\t\t\t<a class=\"elementor-button elementor-button-link elementor-size-sm\" href=\"https:\/\/www.crcoc.ca\/fr\/dons-crcoc\/\" target=\"_blank\">\n\t\t\t\t\t\t<span class=\"elementor-button-content-wrapper\">\n\t\t\t\t\t\t\t\t\t<span class=\"elementor-button-text\">Faites un don !<\/span>\n\t\t\t\t\t<\/span>\n\t\t\t\t\t<\/a>\n\t\t\t\t<\/div>\n\t\t\t\t\t\t\t\t<\/div>\n\t\t\t\t<\/div>\n\t\t\t\t<div class=\"elementor-element elementor-element-0f6d3ae elementor-widget elementor-widget-spacer\" data-id=\"0f6d3ae\" data-element_type=\"widget\" data-widget_type=\"spacer.default\">\n\t\t\t\t<div class=\"elementor-widget-container\">\n\t\t\t\t\t\t\t<div class=\"elementor-spacer\">\n\t\t\t<div class=\"elementor-spacer-inner\"><\/div>\n\t\t<\/div>\n\t\t\t\t\t\t<\/div>\n\t\t\t\t<\/div>\n\t\t\t\t<div class=\"elementor-element elementor-element-46b24b3 elementor-widget-divider--view-line elementor-widget elementor-widget-divider\" data-id=\"46b24b3\" data-element_type=\"widget\" data-widget_type=\"divider.default\">\n\t\t\t\t<div class=\"elementor-widget-container\">\n\t\t\t\t\t\t\t<div class=\"elementor-divider\">\n\t\t\t<span class=\"elementor-divider-separator\">\n\t\t\t\t\t\t<\/span>\n\t\t<\/div>\n\t\t\t\t\t\t<\/div>\n\t\t\t\t<\/div>\n\t\t\t\t<div class=\"elementor-element elementor-element-7a38df3 elementor-widget elementor-widget-heading\" data-id=\"7a38df3\" data-element_type=\"widget\" data-widget_type=\"heading.default\">\n\t\t\t\t<div class=\"elementor-widget-container\">\n\t\t\t\t\t<h2 class=\"elementor-heading-title elementor-size-default\">NOS COMMANDITAIRES<\/h2>\t\t\t\t<\/div>\n\t\t\t\t<\/div>\n\t\t\t\t<div class=\"elementor-element elementor-element-c8f5215 elementor-widget elementor-widget-heading\" data-id=\"c8f5215\" data-element_type=\"widget\" data-widget_type=\"heading.default\">\n\t\t\t\t<div class=\"elementor-widget-container\">\n\t\t\t\t\t<h2 class=\"elementor-heading-title elementor-size-default\">COMMANDITAIRE EN TITRE<\/h2>\t\t\t\t<\/div>\n\t\t\t\t<\/div>\n\t\t\t\t\t<\/div>\n\t\t<\/div>\n\t\t\t\t\t<\/div>\n\t\t<\/section>\n\t\t\t\t<section class=\"elementor-section elementor-inner-section elementor-element elementor-element-7f599e3 elementor-section-boxed elementor-section-height-default elementor-section-height-default\" data-id=\"7f599e3\" data-element_type=\"section\">\n\t\t\t\t\t\t<div class=\"elementor-container elementor-column-gap-default\">\n\t\t\t\t\t<div class=\"elementor-column elementor-col-100 elementor-inner-column elementor-element elementor-element-87d964c\" data-id=\"87d964c\" data-element_type=\"column\">\n\t\t\t<div class=\"elementor-widget-wrap elementor-element-populated\">\n\t\t\t\t\t\t<div class=\"elementor-element elementor-element-21a9e00 elementor-widget elementor-widget-image\" data-id=\"21a9e00\" data-element_type=\"widget\" data-widget_type=\"image.default\">\n\t\t\t\t<div class=\"elementor-widget-container\">\n\t\t\t\t\t\t\t\t\t\t\t\t\t\t\t<img decoding=\"async\" src=\"https:\/\/www.crcoc.ca\/wp-content\/uploads\/2024\/06\/NavanLanfill-logo.jpg\" title=\"NavanLanfill logo\" alt=\"NavanLanfill logo\" loading=\"lazy\" \/>\t\t\t\t\t\t\t\t\t\t\t\t\t\t\t<\/div>\n\t\t\t\t<\/div>\n\t\t\t\t\t<\/div>\n\t\t<\/div>\n\t\t\t\t\t<\/div>\n\t\t<\/section>\n\t\t\t\t\t<\/div>\n\t\t<\/div>\n\t\t\t\t\t<\/div>\n\t\t<\/section>\n\t\t\t\t<section class=\"elementor-section elementor-top-section elementor-element elementor-element-1be7d31 elementor-section-boxed elementor-section-height-default elementor-section-height-default\" data-id=\"1be7d31\" data-element_type=\"section\">\n\t\t\t\t\t\t<div class=\"elementor-container elementor-column-gap-default\">\n\t\t\t\t\t<div class=\"elementor-column elementor-col-100 elementor-top-column elementor-element elementor-element-b0a2aca\" data-id=\"b0a2aca\" data-element_type=\"column\">\n\t\t\t<div class=\"elementor-widget-wrap elementor-element-populated\">\n\t\t\t\t\t\t<div class=\"elementor-element elementor-element-334710f elementor-widget elementor-widget-heading\" data-id=\"334710f\" data-element_type=\"widget\" data-widget_type=\"heading.default\">\n\t\t\t\t<div class=\"elementor-widget-container\">\n\t\t\t\t\t<h2 class=\"elementor-heading-title elementor-size-default\">COMMANDITAIRES OR<\/h2>\t\t\t\t<\/div>\n\t\t\t\t<\/div>\n\t\t\t\t<section class=\"elementor-section elementor-inner-section elementor-element elementor-element-9eb0a53 elementor-section-boxed elementor-section-height-default elementor-section-height-default\" data-id=\"9eb0a53\" data-element_type=\"section\">\n\t\t\t\t\t\t<div class=\"elementor-container elementor-column-gap-default\">\n\t\t\t\t\t<div class=\"elementor-column elementor-col-100 elementor-inner-column elementor-element elementor-element-91f0651\" data-id=\"91f0651\" data-element_type=\"column\">\n\t\t\t<div class=\"elementor-widget-wrap elementor-element-populated\">\n\t\t\t\t\t\t<div class=\"elementor-element elementor-element-c293455 elementor-widget elementor-widget-image\" data-id=\"c293455\" data-element_type=\"widget\" data-widget_type=\"image.default\">\n\t\t\t\t<div class=\"elementor-widget-container\">\n\t\t\t\t\t\t\t\t\t\t\t\t\t\t\t<img decoding=\"async\" src=\"https:\/\/www.crcoc.ca\/wp-content\/uploads\/2024\/06\/CHRIS-LAMBERT-logo.jpg\" title=\"CHRIS LAMBERT &#8211; logo\" alt=\"CHRIS LAMBERT - logo\" loading=\"lazy\" \/>\t\t\t\t\t\t\t\t\t\t\t\t\t\t\t<\/div>\n\t\t\t\t<\/div>\n\t\t\t\t\t<\/div>\n\t\t<\/div>\n\t\t\t\t\t<\/div>\n\t\t<\/section>\n\t\t\t\t<div class=\"elementor-element elementor-element-962428a elementor-cta--skin-cover elementor-widget elementor-widget-call-to-action\" data-id=\"962428a\" data-element_type=\"widget\" data-widget_type=\"call-to-action.default\">\n\t\t\t\t<div class=\"elementor-widget-container\">\n\t\t\t\t\t\t\t<div class=\"elementor-cta\">\n\t\t\t\t\t<div class=\"elementor-cta__bg-wrapper\">\n\t\t\t\t<div class=\"elementor-cta__bg elementor-bg\" style=\"background-image: url(https:\/\/www.crcoc.ca\/wp-content\/uploads\/2024\/05\/240821_2024_SchoolSuppliesProgram_KeelaBanner_FR-1-1.png);\" role=\"img\" aria-label=\"240821_2024_SchoolSuppliesProgram_KeelaBanner_FR-1.png\"><\/div>\n\t\t\t\t<div class=\"elementor-cta__bg-overlay\"><\/div>\n\t\t\t<\/div>\n\t\t\t\t\t\t\t<div class=\"elementor-cta__content\">\n\t\t\t\t\n\t\t\t\t\t\t\t\t\t<h2 class=\"elementor-cta__title elementor-cta__content-item elementor-content-item\">\n\t\t\t\t\t\tVotre soutien permet aux enfants et jeunes de notre communaut\u00e9 de d\u00e9buter l\u2019ann\u00e9e scolaire bien \u00e9quip\u00e9e pour r\u00e9ussir.\t\t\t\t\t<\/h2>\n\t\t\t\t\n\t\t\t\t\n\t\t\t\t\t\t\t<\/div>\n\t\t\t\t\t\t<\/div>\n\t\t\t\t\t\t<\/div>\n\t\t\t\t<\/div>\n\t\t\t\t\t<\/div>\n\t\t<\/div>\n\t\t\t\t\t<\/div>\n\t\t<\/section>\n\t\t\t\t<\/div>\n\t\t","protected":false},"excerpt":{"rendered":"<p>La rentr\u00e9e scolaire approche \u00e0 grands pas, et nous esp\u00e9rons que vous pourrez nous aider cette ann\u00e9e \u00e0 pr\u00e9parer les \u00e9l\u00e8ve de la r\u00e9gion d\u2019Orl\u00e9ans-Cumberland \u00e0 r\u00e9ussir\u2009! Chaque ann\u00e9e, plus de 450 enfants et jeunes de notre communaut\u00e9 ont besoin de notre soutien pour s\u2019assurer qu\u2019ils commencent l\u2019\u00e9cole avec les effets scolaires n\u00e9cessaires parmi une &#8230; <a title=\"Programme d&rsquo;effets scolaires 2024\" class=\"read-more\" href=\"https:\/\/www.crcoc.ca\/fr\/effetsscolaires24\/\">Read more<\/a><\/p>\n","protected":false},"author":13,"featured_media":0,"parent":0,"menu_order":0,"comment_status":"closed","ping_status":"closed","template":"","meta":{"footnotes":""},"class_list":["post-32286","page","type-page","status-publish"],"yoast_head":"<!-- This site is optimized with the Yoast SEO plugin v24.7 - https:\/\/yoast.com\/wordpress\/plugins\/seo\/ -->\n<title>Programme d&#039;effets scolaires 2024 - CRCOC - OCCRC<\/title>\n<meta name=\"robots\" content=\"index, follow, max-snippet:-1, max-image-preview:large, max-video-preview:-1\" \/>\n<link rel=\"canonical\" href=\"https:\/\/www.crcoc.ca\/fr\/effetsscolaires24\/\" \/>\n<meta property=\"og:locale\" content=\"fr_FR\" \/>\n<meta property=\"og:type\" content=\"article\" \/>\n<meta property=\"og:title\" content=\"Programme d&#039;effets scolaires 2024 - CRCOC - OCCRC\" \/>\n<meta property=\"og:description\" content=\"La rentr\u00e9e scolaire approche \u00e0 grands pas, et nous esp\u00e9rons que vous pourrez nous aider cette ann\u00e9e \u00e0 pr\u00e9parer les \u00e9l\u00e8ve de la r\u00e9gion d\u2019Orl\u00e9ans-Cumberland \u00e0 r\u00e9ussir\u2009! Chaque ann\u00e9e, plus de 450 enfants et jeunes de notre communaut\u00e9 ont besoin de notre soutien pour s\u2019assurer qu\u2019ils commencent l\u2019\u00e9cole avec les effets scolaires n\u00e9cessaires parmi une ... Read more\" \/>\n<meta property=\"og:url\" content=\"https:\/\/www.crcoc.ca\/fr\/effetsscolaires24\/\" \/>\n<meta property=\"og:site_name\" content=\"CRCOC - OCCRC\" \/>\n<meta property=\"article:publisher\" content=\"https:\/\/www.facebook.com\/OCCRC.CRCOC\/\" \/>\n<meta property=\"article:modified_time\" content=\"2024-07-25T13:03:58+00:00\" \/>\n<meta property=\"og:image\" content=\"https:\/\/www.crcoc.ca\/wp-content\/uploads\/2024\/05\/240821_2024_SchoolSuppliesProgram_KeelaBanner_FR.png\" \/>\n<meta name=\"twitter:card\" content=\"summary_large_image\" \/>\n<meta name=\"twitter:site\" content=\"@OCCRC_CRCOC\" \/>\n<meta name=\"twitter:label1\" content=\"Dur\u00e9e de lecture estim\u00e9e\" \/>\n\t<meta name=\"twitter:data1\" content=\"3 minutes\" \/>\n<script type=\"application\/ld+json\" class=\"yoast-schema-graph\">{\"@context\":\"https:\/\/schema.org\",\"@graph\":[{\"@type\":\"WebPage\",\"@id\":\"https:\/\/www.crcoc.ca\/fr\/effetsscolaires24\/\",\"url\":\"https:\/\/www.crcoc.ca\/fr\/effetsscolaires24\/\",\"name\":\"Programme d'effets scolaires 2024 - CRCOC - OCCRC\",\"isPartOf\":{\"@id\":\"https:\/\/www.crcoc.ca\/fr\/#website\"},\"primaryImageOfPage\":{\"@id\":\"https:\/\/www.crcoc.ca\/fr\/effetsscolaires24\/#primaryimage\"},\"image\":{\"@id\":\"https:\/\/www.crcoc.ca\/fr\/effetsscolaires24\/#primaryimage\"},\"thumbnailUrl\":\"https:\/\/www.crcoc.ca\/wp-content\/uploads\/2024\/05\/240821_2024_SchoolSuppliesProgram_KeelaBanner_FR.png\",\"datePublished\":\"2024-05-23T16:49:25+00:00\",\"dateModified\":\"2024-07-25T13:03:58+00:00\",\"breadcrumb\":{\"@id\":\"https:\/\/www.crcoc.ca\/fr\/effetsscolaires24\/#breadcrumb\"},\"inLanguage\":\"fr-FR\",\"potentialAction\":[{\"@type\":\"ReadAction\",\"target\":[\"https:\/\/www.crcoc.ca\/fr\/effetsscolaires24\/\"]}]},{\"@type\":\"ImageObject\",\"inLanguage\":\"fr-FR\",\"@id\":\"https:\/\/www.crcoc.ca\/fr\/effetsscolaires24\/#primaryimage\",\"url\":\"https:\/\/www.crcoc.ca\/wp-content\/uploads\/2024\/05\/240821_2024_SchoolSuppliesProgram_KeelaBanner_FR.png\",\"contentUrl\":\"https:\/\/www.crcoc.ca\/wp-content\/uploads\/2024\/05\/240821_2024_SchoolSuppliesProgram_KeelaBanner_FR.png\"},{\"@type\":\"BreadcrumbList\",\"@id\":\"https:\/\/www.crcoc.ca\/fr\/effetsscolaires24\/#breadcrumb\",\"itemListElement\":[{\"@type\":\"ListItem\",\"position\":1,\"name\":\"Home\",\"item\":\"https:\/\/www.crcoc.ca\/fr\/\"},{\"@type\":\"ListItem\",\"position\":2,\"name\":\"Programme d&#8217;effets scolaires 2024\"}]},{\"@type\":\"WebSite\",\"@id\":\"https:\/\/www.crcoc.ca\/fr\/#website\",\"url\":\"https:\/\/www.crcoc.ca\/fr\/\",\"name\":\"CRCOC - OCCRC\",\"description\":\"Centre de ressources communautaires Orl\u00e9ans-Cumberland | Orl\u00e9ans-Cumberland Community Resource Center\",\"publisher\":{\"@id\":\"https:\/\/www.crcoc.ca\/fr\/#organization\"},\"potentialAction\":[{\"@type\":\"SearchAction\",\"target\":{\"@type\":\"EntryPoint\",\"urlTemplate\":\"https:\/\/www.crcoc.ca\/fr\/?s={search_term_string}\"},\"query-input\":{\"@type\":\"PropertyValueSpecification\",\"valueRequired\":true,\"valueName\":\"search_term_string\"}}],\"inLanguage\":\"fr-FR\"},{\"@type\":\"Organization\",\"@id\":\"https:\/\/www.crcoc.ca\/fr\/#organization\",\"name\":\"Orl\u00e9ans-Cumberland Community Resource Centre\",\"url\":\"https:\/\/www.crcoc.ca\/fr\/\",\"logo\":{\"@type\":\"ImageObject\",\"inLanguage\":\"fr-FR\",\"@id\":\"https:\/\/www.crcoc.ca\/fr\/#\/schema\/logo\/image\/\",\"url\":\"https:\/\/www.crcoc.ca\/wp-content\/uploads\/2019\/01\/cropped-Logo_OCCRCeachside-1.png\",\"contentUrl\":\"https:\/\/www.crcoc.ca\/wp-content\/uploads\/2019\/01\/cropped-Logo_OCCRCeachside-1.png\",\"width\":512,\"height\":512,\"caption\":\"Orl\u00e9ans-Cumberland Community Resource Centre\"},\"image\":{\"@id\":\"https:\/\/www.crcoc.ca\/fr\/#\/schema\/logo\/image\/\"},\"sameAs\":[\"https:\/\/www.facebook.com\/OCCRC.CRCOC\/\",\"https:\/\/x.com\/OCCRC_CRCOC\",\"https:\/\/instagram.com\/occrcyp_crcocpj\/\"]}]}<\/script>\n<!-- \/ Yoast SEO plugin. -->","yoast_head_json":{"title":"Programme d'effets scolaires 2024 - CRCOC - OCCRC","robots":{"index":"index","follow":"follow","max-snippet":"max-snippet:-1","max-image-preview":"max-image-preview:large","max-video-preview":"max-video-preview:-1"},"canonical":"https:\/\/www.crcoc.ca\/fr\/effetsscolaires24\/","og_locale":"fr_FR","og_type":"article","og_title":"Programme d'effets scolaires 2024 - CRCOC - OCCRC","og_description":"La rentr\u00e9e scolaire approche \u00e0 grands pas, et nous esp\u00e9rons que vous pourrez nous aider cette ann\u00e9e \u00e0 pr\u00e9parer les \u00e9l\u00e8ve de la r\u00e9gion d\u2019Orl\u00e9ans-Cumberland \u00e0 r\u00e9ussir\u2009! Chaque ann\u00e9e, plus de 450 enfants et jeunes de notre communaut\u00e9 ont besoin de notre soutien pour s\u2019assurer qu\u2019ils commencent l\u2019\u00e9cole avec les effets scolaires n\u00e9cessaires parmi une ... Read more","og_url":"https:\/\/www.crcoc.ca\/fr\/effetsscolaires24\/","og_site_name":"CRCOC - OCCRC","article_publisher":"https:\/\/www.facebook.com\/OCCRC.CRCOC\/","article_modified_time":"2024-07-25T13:03:58+00:00","og_image":[{"url":"https:\/\/www.crcoc.ca\/wp-content\/uploads\/2024\/05\/240821_2024_SchoolSuppliesProgram_KeelaBanner_FR.png","type":"","width":"","height":""}],"twitter_card":"summary_large_image","twitter_site":"@OCCRC_CRCOC","twitter_misc":{"Dur\u00e9e de lecture estim\u00e9e":"3 minutes"},"schema":{"@context":"https:\/\/schema.org","@graph":[{"@type":"WebPage","@id":"https:\/\/www.crcoc.ca\/fr\/effetsscolaires24\/","url":"https:\/\/www.crcoc.ca\/fr\/effetsscolaires24\/","name":"Programme d'effets scolaires 2024 - CRCOC - OCCRC","isPartOf":{"@id":"https:\/\/www.crcoc.ca\/fr\/#website"},"primaryImageOfPage":{"@id":"https:\/\/www.crcoc.ca\/fr\/effetsscolaires24\/#primaryimage"},"image":{"@id":"https:\/\/www.crcoc.ca\/fr\/effetsscolaires24\/#primaryimage"},"thumbnailUrl":"https:\/\/www.crcoc.ca\/wp-content\/uploads\/2024\/05\/240821_2024_SchoolSuppliesProgram_KeelaBanner_FR.png","datePublished":"2024-05-23T16:49:25+00:00","dateModified":"2024-07-25T13:03:58+00:00","breadcrumb":{"@id":"https:\/\/www.crcoc.ca\/fr\/effetsscolaires24\/#breadcrumb"},"inLanguage":"fr-FR","potentialAction":[{"@type":"ReadAction","target":["https:\/\/www.crcoc.ca\/fr\/effetsscolaires24\/"]}]},{"@type":"ImageObject","inLanguage":"fr-FR","@id":"https:\/\/www.crcoc.ca\/fr\/effetsscolaires24\/#primaryimage","url":"https:\/\/www.crcoc.ca\/wp-content\/uploads\/2024\/05\/240821_2024_SchoolSuppliesProgram_KeelaBanner_FR.png","contentUrl":"https:\/\/www.crcoc.ca\/wp-content\/uploads\/2024\/05\/240821_2024_SchoolSuppliesProgram_KeelaBanner_FR.png"},{"@type":"BreadcrumbList","@id":"https:\/\/www.crcoc.ca\/fr\/effetsscolaires24\/#breadcrumb","itemListElement":[{"@type":"ListItem","position":1,"name":"Home","item":"https:\/\/www.crcoc.ca\/fr\/"},{"@type":"ListItem","position":2,"name":"Programme d&#8217;effets scolaires 2024"}]},{"@type":"WebSite","@id":"https:\/\/www.crcoc.ca\/fr\/#website","url":"https:\/\/www.crcoc.ca\/fr\/","name":"CRCOC - OCCRC","description":"Centre de ressources communautaires Orl\u00e9ans-Cumberland | Orl\u00e9ans-Cumberland Community Resource Center","publisher":{"@id":"https:\/\/www.crcoc.ca\/fr\/#organization"},"potentialAction":[{"@type":"SearchAction","target":{"@type":"EntryPoint","urlTemplate":"https:\/\/www.crcoc.ca\/fr\/?s={search_term_string}"},"query-input":{"@type":"PropertyValueSpecification","valueRequired":true,"valueName":"search_term_string"}}],"inLanguage":"fr-FR"},{"@type":"Organization","@id":"https:\/\/www.crcoc.ca\/fr\/#organization","name":"Orl\u00e9ans-Cumberland Community Resource Centre","url":"https:\/\/www.crcoc.ca\/fr\/","logo":{"@type":"ImageObject","inLanguage":"fr-FR","@id":"https:\/\/www.crcoc.ca\/fr\/#\/schema\/logo\/image\/","url":"https:\/\/www.crcoc.ca\/wp-content\/uploads\/2019\/01\/cropped-Logo_OCCRCeachside-1.png","contentUrl":"https:\/\/www.crcoc.ca\/wp-content\/uploads\/2019\/01\/cropped-Logo_OCCRCeachside-1.png","width":512,"height":512,"caption":"Orl\u00e9ans-Cumberland Community Resource Centre"},"image":{"@id":"https:\/\/www.crcoc.ca\/fr\/#\/schema\/logo\/image\/"},"sameAs":["https:\/\/www.facebook.com\/OCCRC.CRCOC\/","https:\/\/x.com\/OCCRC_CRCOC","https:\/\/instagram.com\/occrcyp_crcocpj\/"]}]}},"_links":{"self":[{"href":"https:\/\/www.crcoc.ca\/fr\/wp-json\/wp\/v2\/pages\/32286","targetHints":{"allow":["GET"]}}],"collection":[{"href":"https:\/\/www.crcoc.ca\/fr\/wp-json\/wp\/v2\/pages"}],"about":[{"href":"https:\/\/www.crcoc.ca\/fr\/wp-json\/wp\/v2\/types\/page"}],"author":[{"embeddable":true,"href":"https:\/\/www.crcoc.ca\/fr\/wp-json\/wp\/v2\/users\/13"}],"replies":[{"embeddable":true,"href":"https:\/\/www.crcoc.ca\/fr\/wp-json\/wp\/v2\/comments?post=32286"}],"version-history":[{"count":89,"href":"https:\/\/www.crcoc.ca\/fr\/wp-json\/wp\/v2\/pages\/32286\/revisions"}],"predecessor-version":[{"id":33083,"href":"https:\/\/www.crcoc.ca\/fr\/wp-json\/wp\/v2\/pages\/32286\/revisions\/33083"}],"wp:attachment":[{"href":"https:\/\/www.crcoc.ca\/fr\/wp-json\/wp\/v2\/media?parent=32286"}],"curies":[{"name":"wp","href":"https:\/\/api.w.org\/{rel}","templated":true}]}}