{"id":28159,"date":"2023-01-30T13:10:16","date_gmt":"2023-01-30T18:10:16","guid":{"rendered":"https:\/\/www.crcoc.ca\/?page_id=28159"},"modified":"2023-11-27T13:58:04","modified_gmt":"2023-11-27T18:58:04","slug":"enregistrez-votre-evenement","status":"publish","type":"page","link":"https:\/\/www.crcoc.ca\/fr\/enregistrez-votre-evenement\/","title":{"rendered":"Enregistrez votre \u00e9v\u00e9nement\u2009!"},"content":{"rendered":"\t\t<div data-elementor-type=\"wp-page\" data-elementor-id=\"28159\" class=\"elementor elementor-28159 elementor-28142\" data-elementor-post-type=\"page\">\n\t\t\t\t\t\t<section class=\"elementor-section elementor-top-section elementor-element elementor-element-7c681ae elementor-section-boxed elementor-section-height-default elementor-section-height-default\" data-id=\"7c681ae\" data-element_type=\"section\">\n\t\t\t\t\t\t<div class=\"elementor-container elementor-column-gap-default\">\n\t\t\t\t\t<div class=\"elementor-column elementor-col-100 elementor-top-column elementor-element elementor-element-a901e52\" data-id=\"a901e52\" data-element_type=\"column\">\n\t\t\t<div class=\"elementor-widget-wrap elementor-element-populated\">\n\t\t\t\t\t\t<div class=\"elementor-element elementor-element-4540272 elementor-widget-divider--view-line elementor-widget elementor-widget-divider\" data-id=\"4540272\" data-element_type=\"widget\" data-widget_type=\"divider.default\">\n\t\t\t\t<div class=\"elementor-widget-container\">\n\t\t\t\t\t\t\t<div class=\"elementor-divider\">\n\t\t\t<span class=\"elementor-divider-separator\">\n\t\t\t\t\t\t<\/span>\n\t\t<\/div>\n\t\t\t\t\t\t<\/div>\n\t\t\t\t<\/div>\n\t\t\t\t<div class=\"elementor-element elementor-element-d10a1c7 elementor-widget elementor-widget-image\" data-id=\"d10a1c7\" data-element_type=\"widget\" data-widget_type=\"image.default\">\n\t\t\t\t<div class=\"elementor-widget-container\">\n\t\t\t\t\t\t\t\t\t\t\t\t\t\t\t<img decoding=\"async\" width=\"150\" height=\"150\" src=\"https:\/\/www.crcoc.ca\/wp-content\/uploads\/2023\/01\/donation-2-150x150.png\" class=\"attachment-thumbnail size-thumbnail wp-image-28019\" alt=\"\" srcset=\"https:\/\/www.crcoc.ca\/wp-content\/uploads\/2023\/01\/donation-2-e1674848495935.png 150w, https:\/\/www.crcoc.ca\/wp-content\/uploads\/2023\/01\/donation-2-300x300.png 300w, https:\/\/www.crcoc.ca\/wp-content\/uploads\/2023\/01\/donation-2-768x770.png 768w\" sizes=\"(max-width: 150px) 100vw, 150px\" \/>\t\t\t\t\t\t\t\t\t\t\t\t\t\t\t<\/div>\n\t\t\t\t<\/div>\n\t\t\t\t<div class=\"elementor-element elementor-element-9b057a1 elementor-widget elementor-widget-text-editor\" data-id=\"9b057a1\" data-element_type=\"widget\" data-widget_type=\"text-editor.default\">\n\t\t\t\t<div class=\"elementor-widget-container\">\n\t\t\t\t\t\t\t\t\t<h2><strong>ENREGISTREZ VOTRE \u00c9V\u00c9NEMENT\u2009!<\/strong><\/h2>\t\t\t\t\t\t\t\t<\/div>\n\t\t\t\t<\/div>\n\t\t\t\t<div class=\"elementor-element elementor-element-6c405e4 elementor-widget-divider--view-line elementor-widget elementor-widget-divider\" data-id=\"6c405e4\" data-element_type=\"widget\" data-widget_type=\"divider.default\">\n\t\t\t\t<div class=\"elementor-widget-container\">\n\t\t\t\t\t\t\t<div class=\"elementor-divider\">\n\t\t\t<span class=\"elementor-divider-separator\">\n\t\t\t\t\t\t<\/span>\n\t\t<\/div>\n\t\t\t\t\t\t<\/div>\n\t\t\t\t<\/div>\n\t\t\t\t\t<\/div>\n\t\t<\/div>\n\t\t\t\t\t<\/div>\n\t\t<\/section>\n\t\t\t\t<section class=\"elementor-section elementor-top-section elementor-element elementor-element-a26756e elementor-section-boxed elementor-section-height-default elementor-section-height-default\" data-id=\"a26756e\" data-element_type=\"section\">\n\t\t\t\t\t\t<div class=\"elementor-container elementor-column-gap-default\">\n\t\t\t\t\t<div class=\"elementor-column elementor-col-100 elementor-top-column elementor-element elementor-element-4b5c96a\" data-id=\"4b5c96a\" data-element_type=\"column\">\n\t\t\t<div class=\"elementor-widget-wrap elementor-element-populated\">\n\t\t\t\t\t\t<div class=\"elementor-element elementor-element-3f2739a elementor-widget elementor-widget-text-editor\" data-id=\"3f2739a\" data-element_type=\"widget\" data-widget_type=\"text-editor.default\">\n\t\t\t\t<div class=\"elementor-widget-container\">\n\t\t\t\t\t\t\t\t\t<p><strong>Veuillez utiliser le formulaire ci-dessous pour inscrire votre \u00e9v\u00e9nement.<\/strong><\/p>\t\t\t\t\t\t\t\t<\/div>\n\t\t\t\t<\/div>\n\t\t\t\t<div class=\"elementor-element elementor-element-aa6145b elementor-button-align-stretch elementor-widget elementor-widget-form\" data-id=\"aa6145b\" data-element_type=\"widget\" data-settings=\"{&quot;step_next_label&quot;:&quot;Next&quot;,&quot;step_previous_label&quot;:&quot;Previous&quot;,&quot;button_width&quot;:&quot;100&quot;,&quot;step_type&quot;:&quot;number_text&quot;,&quot;step_icon_shape&quot;:&quot;circle&quot;}\" data-widget_type=\"form.default\">\n\t\t\t\t<div class=\"elementor-widget-container\">\n\t\t\t\t\t\t\t<form class=\"elementor-form\" method=\"post\" name=\"New Form\">\n\t\t\t<input type=\"hidden\" name=\"post_id\" value=\"28159\"\/>\n\t\t\t<input type=\"hidden\" name=\"form_id\" value=\"aa6145b\"\/>\n\t\t\t<input type=\"hidden\" name=\"referer_title\" value=\"CRCOC &#8211; OCCRC\" \/>\n\n\t\t\t\n\t\t\t<div class=\"elementor-form-fields-wrapper elementor-labels-above\">\n\t\t\t\t\t\t\t\t<div class=\"elementor-field-type-text elementor-field-group elementor-column elementor-field-group-name elementor-col-100\">\n\t\t\t\t\t\t\t\t\t\t\t\t<label for=\"form-field-name\" class=\"elementor-field-label\">\n\t\t\t\t\t\t\t\tNom de l'organisation (le cas \u00e9ch\u00e9ant)\t\t\t\t\t\t\t<\/label>\n\t\t\t\t\t\t\t\t\t\t\t\t\t\t<input size=\"1\" type=\"text\" name=\"form_fields[name]\" id=\"form-field-name\" class=\"elementor-field elementor-size-sm  elementor-field-textual\" placeholder=\"Veuillez saisir le nom de l\u2019organisation\">\n\t\t\t\t\t\t\t\t\t\t\t<\/div>\n\t\t\t\t\t\t\t\t<div class=\"elementor-field-type-text elementor-field-group elementor-column elementor-field-group-field_e0c52cb elementor-col-100 elementor-field-required\">\n\t\t\t\t\t\t\t\t\t\t\t\t<label for=\"form-field-field_e0c52cb\" class=\"elementor-field-label\">\n\t\t\t\t\t\t\t\tPersonne-ressource\t\t\t\t\t\t\t<\/label>\n\t\t\t\t\t\t\t\t\t\t\t\t\t\t<input size=\"1\" type=\"text\" name=\"form_fields[field_e0c52cb]\" id=\"form-field-field_e0c52cb\" class=\"elementor-field elementor-size-sm  elementor-field-textual\" placeholder=\"Veuillez entrer le nom de la personne-ressource\" required=\"required\">\n\t\t\t\t\t\t\t\t\t\t\t<\/div>\n\t\t\t\t\t\t\t\t<div class=\"elementor-field-type-email elementor-field-group elementor-column elementor-field-group-field_263970b elementor-col-100 elementor-field-required\">\n\t\t\t\t\t\t\t\t\t\t\t\t<label for=\"form-field-field_263970b\" class=\"elementor-field-label\">\n\t\t\t\t\t\t\t\tAdresse courriel de la personne-ressource\t\t\t\t\t\t\t<\/label>\n\t\t\t\t\t\t\t\t\t\t\t\t\t\t<input size=\"1\" type=\"email\" name=\"form_fields[field_263970b]\" id=\"form-field-field_263970b\" class=\"elementor-field elementor-size-sm  elementor-field-textual\" placeholder=\"Veuillez saisir l&#039;adresse courriel de la personne-ressource\" required=\"required\">\n\t\t\t\t\t\t\t\t\t\t\t<\/div>\n\t\t\t\t\t\t\t\t<div class=\"elementor-field-type-tel elementor-field-group elementor-column elementor-field-group-field_bbbaaef elementor-col-100 elementor-field-required\">\n\t\t\t\t\t\t\t\t\t\t\t\t<label for=\"form-field-field_bbbaaef\" class=\"elementor-field-label\">\n\t\t\t\t\t\t\t\tNum\u00e9ro de t\u00e9l\u00e9phone de la personne-ressource\t\t\t\t\t\t\t<\/label>\n\t\t\t\t\t\t\t\t<input size=\"1\" type=\"tel\" name=\"form_fields[field_bbbaaef]\" id=\"form-field-field_bbbaaef\" class=\"elementor-field elementor-size-sm  elementor-field-textual\" placeholder=\"Veuillez saisir le num\u00e9ro de t\u00e9l\u00e9phone de la personne-ressource\" required=\"required\" pattern=\"[0-9()#&amp;+*-=.]+\" title=\"Seuls les caract\u00e8res de num\u00e9ros de t\u00e9l\u00e9phone (#, -, *, etc.) sont accept\u00e9s.\">\n\n\t\t\t\t\t\t<\/div>\n\t\t\t\t\t\t\t\t<div class=\"elementor-field-type-url elementor-field-group elementor-column elementor-field-group-email elementor-col-100\">\n\t\t\t\t\t\t\t\t\t\t\t\t<label for=\"form-field-email\" class=\"elementor-field-label\">\n\t\t\t\t\t\t\t\tSite web de l'organisateur\t\t\t\t\t\t\t<\/label>\n\t\t\t\t\t\t\t\t\t\t\t\t\t\t<input size=\"1\" type=\"url\" name=\"form_fields[email]\" id=\"form-field-email\" class=\"elementor-field elementor-size-sm  elementor-field-textual\" placeholder=\"https:\/\/\">\n\t\t\t\t\t\t\t\t\t\t\t<\/div>\n\t\t\t\t\t\t\t\t<div class=\"elementor-field-type-url elementor-field-group elementor-column elementor-field-group-message elementor-col-100\">\n\t\t\t\t\t\t\t\t\t\t\t\t<label for=\"form-field-message\" class=\"elementor-field-label\">\n\t\t\t\t\t\t\t\tFacebook de l'organisateur\t\t\t\t\t\t\t<\/label>\n\t\t\t\t\t\t\t\t\t\t\t\t\t\t<input size=\"1\" type=\"url\" name=\"form_fields[message]\" id=\"form-field-message\" class=\"elementor-field elementor-size-sm  elementor-field-textual\" placeholder=\"https:\/\/\">\n\t\t\t\t\t\t\t\t\t\t\t<\/div>\n\t\t\t\t\t\t\t\t<div class=\"elementor-field-type-url elementor-field-group elementor-column elementor-field-group-field_8e82308 elementor-col-100\">\n\t\t\t\t\t\t\t\t\t\t\t\t<label for=\"form-field-field_8e82308\" class=\"elementor-field-label\">\n\t\t\t\t\t\t\t\tInstagram de l'organisateur\t\t\t\t\t\t\t<\/label>\n\t\t\t\t\t\t\t\t\t\t\t\t\t\t<input size=\"1\" type=\"url\" name=\"form_fields[field_8e82308]\" id=\"form-field-field_8e82308\" class=\"elementor-field elementor-size-sm  elementor-field-textual\" placeholder=\"https:\/\/\">\n\t\t\t\t\t\t\t\t\t\t\t<\/div>\n\t\t\t\t\t\t\t\t<div class=\"elementor-field-type-text elementor-field-group elementor-column elementor-field-group-field_0105af3 elementor-col-100 elementor-field-required\">\n\t\t\t\t\t\t\t\t\t\t\t\t<label for=\"form-field-field_0105af3\" class=\"elementor-field-label\">\n\t\t\t\t\t\t\t\tTitre de l'\u00e9v\u00e9nement\t\t\t\t\t\t\t<\/label>\n\t\t\t\t\t\t\t\t\t\t\t\t\t\t<input size=\"1\" type=\"text\" name=\"form_fields[field_0105af3]\" id=\"form-field-field_0105af3\" class=\"elementor-field elementor-size-sm  elementor-field-textual\" placeholder=\"Veuillez saisir le titre de votre \u00e9v\u00e9nement\" required=\"required\">\n\t\t\t\t\t\t\t\t\t\t\t<\/div>\n\t\t\t\t\t\t\t\t<div class=\"elementor-field-type-text elementor-field-group elementor-column elementor-field-group-field_855ce07 elementor-col-100 elementor-field-required\">\n\t\t\t\t\t\t\t\t\t\t\t\t<label for=\"form-field-field_855ce07\" class=\"elementor-field-label\">\n\t\t\t\t\t\t\t\tGenre d'\u00e9v\u00e9nement\t\t\t\t\t\t\t<\/label>\n\t\t\t\t\t\t\t\t\t\t\t\t\t\t<input size=\"1\" type=\"text\" name=\"form_fields[field_855ce07]\" id=\"form-field-field_855ce07\" class=\"elementor-field elementor-size-sm  elementor-field-textual\" placeholder=\"[Exemple : f\u00eate d&#039;anniversaire, tournoi de golf, vente aux ench\u00e8res, concert, promotion des ventes, exposition d&#039;artisanat, etc.]\" required=\"required\">\n\t\t\t\t\t\t\t\t\t\t\t<\/div>\n\t\t\t\t\t\t\t\t<div class=\"elementor-field-type-text elementor-field-group elementor-column elementor-field-group-field_fab0c0f elementor-col-100 elementor-field-required\">\n\t\t\t\t\t\t\t\t\t\t\t\t<label for=\"form-field-field_fab0c0f\" class=\"elementor-field-label\">\n\t\t\t\t\t\t\t\tDate et heure\t\t\t\t\t\t\t<\/label>\n\t\t\t\t\t\t\t\t\t\t\t\t\t\t<input size=\"1\" type=\"text\" name=\"form_fields[field_fab0c0f]\" id=\"form-field-field_fab0c0f\" class=\"elementor-field elementor-size-sm  elementor-field-textual\" placeholder=\"Veuillez saisir la date et l&#039;heure de votre \u00e9v\u00e9nement\" required=\"required\">\n\t\t\t\t\t\t\t\t\t\t\t<\/div>\n\t\t\t\t\t\t\t\t<div class=\"elementor-field-type-text elementor-field-group elementor-column elementor-field-group-field_293464a elementor-col-100\">\n\t\t\t\t\t\t\t\t\t\t\t\t<label for=\"form-field-field_293464a\" class=\"elementor-field-label\">\n\t\t\t\t\t\t\t\tDescription de l\u2019\u00e9v\u00e9nement\t\t\t\t\t\t\t<\/label>\n\t\t\t\t\t\t\t\t\t\t\t\t\t\t<input size=\"1\" type=\"text\" name=\"form_fields[field_293464a]\" id=\"form-field-field_293464a\" class=\"elementor-field elementor-size-sm  elementor-field-textual\" placeholder=\"Veuillez ajouter une br\u00e8ve description de votre collecte de fonds\">\n\t\t\t\t\t\t\t\t\t\t\t<\/div>\n\t\t\t\t\t\t\t\t<div class=\"elementor-field-group elementor-column elementor-field-type-submit elementor-col-100 e-form__buttons\">\n\t\t\t\t\t<button class=\"elementor-button elementor-size-sm\" type=\"submit\">\n\t\t\t\t\t\t<span class=\"elementor-button-content-wrapper\">\n\t\t\t\t\t\t\t\t\t\t\t\t\t\t\t\t\t\t\t\t\t\t<span class=\"elementor-button-text\">Envoyer<\/span>\n\t\t\t\t\t\t\t\t\t\t\t\t\t<\/span>\n\t\t\t\t\t<\/button>\n\t\t\t\t<\/div>\n\t\t\t<\/div>\n\t\t<\/form>\n\t\t\t\t\t\t<\/div>\n\t\t\t\t<\/div>\n\t\t\t\t\t<\/div>\n\t\t<\/div>\n\t\t\t\t\t<\/div>\n\t\t<\/section>\n\t\t\t\t<\/div>\n\t\t","protected":false},"excerpt":{"rendered":"<p>ENREGISTREZ VOTRE \u00c9V\u00c9NEMENT\u2009! Veuillez utiliser le formulaire ci-dessous pour inscrire votre \u00e9v\u00e9nement.<\/p>\n","protected":false},"author":11,"featured_media":0,"parent":0,"menu_order":0,"comment_status":"closed","ping_status":"closed","template":"","meta":{"footnotes":""},"class_list":["post-28159","page","type-page","status-publish"],"yoast_head":"<!-- This site is optimized with the Yoast SEO plugin v24.7 - https:\/\/yoast.com\/wordpress\/plugins\/seo\/ -->\n<title>Enregistrez votre \u00e9v\u00e9nement\u2009! - CRCOC - OCCRC<\/title>\n<meta name=\"robots\" content=\"index, follow, max-snippet:-1, max-image-preview:large, max-video-preview:-1\" \/>\n<link rel=\"canonical\" href=\"https:\/\/www.crcoc.ca\/fr\/enregistrez-votre-evenement\/\" \/>\n<meta property=\"og:locale\" content=\"fr_FR\" \/>\n<meta property=\"og:type\" content=\"article\" \/>\n<meta property=\"og:title\" content=\"Enregistrez votre \u00e9v\u00e9nement\u2009! - CRCOC - OCCRC\" \/>\n<meta property=\"og:description\" content=\"ENREGISTREZ VOTRE \u00c9V\u00c9NEMENT\u2009! Veuillez utiliser le formulaire ci-dessous pour inscrire votre \u00e9v\u00e9nement.\" \/>\n<meta property=\"og:url\" content=\"https:\/\/www.crcoc.ca\/fr\/enregistrez-votre-evenement\/\" \/>\n<meta property=\"og:site_name\" content=\"CRCOC - OCCRC\" \/>\n<meta property=\"article:publisher\" content=\"https:\/\/www.facebook.com\/OCCRC.CRCOC\/\" \/>\n<meta property=\"article:modified_time\" content=\"2023-11-27T18:58:04+00:00\" \/>\n<meta property=\"og:image\" content=\"https:\/\/www.crcoc.ca\/wp-content\/uploads\/2023\/01\/donation-2-150x150.png\" \/>\n<meta name=\"twitter:card\" content=\"summary_large_image\" \/>\n<meta name=\"twitter:site\" content=\"@OCCRC_CRCOC\" \/>\n<meta name=\"twitter:label1\" content=\"Dur\u00e9e de lecture estim\u00e9e\" \/>\n\t<meta name=\"twitter:data1\" content=\"1 minute\" \/>\n<script type=\"application\/ld+json\" class=\"yoast-schema-graph\">{\"@context\":\"https:\/\/schema.org\",\"@graph\":[{\"@type\":\"WebPage\",\"@id\":\"https:\/\/www.crcoc.ca\/fr\/enregistrez-votre-evenement\/\",\"url\":\"https:\/\/www.crcoc.ca\/fr\/enregistrez-votre-evenement\/\",\"name\":\"Enregistrez votre \u00e9v\u00e9nement\u2009! - CRCOC - OCCRC\",\"isPartOf\":{\"@id\":\"https:\/\/www.crcoc.ca\/fr\/#website\"},\"primaryImageOfPage\":{\"@id\":\"https:\/\/www.crcoc.ca\/fr\/enregistrez-votre-evenement\/#primaryimage\"},\"image\":{\"@id\":\"https:\/\/www.crcoc.ca\/fr\/enregistrez-votre-evenement\/#primaryimage\"},\"thumbnailUrl\":\"https:\/\/www.crcoc.ca\/wp-content\/uploads\/2023\/01\/donation-2-150x150.png\",\"datePublished\":\"2023-01-30T18:10:16+00:00\",\"dateModified\":\"2023-11-27T18:58:04+00:00\",\"breadcrumb\":{\"@id\":\"https:\/\/www.crcoc.ca\/fr\/enregistrez-votre-evenement\/#breadcrumb\"},\"inLanguage\":\"fr-FR\",\"potentialAction\":[{\"@type\":\"ReadAction\",\"target\":[\"https:\/\/www.crcoc.ca\/fr\/enregistrez-votre-evenement\/\"]}]},{\"@type\":\"ImageObject\",\"inLanguage\":\"fr-FR\",\"@id\":\"https:\/\/www.crcoc.ca\/fr\/enregistrez-votre-evenement\/#primaryimage\",\"url\":\"https:\/\/www.crcoc.ca\/wp-content\/uploads\/2023\/01\/donation-2-150x150.png\",\"contentUrl\":\"https:\/\/www.crcoc.ca\/wp-content\/uploads\/2023\/01\/donation-2-150x150.png\"},{\"@type\":\"BreadcrumbList\",\"@id\":\"https:\/\/www.crcoc.ca\/fr\/enregistrez-votre-evenement\/#breadcrumb\",\"itemListElement\":[{\"@type\":\"ListItem\",\"position\":1,\"name\":\"Home\",\"item\":\"https:\/\/www.crcoc.ca\/fr\/\"},{\"@type\":\"ListItem\",\"position\":2,\"name\":\"Enregistrez votre \u00e9v\u00e9nement\u2009!\"}]},{\"@type\":\"WebSite\",\"@id\":\"https:\/\/www.crcoc.ca\/fr\/#website\",\"url\":\"https:\/\/www.crcoc.ca\/fr\/\",\"name\":\"CRCOC - OCCRC\",\"description\":\"Centre de ressources communautaires Orl\u00e9ans-Cumberland | Orl\u00e9ans-Cumberland Community Resource Center\",\"publisher\":{\"@id\":\"https:\/\/www.crcoc.ca\/fr\/#organization\"},\"potentialAction\":[{\"@type\":\"SearchAction\",\"target\":{\"@type\":\"EntryPoint\",\"urlTemplate\":\"https:\/\/www.crcoc.ca\/fr\/?s={search_term_string}\"},\"query-input\":{\"@type\":\"PropertyValueSpecification\",\"valueRequired\":true,\"valueName\":\"search_term_string\"}}],\"inLanguage\":\"fr-FR\"},{\"@type\":\"Organization\",\"@id\":\"https:\/\/www.crcoc.ca\/fr\/#organization\",\"name\":\"Orl\u00e9ans-Cumberland Community Resource Centre\",\"url\":\"https:\/\/www.crcoc.ca\/fr\/\",\"logo\":{\"@type\":\"ImageObject\",\"inLanguage\":\"fr-FR\",\"@id\":\"https:\/\/www.crcoc.ca\/fr\/#\/schema\/logo\/image\/\",\"url\":\"https:\/\/www.crcoc.ca\/wp-content\/uploads\/2019\/01\/cropped-Logo_OCCRCeachside-1.png\",\"contentUrl\":\"https:\/\/www.crcoc.ca\/wp-content\/uploads\/2019\/01\/cropped-Logo_OCCRCeachside-1.png\",\"width\":512,\"height\":512,\"caption\":\"Orl\u00e9ans-Cumberland Community Resource Centre\"},\"image\":{\"@id\":\"https:\/\/www.crcoc.ca\/fr\/#\/schema\/logo\/image\/\"},\"sameAs\":[\"https:\/\/www.facebook.com\/OCCRC.CRCOC\/\",\"https:\/\/x.com\/OCCRC_CRCOC\",\"https:\/\/instagram.com\/occrcyp_crcocpj\/\"]}]}<\/script>\n<!-- \/ Yoast SEO plugin. -->","yoast_head_json":{"title":"Enregistrez votre \u00e9v\u00e9nement\u2009! - CRCOC - OCCRC","robots":{"index":"index","follow":"follow","max-snippet":"max-snippet:-1","max-image-preview":"max-image-preview:large","max-video-preview":"max-video-preview:-1"},"canonical":"https:\/\/www.crcoc.ca\/fr\/enregistrez-votre-evenement\/","og_locale":"fr_FR","og_type":"article","og_title":"Enregistrez votre \u00e9v\u00e9nement\u2009! - CRCOC - OCCRC","og_description":"ENREGISTREZ VOTRE \u00c9V\u00c9NEMENT\u2009! Veuillez utiliser le formulaire ci-dessous pour inscrire votre \u00e9v\u00e9nement.","og_url":"https:\/\/www.crcoc.ca\/fr\/enregistrez-votre-evenement\/","og_site_name":"CRCOC - OCCRC","article_publisher":"https:\/\/www.facebook.com\/OCCRC.CRCOC\/","article_modified_time":"2023-11-27T18:58:04+00:00","og_image":[{"url":"https:\/\/www.crcoc.ca\/wp-content\/uploads\/2023\/01\/donation-2-150x150.png","type":"","width":"","height":""}],"twitter_card":"summary_large_image","twitter_site":"@OCCRC_CRCOC","twitter_misc":{"Dur\u00e9e de lecture estim\u00e9e":"1 minute"},"schema":{"@context":"https:\/\/schema.org","@graph":[{"@type":"WebPage","@id":"https:\/\/www.crcoc.ca\/fr\/enregistrez-votre-evenement\/","url":"https:\/\/www.crcoc.ca\/fr\/enregistrez-votre-evenement\/","name":"Enregistrez votre \u00e9v\u00e9nement\u2009! - CRCOC - OCCRC","isPartOf":{"@id":"https:\/\/www.crcoc.ca\/fr\/#website"},"primaryImageOfPage":{"@id":"https:\/\/www.crcoc.ca\/fr\/enregistrez-votre-evenement\/#primaryimage"},"image":{"@id":"https:\/\/www.crcoc.ca\/fr\/enregistrez-votre-evenement\/#primaryimage"},"thumbnailUrl":"https:\/\/www.crcoc.ca\/wp-content\/uploads\/2023\/01\/donation-2-150x150.png","datePublished":"2023-01-30T18:10:16+00:00","dateModified":"2023-11-27T18:58:04+00:00","breadcrumb":{"@id":"https:\/\/www.crcoc.ca\/fr\/enregistrez-votre-evenement\/#breadcrumb"},"inLanguage":"fr-FR","potentialAction":[{"@type":"ReadAction","target":["https:\/\/www.crcoc.ca\/fr\/enregistrez-votre-evenement\/"]}]},{"@type":"ImageObject","inLanguage":"fr-FR","@id":"https:\/\/www.crcoc.ca\/fr\/enregistrez-votre-evenement\/#primaryimage","url":"https:\/\/www.crcoc.ca\/wp-content\/uploads\/2023\/01\/donation-2-150x150.png","contentUrl":"https:\/\/www.crcoc.ca\/wp-content\/uploads\/2023\/01\/donation-2-150x150.png"},{"@type":"BreadcrumbList","@id":"https:\/\/www.crcoc.ca\/fr\/enregistrez-votre-evenement\/#breadcrumb","itemListElement":[{"@type":"ListItem","position":1,"name":"Home","item":"https:\/\/www.crcoc.ca\/fr\/"},{"@type":"ListItem","position":2,"name":"Enregistrez votre \u00e9v\u00e9nement\u2009!"}]},{"@type":"WebSite","@id":"https:\/\/www.crcoc.ca\/fr\/#website","url":"https:\/\/www.crcoc.ca\/fr\/","name":"CRCOC - OCCRC","description":"Centre de ressources communautaires Orl\u00e9ans-Cumberland | Orl\u00e9ans-Cumberland Community Resource Center","publisher":{"@id":"https:\/\/www.crcoc.ca\/fr\/#organization"},"potentialAction":[{"@type":"SearchAction","target":{"@type":"EntryPoint","urlTemplate":"https:\/\/www.crcoc.ca\/fr\/?s={search_term_string}"},"query-input":{"@type":"PropertyValueSpecification","valueRequired":true,"valueName":"search_term_string"}}],"inLanguage":"fr-FR"},{"@type":"Organization","@id":"https:\/\/www.crcoc.ca\/fr\/#organization","name":"Orl\u00e9ans-Cumberland Community Resource Centre","url":"https:\/\/www.crcoc.ca\/fr\/","logo":{"@type":"ImageObject","inLanguage":"fr-FR","@id":"https:\/\/www.crcoc.ca\/fr\/#\/schema\/logo\/image\/","url":"https:\/\/www.crcoc.ca\/wp-content\/uploads\/2019\/01\/cropped-Logo_OCCRCeachside-1.png","contentUrl":"https:\/\/www.crcoc.ca\/wp-content\/uploads\/2019\/01\/cropped-Logo_OCCRCeachside-1.png","width":512,"height":512,"caption":"Orl\u00e9ans-Cumberland Community Resource Centre"},"image":{"@id":"https:\/\/www.crcoc.ca\/fr\/#\/schema\/logo\/image\/"},"sameAs":["https:\/\/www.facebook.com\/OCCRC.CRCOC\/","https:\/\/x.com\/OCCRC_CRCOC","https:\/\/instagram.com\/occrcyp_crcocpj\/"]}]}},"_links":{"self":[{"href":"https:\/\/www.crcoc.ca\/fr\/wp-json\/wp\/v2\/pages\/28159","targetHints":{"allow":["GET"]}}],"collection":[{"href":"https:\/\/www.crcoc.ca\/fr\/wp-json\/wp\/v2\/pages"}],"about":[{"href":"https:\/\/www.crcoc.ca\/fr\/wp-json\/wp\/v2\/types\/page"}],"author":[{"embeddable":true,"href":"https:\/\/www.crcoc.ca\/fr\/wp-json\/wp\/v2\/users\/11"}],"replies":[{"embeddable":true,"href":"https:\/\/www.crcoc.ca\/fr\/wp-json\/wp\/v2\/comments?post=28159"}],"version-history":[{"count":11,"href":"https:\/\/www.crcoc.ca\/fr\/wp-json\/wp\/v2\/pages\/28159\/revisions"}],"predecessor-version":[{"id":31372,"href":"https:\/\/www.crcoc.ca\/fr\/wp-json\/wp\/v2\/pages\/28159\/revisions\/31372"}],"wp:attachment":[{"href":"https:\/\/www.crcoc.ca\/fr\/wp-json\/wp\/v2\/media?parent=28159"}],"curies":[{"name":"wp","href":"https:\/\/api.w.org\/{rel}","templated":true}]}}