{"id":23313,"date":"2022-01-27T23:10:39","date_gmt":"2022-01-28T04:10:39","guid":{"rendered":"https:\/\/www.crcoc.ca\/?page_id=23313"},"modified":"2022-02-07T20:58:53","modified_gmt":"2022-02-08T01:58:53","slug":"mois-de-lhistoire-des-noirs","status":"publish","type":"page","link":"https:\/\/www.crcoc.ca\/fr\/mois-de-lhistoire-des-noirs\/","title":{"rendered":"Mois de l&rsquo;histoire des noirs"},"content":{"rendered":"\t\t<div data-elementor-type=\"wp-page\" data-elementor-id=\"23313\" class=\"elementor elementor-23313 elementor-23255\" data-elementor-post-type=\"page\">\n\t\t\t\t\t\t<section class=\"elementor-section elementor-top-section elementor-element elementor-element-ef5a226 elementor-section-boxed elementor-section-height-default elementor-section-height-default\" data-id=\"ef5a226\" data-element_type=\"section\" data-e-type=\"section\">\n\t\t\t\t\t\t<div class=\"elementor-container elementor-column-gap-default\">\n\t\t\t\t\t<div class=\"elementor-column elementor-col-100 elementor-top-column elementor-element elementor-element-82adb7e\" data-id=\"82adb7e\" data-element_type=\"column\" data-e-type=\"column\">\n\t\t\t<div class=\"elementor-widget-wrap elementor-element-populated\">\n\t\t\t\t\t\t<div class=\"elementor-element elementor-element-5f2de86 elementor-widget elementor-widget-image\" data-id=\"5f2de86\" data-element_type=\"widget\" data-e-type=\"widget\" data-widget_type=\"image.default\">\n\t\t\t\t<div class=\"elementor-widget-container\">\n\t\t\t\t\t\t\t\t\t\t\t\t\t\t\t<img decoding=\"async\" src=\"https:\/\/www.crcoc.ca\/wp-content\/uploads\/2022\/01\/Black-History-Banner-Bilingual.jpg\" title=\"Black History Banner &#8211; Bilingual\" alt=\"Black History Banner - Bilingual\" loading=\"lazy\" \/>\t\t\t\t\t\t\t\t\t\t\t\t\t\t\t<\/div>\n\t\t\t\t<\/div>\n\t\t\t\t<section class=\"elementor-section elementor-inner-section elementor-element elementor-element-f8399b4 elementor-section-boxed elementor-section-height-default elementor-section-height-default\" data-id=\"f8399b4\" data-element_type=\"section\" data-e-type=\"section\">\n\t\t\t\t\t\t<div class=\"elementor-container elementor-column-gap-default\">\n\t\t\t\t\t<div class=\"elementor-column elementor-col-50 elementor-inner-column elementor-element elementor-element-ebfdf49\" data-id=\"ebfdf49\" data-element_type=\"column\" data-e-type=\"column\">\n\t\t\t<div class=\"elementor-widget-wrap elementor-element-populated\">\n\t\t\t\t\t\t<div class=\"elementor-element elementor-element-f4d64b5 elementor-widget elementor-widget-image\" data-id=\"f4d64b5\" data-element_type=\"widget\" data-e-type=\"widget\" data-widget_type=\"image.default\">\n\t\t\t\t<div class=\"elementor-widget-container\">\n\t\t\t\t\t\t\t\t\t\t\t\t\t\t\t<img fetchpriority=\"high\" decoding=\"async\" width=\"640\" height=\"424\" src=\"https:\/\/www.crcoc.ca\/wp-content\/uploads\/2022\/02\/senator_don_oliver_canadadotcom.jpg\" class=\"attachment-large size-large wp-image-23384\" alt=\"\" srcset=\"https:\/\/www.crcoc.ca\/wp-content\/uploads\/2022\/02\/senator_don_oliver_canadadotcom.jpg 640w, https:\/\/www.crcoc.ca\/wp-content\/uploads\/2022\/02\/senator_don_oliver_canadadotcom-300x199.jpg 300w\" sizes=\"(max-width: 640px) 100vw, 640px\" \/>\t\t\t\t\t\t\t\t\t\t\t\t\t\t\t<\/div>\n\t\t\t\t<\/div>\n\t\t\t\t\t<\/div>\n\t\t<\/div>\n\t\t\t\t<div class=\"elementor-column elementor-col-50 elementor-inner-column elementor-element elementor-element-590f5c9\" data-id=\"590f5c9\" data-element_type=\"column\" data-e-type=\"column\">\n\t\t\t<div class=\"elementor-widget-wrap elementor-element-populated\">\n\t\t\t\t\t\t<div class=\"elementor-element elementor-element-eea3058 elementor-widget elementor-widget-text-editor\" data-id=\"eea3058\" data-element_type=\"widget\" data-e-type=\"widget\" data-widget_type=\"text-editor.default\">\n\t\t\t\t<div class=\"elementor-widget-container\">\n\t\t\t\t\t\t\t\t\t<p><strong><span class=\"ng-star-inserted\">F\u00e9vrier et pour toujours\u00a0: C\u00e9l\u00e9brons l\u2019histoire des Noirs aujourd\u2019hui et tous les jours.<\/span><\/strong><\/p><p><span class=\"ng-star-inserted\">Le Mois de l\u2019histoire des Noirs vise \u00e0 rendre hommage aux \u00e9normes contributions que les Noirs ont apport\u00e9es et continuent d\u2019apporter dans tous les secteurs de la soci\u00e9t\u00e9. <\/span><span class=\"ng-star-inserted\">Il s\u2019agit de c\u00e9l\u00e9brer la r\u00e9silience, l\u2019innovation et la d\u00e9termination \u00e0 travailler pour un Canada plus inclusif et plus diversifi\u00e9.<\/span><\/p><p><span class=\"ng-star-inserted\">En f\u00e9vrier\u00a02008, le s\u00e9nateur Donald Oliver, le premier Noir nomm\u00e9 au S\u00e9nat, a pr\u00e9sent\u00e9 <a href=\"https:\/\/sencanada.ca\/fr\/Content\/Sen\/chamber\/392\/debates\/034db_2008-02-14-f#74\" target=\"_blank\" rel=\"noopener\">la motion visant \u00e0 reconna\u00eetre les contributions des Canadiens noirs et le mois de f\u00e9vrier, le Mois de l\u2019histoire des Noirs. <\/a><\/span><span class=\"ng-star-inserted\">Il a \u00e9t\u00e9 adopt\u00e9 \u00e0 l\u2019unanimit\u00e9 le 4\u00a0mars\u00a02008. <\/span><span class=\"ng-star-inserted\">L\u2019adoption de cette motion a compl\u00e9t\u00e9 la position parlementaire du Canada sur le Mois de l\u2019histoire des Noirs.<\/span><\/p>\t\t\t\t\t\t\t\t<\/div>\n\t\t\t\t<\/div>\n\t\t\t\t\t<\/div>\n\t\t<\/div>\n\t\t\t\t\t<\/div>\n\t\t<\/section>\n\t\t\t\t<div class=\"elementor-element elementor-element-81befa4 elementor-widget-divider--view-line elementor-widget elementor-widget-divider\" data-id=\"81befa4\" data-element_type=\"widget\" data-e-type=\"widget\" data-widget_type=\"divider.default\">\n\t\t\t\t<div class=\"elementor-widget-container\">\n\t\t\t\t\t\t\t<div class=\"elementor-divider\">\n\t\t\t<span class=\"elementor-divider-separator\">\n\t\t\t\t\t\t<\/span>\n\t\t<\/div>\n\t\t\t\t\t\t<\/div>\n\t\t\t\t<\/div>\n\t\t\t\t\t<\/div>\n\t\t<\/div>\n\t\t\t\t\t<\/div>\n\t\t<\/section>\n\t\t\t\t<section class=\"elementor-section elementor-top-section elementor-element elementor-element-359814b elementor-section-boxed elementor-section-height-default elementor-section-height-default\" data-id=\"359814b\" data-element_type=\"section\" data-e-type=\"section\">\n\t\t\t\t\t\t<div class=\"elementor-container elementor-column-gap-default\">\n\t\t\t\t\t<div class=\"elementor-column elementor-col-100 elementor-top-column elementor-element elementor-element-6311cea\" data-id=\"6311cea\" data-element_type=\"column\" data-e-type=\"column\">\n\t\t\t<div class=\"elementor-widget-wrap elementor-element-populated\">\n\t\t\t\t\t\t<div class=\"elementor-element elementor-element-b27301d elementor-widget elementor-widget-heading\" data-id=\"b27301d\" data-element_type=\"widget\" data-e-type=\"widget\" data-widget_type=\"heading.default\">\n\t\t\t\t<div class=\"elementor-widget-container\">\n\t\t\t\t\t<h3 class=\"elementor-heading-title elementor-size-default\">Ci-dessous -- Information et \u00e9v\u00e9nements dans notre communaut\u00e9!<\/h3>\t\t\t\t<\/div>\n\t\t\t\t<\/div>\n\t\t\t\t\t<\/div>\n\t\t<\/div>\n\t\t\t\t\t<\/div>\n\t\t<\/section>\n\t\t\t\t<section class=\"elementor-section elementor-top-section elementor-element elementor-element-7345bc9 elementor-section-boxed elementor-section-height-default elementor-section-height-default\" data-id=\"7345bc9\" data-element_type=\"section\" data-e-type=\"section\">\n\t\t\t\t\t\t<div class=\"elementor-container elementor-column-gap-default\">\n\t\t\t\t\t<div class=\"elementor-column elementor-col-100 elementor-top-column elementor-element elementor-element-2a64db7\" data-id=\"2a64db7\" data-element_type=\"column\" data-e-type=\"column\">\n\t\t\t<div class=\"elementor-widget-wrap elementor-element-populated\">\n\t\t\t\t\t\t<div class=\"elementor-element elementor-element-9c0d793 elementor-widget elementor-widget-text-editor\" data-id=\"9c0d793\" data-element_type=\"widget\" data-e-type=\"widget\" data-widget_type=\"text-editor.default\">\n\t\t\t\t<div class=\"elementor-widget-container\">\n\t\t\t\t\t\t\t\t\t<p><strong><em><span style=\"text-decoration: underline;\">\u00c9v\u00e9nements\u00a0:<\/span> <\/em><\/strong><\/p><ul><li>Conf\u00e9rences de l\u2019Universit\u00e9 d\u2019Ottawa pour le Mois de l\u2019histoire des Noirs\u00a0: <a href=\"http:\/\/www.edublackhistorymonth.ca\/\" target=\"_blank\" rel=\"noopener\">http:\/\/www.edublackhistorymonth.ca<\/a><\/li><li>Histoire des Noirs \u00e0 Ottawa\u00a0: <a href=\"https:\/\/www.blackhistoryottawa.com\/\" target=\"_blank\" rel=\"noopener\">https:\/\/www.blackhistoryottawa.com\/<\/a><\/li><li>Biblioth\u00e8que publique d\u2019Ottawa\u00a0: \u00a0\u00a0<a href=\"https:\/\/biblioottawalibrary.ca\/fr\" target=\"_blank\" rel=\"noopener\">https:\/\/biblioottawalibrary.ca\/fr<\/a> \u00a0<\/li><li>L&rsquo;h\u00e9ritage et l&rsquo;impact des organisations de femmes noires canadiennes:\u00a0 <a href=\"https:\/\/www.canada.ca\/fr\/patrimoine-canadien\/campagnes\/mois-histoire-des-noirs.html\" target=\"_blank\" rel=\"noopener\">https:\/\/www.canada.ca\/fr\/patrimoine-canadien\/campagnes\/mois-histoire-des-noirs.html<\/a><\/li><\/ul>\t\t\t\t\t\t\t\t<\/div>\n\t\t\t\t<\/div>\n\t\t\t\t<div class=\"elementor-element elementor-element-f19cbb1 elementor-widget-divider--view-line elementor-widget elementor-widget-divider\" data-id=\"f19cbb1\" data-element_type=\"widget\" data-e-type=\"widget\" data-widget_type=\"divider.default\">\n\t\t\t\t<div class=\"elementor-widget-container\">\n\t\t\t\t\t\t\t<div class=\"elementor-divider\">\n\t\t\t<span class=\"elementor-divider-separator\">\n\t\t\t\t\t\t<\/span>\n\t\t<\/div>\n\t\t\t\t\t\t<\/div>\n\t\t\t\t<\/div>\n\t\t\t\t<div class=\"elementor-element elementor-element-b8717b6 elementor-widget elementor-widget-text-editor\" data-id=\"b8717b6\" data-element_type=\"widget\" data-e-type=\"widget\" data-widget_type=\"text-editor.default\">\n\t\t\t\t<div class=\"elementor-widget-container\">\n\t\t\t\t\t\t\t\t\t<p><strong><span style=\"text-decoration: underline;\"><em>S\u00e9rie d&rsquo;apprentissage contre le racism<\/em><\/span><\/strong><\/p><ul><li><a href=\"https:\/\/csps-efpc.gc.ca\/anti-racism-fra.aspx\" target=\"_blank\" rel=\"noopener\">S\u00e9rie d&rsquo;apprentissage contre le racisme &#8211; EFPC (csps-efpc.gc.ca)<\/a><\/li><\/ul>\t\t\t\t\t\t\t\t<\/div>\n\t\t\t\t<\/div>\n\t\t\t\t<div class=\"elementor-element elementor-element-5dfeb73 elementor-widget-divider--view-line elementor-widget elementor-widget-divider\" data-id=\"5dfeb73\" data-element_type=\"widget\" data-e-type=\"widget\" data-widget_type=\"divider.default\">\n\t\t\t\t<div class=\"elementor-widget-container\">\n\t\t\t\t\t\t\t<div class=\"elementor-divider\">\n\t\t\t<span class=\"elementor-divider-separator\">\n\t\t\t\t\t\t<\/span>\n\t\t<\/div>\n\t\t\t\t\t\t<\/div>\n\t\t\t\t<\/div>\n\t\t\t\t<div class=\"elementor-element elementor-element-01c37e2 elementor-widget elementor-widget-text-editor\" data-id=\"01c37e2\" data-element_type=\"widget\" data-e-type=\"widget\" data-widget_type=\"text-editor.default\">\n\t\t\t\t<div class=\"elementor-widget-container\">\n\t\t\t\t\t\t\t\t\t<p><span style=\"text-decoration: underline;\"><em><strong>Ressources :<\/strong><\/em><\/span><\/p><p>(seulement disponible en anglais)<\/p><ul><li><a href=\"http:\/\/www.blackhistorysociety.ca\/\" target=\"_blank\" rel=\"noopener\">La Soci\u00e9t\u00e9 d\u2019histoire des Noirs de l\u2019Ontario<\/a><\/li><li><a href=\"http:\/\/www.balletcreole.org\/\" target=\"_blank\" rel=\"noopener\">Ballet cr\u00e9ole<\/a><\/li><li><a href=\"http:\/\/www.bccns.com\/\" target=\"_blank\" rel=\"noopener\">Black Cultural Centre for Nova Scotia<\/a><\/li><li><a href=\"http:\/\/museum.novascotia.ca\/\" target=\"_blank\" rel=\"noopener\">Base de donn\u00e9es sur l\u2019histoire culturelle des Noirs<\/a><\/li><li><a href=\"http:\/\/nathanieldettchorale.org\/\" target=\"_blank\" rel=\"noopener\">Nathaniel Dett Chorale<\/a><\/li><li><a href=\"http:\/\/www.blacktheatreworkshop.ca\/\" target=\"_blank\" rel=\"noopener\">Black Theatre Workshop<\/a><\/li><li><a href=\"http:\/\/blackhistorycanada.ca\/\" target=\"_blank\" rel=\"noopener\">Black History Canada<\/a><\/li><li><a href=\"http:\/\/acs.ednet.ns.ca\/\" target=\"_blank\" rel=\"noopener\">EML &#8211; Black Pioneers of Nova Scotia<\/a><\/li><li><a href=\"http:\/\/www.yorku.ca\/nhp\/index2.htm\" target=\"_blank\" rel=\"noopener\">Centre de ressources Harriet Tubman sur la diaspora africaine<\/a><\/li><\/ul>\t\t\t\t\t\t\t\t<\/div>\n\t\t\t\t<\/div>\n\t\t\t\t\t<\/div>\n\t\t<\/div>\n\t\t\t\t\t<\/div>\n\t\t<\/section>\n\t\t\t\t<\/div>\n\t\t","protected":false},"excerpt":{"rendered":"<p>F\u00e9vrier et pour toujours\u00a0: C\u00e9l\u00e9brons l\u2019histoire des Noirs aujourd\u2019hui et tous les jours. Le Mois de l\u2019histoire des Noirs vise \u00e0 rendre hommage aux \u00e9normes contributions que les Noirs ont apport\u00e9es et continuent d\u2019apporter dans tous les secteurs de la soci\u00e9t\u00e9. Il s\u2019agit de c\u00e9l\u00e9brer la r\u00e9silience, l\u2019innovation et la d\u00e9termination \u00e0 travailler pour un &#8230; <a title=\"Mois de l&rsquo;histoire des noirs\" class=\"read-more\" href=\"https:\/\/www.crcoc.ca\/fr\/mois-de-lhistoire-des-noirs\/\">Read more<\/a><\/p>\n","protected":false},"author":11,"featured_media":0,"parent":0,"menu_order":0,"comment_status":"closed","ping_status":"closed","template":"","meta":{"footnotes":""},"class_list":["post-23313","page","type-page","status-publish"],"yoast_head":"<!-- This site is optimized with the Yoast SEO plugin v27.3 - https:\/\/yoast.com\/product\/yoast-seo-wordpress\/ -->\n<title>Mois de l&#039;histoire des noirs - CRCOC - OCCRC<\/title>\n<meta name=\"robots\" content=\"index, follow, max-snippet:-1, max-image-preview:large, max-video-preview:-1\" \/>\n<link rel=\"canonical\" href=\"https:\/\/www.crcoc.ca\/fr\/mois-de-lhistoire-des-noirs\/\" \/>\n<meta property=\"og:locale\" content=\"fr_FR\" \/>\n<meta property=\"og:type\" content=\"article\" \/>\n<meta property=\"og:title\" content=\"Mois de l&#039;histoire des noirs - CRCOC - OCCRC\" \/>\n<meta property=\"og:description\" content=\"F\u00e9vrier et pour toujours\u00a0: C\u00e9l\u00e9brons l\u2019histoire des Noirs aujourd\u2019hui et tous les jours. Le Mois de l\u2019histoire des Noirs vise \u00e0 rendre hommage aux \u00e9normes contributions que les Noirs ont apport\u00e9es et continuent d\u2019apporter dans tous les secteurs de la soci\u00e9t\u00e9. Il s\u2019agit de c\u00e9l\u00e9brer la r\u00e9silience, l\u2019innovation et la d\u00e9termination \u00e0 travailler pour un ... Read more\" \/>\n<meta property=\"og:url\" content=\"https:\/\/www.crcoc.ca\/fr\/mois-de-lhistoire-des-noirs\/\" \/>\n<meta property=\"og:site_name\" content=\"CRCOC - OCCRC\" \/>\n<meta property=\"article:publisher\" content=\"https:\/\/www.facebook.com\/OCCRC.CRCOC\/\" \/>\n<meta property=\"article:modified_time\" content=\"2022-02-08T01:58:53+00:00\" \/>\n<meta property=\"og:image\" content=\"https:\/\/www.crcoc.ca\/wp-content\/uploads\/elementor\/thumbs\/Black-History-Banner-Bilingual-pjn5gzvm7yveu7fxug850twi6qorow92ffh2t7e54c.jpg\" \/>\n<meta name=\"twitter:card\" content=\"summary_large_image\" \/>\n<meta name=\"twitter:site\" content=\"@OCCRC_CRCOC\" \/>\n<meta name=\"twitter:label1\" content=\"Dur\u00e9e de lecture estim\u00e9e\" \/>\n\t<meta name=\"twitter:data1\" content=\"2 minutes\" \/>\n<script type=\"application\/ld+json\" class=\"yoast-schema-graph\">{\"@context\":\"https:\\\/\\\/schema.org\",\"@graph\":[{\"@type\":\"WebPage\",\"@id\":\"https:\\\/\\\/www.crcoc.ca\\\/fr\\\/mois-de-lhistoire-des-noirs\\\/\",\"url\":\"https:\\\/\\\/www.crcoc.ca\\\/fr\\\/mois-de-lhistoire-des-noirs\\\/\",\"name\":\"Mois de l'histoire des noirs - CRCOC - OCCRC\",\"isPartOf\":{\"@id\":\"http:\\\/\\\/www.crcoc.ca\\\/fr\\\/#website\"},\"primaryImageOfPage\":{\"@id\":\"https:\\\/\\\/www.crcoc.ca\\\/fr\\\/mois-de-lhistoire-des-noirs\\\/#primaryimage\"},\"image\":{\"@id\":\"https:\\\/\\\/www.crcoc.ca\\\/fr\\\/mois-de-lhistoire-des-noirs\\\/#primaryimage\"},\"thumbnailUrl\":\"https:\\\/\\\/www.crcoc.ca\\\/wp-content\\\/uploads\\\/elementor\\\/thumbs\\\/Black-History-Banner-Bilingual-pjn5gzvm7yveu7fxug850twi6qorow92ffh2t7e54c.jpg\",\"datePublished\":\"2022-01-28T04:10:39+00:00\",\"dateModified\":\"2022-02-08T01:58:53+00:00\",\"breadcrumb\":{\"@id\":\"https:\\\/\\\/www.crcoc.ca\\\/fr\\\/mois-de-lhistoire-des-noirs\\\/#breadcrumb\"},\"inLanguage\":\"fr-FR\",\"potentialAction\":[{\"@type\":\"ReadAction\",\"target\":[\"https:\\\/\\\/www.crcoc.ca\\\/fr\\\/mois-de-lhistoire-des-noirs\\\/\"]}]},{\"@type\":\"ImageObject\",\"inLanguage\":\"fr-FR\",\"@id\":\"https:\\\/\\\/www.crcoc.ca\\\/fr\\\/mois-de-lhistoire-des-noirs\\\/#primaryimage\",\"url\":\"https:\\\/\\\/www.crcoc.ca\\\/wp-content\\\/uploads\\\/elementor\\\/thumbs\\\/Black-History-Banner-Bilingual-pjn5gzvm7yveu7fxug850twi6qorow92ffh2t7e54c.jpg\",\"contentUrl\":\"https:\\\/\\\/www.crcoc.ca\\\/wp-content\\\/uploads\\\/elementor\\\/thumbs\\\/Black-History-Banner-Bilingual-pjn5gzvm7yveu7fxug850twi6qorow92ffh2t7e54c.jpg\"},{\"@type\":\"BreadcrumbList\",\"@id\":\"https:\\\/\\\/www.crcoc.ca\\\/fr\\\/mois-de-lhistoire-des-noirs\\\/#breadcrumb\",\"itemListElement\":[{\"@type\":\"ListItem\",\"position\":1,\"name\":\"Home\",\"item\":\"https:\\\/\\\/www.crcoc.ca\\\/fr\\\/\"},{\"@type\":\"ListItem\",\"position\":2,\"name\":\"Mois de l&rsquo;histoire des noirs\"}]},{\"@type\":\"WebSite\",\"@id\":\"http:\\\/\\\/www.crcoc.ca\\\/fr\\\/#website\",\"url\":\"http:\\\/\\\/www.crcoc.ca\\\/fr\\\/\",\"name\":\"CRCOC - OCCRC\",\"description\":\"Centre de ressources communautaires Orl\u00e9ans-Cumberland | Orl\u00e9ans-Cumberland Community Resource Center\",\"publisher\":{\"@id\":\"http:\\\/\\\/www.crcoc.ca\\\/fr\\\/#organization\"},\"potentialAction\":[{\"@type\":\"SearchAction\",\"target\":{\"@type\":\"EntryPoint\",\"urlTemplate\":\"http:\\\/\\\/www.crcoc.ca\\\/fr\\\/?s={search_term_string}\"},\"query-input\":{\"@type\":\"PropertyValueSpecification\",\"valueRequired\":true,\"valueName\":\"search_term_string\"}}],\"inLanguage\":\"fr-FR\"},{\"@type\":\"Organization\",\"@id\":\"http:\\\/\\\/www.crcoc.ca\\\/fr\\\/#organization\",\"name\":\"Orl\u00e9ans-Cumberland Community Resource Centre\",\"url\":\"http:\\\/\\\/www.crcoc.ca\\\/fr\\\/\",\"logo\":{\"@type\":\"ImageObject\",\"inLanguage\":\"fr-FR\",\"@id\":\"http:\\\/\\\/www.crcoc.ca\\\/fr\\\/#\\\/schema\\\/logo\\\/image\\\/\",\"url\":\"https:\\\/\\\/www.crcoc.ca\\\/wp-content\\\/uploads\\\/2019\\\/01\\\/cropped-Logo_OCCRCeachside-1.png\",\"contentUrl\":\"https:\\\/\\\/www.crcoc.ca\\\/wp-content\\\/uploads\\\/2019\\\/01\\\/cropped-Logo_OCCRCeachside-1.png\",\"width\":512,\"height\":512,\"caption\":\"Orl\u00e9ans-Cumberland Community Resource Centre\"},\"image\":{\"@id\":\"http:\\\/\\\/www.crcoc.ca\\\/fr\\\/#\\\/schema\\\/logo\\\/image\\\/\"},\"sameAs\":[\"https:\\\/\\\/www.facebook.com\\\/OCCRC.CRCOC\\\/\",\"https:\\\/\\\/x.com\\\/OCCRC_CRCOC\",\"https:\\\/\\\/instagram.com\\\/occrcyp_crcocpj\\\/\"]}]}<\/script>\n<!-- \/ Yoast SEO plugin. -->","yoast_head_json":{"title":"Mois de l'histoire des noirs - CRCOC - OCCRC","robots":{"index":"index","follow":"follow","max-snippet":"max-snippet:-1","max-image-preview":"max-image-preview:large","max-video-preview":"max-video-preview:-1"},"canonical":"https:\/\/www.crcoc.ca\/fr\/mois-de-lhistoire-des-noirs\/","og_locale":"fr_FR","og_type":"article","og_title":"Mois de l'histoire des noirs - CRCOC - OCCRC","og_description":"F\u00e9vrier et pour toujours\u00a0: C\u00e9l\u00e9brons l\u2019histoire des Noirs aujourd\u2019hui et tous les jours. Le Mois de l\u2019histoire des Noirs vise \u00e0 rendre hommage aux \u00e9normes contributions que les Noirs ont apport\u00e9es et continuent d\u2019apporter dans tous les secteurs de la soci\u00e9t\u00e9. Il s\u2019agit de c\u00e9l\u00e9brer la r\u00e9silience, l\u2019innovation et la d\u00e9termination \u00e0 travailler pour un ... Read more","og_url":"https:\/\/www.crcoc.ca\/fr\/mois-de-lhistoire-des-noirs\/","og_site_name":"CRCOC - OCCRC","article_publisher":"https:\/\/www.facebook.com\/OCCRC.CRCOC\/","article_modified_time":"2022-02-08T01:58:53+00:00","og_image":[{"url":"https:\/\/www.crcoc.ca\/wp-content\/uploads\/elementor\/thumbs\/Black-History-Banner-Bilingual-pjn5gzvm7yveu7fxug850twi6qorow92ffh2t7e54c.jpg","type":"","width":"","height":""}],"twitter_card":"summary_large_image","twitter_site":"@OCCRC_CRCOC","twitter_misc":{"Dur\u00e9e de lecture estim\u00e9e":"2 minutes"},"schema":{"@context":"https:\/\/schema.org","@graph":[{"@type":"WebPage","@id":"https:\/\/www.crcoc.ca\/fr\/mois-de-lhistoire-des-noirs\/","url":"https:\/\/www.crcoc.ca\/fr\/mois-de-lhistoire-des-noirs\/","name":"Mois de l'histoire des noirs - CRCOC - OCCRC","isPartOf":{"@id":"http:\/\/www.crcoc.ca\/fr\/#website"},"primaryImageOfPage":{"@id":"https:\/\/www.crcoc.ca\/fr\/mois-de-lhistoire-des-noirs\/#primaryimage"},"image":{"@id":"https:\/\/www.crcoc.ca\/fr\/mois-de-lhistoire-des-noirs\/#primaryimage"},"thumbnailUrl":"https:\/\/www.crcoc.ca\/wp-content\/uploads\/elementor\/thumbs\/Black-History-Banner-Bilingual-pjn5gzvm7yveu7fxug850twi6qorow92ffh2t7e54c.jpg","datePublished":"2022-01-28T04:10:39+00:00","dateModified":"2022-02-08T01:58:53+00:00","breadcrumb":{"@id":"https:\/\/www.crcoc.ca\/fr\/mois-de-lhistoire-des-noirs\/#breadcrumb"},"inLanguage":"fr-FR","potentialAction":[{"@type":"ReadAction","target":["https:\/\/www.crcoc.ca\/fr\/mois-de-lhistoire-des-noirs\/"]}]},{"@type":"ImageObject","inLanguage":"fr-FR","@id":"https:\/\/www.crcoc.ca\/fr\/mois-de-lhistoire-des-noirs\/#primaryimage","url":"https:\/\/www.crcoc.ca\/wp-content\/uploads\/elementor\/thumbs\/Black-History-Banner-Bilingual-pjn5gzvm7yveu7fxug850twi6qorow92ffh2t7e54c.jpg","contentUrl":"https:\/\/www.crcoc.ca\/wp-content\/uploads\/elementor\/thumbs\/Black-History-Banner-Bilingual-pjn5gzvm7yveu7fxug850twi6qorow92ffh2t7e54c.jpg"},{"@type":"BreadcrumbList","@id":"https:\/\/www.crcoc.ca\/fr\/mois-de-lhistoire-des-noirs\/#breadcrumb","itemListElement":[{"@type":"ListItem","position":1,"name":"Home","item":"https:\/\/www.crcoc.ca\/fr\/"},{"@type":"ListItem","position":2,"name":"Mois de l&rsquo;histoire des noirs"}]},{"@type":"WebSite","@id":"http:\/\/www.crcoc.ca\/fr\/#website","url":"http:\/\/www.crcoc.ca\/fr\/","name":"CRCOC - OCCRC","description":"Centre de ressources communautaires Orl\u00e9ans-Cumberland | Orl\u00e9ans-Cumberland Community Resource Center","publisher":{"@id":"http:\/\/www.crcoc.ca\/fr\/#organization"},"potentialAction":[{"@type":"SearchAction","target":{"@type":"EntryPoint","urlTemplate":"http:\/\/www.crcoc.ca\/fr\/?s={search_term_string}"},"query-input":{"@type":"PropertyValueSpecification","valueRequired":true,"valueName":"search_term_string"}}],"inLanguage":"fr-FR"},{"@type":"Organization","@id":"http:\/\/www.crcoc.ca\/fr\/#organization","name":"Orl\u00e9ans-Cumberland Community Resource Centre","url":"http:\/\/www.crcoc.ca\/fr\/","logo":{"@type":"ImageObject","inLanguage":"fr-FR","@id":"http:\/\/www.crcoc.ca\/fr\/#\/schema\/logo\/image\/","url":"https:\/\/www.crcoc.ca\/wp-content\/uploads\/2019\/01\/cropped-Logo_OCCRCeachside-1.png","contentUrl":"https:\/\/www.crcoc.ca\/wp-content\/uploads\/2019\/01\/cropped-Logo_OCCRCeachside-1.png","width":512,"height":512,"caption":"Orl\u00e9ans-Cumberland Community Resource Centre"},"image":{"@id":"http:\/\/www.crcoc.ca\/fr\/#\/schema\/logo\/image\/"},"sameAs":["https:\/\/www.facebook.com\/OCCRC.CRCOC\/","https:\/\/x.com\/OCCRC_CRCOC","https:\/\/instagram.com\/occrcyp_crcocpj\/"]}]}},"_links":{"self":[{"href":"https:\/\/www.crcoc.ca\/fr\/wp-json\/wp\/v2\/pages\/23313","targetHints":{"allow":["GET"]}}],"collection":[{"href":"https:\/\/www.crcoc.ca\/fr\/wp-json\/wp\/v2\/pages"}],"about":[{"href":"https:\/\/www.crcoc.ca\/fr\/wp-json\/wp\/v2\/types\/page"}],"author":[{"embeddable":true,"href":"https:\/\/www.crcoc.ca\/fr\/wp-json\/wp\/v2\/users\/11"}],"replies":[{"embeddable":true,"href":"https:\/\/www.crcoc.ca\/fr\/wp-json\/wp\/v2\/comments?post=23313"}],"version-history":[{"count":16,"href":"https:\/\/www.crcoc.ca\/fr\/wp-json\/wp\/v2\/pages\/23313\/revisions"}],"predecessor-version":[{"id":23405,"href":"https:\/\/www.crcoc.ca\/fr\/wp-json\/wp\/v2\/pages\/23313\/revisions\/23405"}],"wp:attachment":[{"href":"https:\/\/www.crcoc.ca\/fr\/wp-json\/wp\/v2\/media?parent=23313"}],"curies":[{"name":"wp","href":"https:\/\/api.w.org\/{rel}","templated":true}]}}