{"id":2032,"date":"2019-02-22T14:15:55","date_gmt":"2019-02-22T19:15:55","guid":{"rendered":"http:\/\/crcoc.ca\/sponsor-an-event\/"},"modified":"2024-10-15T09:28:05","modified_gmt":"2024-10-15T13:28:05","slug":"commanditer-un-evenement","status":"publish","type":"page","link":"https:\/\/www.crcoc.ca\/fr\/commanditer-un-evenement\/","title":{"rendered":"Commanditer un \u00e9v\u00e9nement"},"content":{"rendered":"\t\t<div data-elementor-type=\"wp-post\" data-elementor-id=\"2032\" class=\"elementor elementor-2032 elementor-2017\" data-elementor-post-type=\"page\">\n\t\t\t\t\t\t<section class=\"elementor-section elementor-top-section elementor-element elementor-element-f25d1b6 elementor-section-boxed elementor-section-height-default elementor-section-height-default\" data-id=\"f25d1b6\" data-element_type=\"section\" data-e-type=\"section\">\n\t\t\t\t\t\t<div class=\"elementor-container elementor-column-gap-default\">\n\t\t\t\t\t<div class=\"elementor-column elementor-col-100 elementor-top-column elementor-element elementor-element-c210bff\" data-id=\"c210bff\" data-element_type=\"column\" data-e-type=\"column\">\n\t\t\t<div class=\"elementor-widget-wrap elementor-element-populated\">\n\t\t\t\t\t\t<div class=\"elementor-element elementor-element-86fa599 elementor-widget elementor-widget-heading\" data-id=\"86fa599\" data-element_type=\"widget\" data-e-type=\"widget\" data-widget_type=\"heading.default\">\n\t\t\t\t<div class=\"elementor-widget-container\">\n\t\t\t\t\t<h3 class=\"elementor-heading-title elementor-size-default\">Chaque ann\u00e9e, le Centre de ressources communautaires Orl\u00e9ans-Cumberland organise plusieurs activit\u00e9s importantes de financement afin d\u2019atteindre l\u2019objectif annuel.<\/h3>\t\t\t\t<\/div>\n\t\t\t\t<\/div>\n\t\t\t\t<div class=\"elementor-element elementor-element-3b7d432 elementor-widget elementor-widget-text-editor\" data-id=\"3b7d432\" data-element_type=\"widget\" data-e-type=\"widget\" data-widget_type=\"text-editor.default\">\n\t\t\t\t<div class=\"elementor-widget-container\">\n\t\t\t\t\t\t\t\t\t<p><strong>Voici des exemples :<\/strong><\/p><ul><li>le programme de fournitures scolaires<\/li><li>le tournoi de golf des jumeaux<\/li><li>etc.<\/li><\/ul><p>Pour que toutes ces activit\u00e9s soient un succ\u00e8s, nous comptons sur l\u2019engagement d\u2019entreprises qui les commanditent.<\/p>\t\t\t\t\t\t\t\t<\/div>\n\t\t\t\t<\/div>\n\t\t\t\t<div class=\"elementor-element elementor-element-f8dd3cd elementor-widget elementor-widget-text-editor\" data-id=\"f8dd3cd\" data-element_type=\"widget\" data-e-type=\"widget\" data-widget_type=\"text-editor.default\">\n\t\t\t\t<div class=\"elementor-widget-container\">\n\t\t\t\t\t\t\t\t\t<p><strong>Si vous souhaitez devenir commanditaire de l&rsquo;un de ces \u00e9v\u00e9nements, veuillez consulter les formules de parraingage ci-dessous. Pour de plus amples renseignements, veuillez communiquer avec <\/strong><strong><a href=\"mailto:cchartrand@crcoc.ca\">Chad Chartrand<\/a> au <a href=\"tel:6138304357\">613-830-4357<\/a>, poste 209.<\/strong><\/p>\t\t\t\t\t\t\t\t<\/div>\n\t\t\t\t<\/div>\n\t\t\t\t<div class=\"elementor-element elementor-element-25f7b09 elementor-widget elementor-widget-spacer\" data-id=\"25f7b09\" data-element_type=\"widget\" data-e-type=\"widget\" data-widget_type=\"spacer.default\">\n\t\t\t\t<div class=\"elementor-widget-container\">\n\t\t\t\t\t\t\t<div class=\"elementor-spacer\">\n\t\t\t<div class=\"elementor-spacer-inner\"><\/div>\n\t\t<\/div>\n\t\t\t\t\t\t<\/div>\n\t\t\t\t<\/div>\n\t\t\t\t<section class=\"elementor-section elementor-inner-section elementor-element elementor-element-66536ea elementor-section-boxed elementor-section-height-default elementor-section-height-default\" data-id=\"66536ea\" data-element_type=\"section\" data-e-type=\"section\">\n\t\t\t\t\t\t<div class=\"elementor-container elementor-column-gap-default\">\n\t\t\t\t\t<div class=\"elementor-column elementor-col-25 elementor-inner-column elementor-element elementor-element-cd68348\" data-id=\"cd68348\" data-element_type=\"column\" data-e-type=\"column\">\n\t\t\t<div class=\"elementor-widget-wrap elementor-element-populated\">\n\t\t\t\t\t\t<div class=\"elementor-element elementor-element-79c85a3 elementor-widget elementor-widget-image\" data-id=\"79c85a3\" data-element_type=\"widget\" data-e-type=\"widget\" data-widget_type=\"image.default\">\n\t\t\t\t<div class=\"elementor-widget-container\">\n\t\t\t\t\t\t\t\t\t\t\t\t\t\t\t\t<a href=\"http:\/\/crcoc.ca\/wp-content\/uploads\/2019\/03\/School-Supplies-Sponsorship-Program-2017-FR-SCRIPTUM.pdf\">\n\t\t\t\t\t\t\t<img fetchpriority=\"high\" decoding=\"async\" width=\"408\" height=\"274\" src=\"https:\/\/www.crcoc.ca\/wp-content\/uploads\/2019\/02\/School-Supplies-logo.jpg\" class=\"elementor-animation-float attachment-large size-large wp-image-2023\" alt=\"\" srcset=\"https:\/\/www.crcoc.ca\/wp-content\/uploads\/2019\/02\/School-Supplies-logo.jpg 408w, https:\/\/www.crcoc.ca\/wp-content\/uploads\/2019\/02\/School-Supplies-logo-300x201.jpg 300w\" sizes=\"(max-width: 408px) 100vw, 408px\" \/>\t\t\t\t\t\t\t\t<\/a>\n\t\t\t\t\t\t\t\t\t\t\t\t\t\t\t<\/div>\n\t\t\t\t<\/div>\n\t\t\t\t\t<\/div>\n\t\t<\/div>\n\t\t\t\t<div class=\"elementor-column elementor-col-25 elementor-inner-column elementor-element elementor-element-ee94eec\" data-id=\"ee94eec\" data-element_type=\"column\" data-e-type=\"column\">\n\t\t\t<div class=\"elementor-widget-wrap elementor-element-populated\">\n\t\t\t\t\t\t<div class=\"elementor-element elementor-element-4fd155a elementor-widget elementor-widget-image\" data-id=\"4fd155a\" data-element_type=\"widget\" data-e-type=\"widget\" data-widget_type=\"image.default\">\n\t\t\t\t<div class=\"elementor-widget-container\">\n\t\t\t\t\t\t\t\t\t\t\t\t<figure class=\"wp-caption\">\n\t\t\t\t\t\t\t\t\t\t<img decoding=\"async\" width=\"1013\" height=\"1024\" src=\"https:\/\/www.crcoc.ca\/wp-content\/uploads\/2024\/06\/NavanLanfill-logo-1013x1024.jpg\" class=\"elementor-animation-float attachment-large size-large wp-image-32843\" alt=\"\" srcset=\"https:\/\/www.crcoc.ca\/wp-content\/uploads\/2024\/06\/NavanLanfill-logo-1013x1024.jpg 1013w, https:\/\/www.crcoc.ca\/wp-content\/uploads\/2024\/06\/NavanLanfill-logo-297x300.jpg 297w, https:\/\/www.crcoc.ca\/wp-content\/uploads\/2024\/06\/NavanLanfill-logo-768x777.jpg 768w, https:\/\/www.crcoc.ca\/wp-content\/uploads\/2024\/06\/NavanLanfill-logo.jpg 1073w\" sizes=\"(max-width: 1013px) 100vw, 1013px\" \/>\t\t\t\t\t\t\t\t\t\t\t<figcaption class=\"widget-image-caption wp-caption-text\"><\/figcaption>\n\t\t\t\t\t\t\t\t\t\t<\/figure>\n\t\t\t\t\t\t\t\t\t<\/div>\n\t\t\t\t<\/div>\n\t\t\t\t\t<\/div>\n\t\t<\/div>\n\t\t\t\t<div class=\"elementor-column elementor-col-25 elementor-inner-column elementor-element elementor-element-cd01be2\" data-id=\"cd01be2\" data-element_type=\"column\" data-e-type=\"column\">\n\t\t\t<div class=\"elementor-widget-wrap elementor-element-populated\">\n\t\t\t\t\t\t<div class=\"elementor-element elementor-element-3444846 elementor-widget elementor-widget-image\" data-id=\"3444846\" data-element_type=\"widget\" data-e-type=\"widget\" data-widget_type=\"image.default\">\n\t\t\t\t<div class=\"elementor-widget-container\">\n\t\t\t\t\t\t\t\t\t\t\t\t<figure class=\"wp-caption\">\n\t\t\t\t\t\t\t\t\t\t<img decoding=\"async\" width=\"900\" height=\"600\" src=\"https:\/\/www.crcoc.ca\/wp-content\/uploads\/2024\/06\/CHRIS-LAMBERT-logo.jpg\" class=\"elementor-animation-float attachment-large size-large wp-image-32817\" alt=\"\" srcset=\"https:\/\/www.crcoc.ca\/wp-content\/uploads\/2024\/06\/CHRIS-LAMBERT-logo.jpg 900w, https:\/\/www.crcoc.ca\/wp-content\/uploads\/2024\/06\/CHRIS-LAMBERT-logo-300x200.jpg 300w, https:\/\/www.crcoc.ca\/wp-content\/uploads\/2024\/06\/CHRIS-LAMBERT-logo-768x512.jpg 768w\" sizes=\"(max-width: 900px) 100vw, 900px\" \/>\t\t\t\t\t\t\t\t\t\t\t<figcaption class=\"widget-image-caption wp-caption-text\"><\/figcaption>\n\t\t\t\t\t\t\t\t\t\t<\/figure>\n\t\t\t\t\t\t\t\t\t<\/div>\n\t\t\t\t<\/div>\n\t\t\t\t\t<\/div>\n\t\t<\/div>\n\t\t\t\t<div class=\"elementor-column elementor-col-25 elementor-inner-column elementor-element elementor-element-6ea7ffa\" data-id=\"6ea7ffa\" data-element_type=\"column\" data-e-type=\"column\">\n\t\t\t<div class=\"elementor-widget-wrap elementor-element-populated\">\n\t\t\t\t\t\t<div class=\"elementor-element elementor-element-7eb5c4e elementor-widget elementor-widget-image\" data-id=\"7eb5c4e\" data-element_type=\"widget\" data-e-type=\"widget\" data-widget_type=\"image.default\">\n\t\t\t\t<div class=\"elementor-widget-container\">\n\t\t\t\t\t\t\t\t\t\t\t\t<figure class=\"wp-caption\">\n\t\t\t\t\t\t\t\t\t\t<img loading=\"lazy\" decoding=\"async\" width=\"408\" height=\"118\" src=\"https:\/\/www.crcoc.ca\/wp-content\/uploads\/2019\/02\/Twins-Causes-Logo.jpg\" class=\"elementor-animation-float attachment-large size-large wp-image-2021\" alt=\"\" srcset=\"https:\/\/www.crcoc.ca\/wp-content\/uploads\/2019\/02\/Twins-Causes-Logo.jpg 408w, https:\/\/www.crcoc.ca\/wp-content\/uploads\/2019\/02\/Twins-Causes-Logo-300x87.jpg 300w\" sizes=\"(max-width: 408px) 100vw, 408px\" \/>\t\t\t\t\t\t\t\t\t\t\t<figcaption class=\"widget-image-caption wp-caption-text\"><\/figcaption>\n\t\t\t\t\t\t\t\t\t\t<\/figure>\n\t\t\t\t\t\t\t\t\t<\/div>\n\t\t\t\t<\/div>\n\t\t\t\t\t<\/div>\n\t\t<\/div>\n\t\t\t\t\t<\/div>\n\t\t<\/section>\n\t\t\t\t\t<\/div>\n\t\t<\/div>\n\t\t\t\t\t<\/div>\n\t\t<\/section>\n\t\t\t\t<\/div>\n\t\t","protected":false},"excerpt":{"rendered":"<p>Chaque ann\u00e9e, le Centre de ressources communautaires Orl\u00e9ans-Cumberland organise plusieurs activit\u00e9s importantes de financement afin d\u2019atteindre l\u2019objectif annuel. Voici des exemples : le programme de fournitures scolaires le tournoi de golf des jumeaux etc. Pour que toutes ces activit\u00e9s soient un succ\u00e8s, nous comptons sur l\u2019engagement d\u2019entreprises qui les commanditent. Si vous souhaitez devenir commanditaire &#8230; <a title=\"Commanditer un \u00e9v\u00e9nement\" class=\"read-more\" href=\"https:\/\/www.crcoc.ca\/fr\/commanditer-un-evenement\/\">Read more<\/a><\/p>\n","protected":false},"author":1,"featured_media":0,"parent":0,"menu_order":0,"comment_status":"closed","ping_status":"closed","template":"","meta":{"footnotes":""},"class_list":["post-2032","page","type-page","status-publish"],"yoast_head":"<!-- This site is optimized with the Yoast SEO plugin v27.3 - https:\/\/yoast.com\/product\/yoast-seo-wordpress\/ -->\n<title>Commanditer un \u00e9v\u00e9nement - CRCOC - OCCRC<\/title>\n<meta name=\"robots\" content=\"index, follow, max-snippet:-1, max-image-preview:large, max-video-preview:-1\" \/>\n<link rel=\"canonical\" href=\"https:\/\/www.crcoc.ca\/fr\/commanditer-un-evenement\/\" \/>\n<meta property=\"og:locale\" content=\"fr_FR\" \/>\n<meta property=\"og:type\" content=\"article\" \/>\n<meta property=\"og:title\" content=\"Commanditer un \u00e9v\u00e9nement - CRCOC - OCCRC\" \/>\n<meta property=\"og:description\" content=\"Chaque ann\u00e9e, le Centre de ressources communautaires Orl\u00e9ans-Cumberland organise plusieurs activit\u00e9s importantes de financement afin d\u2019atteindre l\u2019objectif annuel. Voici des exemples : le programme de fournitures scolaires le tournoi de golf des jumeaux etc. Pour que toutes ces activit\u00e9s soient un succ\u00e8s, nous comptons sur l\u2019engagement d\u2019entreprises qui les commanditent. Si vous souhaitez devenir commanditaire ... Read more\" \/>\n<meta property=\"og:url\" content=\"https:\/\/www.crcoc.ca\/fr\/commanditer-un-evenement\/\" \/>\n<meta property=\"og:site_name\" content=\"CRCOC - OCCRC\" \/>\n<meta property=\"article:publisher\" content=\"https:\/\/www.facebook.com\/OCCRC.CRCOC\/\" \/>\n<meta property=\"article:modified_time\" content=\"2024-10-15T13:28:05+00:00\" \/>\n<meta property=\"og:image\" content=\"https:\/\/www.crcoc.ca\/wp-content\/uploads\/2019\/02\/School-Supplies-logo.jpg\" \/>\n<meta name=\"twitter:card\" content=\"summary_large_image\" \/>\n<meta name=\"twitter:site\" content=\"@OCCRC_CRCOC\" \/>\n<meta name=\"twitter:label1\" content=\"Dur\u00e9e de lecture estim\u00e9e\" \/>\n\t<meta name=\"twitter:data1\" content=\"2 minutes\" \/>\n<script type=\"application\/ld+json\" class=\"yoast-schema-graph\">{\"@context\":\"https:\\\/\\\/schema.org\",\"@graph\":[{\"@type\":\"WebPage\",\"@id\":\"https:\\\/\\\/www.crcoc.ca\\\/fr\\\/commanditer-un-evenement\\\/\",\"url\":\"https:\\\/\\\/www.crcoc.ca\\\/fr\\\/commanditer-un-evenement\\\/\",\"name\":\"Commanditer un \u00e9v\u00e9nement - CRCOC - OCCRC\",\"isPartOf\":{\"@id\":\"https:\\\/\\\/www.crcoc.ca\\\/fr\\\/#website\"},\"primaryImageOfPage\":{\"@id\":\"https:\\\/\\\/www.crcoc.ca\\\/fr\\\/commanditer-un-evenement\\\/#primaryimage\"},\"image\":{\"@id\":\"https:\\\/\\\/www.crcoc.ca\\\/fr\\\/commanditer-un-evenement\\\/#primaryimage\"},\"thumbnailUrl\":\"https:\\\/\\\/www.crcoc.ca\\\/wp-content\\\/uploads\\\/2019\\\/02\\\/School-Supplies-logo.jpg\",\"datePublished\":\"2019-02-22T19:15:55+00:00\",\"dateModified\":\"2024-10-15T13:28:05+00:00\",\"breadcrumb\":{\"@id\":\"https:\\\/\\\/www.crcoc.ca\\\/fr\\\/commanditer-un-evenement\\\/#breadcrumb\"},\"inLanguage\":\"fr-FR\",\"potentialAction\":[{\"@type\":\"ReadAction\",\"target\":[\"https:\\\/\\\/www.crcoc.ca\\\/fr\\\/commanditer-un-evenement\\\/\"]}]},{\"@type\":\"ImageObject\",\"inLanguage\":\"fr-FR\",\"@id\":\"https:\\\/\\\/www.crcoc.ca\\\/fr\\\/commanditer-un-evenement\\\/#primaryimage\",\"url\":\"https:\\\/\\\/www.crcoc.ca\\\/wp-content\\\/uploads\\\/2019\\\/02\\\/School-Supplies-logo.jpg\",\"contentUrl\":\"https:\\\/\\\/www.crcoc.ca\\\/wp-content\\\/uploads\\\/2019\\\/02\\\/School-Supplies-logo.jpg\"},{\"@type\":\"BreadcrumbList\",\"@id\":\"https:\\\/\\\/www.crcoc.ca\\\/fr\\\/commanditer-un-evenement\\\/#breadcrumb\",\"itemListElement\":[{\"@type\":\"ListItem\",\"position\":1,\"name\":\"Home\",\"item\":\"https:\\\/\\\/www.crcoc.ca\\\/fr\\\/\"},{\"@type\":\"ListItem\",\"position\":2,\"name\":\"Commanditer un \u00e9v\u00e9nement\"}]},{\"@type\":\"WebSite\",\"@id\":\"https:\\\/\\\/www.crcoc.ca\\\/fr\\\/#website\",\"url\":\"https:\\\/\\\/www.crcoc.ca\\\/fr\\\/\",\"name\":\"CRCOC - OCCRC\",\"description\":\"Centre de ressources communautaires Orl\u00e9ans-Cumberland | Orl\u00e9ans-Cumberland Community Resource Center\",\"publisher\":{\"@id\":\"https:\\\/\\\/www.crcoc.ca\\\/fr\\\/#organization\"},\"potentialAction\":[{\"@type\":\"SearchAction\",\"target\":{\"@type\":\"EntryPoint\",\"urlTemplate\":\"https:\\\/\\\/www.crcoc.ca\\\/fr\\\/?s={search_term_string}\"},\"query-input\":{\"@type\":\"PropertyValueSpecification\",\"valueRequired\":true,\"valueName\":\"search_term_string\"}}],\"inLanguage\":\"fr-FR\"},{\"@type\":\"Organization\",\"@id\":\"https:\\\/\\\/www.crcoc.ca\\\/fr\\\/#organization\",\"name\":\"Orl\u00e9ans-Cumberland Community Resource Centre\",\"url\":\"https:\\\/\\\/www.crcoc.ca\\\/fr\\\/\",\"logo\":{\"@type\":\"ImageObject\",\"inLanguage\":\"fr-FR\",\"@id\":\"https:\\\/\\\/www.crcoc.ca\\\/fr\\\/#\\\/schema\\\/logo\\\/image\\\/\",\"url\":\"https:\\\/\\\/www.crcoc.ca\\\/wp-content\\\/uploads\\\/2019\\\/01\\\/cropped-Logo_OCCRCeachside-1.png\",\"contentUrl\":\"https:\\\/\\\/www.crcoc.ca\\\/wp-content\\\/uploads\\\/2019\\\/01\\\/cropped-Logo_OCCRCeachside-1.png\",\"width\":512,\"height\":512,\"caption\":\"Orl\u00e9ans-Cumberland Community Resource Centre\"},\"image\":{\"@id\":\"https:\\\/\\\/www.crcoc.ca\\\/fr\\\/#\\\/schema\\\/logo\\\/image\\\/\"},\"sameAs\":[\"https:\\\/\\\/www.facebook.com\\\/OCCRC.CRCOC\\\/\",\"https:\\\/\\\/x.com\\\/OCCRC_CRCOC\",\"https:\\\/\\\/instagram.com\\\/occrcyp_crcocpj\\\/\"]}]}<\/script>\n<!-- \/ Yoast SEO plugin. -->","yoast_head_json":{"title":"Commanditer un \u00e9v\u00e9nement - CRCOC - OCCRC","robots":{"index":"index","follow":"follow","max-snippet":"max-snippet:-1","max-image-preview":"max-image-preview:large","max-video-preview":"max-video-preview:-1"},"canonical":"https:\/\/www.crcoc.ca\/fr\/commanditer-un-evenement\/","og_locale":"fr_FR","og_type":"article","og_title":"Commanditer un \u00e9v\u00e9nement - CRCOC - OCCRC","og_description":"Chaque ann\u00e9e, le Centre de ressources communautaires Orl\u00e9ans-Cumberland organise plusieurs activit\u00e9s importantes de financement afin d\u2019atteindre l\u2019objectif annuel. Voici des exemples : le programme de fournitures scolaires le tournoi de golf des jumeaux etc. Pour que toutes ces activit\u00e9s soient un succ\u00e8s, nous comptons sur l\u2019engagement d\u2019entreprises qui les commanditent. Si vous souhaitez devenir commanditaire ... Read more","og_url":"https:\/\/www.crcoc.ca\/fr\/commanditer-un-evenement\/","og_site_name":"CRCOC - OCCRC","article_publisher":"https:\/\/www.facebook.com\/OCCRC.CRCOC\/","article_modified_time":"2024-10-15T13:28:05+00:00","og_image":[{"url":"https:\/\/www.crcoc.ca\/wp-content\/uploads\/2019\/02\/School-Supplies-logo.jpg","type":"","width":"","height":""}],"twitter_card":"summary_large_image","twitter_site":"@OCCRC_CRCOC","twitter_misc":{"Dur\u00e9e de lecture estim\u00e9e":"2 minutes"},"schema":{"@context":"https:\/\/schema.org","@graph":[{"@type":"WebPage","@id":"https:\/\/www.crcoc.ca\/fr\/commanditer-un-evenement\/","url":"https:\/\/www.crcoc.ca\/fr\/commanditer-un-evenement\/","name":"Commanditer un \u00e9v\u00e9nement - CRCOC - OCCRC","isPartOf":{"@id":"https:\/\/www.crcoc.ca\/fr\/#website"},"primaryImageOfPage":{"@id":"https:\/\/www.crcoc.ca\/fr\/commanditer-un-evenement\/#primaryimage"},"image":{"@id":"https:\/\/www.crcoc.ca\/fr\/commanditer-un-evenement\/#primaryimage"},"thumbnailUrl":"https:\/\/www.crcoc.ca\/wp-content\/uploads\/2019\/02\/School-Supplies-logo.jpg","datePublished":"2019-02-22T19:15:55+00:00","dateModified":"2024-10-15T13:28:05+00:00","breadcrumb":{"@id":"https:\/\/www.crcoc.ca\/fr\/commanditer-un-evenement\/#breadcrumb"},"inLanguage":"fr-FR","potentialAction":[{"@type":"ReadAction","target":["https:\/\/www.crcoc.ca\/fr\/commanditer-un-evenement\/"]}]},{"@type":"ImageObject","inLanguage":"fr-FR","@id":"https:\/\/www.crcoc.ca\/fr\/commanditer-un-evenement\/#primaryimage","url":"https:\/\/www.crcoc.ca\/wp-content\/uploads\/2019\/02\/School-Supplies-logo.jpg","contentUrl":"https:\/\/www.crcoc.ca\/wp-content\/uploads\/2019\/02\/School-Supplies-logo.jpg"},{"@type":"BreadcrumbList","@id":"https:\/\/www.crcoc.ca\/fr\/commanditer-un-evenement\/#breadcrumb","itemListElement":[{"@type":"ListItem","position":1,"name":"Home","item":"https:\/\/www.crcoc.ca\/fr\/"},{"@type":"ListItem","position":2,"name":"Commanditer un \u00e9v\u00e9nement"}]},{"@type":"WebSite","@id":"https:\/\/www.crcoc.ca\/fr\/#website","url":"https:\/\/www.crcoc.ca\/fr\/","name":"CRCOC - OCCRC","description":"Centre de ressources communautaires Orl\u00e9ans-Cumberland | Orl\u00e9ans-Cumberland Community Resource Center","publisher":{"@id":"https:\/\/www.crcoc.ca\/fr\/#organization"},"potentialAction":[{"@type":"SearchAction","target":{"@type":"EntryPoint","urlTemplate":"https:\/\/www.crcoc.ca\/fr\/?s={search_term_string}"},"query-input":{"@type":"PropertyValueSpecification","valueRequired":true,"valueName":"search_term_string"}}],"inLanguage":"fr-FR"},{"@type":"Organization","@id":"https:\/\/www.crcoc.ca\/fr\/#organization","name":"Orl\u00e9ans-Cumberland Community Resource Centre","url":"https:\/\/www.crcoc.ca\/fr\/","logo":{"@type":"ImageObject","inLanguage":"fr-FR","@id":"https:\/\/www.crcoc.ca\/fr\/#\/schema\/logo\/image\/","url":"https:\/\/www.crcoc.ca\/wp-content\/uploads\/2019\/01\/cropped-Logo_OCCRCeachside-1.png","contentUrl":"https:\/\/www.crcoc.ca\/wp-content\/uploads\/2019\/01\/cropped-Logo_OCCRCeachside-1.png","width":512,"height":512,"caption":"Orl\u00e9ans-Cumberland Community Resource Centre"},"image":{"@id":"https:\/\/www.crcoc.ca\/fr\/#\/schema\/logo\/image\/"},"sameAs":["https:\/\/www.facebook.com\/OCCRC.CRCOC\/","https:\/\/x.com\/OCCRC_CRCOC","https:\/\/instagram.com\/occrcyp_crcocpj\/"]}]}},"_links":{"self":[{"href":"https:\/\/www.crcoc.ca\/fr\/wp-json\/wp\/v2\/pages\/2032","targetHints":{"allow":["GET"]}}],"collection":[{"href":"https:\/\/www.crcoc.ca\/fr\/wp-json\/wp\/v2\/pages"}],"about":[{"href":"https:\/\/www.crcoc.ca\/fr\/wp-json\/wp\/v2\/types\/page"}],"author":[{"embeddable":true,"href":"https:\/\/www.crcoc.ca\/fr\/wp-json\/wp\/v2\/users\/1"}],"replies":[{"embeddable":true,"href":"https:\/\/www.crcoc.ca\/fr\/wp-json\/wp\/v2\/comments?post=2032"}],"version-history":[{"count":41,"href":"https:\/\/www.crcoc.ca\/fr\/wp-json\/wp\/v2\/pages\/2032\/revisions"}],"predecessor-version":[{"id":33611,"href":"https:\/\/www.crcoc.ca\/fr\/wp-json\/wp\/v2\/pages\/2032\/revisions\/33611"}],"wp:attachment":[{"href":"https:\/\/www.crcoc.ca\/fr\/wp-json\/wp\/v2\/media?parent=2032"}],"curies":[{"name":"wp","href":"https:\/\/api.w.org\/{rel}","templated":true}]}}