{"id":1961,"date":"2019-02-22T10:31:04","date_gmt":"2019-02-22T15:31:04","guid":{"rendered":"http:\/\/crcoc.ca\/sexual-health-hiv-testing\/"},"modified":"2021-12-17T21:07:00","modified_gmt":"2021-12-18T02:07:00","slug":"sante-sexualite-depistage-vih","status":"publish","type":"page","link":"https:\/\/www.crcoc.ca\/fr\/enfants-et-jeunes\/sante-sexualite-depistage-vih\/","title":{"rendered":"Sant\u00e9 sexualit\u00e9 &#8211; D\u00e9pistage V.I.H."},"content":{"rendered":"\t\t<div data-elementor-type=\"wp-post\" data-elementor-id=\"1961\" class=\"elementor elementor-1961 elementor-1948\" data-elementor-post-type=\"page\">\n\t\t\t\t\t\t<section class=\"elementor-section elementor-top-section elementor-element elementor-element-92f8e7c elementor-section-boxed elementor-section-height-default elementor-section-height-default\" data-id=\"92f8e7c\" data-element_type=\"section\" data-e-type=\"section\">\n\t\t\t\t\t\t<div class=\"elementor-container elementor-column-gap-default\">\n\t\t\t\t\t<div class=\"elementor-column elementor-col-100 elementor-top-column elementor-element elementor-element-8ee72c7\" data-id=\"8ee72c7\" data-element_type=\"column\" data-e-type=\"column\">\n\t\t\t<div class=\"elementor-widget-wrap elementor-element-populated\">\n\t\t\t\t\t\t<div class=\"elementor-element elementor-element-b325a95 elementor-widget elementor-widget-image\" data-id=\"b325a95\" data-element_type=\"widget\" data-e-type=\"widget\" data-widget_type=\"image.default\">\n\t\t\t\t<div class=\"elementor-widget-container\">\n\t\t\t\t\t\t\t\t\t\t\t\t\t\t\t\t<a href=\"http:\/\/www.santepubliqueottawa.ca\/fr\/public-health-topics\/sexual-health-clinic.aspx\">\n\t\t\t\t\t\t\t<img decoding=\"async\" width=\"266\" height=\"94\" src=\"https:\/\/www.crcoc.ca\/wp-content\/uploads\/2019\/02\/Public-health-ottawa-crop.jpg\" class=\"attachment-large size-large wp-image-1958\" alt=\"\" \/>\t\t\t\t\t\t\t\t<\/a>\n\t\t\t\t\t\t\t\t\t\t\t\t\t\t\t<\/div>\n\t\t\t\t<\/div>\n\t\t\t\t<div class=\"elementor-element elementor-element-f43a63e elementor-widget elementor-widget-text-editor\" data-id=\"f43a63e\" data-element_type=\"widget\" data-e-type=\"widget\" data-widget_type=\"text-editor.default\">\n\t\t\t\t<div class=\"elementor-widget-container\">\n\t\t\t\t\t\t\t\t\t<h3>Clinique sans rendez-vous de sant\u00e9-sexualit\u00e9 pour les jeunes de <strong>29 ans et moins.<br \/><\/strong>Rencontres confidentielles et <strong>sans rendez-vous <\/strong>avec des infirmi\u00e8res.<strong><br \/><\/strong><\/h3>\t\t\t\t\t\t\t\t<\/div>\n\t\t\t\t<\/div>\n\t\t\t\t<div class=\"elementor-element elementor-element-da6c149 elementor-widget elementor-widget-heading\" data-id=\"da6c149\" data-element_type=\"widget\" data-e-type=\"widget\" data-widget_type=\"heading.default\">\n\t\t\t\t<div class=\"elementor-widget-container\">\n\t\t\t\t\t<h2 class=\"elementor-heading-title elementor-size-default\">Ce service a \u00e9t\u00e9 temporairement annul\u00e9 en raison de la COVID-19.<\/h2>\t\t\t\t<\/div>\n\t\t\t\t<\/div>\n\t\t\t\t<div class=\"elementor-element elementor-element-cec9277 elementor-widget-divider--view-line elementor-widget elementor-widget-divider\" data-id=\"cec9277\" data-element_type=\"widget\" data-e-type=\"widget\" data-widget_type=\"divider.default\">\n\t\t\t\t<div class=\"elementor-widget-container\">\n\t\t\t\t\t\t\t<div class=\"elementor-divider\">\n\t\t\t<span class=\"elementor-divider-separator\">\n\t\t\t\t\t\t<\/span>\n\t\t<\/div>\n\t\t\t\t\t\t<\/div>\n\t\t\t\t<\/div>\n\t\t\t\t<div class=\"elementor-element elementor-element-0581290 elementor-align-justify elementor-widget elementor-widget-button\" data-id=\"0581290\" data-element_type=\"widget\" data-e-type=\"widget\" data-widget_type=\"button.default\">\n\t\t\t\t<div class=\"elementor-widget-container\">\n\t\t\t\t\t\t\t\t\t<div class=\"elementor-button-wrapper\">\n\t\t\t\t\t<a class=\"elementor-button elementor-button-link elementor-size-sm\" href=\"http:\/\/www.santepubliqueottawa.ca\/fr\/public-health-topics\/sexual-health-clinic.aspx\">\n\t\t\t\t\t\t<span class=\"elementor-button-content-wrapper\">\n\t\t\t\t\t\t\t\t\t<span class=\"elementor-button-text\">En savoir plus<\/span>\n\t\t\t\t\t<\/span>\n\t\t\t\t\t<\/a>\n\t\t\t\t<\/div>\n\t\t\t\t\t\t\t\t<\/div>\n\t\t\t\t<\/div>\n\t\t\t\t<div class=\"elementor-element elementor-element-92fbb13 elementor-widget-divider--view-line elementor-widget elementor-widget-divider\" data-id=\"92fbb13\" data-element_type=\"widget\" data-e-type=\"widget\" data-widget_type=\"divider.default\">\n\t\t\t\t<div class=\"elementor-widget-container\">\n\t\t\t\t\t\t\t<div class=\"elementor-divider\">\n\t\t\t<span class=\"elementor-divider-separator\">\n\t\t\t\t\t\t<\/span>\n\t\t<\/div>\n\t\t\t\t\t\t<\/div>\n\t\t\t\t<\/div>\n\t\t\t\t<div class=\"elementor-element elementor-element-5abb769 elementor-widget elementor-widget-heading\" data-id=\"5abb769\" data-element_type=\"widget\" data-e-type=\"widget\" data-widget_type=\"heading.default\">\n\t\t\t\t<div class=\"elementor-widget-container\">\n\t\t\t\t\t<h2 class=\"elementor-heading-title elementor-size-default\">Services offerts <\/h2>\t\t\t\t<\/div>\n\t\t\t\t<\/div>\n\t\t\t\t<section class=\"elementor-section elementor-inner-section elementor-element elementor-element-1fd7192 elementor-section-boxed elementor-section-height-default elementor-section-height-default\" data-id=\"1fd7192\" data-element_type=\"section\" data-e-type=\"section\">\n\t\t\t\t\t\t<div class=\"elementor-container elementor-column-gap-default\">\n\t\t\t\t\t<div class=\"elementor-column elementor-col-50 elementor-inner-column elementor-element elementor-element-b20bda8\" data-id=\"b20bda8\" data-element_type=\"column\" data-e-type=\"column\">\n\t\t\t<div class=\"elementor-widget-wrap elementor-element-populated\">\n\t\t\t\t\t\t<div class=\"elementor-element elementor-element-62518d9 elementor-widget elementor-widget-text-editor\" data-id=\"62518d9\" data-element_type=\"widget\" data-e-type=\"widget\" data-widget_type=\"text-editor.default\">\n\t\t\t\t<div class=\"elementor-widget-container\">\n\t\t\t\t\t\t\t\t\t<ul><li>Renseignements sur les infections transmises sexuellement et par le sang (ITSS) et la contraception<\/li><li>Tests et traitements pour les infections transmises sexuellement et par le sang(ITSS)<\/li><li>Test de d\u00e9pistage confidentiel pour le VIH<\/li><li>Contraception d\u2019urgence<\/li><li>Contraception \u00e0 prix modique (pour les clients admissibles)<\/li><\/ul>\t\t\t\t\t\t\t\t<\/div>\n\t\t\t\t<\/div>\n\t\t\t\t\t<\/div>\n\t\t<\/div>\n\t\t\t\t<div class=\"elementor-column elementor-col-50 elementor-inner-column elementor-element elementor-element-0d2adf4\" data-id=\"0d2adf4\" data-element_type=\"column\" data-e-type=\"column\">\n\t\t\t<div class=\"elementor-widget-wrap elementor-element-populated\">\n\t\t\t\t\t\t<div class=\"elementor-element elementor-element-b6f3861 elementor-widget elementor-widget-text-editor\" data-id=\"b6f3861\" data-element_type=\"widget\" data-e-type=\"widget\" data-widget_type=\"text-editor.default\">\n\t\t\t\t<div class=\"elementor-widget-container\">\n\t\t\t\t\t\t\t\t\t<ul><li>Insertion de st\u00e9rilet sur rendez-vous seulement \u00e0 la clinique principale<\/li><li>Test de grossesse\u00a0et renseignements au sujet des diff\u00e9rentes options<\/li><li>Vaccination contre l\u2019h\u00e9patite A et B (pour les clients admissibles)<\/li><li>Vaccination contre le VPH (pour les clients admissibles)<\/li><li>Condoms gratuits<\/li><\/ul>\t\t\t\t\t\t\t\t<\/div>\n\t\t\t\t<\/div>\n\t\t\t\t\t<\/div>\n\t\t<\/div>\n\t\t\t\t\t<\/div>\n\t\t<\/section>\n\t\t\t\t<div class=\"elementor-element elementor-element-e8bd23a elementor-widget elementor-widget-text-editor\" data-id=\"e8bd23a\" data-element_type=\"widget\" data-e-type=\"widget\" data-widget_type=\"text-editor.default\">\n\t\t\t\t<div class=\"elementor-widget-container\">\n\t\t\t\t\t\t\t\t\t<h3><strong>Tous les mercredis de 14 h \u00e0 17 h.<\/strong><\/h3>\t\t\t\t\t\t\t\t<\/div>\n\t\t\t\t<\/div>\n\t\t\t\t\t<\/div>\n\t\t<\/div>\n\t\t\t\t\t<\/div>\n\t\t<\/section>\n\t\t\t\t<\/div>\n\t\t","protected":false},"excerpt":{"rendered":"<p>Clinique sans rendez-vous de sant\u00e9-sexualit\u00e9 pour les jeunes de 29 ans et moins.Rencontres confidentielles et sans rendez-vous avec des infirmi\u00e8res. Ce service a \u00e9t\u00e9 temporairement annul\u00e9 en raison de la COVID-19. En savoir plus Services offerts Renseignements sur les infections transmises sexuellement et par le sang (ITSS) et la contraception Tests et traitements pour les &#8230; <a title=\"Sant\u00e9 sexualit\u00e9 &#8211; D\u00e9pistage V.I.H.\" class=\"read-more\" href=\"https:\/\/www.crcoc.ca\/fr\/enfants-et-jeunes\/sante-sexualite-depistage-vih\/\">Read more<\/a><\/p>\n","protected":false},"author":1,"featured_media":0,"parent":2199,"menu_order":0,"comment_status":"closed","ping_status":"closed","template":"","meta":{"footnotes":""},"class_list":["post-1961","page","type-page","status-publish"],"yoast_head":"<!-- This site is optimized with the Yoast SEO plugin v27.3 - https:\/\/yoast.com\/product\/yoast-seo-wordpress\/ -->\n<title>Sant\u00e9 sexualit\u00e9 - D\u00e9pistage V.I.H. - CRCOC - OCCRC<\/title>\n<meta name=\"robots\" content=\"index, follow, max-snippet:-1, max-image-preview:large, max-video-preview:-1\" \/>\n<link rel=\"canonical\" href=\"https:\/\/www.crcoc.ca\/fr\/enfants-et-jeunes\/sante-sexualite-depistage-vih\/\" \/>\n<meta property=\"og:locale\" content=\"fr_FR\" \/>\n<meta property=\"og:type\" content=\"article\" \/>\n<meta property=\"og:title\" content=\"Sant\u00e9 sexualit\u00e9 - D\u00e9pistage V.I.H. - CRCOC - OCCRC\" \/>\n<meta property=\"og:description\" content=\"Clinique sans rendez-vous de sant\u00e9-sexualit\u00e9 pour les jeunes de 29 ans et moins.Rencontres confidentielles et sans rendez-vous avec des infirmi\u00e8res. Ce service a \u00e9t\u00e9 temporairement annul\u00e9 en raison de la COVID-19. En savoir plus Services offerts Renseignements sur les infections transmises sexuellement et par le sang (ITSS) et la contraception Tests et traitements pour les ... Read more\" \/>\n<meta property=\"og:url\" content=\"https:\/\/www.crcoc.ca\/fr\/enfants-et-jeunes\/sante-sexualite-depistage-vih\/\" \/>\n<meta property=\"og:site_name\" content=\"CRCOC - OCCRC\" \/>\n<meta property=\"article:publisher\" content=\"https:\/\/www.facebook.com\/OCCRC.CRCOC\/\" \/>\n<meta property=\"article:modified_time\" content=\"2021-12-18T02:07:00+00:00\" \/>\n<meta property=\"og:image\" content=\"https:\/\/www.crcoc.ca\/wp-content\/uploads\/2019\/02\/Public-health-ottawa-crop.jpg\" \/>\n<meta name=\"twitter:card\" content=\"summary_large_image\" \/>\n<meta name=\"twitter:site\" content=\"@OCCRC_CRCOC\" \/>\n<meta name=\"twitter:label1\" content=\"Dur\u00e9e de lecture estim\u00e9e\" \/>\n\t<meta name=\"twitter:data1\" content=\"1 minute\" \/>\n<script type=\"application\/ld+json\" class=\"yoast-schema-graph\">{\"@context\":\"https:\\\/\\\/schema.org\",\"@graph\":[{\"@type\":\"WebPage\",\"@id\":\"https:\\\/\\\/www.crcoc.ca\\\/fr\\\/enfants-et-jeunes\\\/sante-sexualite-depistage-vih\\\/\",\"url\":\"https:\\\/\\\/www.crcoc.ca\\\/fr\\\/enfants-et-jeunes\\\/sante-sexualite-depistage-vih\\\/\",\"name\":\"Sant\u00e9 sexualit\u00e9 - D\u00e9pistage V.I.H. - CRCOC - OCCRC\",\"isPartOf\":{\"@id\":\"https:\\\/\\\/www.crcoc.ca\\\/fr\\\/#website\"},\"primaryImageOfPage\":{\"@id\":\"https:\\\/\\\/www.crcoc.ca\\\/fr\\\/enfants-et-jeunes\\\/sante-sexualite-depistage-vih\\\/#primaryimage\"},\"image\":{\"@id\":\"https:\\\/\\\/www.crcoc.ca\\\/fr\\\/enfants-et-jeunes\\\/sante-sexualite-depistage-vih\\\/#primaryimage\"},\"thumbnailUrl\":\"https:\\\/\\\/www.crcoc.ca\\\/wp-content\\\/uploads\\\/2019\\\/02\\\/Public-health-ottawa-crop.jpg\",\"datePublished\":\"2019-02-22T15:31:04+00:00\",\"dateModified\":\"2021-12-18T02:07:00+00:00\",\"breadcrumb\":{\"@id\":\"https:\\\/\\\/www.crcoc.ca\\\/fr\\\/enfants-et-jeunes\\\/sante-sexualite-depistage-vih\\\/#breadcrumb\"},\"inLanguage\":\"fr-FR\",\"potentialAction\":[{\"@type\":\"ReadAction\",\"target\":[\"https:\\\/\\\/www.crcoc.ca\\\/fr\\\/enfants-et-jeunes\\\/sante-sexualite-depistage-vih\\\/\"]}]},{\"@type\":\"ImageObject\",\"inLanguage\":\"fr-FR\",\"@id\":\"https:\\\/\\\/www.crcoc.ca\\\/fr\\\/enfants-et-jeunes\\\/sante-sexualite-depistage-vih\\\/#primaryimage\",\"url\":\"https:\\\/\\\/www.crcoc.ca\\\/wp-content\\\/uploads\\\/2019\\\/02\\\/Public-health-ottawa-crop.jpg\",\"contentUrl\":\"https:\\\/\\\/www.crcoc.ca\\\/wp-content\\\/uploads\\\/2019\\\/02\\\/Public-health-ottawa-crop.jpg\"},{\"@type\":\"BreadcrumbList\",\"@id\":\"https:\\\/\\\/www.crcoc.ca\\\/fr\\\/enfants-et-jeunes\\\/sante-sexualite-depistage-vih\\\/#breadcrumb\",\"itemListElement\":[{\"@type\":\"ListItem\",\"position\":1,\"name\":\"Home\",\"item\":\"https:\\\/\\\/www.crcoc.ca\\\/fr\\\/\"},{\"@type\":\"ListItem\",\"position\":2,\"name\":\"Enfants et jeunes\",\"item\":\"https:\\\/\\\/www.crcoc.ca\\\/fr\\\/enfants-et-jeunes\\\/\"},{\"@type\":\"ListItem\",\"position\":3,\"name\":\"Sant\u00e9 sexualit\u00e9 &#8211; D\u00e9pistage V.I.H.\"}]},{\"@type\":\"WebSite\",\"@id\":\"https:\\\/\\\/www.crcoc.ca\\\/fr\\\/#website\",\"url\":\"https:\\\/\\\/www.crcoc.ca\\\/fr\\\/\",\"name\":\"CRCOC - OCCRC\",\"description\":\"Centre de ressources communautaires Orl\u00e9ans-Cumberland | Orl\u00e9ans-Cumberland Community Resource Center\",\"publisher\":{\"@id\":\"https:\\\/\\\/www.crcoc.ca\\\/fr\\\/#organization\"},\"potentialAction\":[{\"@type\":\"SearchAction\",\"target\":{\"@type\":\"EntryPoint\",\"urlTemplate\":\"https:\\\/\\\/www.crcoc.ca\\\/fr\\\/?s={search_term_string}\"},\"query-input\":{\"@type\":\"PropertyValueSpecification\",\"valueRequired\":true,\"valueName\":\"search_term_string\"}}],\"inLanguage\":\"fr-FR\"},{\"@type\":\"Organization\",\"@id\":\"https:\\\/\\\/www.crcoc.ca\\\/fr\\\/#organization\",\"name\":\"Orl\u00e9ans-Cumberland Community Resource Centre\",\"url\":\"https:\\\/\\\/www.crcoc.ca\\\/fr\\\/\",\"logo\":{\"@type\":\"ImageObject\",\"inLanguage\":\"fr-FR\",\"@id\":\"https:\\\/\\\/www.crcoc.ca\\\/fr\\\/#\\\/schema\\\/logo\\\/image\\\/\",\"url\":\"https:\\\/\\\/www.crcoc.ca\\\/wp-content\\\/uploads\\\/2019\\\/01\\\/cropped-Logo_OCCRCeachside-1.png\",\"contentUrl\":\"https:\\\/\\\/www.crcoc.ca\\\/wp-content\\\/uploads\\\/2019\\\/01\\\/cropped-Logo_OCCRCeachside-1.png\",\"width\":512,\"height\":512,\"caption\":\"Orl\u00e9ans-Cumberland Community Resource Centre\"},\"image\":{\"@id\":\"https:\\\/\\\/www.crcoc.ca\\\/fr\\\/#\\\/schema\\\/logo\\\/image\\\/\"},\"sameAs\":[\"https:\\\/\\\/www.facebook.com\\\/OCCRC.CRCOC\\\/\",\"https:\\\/\\\/x.com\\\/OCCRC_CRCOC\",\"https:\\\/\\\/instagram.com\\\/occrcyp_crcocpj\\\/\"]}]}<\/script>\n<!-- \/ Yoast SEO plugin. -->","yoast_head_json":{"title":"Sant\u00e9 sexualit\u00e9 - D\u00e9pistage V.I.H. - CRCOC - OCCRC","robots":{"index":"index","follow":"follow","max-snippet":"max-snippet:-1","max-image-preview":"max-image-preview:large","max-video-preview":"max-video-preview:-1"},"canonical":"https:\/\/www.crcoc.ca\/fr\/enfants-et-jeunes\/sante-sexualite-depistage-vih\/","og_locale":"fr_FR","og_type":"article","og_title":"Sant\u00e9 sexualit\u00e9 - D\u00e9pistage V.I.H. - CRCOC - OCCRC","og_description":"Clinique sans rendez-vous de sant\u00e9-sexualit\u00e9 pour les jeunes de 29 ans et moins.Rencontres confidentielles et sans rendez-vous avec des infirmi\u00e8res. Ce service a \u00e9t\u00e9 temporairement annul\u00e9 en raison de la COVID-19. En savoir plus Services offerts Renseignements sur les infections transmises sexuellement et par le sang (ITSS) et la contraception Tests et traitements pour les ... Read more","og_url":"https:\/\/www.crcoc.ca\/fr\/enfants-et-jeunes\/sante-sexualite-depistage-vih\/","og_site_name":"CRCOC - OCCRC","article_publisher":"https:\/\/www.facebook.com\/OCCRC.CRCOC\/","article_modified_time":"2021-12-18T02:07:00+00:00","og_image":[{"url":"https:\/\/www.crcoc.ca\/wp-content\/uploads\/2019\/02\/Public-health-ottawa-crop.jpg","type":"","width":"","height":""}],"twitter_card":"summary_large_image","twitter_site":"@OCCRC_CRCOC","twitter_misc":{"Dur\u00e9e de lecture estim\u00e9e":"1 minute"},"schema":{"@context":"https:\/\/schema.org","@graph":[{"@type":"WebPage","@id":"https:\/\/www.crcoc.ca\/fr\/enfants-et-jeunes\/sante-sexualite-depistage-vih\/","url":"https:\/\/www.crcoc.ca\/fr\/enfants-et-jeunes\/sante-sexualite-depistage-vih\/","name":"Sant\u00e9 sexualit\u00e9 - D\u00e9pistage V.I.H. - CRCOC - OCCRC","isPartOf":{"@id":"https:\/\/www.crcoc.ca\/fr\/#website"},"primaryImageOfPage":{"@id":"https:\/\/www.crcoc.ca\/fr\/enfants-et-jeunes\/sante-sexualite-depistage-vih\/#primaryimage"},"image":{"@id":"https:\/\/www.crcoc.ca\/fr\/enfants-et-jeunes\/sante-sexualite-depistage-vih\/#primaryimage"},"thumbnailUrl":"https:\/\/www.crcoc.ca\/wp-content\/uploads\/2019\/02\/Public-health-ottawa-crop.jpg","datePublished":"2019-02-22T15:31:04+00:00","dateModified":"2021-12-18T02:07:00+00:00","breadcrumb":{"@id":"https:\/\/www.crcoc.ca\/fr\/enfants-et-jeunes\/sante-sexualite-depistage-vih\/#breadcrumb"},"inLanguage":"fr-FR","potentialAction":[{"@type":"ReadAction","target":["https:\/\/www.crcoc.ca\/fr\/enfants-et-jeunes\/sante-sexualite-depistage-vih\/"]}]},{"@type":"ImageObject","inLanguage":"fr-FR","@id":"https:\/\/www.crcoc.ca\/fr\/enfants-et-jeunes\/sante-sexualite-depistage-vih\/#primaryimage","url":"https:\/\/www.crcoc.ca\/wp-content\/uploads\/2019\/02\/Public-health-ottawa-crop.jpg","contentUrl":"https:\/\/www.crcoc.ca\/wp-content\/uploads\/2019\/02\/Public-health-ottawa-crop.jpg"},{"@type":"BreadcrumbList","@id":"https:\/\/www.crcoc.ca\/fr\/enfants-et-jeunes\/sante-sexualite-depistage-vih\/#breadcrumb","itemListElement":[{"@type":"ListItem","position":1,"name":"Home","item":"https:\/\/www.crcoc.ca\/fr\/"},{"@type":"ListItem","position":2,"name":"Enfants et jeunes","item":"https:\/\/www.crcoc.ca\/fr\/enfants-et-jeunes\/"},{"@type":"ListItem","position":3,"name":"Sant\u00e9 sexualit\u00e9 &#8211; D\u00e9pistage V.I.H."}]},{"@type":"WebSite","@id":"https:\/\/www.crcoc.ca\/fr\/#website","url":"https:\/\/www.crcoc.ca\/fr\/","name":"CRCOC - OCCRC","description":"Centre de ressources communautaires Orl\u00e9ans-Cumberland | Orl\u00e9ans-Cumberland Community Resource Center","publisher":{"@id":"https:\/\/www.crcoc.ca\/fr\/#organization"},"potentialAction":[{"@type":"SearchAction","target":{"@type":"EntryPoint","urlTemplate":"https:\/\/www.crcoc.ca\/fr\/?s={search_term_string}"},"query-input":{"@type":"PropertyValueSpecification","valueRequired":true,"valueName":"search_term_string"}}],"inLanguage":"fr-FR"},{"@type":"Organization","@id":"https:\/\/www.crcoc.ca\/fr\/#organization","name":"Orl\u00e9ans-Cumberland Community Resource Centre","url":"https:\/\/www.crcoc.ca\/fr\/","logo":{"@type":"ImageObject","inLanguage":"fr-FR","@id":"https:\/\/www.crcoc.ca\/fr\/#\/schema\/logo\/image\/","url":"https:\/\/www.crcoc.ca\/wp-content\/uploads\/2019\/01\/cropped-Logo_OCCRCeachside-1.png","contentUrl":"https:\/\/www.crcoc.ca\/wp-content\/uploads\/2019\/01\/cropped-Logo_OCCRCeachside-1.png","width":512,"height":512,"caption":"Orl\u00e9ans-Cumberland Community Resource Centre"},"image":{"@id":"https:\/\/www.crcoc.ca\/fr\/#\/schema\/logo\/image\/"},"sameAs":["https:\/\/www.facebook.com\/OCCRC.CRCOC\/","https:\/\/x.com\/OCCRC_CRCOC","https:\/\/instagram.com\/occrcyp_crcocpj\/"]}]}},"_links":{"self":[{"href":"https:\/\/www.crcoc.ca\/fr\/wp-json\/wp\/v2\/pages\/1961","targetHints":{"allow":["GET"]}}],"collection":[{"href":"https:\/\/www.crcoc.ca\/fr\/wp-json\/wp\/v2\/pages"}],"about":[{"href":"https:\/\/www.crcoc.ca\/fr\/wp-json\/wp\/v2\/types\/page"}],"author":[{"embeddable":true,"href":"https:\/\/www.crcoc.ca\/fr\/wp-json\/wp\/v2\/users\/1"}],"replies":[{"embeddable":true,"href":"https:\/\/www.crcoc.ca\/fr\/wp-json\/wp\/v2\/comments?post=1961"}],"version-history":[{"count":4,"href":"https:\/\/www.crcoc.ca\/fr\/wp-json\/wp\/v2\/pages\/1961\/revisions"}],"predecessor-version":[{"id":27589,"href":"https:\/\/www.crcoc.ca\/fr\/wp-json\/wp\/v2\/pages\/1961\/revisions\/27589"}],"up":[{"embeddable":true,"href":"https:\/\/www.crcoc.ca\/fr\/wp-json\/wp\/v2\/pages\/2199"}],"wp:attachment":[{"href":"https:\/\/www.crcoc.ca\/fr\/wp-json\/wp\/v2\/media?parent=1961"}],"curies":[{"name":"wp","href":"https:\/\/api.w.org\/{rel}","templated":true}]}}