{"id":18791,"date":"2021-01-28T11:16:29","date_gmt":"2021-01-28T16:16:29","guid":{"rendered":"https:\/\/www.crcoc.ca\/?page_id=18791"},"modified":"2025-09-17T16:10:28","modified_gmt":"2025-09-17T20:10:28","slug":"notre-approche-et-notre-vision","status":"publish","type":"page","link":"https:\/\/www.crcoc.ca\/fr\/enfants-et-jeunes\/notre-approche-et-notre-vision\/","title":{"rendered":"Notre approche et notre vision"},"content":{"rendered":"\t\t<div data-elementor-type=\"wp-page\" data-elementor-id=\"18791\" class=\"elementor elementor-18791 elementor-18788\" data-elementor-post-type=\"page\">\n\t\t\t\t\t\t<section class=\"elementor-section elementor-top-section elementor-element elementor-element-a242389 elementor-section-boxed elementor-section-height-default elementor-section-height-default\" data-id=\"a242389\" data-element_type=\"section\" data-e-type=\"section\">\n\t\t\t\t\t\t<div class=\"elementor-container elementor-column-gap-default\">\n\t\t\t\t\t<div class=\"elementor-column elementor-col-100 elementor-top-column elementor-element elementor-element-5bd77bf\" data-id=\"5bd77bf\" data-element_type=\"column\" data-e-type=\"column\">\n\t\t\t<div class=\"elementor-widget-wrap elementor-element-populated\">\n\t\t\t\t\t\t<div class=\"elementor-element elementor-element-878b40f elementor-widget-divider--view-line elementor-widget elementor-widget-divider\" data-id=\"878b40f\" data-element_type=\"widget\" data-e-type=\"widget\" data-widget_type=\"divider.default\">\n\t\t\t\t<div class=\"elementor-widget-container\">\n\t\t\t\t\t\t\t<div class=\"elementor-divider\">\n\t\t\t<span class=\"elementor-divider-separator\">\n\t\t\t\t\t\t<\/span>\n\t\t<\/div>\n\t\t\t\t\t\t<\/div>\n\t\t\t\t<\/div>\n\t\t\t\t<div class=\"elementor-element elementor-element-e8f6466 elementor-widget elementor-widget-image\" data-id=\"e8f6466\" data-element_type=\"widget\" data-e-type=\"widget\" data-widget_type=\"image.default\">\n\t\t\t\t<div class=\"elementor-widget-container\">\n\t\t\t\t\t\t\t\t\t\t\t\t\t\t\t<img decoding=\"async\" width=\"150\" height=\"150\" src=\"https:\/\/www.crcoc.ca\/wp-content\/uploads\/2023\/01\/Jeunness-150x150.png\" class=\"attachment-thumbnail size-thumbnail wp-image-27364\" alt=\"\" srcset=\"https:\/\/www.crcoc.ca\/wp-content\/uploads\/2023\/01\/Jeunness-150x150.png 150w, https:\/\/www.crcoc.ca\/wp-content\/uploads\/2023\/01\/Jeunness.png 251w\" sizes=\"(max-width: 150px) 100vw, 150px\" \/>\t\t\t\t\t\t\t\t\t\t\t\t\t\t\t<\/div>\n\t\t\t\t<\/div>\n\t\t\t\t<div class=\"elementor-element elementor-element-aa44118 elementor-widget elementor-widget-text-editor\" data-id=\"aa44118\" data-element_type=\"widget\" data-e-type=\"widget\" data-widget_type=\"text-editor.default\">\n\t\t\t\t<div class=\"elementor-widget-container\">\n\t\t\t\t\t\t\t\t\t<h2><strong>NOTRE APPROCHE ET NOTRE VISION<\/strong><\/h2>\t\t\t\t\t\t\t\t<\/div>\n\t\t\t\t<\/div>\n\t\t\t\t<div class=\"elementor-element elementor-element-f99fe37 elementor-widget-divider--view-line elementor-widget elementor-widget-divider\" data-id=\"f99fe37\" data-element_type=\"widget\" data-e-type=\"widget\" data-widget_type=\"divider.default\">\n\t\t\t\t<div class=\"elementor-widget-container\">\n\t\t\t\t\t\t\t<div class=\"elementor-divider\">\n\t\t\t<span class=\"elementor-divider-separator\">\n\t\t\t\t\t\t<\/span>\n\t\t<\/div>\n\t\t\t\t\t\t<\/div>\n\t\t\t\t<\/div>\n\t\t\t\t\t<\/div>\n\t\t<\/div>\n\t\t\t\t\t<\/div>\n\t\t<\/section>\n\t\t\t\t<section class=\"elementor-section elementor-top-section elementor-element elementor-element-5b3d34f elementor-section-boxed elementor-section-height-default elementor-section-height-default\" data-id=\"5b3d34f\" data-element_type=\"section\" data-e-type=\"section\">\n\t\t\t\t\t\t<div class=\"elementor-container elementor-column-gap-default\">\n\t\t\t\t\t<div class=\"elementor-column elementor-col-100 elementor-top-column elementor-element elementor-element-caeff45\" data-id=\"caeff45\" data-element_type=\"column\" data-e-type=\"column\">\n\t\t\t<div class=\"elementor-widget-wrap elementor-element-populated\">\n\t\t\t\t\t\t<div class=\"elementor-element elementor-element-ae1fee4 elementor-widget elementor-widget-image\" data-id=\"ae1fee4\" data-element_type=\"widget\" data-e-type=\"widget\" data-widget_type=\"image.default\">\n\t\t\t\t<div class=\"elementor-widget-container\">\n\t\t\t\t\t\t\t\t\t\t\t\t\t\t\t<img decoding=\"async\" src=\"https:\/\/www.crcoc.ca\/wp-content\/uploads\/2021\/01\/21-Roue-SEL.jpg\" title=\"21 &#8211; Roue SEL\" alt=\"21 - Roue SEL\" loading=\"lazy\" \/>\t\t\t\t\t\t\t\t\t\t\t\t\t\t\t<\/div>\n\t\t\t\t<\/div>\n\t\t\t\t<div class=\"elementor-element elementor-element-6f4c2b9 elementor-widget elementor-widget-heading\" data-id=\"6f4c2b9\" data-element_type=\"widget\" data-e-type=\"widget\" data-widget_type=\"heading.default\">\n\t\t\t\t<div class=\"elementor-widget-container\">\n\t\t\t\t\t<h3 class=\"elementor-heading-title elementor-size-default\">L\u2019approche SAFE et la vision SEL sont int\u00e9gr\u00e9es \u00e0 tous les programmes et les activit\u00e9s que nous proposons.<\/h3>\t\t\t\t<\/div>\n\t\t\t\t<\/div>\n\t\t\t\t<section class=\"elementor-section elementor-inner-section elementor-element elementor-element-67eec5b elementor-section-boxed elementor-section-height-default elementor-section-height-default\" data-id=\"67eec5b\" data-element_type=\"section\" data-e-type=\"section\">\n\t\t\t\t\t\t<div class=\"elementor-container elementor-column-gap-default\">\n\t\t\t\t\t<div class=\"elementor-column elementor-col-50 elementor-inner-column elementor-element elementor-element-9920125\" data-id=\"9920125\" data-element_type=\"column\" data-e-type=\"column\">\n\t\t\t<div class=\"elementor-widget-wrap elementor-element-populated\">\n\t\t\t\t\t\t<div class=\"elementor-element elementor-element-4f0a43a elementor-cta--skin-cover elementor-widget elementor-widget-call-to-action\" data-id=\"4f0a43a\" data-element_type=\"widget\" data-e-type=\"widget\" data-widget_type=\"call-to-action.default\">\n\t\t\t\t<div class=\"elementor-widget-container\">\n\t\t\t\t\t\t\t<a class=\"elementor-cta\" href=\"http:\/\/crcoc.ca\/fr\/7-a-13-ans\/\">\n\t\t\t\t\t<div class=\"elementor-cta__bg-wrapper\">\n\t\t\t\t<div class=\"elementor-cta__bg elementor-bg\" style=\"background-image: url(https:\/\/www.crcoc.ca\/wp-content\/plugins\/elementor\/assets\/images\/placeholder.png);\" role=\"img\" aria-label=\"\"><\/div>\n\t\t\t\t<div class=\"elementor-cta__bg-overlay\"><\/div>\n\t\t\t<\/div>\n\t\t\t\t\t\t\t<div class=\"elementor-cta__content\">\n\t\t\t\t\n\t\t\t\t\t\t\t\t\t<h2 class=\"elementor-cta__title elementor-cta__content-item elementor-content-item\">\n\t\t\t\t\t\tSAFE\t\t\t\t\t<\/h2>\n\t\t\t\t\n\t\t\t\t\t\t\t\t\t<div class=\"elementor-cta__description elementor-cta__content-item elementor-content-item\">\n\t\t\t\t\t\t<b>S (S\u00e9quence)<\/b>: Int\u00e9grer un ensemble d\u2019activit\u00e9s inter-reli\u00e9es et coordonn\u00e9es qui permettent un apprentissage \u00e9tape par \u00e9tape;<\/br><\/br>\n<b>A (Actif)<\/b>: Inclure des formes d\u2019apprentissage actives pour que les jeunes pratiquent et ma\u00eetrisent de nouvelles comp\u00e9tences et attitudes (Active);<\/br><\/br>\n<b>F (Focus)<\/b>: Inclure au moins une composante consacr\u00e9e \u00e0 l\u2019am\u00e9lioration des habilet\u00e9s personnelles et sociales;<\/br><\/br>\n<b>E (Explicite)<\/b>: Ccibler des comp\u00e9tences SEL pr\u00e9cises.\t\t\t\t\t<\/div>\n\t\t\t\t\n\t\t\t\t\t\t\t<\/div>\n\t\t\t\t\t\t<\/a>\n\t\t\t\t\t\t<\/div>\n\t\t\t\t<\/div>\n\t\t\t\t\t<\/div>\n\t\t<\/div>\n\t\t\t\t<div class=\"elementor-column elementor-col-50 elementor-inner-column elementor-element elementor-element-00db17f\" data-id=\"00db17f\" data-element_type=\"column\" data-e-type=\"column\">\n\t\t\t<div class=\"elementor-widget-wrap elementor-element-populated\">\n\t\t\t\t\t\t<div class=\"elementor-element elementor-element-6b50404 elementor-cta--skin-cover elementor-widget elementor-widget-call-to-action\" data-id=\"6b50404\" data-element_type=\"widget\" data-e-type=\"widget\" data-widget_type=\"call-to-action.default\">\n\t\t\t\t<div class=\"elementor-widget-container\">\n\t\t\t\t\t\t\t<a class=\"elementor-cta\" href=\"https:\/\/www.crcoc.ca\/fr\/enfants-et-jeunes\/ressources-pour-les-jeunes\/\">\n\t\t\t\t\t<div class=\"elementor-cta__bg-wrapper\">\n\t\t\t\t<div class=\"elementor-cta__bg elementor-bg\" style=\"background-image: url(https:\/\/www.crcoc.ca\/wp-content\/plugins\/elementor\/assets\/images\/placeholder.png);\" role=\"img\" aria-label=\"\"><\/div>\n\t\t\t\t<div class=\"elementor-cta__bg-overlay\"><\/div>\n\t\t\t<\/div>\n\t\t\t\t\t\t\t<div class=\"elementor-cta__content\">\n\t\t\t\t\n\t\t\t\t\t\t\t\t\t<h2 class=\"elementor-cta__title elementor-cta__content-item elementor-content-item\">\n\t\t\t\t\t\tSEL (Social and Emotional Learning)\t\t\t\t\t<\/h2>\n\t\t\t\t\n\t\t\t\t\t\t\t\t\t<div class=\"elementor-cta__description elementor-cta__content-item elementor-content-item\">\n\t\t\t\t\t\t\u00ab\u2026 le processus qui permet aux enfants et aux adultes d\u2019acqu\u00e9rir et d\u2019appliquer les connaissances, les attitudes et les habilet\u00e9s dont ils ont besoin pour comprendre et g\u00e9rer les \u00e9motions, pour se fixer des objectifs positifs et les r\u00e9aliser, pour ressentir et d\u00e9montrer de l\u2019empathie envers les autres, pour d\u00e9velopper et maintenir des relations interpersonnelles positives, et pour prendre des d\u00e9cisions responsables \u00bb. (CASEL, 2017)<\/br><\/br>\nCinq comp\u00e9tences de base: conscience de soi, ma\u00eetrise de soi, conscience sociale, relations interpersonnelles, et prise de d\u00e9cisions.\t\t\t\t\t<\/div>\n\t\t\t\t\n\t\t\t\t\t\t\t<\/div>\n\t\t\t\t\t\t<\/a>\n\t\t\t\t\t\t<\/div>\n\t\t\t\t<\/div>\n\t\t\t\t\t<\/div>\n\t\t<\/div>\n\t\t\t\t\t<\/div>\n\t\t<\/section>\n\t\t\t\t<div class=\"elementor-element elementor-element-28a25bb elementor-widget elementor-widget-image\" data-id=\"28a25bb\" data-element_type=\"widget\" data-e-type=\"widget\" data-widget_type=\"image.default\">\n\t\t\t\t<div class=\"elementor-widget-container\">\n\t\t\t\t\t\t\t\t\t\t\t\t\t\t\t\t<a href=\"https:\/\/www.crcoc.ca\/wp-content\/uploads\/2021\/01\/22-SEL-Competencies-FR-FINAL.png\" data-elementor-open-lightbox=\"yes\" data-elementor-lightbox-title=\"22 - SEL Competencies FR FINAL\" data-e-action-hash=\"#elementor-action%3Aaction%3Dlightbox%26settings%3DeyJpZCI6MTg3NzUsInVybCI6Imh0dHBzOlwvXC93d3cuY3Jjb2MuY2FcL3dwLWNvbnRlbnRcL3VwbG9hZHNcLzIwMjFcLzAxXC8yMi1TRUwtQ29tcGV0ZW5jaWVzLUZSLUZJTkFMLnBuZyJ9\">\n\t\t\t\t\t\t\t<img fetchpriority=\"high\" decoding=\"async\" width=\"818\" height=\"286\" src=\"https:\/\/www.crcoc.ca\/wp-content\/uploads\/2021\/01\/22-SEL-Competencies-FR-FINAL.png\" class=\"attachment-large size-large wp-image-18775\" alt=\"\" srcset=\"https:\/\/www.crcoc.ca\/wp-content\/uploads\/2021\/01\/22-SEL-Competencies-FR-FINAL.png 818w, https:\/\/www.crcoc.ca\/wp-content\/uploads\/2021\/01\/22-SEL-Competencies-FR-FINAL-300x105.png 300w, https:\/\/www.crcoc.ca\/wp-content\/uploads\/2021\/01\/22-SEL-Competencies-FR-FINAL-768x269.png 768w\" sizes=\"(max-width: 818px) 100vw, 818px\" \/>\t\t\t\t\t\t\t\t<\/a>\n\t\t\t\t\t\t\t\t\t\t\t\t\t\t\t<\/div>\n\t\t\t\t<\/div>\n\t\t\t\t\t<\/div>\n\t\t<\/div>\n\t\t\t\t\t<\/div>\n\t\t<\/section>\n\t\t\t\t<section class=\"elementor-section elementor-top-section elementor-element elementor-element-9e459e1 elementor-section-boxed elementor-section-height-default elementor-section-height-default\" data-id=\"9e459e1\" data-element_type=\"section\" data-e-type=\"section\">\n\t\t\t\t\t\t<div class=\"elementor-container elementor-column-gap-default\">\n\t\t\t\t\t<div class=\"elementor-column elementor-col-100 elementor-top-column elementor-element elementor-element-f7b4f94\" data-id=\"f7b4f94\" data-element_type=\"column\" data-e-type=\"column\">\n\t\t\t<div class=\"elementor-widget-wrap elementor-element-populated\">\n\t\t\t\t\t\t<div class=\"elementor-element elementor-element-ff76212 elementor-widget-divider--view-line elementor-widget elementor-widget-divider\" data-id=\"ff76212\" data-element_type=\"widget\" data-e-type=\"widget\" data-widget_type=\"divider.default\">\n\t\t\t\t<div class=\"elementor-widget-container\">\n\t\t\t\t\t\t\t<div class=\"elementor-divider\">\n\t\t\t<span class=\"elementor-divider-separator\">\n\t\t\t\t\t\t<\/span>\n\t\t<\/div>\n\t\t\t\t\t\t<\/div>\n\t\t\t\t<\/div>\n\t\t\t\t<div class=\"elementor-element elementor-element-03cfdc1 elementor-widget elementor-widget-image\" data-id=\"03cfdc1\" data-element_type=\"widget\" data-e-type=\"widget\" data-widget_type=\"image.default\">\n\t\t\t\t<div class=\"elementor-widget-container\">\n\t\t\t\t\t\t\t\t\t\t\t\t\t\t\t\t<a href=\"https:\/\/www.instagram.com\/occrcyp_crcocpj\/?hl=en\">\n\t\t\t\t\t\t\t<img decoding=\"async\" src=\"https:\/\/www.crcoc.ca\/wp-content\/uploads\/2023\/01\/600px-Instagram_icon-e1739465632188.webp\" title=\"600px-Instagram_icon\" alt=\"600px-Instagram_icon\" loading=\"lazy\" \/>\t\t\t\t\t\t\t\t<\/a>\n\t\t\t\t\t\t\t\t\t\t\t\t\t\t\t<\/div>\n\t\t\t\t<\/div>\n\t\t\t\t\t<\/div>\n\t\t<\/div>\n\t\t\t\t\t<\/div>\n\t\t<\/section>\n\t\t\t\t<\/div>\n\t\t","protected":false},"excerpt":{"rendered":"<p>NOTRE APPROCHE ET NOTRE VISION L\u2019approche SAFE et la vision SEL sont int\u00e9gr\u00e9es \u00e0 tous les programmes et les activit\u00e9s que nous proposons. SAFE S (S\u00e9quence): Int\u00e9grer un ensemble d\u2019activit\u00e9s inter-reli\u00e9es et coordonn\u00e9es qui permettent un apprentissage \u00e9tape par \u00e9tape; A (Actif): Inclure des formes d\u2019apprentissage actives pour que les jeunes pratiquent et ma\u00eetrisent de &#8230; <a title=\"Notre approche et notre vision\" class=\"read-more\" href=\"https:\/\/www.crcoc.ca\/fr\/enfants-et-jeunes\/notre-approche-et-notre-vision\/\">Read more<\/a><\/p>\n","protected":false},"author":1,"featured_media":0,"parent":2199,"menu_order":0,"comment_status":"closed","ping_status":"closed","template":"","meta":{"footnotes":""},"class_list":["post-18791","page","type-page","status-publish"],"yoast_head":"<!-- This site is optimized with the Yoast SEO plugin v27.3 - https:\/\/yoast.com\/product\/yoast-seo-wordpress\/ -->\n<title>Notre approche et notre vision - CRCOC - OCCRC<\/title>\n<meta name=\"robots\" content=\"index, follow, max-snippet:-1, max-image-preview:large, max-video-preview:-1\" \/>\n<link rel=\"canonical\" href=\"https:\/\/www.crcoc.ca\/fr\/enfants-et-jeunes\/notre-approche-et-notre-vision\/\" \/>\n<meta property=\"og:locale\" content=\"fr_FR\" \/>\n<meta property=\"og:type\" content=\"article\" \/>\n<meta property=\"og:title\" content=\"Notre approche et notre vision - CRCOC - OCCRC\" \/>\n<meta property=\"og:description\" content=\"NOTRE APPROCHE ET NOTRE VISION L\u2019approche SAFE et la vision SEL sont int\u00e9gr\u00e9es \u00e0 tous les programmes et les activit\u00e9s que nous proposons. SAFE S (S\u00e9quence): Int\u00e9grer un ensemble d\u2019activit\u00e9s inter-reli\u00e9es et coordonn\u00e9es qui permettent un apprentissage \u00e9tape par \u00e9tape; A (Actif): Inclure des formes d\u2019apprentissage actives pour que les jeunes pratiquent et ma\u00eetrisent de ... Read more\" \/>\n<meta property=\"og:url\" content=\"https:\/\/www.crcoc.ca\/fr\/enfants-et-jeunes\/notre-approche-et-notre-vision\/\" \/>\n<meta property=\"og:site_name\" content=\"CRCOC - OCCRC\" \/>\n<meta property=\"article:publisher\" content=\"https:\/\/www.facebook.com\/OCCRC.CRCOC\/\" \/>\n<meta property=\"article:modified_time\" content=\"2025-09-17T20:10:28+00:00\" \/>\n<meta property=\"og:image\" content=\"http:\/\/www.crcoc.ca\/wp-content\/uploads\/2023\/01\/Jeunness-150x150.png\" \/>\n<meta name=\"twitter:card\" content=\"summary_large_image\" \/>\n<meta name=\"twitter:site\" content=\"@OCCRC_CRCOC\" \/>\n<meta name=\"twitter:label1\" content=\"Dur\u00e9e de lecture estim\u00e9e\" \/>\n\t<meta name=\"twitter:data1\" content=\"2 minutes\" \/>\n<script type=\"application\/ld+json\" class=\"yoast-schema-graph\">{\"@context\":\"https:\\\/\\\/schema.org\",\"@graph\":[{\"@type\":\"WebPage\",\"@id\":\"https:\\\/\\\/www.crcoc.ca\\\/fr\\\/enfants-et-jeunes\\\/notre-approche-et-notre-vision\\\/\",\"url\":\"https:\\\/\\\/www.crcoc.ca\\\/fr\\\/enfants-et-jeunes\\\/notre-approche-et-notre-vision\\\/\",\"name\":\"Notre approche et notre vision - CRCOC - OCCRC\",\"isPartOf\":{\"@id\":\"https:\\\/\\\/www.crcoc.ca\\\/fr\\\/#website\"},\"primaryImageOfPage\":{\"@id\":\"https:\\\/\\\/www.crcoc.ca\\\/fr\\\/enfants-et-jeunes\\\/notre-approche-et-notre-vision\\\/#primaryimage\"},\"image\":{\"@id\":\"https:\\\/\\\/www.crcoc.ca\\\/fr\\\/enfants-et-jeunes\\\/notre-approche-et-notre-vision\\\/#primaryimage\"},\"thumbnailUrl\":\"http:\\\/\\\/www.crcoc.ca\\\/wp-content\\\/uploads\\\/2023\\\/01\\\/Jeunness-150x150.png\",\"datePublished\":\"2021-01-28T16:16:29+00:00\",\"dateModified\":\"2025-09-17T20:10:28+00:00\",\"breadcrumb\":{\"@id\":\"https:\\\/\\\/www.crcoc.ca\\\/fr\\\/enfants-et-jeunes\\\/notre-approche-et-notre-vision\\\/#breadcrumb\"},\"inLanguage\":\"fr-FR\",\"potentialAction\":[{\"@type\":\"ReadAction\",\"target\":[\"https:\\\/\\\/www.crcoc.ca\\\/fr\\\/enfants-et-jeunes\\\/notre-approche-et-notre-vision\\\/\"]}]},{\"@type\":\"ImageObject\",\"inLanguage\":\"fr-FR\",\"@id\":\"https:\\\/\\\/www.crcoc.ca\\\/fr\\\/enfants-et-jeunes\\\/notre-approche-et-notre-vision\\\/#primaryimage\",\"url\":\"http:\\\/\\\/www.crcoc.ca\\\/wp-content\\\/uploads\\\/2023\\\/01\\\/Jeunness-150x150.png\",\"contentUrl\":\"http:\\\/\\\/www.crcoc.ca\\\/wp-content\\\/uploads\\\/2023\\\/01\\\/Jeunness-150x150.png\"},{\"@type\":\"BreadcrumbList\",\"@id\":\"https:\\\/\\\/www.crcoc.ca\\\/fr\\\/enfants-et-jeunes\\\/notre-approche-et-notre-vision\\\/#breadcrumb\",\"itemListElement\":[{\"@type\":\"ListItem\",\"position\":1,\"name\":\"Home\",\"item\":\"https:\\\/\\\/www.crcoc.ca\\\/fr\\\/\"},{\"@type\":\"ListItem\",\"position\":2,\"name\":\"Enfants et jeunes\",\"item\":\"https:\\\/\\\/www.crcoc.ca\\\/fr\\\/enfants-et-jeunes\\\/\"},{\"@type\":\"ListItem\",\"position\":3,\"name\":\"Notre approche et notre vision\"}]},{\"@type\":\"WebSite\",\"@id\":\"https:\\\/\\\/www.crcoc.ca\\\/fr\\\/#website\",\"url\":\"https:\\\/\\\/www.crcoc.ca\\\/fr\\\/\",\"name\":\"CRCOC - OCCRC\",\"description\":\"Centre de ressources communautaires Orl\u00e9ans-Cumberland | Orl\u00e9ans-Cumberland Community Resource Center\",\"publisher\":{\"@id\":\"https:\\\/\\\/www.crcoc.ca\\\/fr\\\/#organization\"},\"potentialAction\":[{\"@type\":\"SearchAction\",\"target\":{\"@type\":\"EntryPoint\",\"urlTemplate\":\"https:\\\/\\\/www.crcoc.ca\\\/fr\\\/?s={search_term_string}\"},\"query-input\":{\"@type\":\"PropertyValueSpecification\",\"valueRequired\":true,\"valueName\":\"search_term_string\"}}],\"inLanguage\":\"fr-FR\"},{\"@type\":\"Organization\",\"@id\":\"https:\\\/\\\/www.crcoc.ca\\\/fr\\\/#organization\",\"name\":\"Orl\u00e9ans-Cumberland Community Resource Centre\",\"url\":\"https:\\\/\\\/www.crcoc.ca\\\/fr\\\/\",\"logo\":{\"@type\":\"ImageObject\",\"inLanguage\":\"fr-FR\",\"@id\":\"https:\\\/\\\/www.crcoc.ca\\\/fr\\\/#\\\/schema\\\/logo\\\/image\\\/\",\"url\":\"https:\\\/\\\/www.crcoc.ca\\\/wp-content\\\/uploads\\\/2019\\\/01\\\/cropped-Logo_OCCRCeachside-1.png\",\"contentUrl\":\"https:\\\/\\\/www.crcoc.ca\\\/wp-content\\\/uploads\\\/2019\\\/01\\\/cropped-Logo_OCCRCeachside-1.png\",\"width\":512,\"height\":512,\"caption\":\"Orl\u00e9ans-Cumberland Community Resource Centre\"},\"image\":{\"@id\":\"https:\\\/\\\/www.crcoc.ca\\\/fr\\\/#\\\/schema\\\/logo\\\/image\\\/\"},\"sameAs\":[\"https:\\\/\\\/www.facebook.com\\\/OCCRC.CRCOC\\\/\",\"https:\\\/\\\/x.com\\\/OCCRC_CRCOC\",\"https:\\\/\\\/instagram.com\\\/occrcyp_crcocpj\\\/\"]}]}<\/script>\n<!-- \/ Yoast SEO plugin. -->","yoast_head_json":{"title":"Notre approche et notre vision - CRCOC - OCCRC","robots":{"index":"index","follow":"follow","max-snippet":"max-snippet:-1","max-image-preview":"max-image-preview:large","max-video-preview":"max-video-preview:-1"},"canonical":"https:\/\/www.crcoc.ca\/fr\/enfants-et-jeunes\/notre-approche-et-notre-vision\/","og_locale":"fr_FR","og_type":"article","og_title":"Notre approche et notre vision - CRCOC - OCCRC","og_description":"NOTRE APPROCHE ET NOTRE VISION L\u2019approche SAFE et la vision SEL sont int\u00e9gr\u00e9es \u00e0 tous les programmes et les activit\u00e9s que nous proposons. SAFE S (S\u00e9quence): Int\u00e9grer un ensemble d\u2019activit\u00e9s inter-reli\u00e9es et coordonn\u00e9es qui permettent un apprentissage \u00e9tape par \u00e9tape; A (Actif): Inclure des formes d\u2019apprentissage actives pour que les jeunes pratiquent et ma\u00eetrisent de ... Read more","og_url":"https:\/\/www.crcoc.ca\/fr\/enfants-et-jeunes\/notre-approche-et-notre-vision\/","og_site_name":"CRCOC - OCCRC","article_publisher":"https:\/\/www.facebook.com\/OCCRC.CRCOC\/","article_modified_time":"2025-09-17T20:10:28+00:00","og_image":[{"url":"http:\/\/www.crcoc.ca\/wp-content\/uploads\/2023\/01\/Jeunness-150x150.png","type":"","width":"","height":""}],"twitter_card":"summary_large_image","twitter_site":"@OCCRC_CRCOC","twitter_misc":{"Dur\u00e9e de lecture estim\u00e9e":"2 minutes"},"schema":{"@context":"https:\/\/schema.org","@graph":[{"@type":"WebPage","@id":"https:\/\/www.crcoc.ca\/fr\/enfants-et-jeunes\/notre-approche-et-notre-vision\/","url":"https:\/\/www.crcoc.ca\/fr\/enfants-et-jeunes\/notre-approche-et-notre-vision\/","name":"Notre approche et notre vision - CRCOC - OCCRC","isPartOf":{"@id":"https:\/\/www.crcoc.ca\/fr\/#website"},"primaryImageOfPage":{"@id":"https:\/\/www.crcoc.ca\/fr\/enfants-et-jeunes\/notre-approche-et-notre-vision\/#primaryimage"},"image":{"@id":"https:\/\/www.crcoc.ca\/fr\/enfants-et-jeunes\/notre-approche-et-notre-vision\/#primaryimage"},"thumbnailUrl":"http:\/\/www.crcoc.ca\/wp-content\/uploads\/2023\/01\/Jeunness-150x150.png","datePublished":"2021-01-28T16:16:29+00:00","dateModified":"2025-09-17T20:10:28+00:00","breadcrumb":{"@id":"https:\/\/www.crcoc.ca\/fr\/enfants-et-jeunes\/notre-approche-et-notre-vision\/#breadcrumb"},"inLanguage":"fr-FR","potentialAction":[{"@type":"ReadAction","target":["https:\/\/www.crcoc.ca\/fr\/enfants-et-jeunes\/notre-approche-et-notre-vision\/"]}]},{"@type":"ImageObject","inLanguage":"fr-FR","@id":"https:\/\/www.crcoc.ca\/fr\/enfants-et-jeunes\/notre-approche-et-notre-vision\/#primaryimage","url":"http:\/\/www.crcoc.ca\/wp-content\/uploads\/2023\/01\/Jeunness-150x150.png","contentUrl":"http:\/\/www.crcoc.ca\/wp-content\/uploads\/2023\/01\/Jeunness-150x150.png"},{"@type":"BreadcrumbList","@id":"https:\/\/www.crcoc.ca\/fr\/enfants-et-jeunes\/notre-approche-et-notre-vision\/#breadcrumb","itemListElement":[{"@type":"ListItem","position":1,"name":"Home","item":"https:\/\/www.crcoc.ca\/fr\/"},{"@type":"ListItem","position":2,"name":"Enfants et jeunes","item":"https:\/\/www.crcoc.ca\/fr\/enfants-et-jeunes\/"},{"@type":"ListItem","position":3,"name":"Notre approche et notre vision"}]},{"@type":"WebSite","@id":"https:\/\/www.crcoc.ca\/fr\/#website","url":"https:\/\/www.crcoc.ca\/fr\/","name":"CRCOC - OCCRC","description":"Centre de ressources communautaires Orl\u00e9ans-Cumberland | Orl\u00e9ans-Cumberland Community Resource Center","publisher":{"@id":"https:\/\/www.crcoc.ca\/fr\/#organization"},"potentialAction":[{"@type":"SearchAction","target":{"@type":"EntryPoint","urlTemplate":"https:\/\/www.crcoc.ca\/fr\/?s={search_term_string}"},"query-input":{"@type":"PropertyValueSpecification","valueRequired":true,"valueName":"search_term_string"}}],"inLanguage":"fr-FR"},{"@type":"Organization","@id":"https:\/\/www.crcoc.ca\/fr\/#organization","name":"Orl\u00e9ans-Cumberland Community Resource Centre","url":"https:\/\/www.crcoc.ca\/fr\/","logo":{"@type":"ImageObject","inLanguage":"fr-FR","@id":"https:\/\/www.crcoc.ca\/fr\/#\/schema\/logo\/image\/","url":"https:\/\/www.crcoc.ca\/wp-content\/uploads\/2019\/01\/cropped-Logo_OCCRCeachside-1.png","contentUrl":"https:\/\/www.crcoc.ca\/wp-content\/uploads\/2019\/01\/cropped-Logo_OCCRCeachside-1.png","width":512,"height":512,"caption":"Orl\u00e9ans-Cumberland Community Resource Centre"},"image":{"@id":"https:\/\/www.crcoc.ca\/fr\/#\/schema\/logo\/image\/"},"sameAs":["https:\/\/www.facebook.com\/OCCRC.CRCOC\/","https:\/\/x.com\/OCCRC_CRCOC","https:\/\/instagram.com\/occrcyp_crcocpj\/"]}]}},"_links":{"self":[{"href":"https:\/\/www.crcoc.ca\/fr\/wp-json\/wp\/v2\/pages\/18791","targetHints":{"allow":["GET"]}}],"collection":[{"href":"https:\/\/www.crcoc.ca\/fr\/wp-json\/wp\/v2\/pages"}],"about":[{"href":"https:\/\/www.crcoc.ca\/fr\/wp-json\/wp\/v2\/types\/page"}],"author":[{"embeddable":true,"href":"https:\/\/www.crcoc.ca\/fr\/wp-json\/wp\/v2\/users\/1"}],"replies":[{"embeddable":true,"href":"https:\/\/www.crcoc.ca\/fr\/wp-json\/wp\/v2\/comments?post=18791"}],"version-history":[{"count":20,"href":"https:\/\/www.crcoc.ca\/fr\/wp-json\/wp\/v2\/pages\/18791\/revisions"}],"predecessor-version":[{"id":36283,"href":"https:\/\/www.crcoc.ca\/fr\/wp-json\/wp\/v2\/pages\/18791\/revisions\/36283"}],"up":[{"embeddable":true,"href":"https:\/\/www.crcoc.ca\/fr\/wp-json\/wp\/v2\/pages\/2199"}],"wp:attachment":[{"href":"https:\/\/www.crcoc.ca\/fr\/wp-json\/wp\/v2\/media?parent=18791"}],"curies":[{"name":"wp","href":"https:\/\/api.w.org\/{rel}","templated":true}]}}