{"id":1762,"date":"2019-02-20T12:10:18","date_gmt":"2019-02-20T17:10:18","guid":{"rendered":"http:\/\/crcoc.ca\/seniors-resources\/"},"modified":"2021-06-23T19:18:30","modified_gmt":"2021-06-23T23:18:30","slug":"ressources-pour-aines","status":"publish","type":"page","link":"https:\/\/www.crcoc.ca\/fr\/adultes\/ressources-pour-aines\/","title":{"rendered":"Ressources pour a\u00een\u00e9s"},"content":{"rendered":"\t\t<div data-elementor-type=\"wp-post\" data-elementor-id=\"1762\" class=\"elementor elementor-1762 elementor-1750\" data-elementor-post-type=\"page\">\n\t\t\t\t\t\t<section class=\"elementor-section elementor-top-section elementor-element elementor-element-6120ac5 elementor-section-boxed elementor-section-height-default elementor-section-height-default\" data-id=\"6120ac5\" data-element_type=\"section\" data-e-type=\"section\">\n\t\t\t\t\t\t<div class=\"elementor-container elementor-column-gap-default\">\n\t\t\t\t\t<div class=\"elementor-column elementor-col-100 elementor-top-column elementor-element elementor-element-29549e7\" data-id=\"29549e7\" data-element_type=\"column\" data-e-type=\"column\">\n\t\t\t<div class=\"elementor-widget-wrap elementor-element-populated\">\n\t\t\t\t\t\t<section class=\"elementor-section elementor-inner-section elementor-element elementor-element-9e1b91a elementor-section-boxed elementor-section-height-default elementor-section-height-default\" data-id=\"9e1b91a\" data-element_type=\"section\" data-e-type=\"section\">\n\t\t\t\t\t\t<div class=\"elementor-container elementor-column-gap-default\">\n\t\t\t\t\t<div class=\"elementor-column elementor-col-25 elementor-inner-column elementor-element elementor-element-365f53d\" data-id=\"365f53d\" data-element_type=\"column\" data-e-type=\"column\">\n\t\t\t<div class=\"elementor-widget-wrap elementor-element-populated\">\n\t\t\t\t\t\t<div class=\"elementor-element elementor-element-71bcd3f elementor-widget elementor-widget-image\" data-id=\"71bcd3f\" data-element_type=\"widget\" data-e-type=\"widget\" data-widget_type=\"image.default\">\n\t\t\t\t<div class=\"elementor-widget-container\">\n\t\t\t\t\t\t\t\t\t\t\t\t<figure class=\"wp-caption\">\n\t\t\t\t\t\t\t\t\t\t\t<a href=\"https:\/\/211ontario.ca\/fr\/211-sujets\/parcourir-tous-les-sujets\/\">\n\t\t\t\t\t\t\t<img decoding=\"async\" src=\"http:\/\/www.crcoc.ca\/wp-content\/uploads\/elementor\/thumbs\/partners_logo_211_ontario-ox5kfhgabnv9uz7px638i6g4jxgdrukhmejkgc0a9s.png\" title=\"partners_logo_211_ontario\" alt=\"partners_logo_211_ontario\" loading=\"lazy\" \/>\t\t\t\t\t\t\t\t<\/a>\n\t\t\t\t\t\t\t\t\t\t\t<figcaption class=\"widget-image-caption wp-caption-text\">Service 211 Ontario<\/figcaption>\n\t\t\t\t\t\t\t\t\t\t<\/figure>\n\t\t\t\t\t\t\t\t\t<\/div>\n\t\t\t\t<\/div>\n\t\t\t\t<div class=\"elementor-element elementor-element-174799c elementor-align-center elementor-widget elementor-widget-button\" data-id=\"174799c\" data-element_type=\"widget\" data-e-type=\"widget\" data-widget_type=\"button.default\">\n\t\t\t\t<div class=\"elementor-widget-container\">\n\t\t\t\t\t\t\t\t\t<div class=\"elementor-button-wrapper\">\n\t\t\t\t\t<a class=\"elementor-button elementor-button-link elementor-size-sm\" href=\"https:\/\/211ontario.ca\/fr\/211-sujets\/parcourir-tous-les-sujets\/\">\n\t\t\t\t\t\t<span class=\"elementor-button-content-wrapper\">\n\t\t\t\t\t\t\t\t\t<span class=\"elementor-button-text\">Aller au site web<\/span>\n\t\t\t\t\t<\/span>\n\t\t\t\t\t<\/a>\n\t\t\t\t<\/div>\n\t\t\t\t\t\t\t\t<\/div>\n\t\t\t\t<\/div>\n\t\t\t\t<div class=\"elementor-element elementor-element-e4c672e elementor-widget elementor-widget-text-editor\" data-id=\"e4c672e\" data-element_type=\"widget\" data-e-type=\"widget\" data-widget_type=\"text-editor.default\">\n\t\t\t\t<div class=\"elementor-widget-container\">\n\t\t\t\t\t\t\t\t\t<p>Ligne d\u2019aide t\u00e9l\u00e9phonique (2-1-1)<\/p><p>Service 211 Ontario peut vous diriger vers les ressources dont vous avez besoin\u00a0: services sociaux et communautaires, services de sant\u00e9 et autres services du gouvernement de l\u2019Ontario.<\/p>\t\t\t\t\t\t\t\t<\/div>\n\t\t\t\t<\/div>\n\t\t\t\t\t<\/div>\n\t\t<\/div>\n\t\t\t\t<div class=\"elementor-column elementor-col-25 elementor-inner-column elementor-element elementor-element-270d62a\" data-id=\"270d62a\" data-element_type=\"column\" data-e-type=\"column\">\n\t\t\t<div class=\"elementor-widget-wrap elementor-element-populated\">\n\t\t\t\t\t\t<div class=\"elementor-element elementor-element-56d8520 elementor-widget elementor-widget-image\" data-id=\"56d8520\" data-element_type=\"widget\" data-e-type=\"widget\" data-widget_type=\"image.default\">\n\t\t\t\t<div class=\"elementor-widget-container\">\n\t\t\t\t\t\t\t\t\t\t\t\t<figure class=\"wp-caption\">\n\t\t\t\t\t\t\t\t\t\t\t<a href=\"https:\/\/rafo.ca\/\">\n\t\t\t\t\t\t\t<img decoding=\"async\" src=\"http:\/\/www.crcoc.ca\/wp-content\/uploads\/elementor\/thumbs\/logo-RAFO_20e_couleur-p940ca9pg8apa8wadm07tgukpm09w2inlepks03lkw.jpg\" title=\"logo RAFO_20e_couleur\" alt=\"logo RAFO_20e_couleur\" loading=\"lazy\" \/>\t\t\t\t\t\t\t\t<\/a>\n\t\t\t\t\t\t\t\t\t\t\t<figcaption class=\"widget-image-caption wp-caption-text\">Rendez-vous des a\u00een\u00e9s francophones d\u2019Ottawa<\/figcaption>\n\t\t\t\t\t\t\t\t\t\t<\/figure>\n\t\t\t\t\t\t\t\t\t<\/div>\n\t\t\t\t<\/div>\n\t\t\t\t<div class=\"elementor-element elementor-element-234ae55 elementor-align-center elementor-widget elementor-widget-button\" data-id=\"234ae55\" data-element_type=\"widget\" data-e-type=\"widget\" data-widget_type=\"button.default\">\n\t\t\t\t<div class=\"elementor-widget-container\">\n\t\t\t\t\t\t\t\t\t<div class=\"elementor-button-wrapper\">\n\t\t\t\t\t<a class=\"elementor-button elementor-button-link elementor-size-sm\" href=\"https:\/\/rafo.ca\/\">\n\t\t\t\t\t\t<span class=\"elementor-button-content-wrapper\">\n\t\t\t\t\t\t\t\t\t<span class=\"elementor-button-text\">Aller au site web<\/span>\n\t\t\t\t\t<\/span>\n\t\t\t\t\t<\/a>\n\t\t\t\t<\/div>\n\t\t\t\t\t\t\t\t<\/div>\n\t\t\t\t<\/div>\n\t\t\t\t<div class=\"elementor-element elementor-element-8e158ff elementor-widget elementor-widget-text-editor\" data-id=\"8e158ff\" data-element_type=\"widget\" data-e-type=\"widget\" data-widget_type=\"text-editor.default\">\n\t\t\t\t<div class=\"elementor-widget-container\">\n\t\t\t\t\t\t\t\t\t<p>Centre d\u2019activit\u00e9s, de divertissement et d\u2019apprentissage sans but lucratif pour les retrait\u00e9s francophones de 50 ans et plus de la r\u00e9gion d\u2019Ottawa.<\/p>\t\t\t\t\t\t\t\t<\/div>\n\t\t\t\t<\/div>\n\t\t\t\t\t<\/div>\n\t\t<\/div>\n\t\t\t\t<div class=\"elementor-column elementor-col-25 elementor-inner-column elementor-element elementor-element-3030606\" data-id=\"3030606\" data-element_type=\"column\" data-e-type=\"column\">\n\t\t\t<div class=\"elementor-widget-wrap elementor-element-populated\">\n\t\t\t\t\t\t<div class=\"elementor-element elementor-element-489f6a3 elementor-widget elementor-widget-image\" data-id=\"489f6a3\" data-element_type=\"widget\" data-e-type=\"widget\" data-widget_type=\"image.default\">\n\t\t\t\t<div class=\"elementor-widget-container\">\n\t\t\t\t\t\t\t\t\t\t\t\t<figure class=\"wp-caption\">\n\t\t\t\t\t\t\t\t\t\t\t<a href=\"http:\/\/mifo.ca\/activites-recreatives\/csmo-50-ans-et\/\">\n\t\t\t\t\t\t\t<img decoding=\"async\" src=\"http:\/\/www.crcoc.ca\/wp-content\/uploads\/elementor\/thumbs\/MIFO-ox5kfhgabnv5kakmb6ytihito7zat0gc9yzmfeu58g.png\" title=\"MIFO\" alt=\"MIFO\" loading=\"lazy\" \/>\t\t\t\t\t\t\t\t<\/a>\n\t\t\t\t\t\t\t\t\t\t\t<figcaption class=\"widget-image-caption wp-caption-text\">Mouvement d\u2019implication francophone d\u2019Orl\u00e9ans<\/figcaption>\n\t\t\t\t\t\t\t\t\t\t<\/figure>\n\t\t\t\t\t\t\t\t\t<\/div>\n\t\t\t\t<\/div>\n\t\t\t\t<div class=\"elementor-element elementor-element-d678653 elementor-align-center elementor-widget elementor-widget-button\" data-id=\"d678653\" data-element_type=\"widget\" data-e-type=\"widget\" data-widget_type=\"button.default\">\n\t\t\t\t<div class=\"elementor-widget-container\">\n\t\t\t\t\t\t\t\t\t<div class=\"elementor-button-wrapper\">\n\t\t\t\t\t<a class=\"elementor-button elementor-button-link elementor-size-sm\" href=\"http:\/\/mifo.ca\/activites-recreatives\/csmo-50-ans-et\/\">\n\t\t\t\t\t\t<span class=\"elementor-button-content-wrapper\">\n\t\t\t\t\t\t\t\t\t<span class=\"elementor-button-text\">Aller au site web<\/span>\n\t\t\t\t\t<\/span>\n\t\t\t\t\t<\/a>\n\t\t\t\t<\/div>\n\t\t\t\t\t\t\t\t<\/div>\n\t\t\t\t<\/div>\n\t\t\t\t<div class=\"elementor-element elementor-element-53779b8 elementor-widget elementor-widget-text-editor\" data-id=\"53779b8\" data-element_type=\"widget\" data-e-type=\"widget\" data-widget_type=\"text-editor.default\">\n\t\t\t\t<div class=\"elementor-widget-container\">\n\t\t\t\t\t\t\t\t\t<p>Offre aux retrait\u00e9s et semi-retrait\u00e9s des activit\u00e9s leur permettant de se rencontrer, de s\u2019\u00e9panouir et de vieillir en sant\u00e9 dans un milieu francophone.<\/p>\t\t\t\t\t\t\t\t<\/div>\n\t\t\t\t<\/div>\n\t\t\t\t\t<\/div>\n\t\t<\/div>\n\t\t\t\t<div class=\"elementor-column elementor-col-25 elementor-inner-column elementor-element elementor-element-0fb443d\" data-id=\"0fb443d\" data-element_type=\"column\" data-e-type=\"column\">\n\t\t\t<div class=\"elementor-widget-wrap elementor-element-populated\">\n\t\t\t\t\t\t<div class=\"elementor-element elementor-element-bbe0692 elementor-widget elementor-widget-image\" data-id=\"bbe0692\" data-element_type=\"widget\" data-e-type=\"widget\" data-widget_type=\"image.default\">\n\t\t\t\t<div class=\"elementor-widget-container\">\n\t\t\t\t\t\t\t\t\t\t\t\t<figure class=\"wp-caption\">\n\t\t\t\t\t\t\t\t\t\t\t<a href=\"http:\/\/healthcareathome.ca\/champlain\/fr\">\n\t\t\t\t\t\t\t<img decoding=\"async\" src=\"http:\/\/www.crcoc.ca\/wp-content\/uploads\/elementor\/thumbs\/Home-and-community-care-ox5kfhgcgepev72jagd9w2aq9t8ran24ilwsfuqs52.jpg\" title=\"Home and community care\" alt=\"Home and community care\" loading=\"lazy\" \/>\t\t\t\t\t\t\t\t<\/a>\n\t\t\t\t\t\t\t\t\t\t\t<figcaption class=\"widget-image-caption wp-caption-text\">Soins \u00e0 domicile et en milieu communautaire<\/figcaption>\n\t\t\t\t\t\t\t\t\t\t<\/figure>\n\t\t\t\t\t\t\t\t\t<\/div>\n\t\t\t\t<\/div>\n\t\t\t\t<div class=\"elementor-element elementor-element-fe432b1 elementor-align-center elementor-widget elementor-widget-button\" data-id=\"fe432b1\" data-element_type=\"widget\" data-e-type=\"widget\" data-widget_type=\"button.default\">\n\t\t\t\t<div class=\"elementor-widget-container\">\n\t\t\t\t\t\t\t\t\t<div class=\"elementor-button-wrapper\">\n\t\t\t\t\t<a class=\"elementor-button elementor-button-link elementor-size-sm\" href=\"http:\/\/healthcareathome.ca\/champlain\/fr\">\n\t\t\t\t\t\t<span class=\"elementor-button-content-wrapper\">\n\t\t\t\t\t\t\t\t\t<span class=\"elementor-button-text\">Aller au site web<\/span>\n\t\t\t\t\t<\/span>\n\t\t\t\t\t<\/a>\n\t\t\t\t<\/div>\n\t\t\t\t\t\t\t\t<\/div>\n\t\t\t\t<\/div>\n\t\t\t\t<div class=\"elementor-element elementor-element-b38ecd7 elementor-widget elementor-widget-text-editor\" data-id=\"b38ecd7\" data-element_type=\"widget\" data-e-type=\"widget\" data-widget_type=\"text-editor.default\">\n\t\t\t\t<div class=\"elementor-widget-container\">\n\t\t\t\t\t\t\t\t\t<p>R\u00e9gion Champlain<\/p>\t\t\t\t\t\t\t\t<\/div>\n\t\t\t\t<\/div>\n\t\t\t\t\t<\/div>\n\t\t<\/div>\n\t\t\t\t\t<\/div>\n\t\t<\/section>\n\t\t\t\t\t<\/div>\n\t\t<\/div>\n\t\t\t\t\t<\/div>\n\t\t<\/section>\n\t\t\t\t<\/div>\n\t\t","protected":false},"excerpt":{"rendered":"<p>Service 211 Ontario Aller au site web Ligne d\u2019aide t\u00e9l\u00e9phonique (2-1-1) Service 211 Ontario peut vous diriger vers les ressources dont vous avez besoin\u00a0: services sociaux et communautaires, services de sant\u00e9 et autres services du gouvernement de l\u2019Ontario. Rendez-vous des a\u00een\u00e9s francophones d\u2019Ottawa Aller au site web Centre d\u2019activit\u00e9s, de divertissement et d\u2019apprentissage sans but &#8230; <a title=\"Ressources pour a\u00een\u00e9s\" class=\"read-more\" href=\"https:\/\/www.crcoc.ca\/fr\/adultes\/ressources-pour-aines\/\">Read more<\/a><\/p>\n","protected":false},"author":1,"featured_media":0,"parent":684,"menu_order":0,"comment_status":"closed","ping_status":"closed","template":"","meta":{"footnotes":""},"class_list":["post-1762","page","type-page","status-publish"],"yoast_head":"<!-- This site is optimized with the Yoast SEO plugin v27.3 - https:\/\/yoast.com\/product\/yoast-seo-wordpress\/ -->\n<title>Ressources pour a\u00een\u00e9s - CRCOC - OCCRC<\/title>\n<meta name=\"robots\" content=\"index, follow, max-snippet:-1, max-image-preview:large, max-video-preview:-1\" \/>\n<link rel=\"canonical\" href=\"https:\/\/www.crcoc.ca\/fr\/adultes\/ressources-pour-aines\/\" \/>\n<meta property=\"og:locale\" content=\"fr_FR\" \/>\n<meta property=\"og:type\" content=\"article\" \/>\n<meta property=\"og:title\" content=\"Ressources pour a\u00een\u00e9s - CRCOC - OCCRC\" \/>\n<meta property=\"og:description\" content=\"Service 211 Ontario Aller au site web Ligne d\u2019aide t\u00e9l\u00e9phonique (2-1-1) Service 211 Ontario peut vous diriger vers les ressources dont vous avez besoin\u00a0: services sociaux et communautaires, services de sant\u00e9 et autres services du gouvernement de l\u2019Ontario. Rendez-vous des a\u00een\u00e9s francophones d\u2019Ottawa Aller au site web Centre d\u2019activit\u00e9s, de divertissement et d\u2019apprentissage sans but ... Read more\" \/>\n<meta property=\"og:url\" content=\"https:\/\/www.crcoc.ca\/fr\/adultes\/ressources-pour-aines\/\" \/>\n<meta property=\"og:site_name\" content=\"CRCOC - OCCRC\" \/>\n<meta property=\"article:publisher\" content=\"https:\/\/www.facebook.com\/OCCRC.CRCOC\/\" \/>\n<meta property=\"article:modified_time\" content=\"2021-06-23T23:18:30+00:00\" \/>\n<meta property=\"og:image\" content=\"https:\/\/www.crcoc.ca\/wp-content\/uploads\/elementor\/thumbs\/partners_logo_211_ontario-ox5kfhgabnv9uz7px638i6g4jxgdrukhmejkgc0a9s.png\" \/>\n<meta name=\"twitter:card\" content=\"summary_large_image\" \/>\n<meta name=\"twitter:site\" content=\"@OCCRC_CRCOC\" \/>\n<meta name=\"twitter:label1\" content=\"Dur\u00e9e de lecture estim\u00e9e\" \/>\n\t<meta name=\"twitter:data1\" content=\"2 minutes\" \/>\n<script type=\"application\/ld+json\" class=\"yoast-schema-graph\">{\"@context\":\"https:\\\/\\\/schema.org\",\"@graph\":[{\"@type\":\"WebPage\",\"@id\":\"https:\\\/\\\/www.crcoc.ca\\\/fr\\\/adultes\\\/ressources-pour-aines\\\/\",\"url\":\"https:\\\/\\\/www.crcoc.ca\\\/fr\\\/adultes\\\/ressources-pour-aines\\\/\",\"name\":\"Ressources pour a\u00een\u00e9s - CRCOC - OCCRC\",\"isPartOf\":{\"@id\":\"http:\\\/\\\/www.crcoc.ca\\\/fr\\\/#website\"},\"primaryImageOfPage\":{\"@id\":\"https:\\\/\\\/www.crcoc.ca\\\/fr\\\/adultes\\\/ressources-pour-aines\\\/#primaryimage\"},\"image\":{\"@id\":\"https:\\\/\\\/www.crcoc.ca\\\/fr\\\/adultes\\\/ressources-pour-aines\\\/#primaryimage\"},\"thumbnailUrl\":\"https:\\\/\\\/www.crcoc.ca\\\/wp-content\\\/uploads\\\/elementor\\\/thumbs\\\/partners_logo_211_ontario-ox5kfhgabnv9uz7px638i6g4jxgdrukhmejkgc0a9s.png\",\"datePublished\":\"2019-02-20T17:10:18+00:00\",\"dateModified\":\"2021-06-23T23:18:30+00:00\",\"breadcrumb\":{\"@id\":\"https:\\\/\\\/www.crcoc.ca\\\/fr\\\/adultes\\\/ressources-pour-aines\\\/#breadcrumb\"},\"inLanguage\":\"fr-FR\",\"potentialAction\":[{\"@type\":\"ReadAction\",\"target\":[\"https:\\\/\\\/www.crcoc.ca\\\/fr\\\/adultes\\\/ressources-pour-aines\\\/\"]}]},{\"@type\":\"ImageObject\",\"inLanguage\":\"fr-FR\",\"@id\":\"https:\\\/\\\/www.crcoc.ca\\\/fr\\\/adultes\\\/ressources-pour-aines\\\/#primaryimage\",\"url\":\"https:\\\/\\\/www.crcoc.ca\\\/wp-content\\\/uploads\\\/elementor\\\/thumbs\\\/partners_logo_211_ontario-ox5kfhgabnv9uz7px638i6g4jxgdrukhmejkgc0a9s.png\",\"contentUrl\":\"https:\\\/\\\/www.crcoc.ca\\\/wp-content\\\/uploads\\\/elementor\\\/thumbs\\\/partners_logo_211_ontario-ox5kfhgabnv9uz7px638i6g4jxgdrukhmejkgc0a9s.png\"},{\"@type\":\"BreadcrumbList\",\"@id\":\"https:\\\/\\\/www.crcoc.ca\\\/fr\\\/adultes\\\/ressources-pour-aines\\\/#breadcrumb\",\"itemListElement\":[{\"@type\":\"ListItem\",\"position\":1,\"name\":\"Home\",\"item\":\"http:\\\/\\\/www.crcoc.ca\\\/fr\\\/\"},{\"@type\":\"ListItem\",\"position\":2,\"name\":\"Adultes\",\"item\":\"http:\\\/\\\/www.crcoc.ca\\\/fr\\\/adultes\\\/\"},{\"@type\":\"ListItem\",\"position\":3,\"name\":\"Ressources pour a\u00een\u00e9s\"}]},{\"@type\":\"WebSite\",\"@id\":\"http:\\\/\\\/www.crcoc.ca\\\/fr\\\/#website\",\"url\":\"http:\\\/\\\/www.crcoc.ca\\\/fr\\\/\",\"name\":\"CRCOC - OCCRC\",\"description\":\"Centre de ressources communautaires Orl\u00e9ans-Cumberland | Orl\u00e9ans-Cumberland Community Resource Center\",\"publisher\":{\"@id\":\"http:\\\/\\\/www.crcoc.ca\\\/fr\\\/#organization\"},\"potentialAction\":[{\"@type\":\"SearchAction\",\"target\":{\"@type\":\"EntryPoint\",\"urlTemplate\":\"http:\\\/\\\/www.crcoc.ca\\\/fr\\\/?s={search_term_string}\"},\"query-input\":{\"@type\":\"PropertyValueSpecification\",\"valueRequired\":true,\"valueName\":\"search_term_string\"}}],\"inLanguage\":\"fr-FR\"},{\"@type\":\"Organization\",\"@id\":\"http:\\\/\\\/www.crcoc.ca\\\/fr\\\/#organization\",\"name\":\"Orl\u00e9ans-Cumberland Community Resource Centre\",\"url\":\"http:\\\/\\\/www.crcoc.ca\\\/fr\\\/\",\"logo\":{\"@type\":\"ImageObject\",\"inLanguage\":\"fr-FR\",\"@id\":\"http:\\\/\\\/www.crcoc.ca\\\/fr\\\/#\\\/schema\\\/logo\\\/image\\\/\",\"url\":\"https:\\\/\\\/www.crcoc.ca\\\/wp-content\\\/uploads\\\/2019\\\/01\\\/cropped-Logo_OCCRCeachside-1.png\",\"contentUrl\":\"https:\\\/\\\/www.crcoc.ca\\\/wp-content\\\/uploads\\\/2019\\\/01\\\/cropped-Logo_OCCRCeachside-1.png\",\"width\":512,\"height\":512,\"caption\":\"Orl\u00e9ans-Cumberland Community Resource Centre\"},\"image\":{\"@id\":\"http:\\\/\\\/www.crcoc.ca\\\/fr\\\/#\\\/schema\\\/logo\\\/image\\\/\"},\"sameAs\":[\"https:\\\/\\\/www.facebook.com\\\/OCCRC.CRCOC\\\/\",\"https:\\\/\\\/x.com\\\/OCCRC_CRCOC\",\"https:\\\/\\\/instagram.com\\\/occrcyp_crcocpj\\\/\"]}]}<\/script>\n<!-- \/ Yoast SEO plugin. -->","yoast_head_json":{"title":"Ressources pour a\u00een\u00e9s - CRCOC - OCCRC","robots":{"index":"index","follow":"follow","max-snippet":"max-snippet:-1","max-image-preview":"max-image-preview:large","max-video-preview":"max-video-preview:-1"},"canonical":"https:\/\/www.crcoc.ca\/fr\/adultes\/ressources-pour-aines\/","og_locale":"fr_FR","og_type":"article","og_title":"Ressources pour a\u00een\u00e9s - CRCOC - OCCRC","og_description":"Service 211 Ontario Aller au site web Ligne d\u2019aide t\u00e9l\u00e9phonique (2-1-1) Service 211 Ontario peut vous diriger vers les ressources dont vous avez besoin\u00a0: services sociaux et communautaires, services de sant\u00e9 et autres services du gouvernement de l\u2019Ontario. Rendez-vous des a\u00een\u00e9s francophones d\u2019Ottawa Aller au site web Centre d\u2019activit\u00e9s, de divertissement et d\u2019apprentissage sans but ... Read more","og_url":"https:\/\/www.crcoc.ca\/fr\/adultes\/ressources-pour-aines\/","og_site_name":"CRCOC - OCCRC","article_publisher":"https:\/\/www.facebook.com\/OCCRC.CRCOC\/","article_modified_time":"2021-06-23T23:18:30+00:00","og_image":[{"url":"https:\/\/www.crcoc.ca\/wp-content\/uploads\/elementor\/thumbs\/partners_logo_211_ontario-ox5kfhgabnv9uz7px638i6g4jxgdrukhmejkgc0a9s.png","type":"","width":"","height":""}],"twitter_card":"summary_large_image","twitter_site":"@OCCRC_CRCOC","twitter_misc":{"Dur\u00e9e de lecture estim\u00e9e":"2 minutes"},"schema":{"@context":"https:\/\/schema.org","@graph":[{"@type":"WebPage","@id":"https:\/\/www.crcoc.ca\/fr\/adultes\/ressources-pour-aines\/","url":"https:\/\/www.crcoc.ca\/fr\/adultes\/ressources-pour-aines\/","name":"Ressources pour a\u00een\u00e9s - CRCOC - OCCRC","isPartOf":{"@id":"http:\/\/www.crcoc.ca\/fr\/#website"},"primaryImageOfPage":{"@id":"https:\/\/www.crcoc.ca\/fr\/adultes\/ressources-pour-aines\/#primaryimage"},"image":{"@id":"https:\/\/www.crcoc.ca\/fr\/adultes\/ressources-pour-aines\/#primaryimage"},"thumbnailUrl":"https:\/\/www.crcoc.ca\/wp-content\/uploads\/elementor\/thumbs\/partners_logo_211_ontario-ox5kfhgabnv9uz7px638i6g4jxgdrukhmejkgc0a9s.png","datePublished":"2019-02-20T17:10:18+00:00","dateModified":"2021-06-23T23:18:30+00:00","breadcrumb":{"@id":"https:\/\/www.crcoc.ca\/fr\/adultes\/ressources-pour-aines\/#breadcrumb"},"inLanguage":"fr-FR","potentialAction":[{"@type":"ReadAction","target":["https:\/\/www.crcoc.ca\/fr\/adultes\/ressources-pour-aines\/"]}]},{"@type":"ImageObject","inLanguage":"fr-FR","@id":"https:\/\/www.crcoc.ca\/fr\/adultes\/ressources-pour-aines\/#primaryimage","url":"https:\/\/www.crcoc.ca\/wp-content\/uploads\/elementor\/thumbs\/partners_logo_211_ontario-ox5kfhgabnv9uz7px638i6g4jxgdrukhmejkgc0a9s.png","contentUrl":"https:\/\/www.crcoc.ca\/wp-content\/uploads\/elementor\/thumbs\/partners_logo_211_ontario-ox5kfhgabnv9uz7px638i6g4jxgdrukhmejkgc0a9s.png"},{"@type":"BreadcrumbList","@id":"https:\/\/www.crcoc.ca\/fr\/adultes\/ressources-pour-aines\/#breadcrumb","itemListElement":[{"@type":"ListItem","position":1,"name":"Home","item":"http:\/\/www.crcoc.ca\/fr\/"},{"@type":"ListItem","position":2,"name":"Adultes","item":"http:\/\/www.crcoc.ca\/fr\/adultes\/"},{"@type":"ListItem","position":3,"name":"Ressources pour a\u00een\u00e9s"}]},{"@type":"WebSite","@id":"http:\/\/www.crcoc.ca\/fr\/#website","url":"http:\/\/www.crcoc.ca\/fr\/","name":"CRCOC - OCCRC","description":"Centre de ressources communautaires Orl\u00e9ans-Cumberland | Orl\u00e9ans-Cumberland Community Resource Center","publisher":{"@id":"http:\/\/www.crcoc.ca\/fr\/#organization"},"potentialAction":[{"@type":"SearchAction","target":{"@type":"EntryPoint","urlTemplate":"http:\/\/www.crcoc.ca\/fr\/?s={search_term_string}"},"query-input":{"@type":"PropertyValueSpecification","valueRequired":true,"valueName":"search_term_string"}}],"inLanguage":"fr-FR"},{"@type":"Organization","@id":"http:\/\/www.crcoc.ca\/fr\/#organization","name":"Orl\u00e9ans-Cumberland Community Resource Centre","url":"http:\/\/www.crcoc.ca\/fr\/","logo":{"@type":"ImageObject","inLanguage":"fr-FR","@id":"http:\/\/www.crcoc.ca\/fr\/#\/schema\/logo\/image\/","url":"https:\/\/www.crcoc.ca\/wp-content\/uploads\/2019\/01\/cropped-Logo_OCCRCeachside-1.png","contentUrl":"https:\/\/www.crcoc.ca\/wp-content\/uploads\/2019\/01\/cropped-Logo_OCCRCeachside-1.png","width":512,"height":512,"caption":"Orl\u00e9ans-Cumberland Community Resource Centre"},"image":{"@id":"http:\/\/www.crcoc.ca\/fr\/#\/schema\/logo\/image\/"},"sameAs":["https:\/\/www.facebook.com\/OCCRC.CRCOC\/","https:\/\/x.com\/OCCRC_CRCOC","https:\/\/instagram.com\/occrcyp_crcocpj\/"]}]}},"_links":{"self":[{"href":"https:\/\/www.crcoc.ca\/fr\/wp-json\/wp\/v2\/pages\/1762","targetHints":{"allow":["GET"]}}],"collection":[{"href":"https:\/\/www.crcoc.ca\/fr\/wp-json\/wp\/v2\/pages"}],"about":[{"href":"https:\/\/www.crcoc.ca\/fr\/wp-json\/wp\/v2\/types\/page"}],"author":[{"embeddable":true,"href":"https:\/\/www.crcoc.ca\/fr\/wp-json\/wp\/v2\/users\/1"}],"replies":[{"embeddable":true,"href":"https:\/\/www.crcoc.ca\/fr\/wp-json\/wp\/v2\/comments?post=1762"}],"version-history":[{"count":3,"href":"https:\/\/www.crcoc.ca\/fr\/wp-json\/wp\/v2\/pages\/1762\/revisions"}],"predecessor-version":[{"id":21231,"href":"https:\/\/www.crcoc.ca\/fr\/wp-json\/wp\/v2\/pages\/1762\/revisions\/21231"}],"up":[{"embeddable":true,"href":"https:\/\/www.crcoc.ca\/fr\/wp-json\/wp\/v2\/pages\/684"}],"wp:attachment":[{"href":"https:\/\/www.crcoc.ca\/fr\/wp-json\/wp\/v2\/media?parent=1762"}],"curies":[{"name":"wp","href":"https:\/\/api.w.org\/{rel}","templated":true}]}}