{"id":1663,"date":"2019-02-20T10:14:20","date_gmt":"2019-02-20T15:14:20","guid":{"rendered":"http:\/\/crcoc.ca\/our-communities\/"},"modified":"2026-02-03T09:38:13","modified_gmt":"2026-02-03T14:38:13","slug":"nos-communautes","status":"publish","type":"page","link":"https:\/\/www.crcoc.ca\/fr\/a-propos\/nos-communautes\/","title":{"rendered":"Nos communaut\u00e9s"},"content":{"rendered":"\t\t<div data-elementor-type=\"wp-post\" data-elementor-id=\"1663\" class=\"elementor elementor-1663 elementor-1635\" data-elementor-post-type=\"page\">\n\t\t\t\t\t\t<section class=\"elementor-section elementor-top-section elementor-element elementor-element-25a474b elementor-section-boxed elementor-section-height-default elementor-section-height-default\" data-id=\"25a474b\" data-element_type=\"section\" data-e-type=\"section\">\n\t\t\t\t\t\t<div class=\"elementor-container elementor-column-gap-default\">\n\t\t\t\t\t<div class=\"elementor-column elementor-col-100 elementor-top-column elementor-element elementor-element-9d98515\" data-id=\"9d98515\" data-element_type=\"column\" data-e-type=\"column\">\n\t\t\t<div class=\"elementor-widget-wrap elementor-element-populated\">\n\t\t\t\t\t\t<div class=\"elementor-element elementor-element-6487a39 elementor-widget elementor-widget-heading\" data-id=\"6487a39\" data-element_type=\"widget\" data-e-type=\"widget\" data-widget_type=\"heading.default\">\n\t\t\t\t<div class=\"elementor-widget-container\">\n\t\t\t\t\t<h2 class=\"elementor-heading-title elementor-size-default\">NOS COMMUNAUT\u00c9S<\/h2>\t\t\t\t<\/div>\n\t\t\t\t<\/div>\n\t\t\t\t<div class=\"elementor-element elementor-element-bb7f8d4 elementor-widget elementor-widget-image\" data-id=\"bb7f8d4\" data-element_type=\"widget\" data-e-type=\"widget\" data-widget_type=\"image.default\">\n\t\t\t\t<div class=\"elementor-widget-container\">\n\t\t\t\t\t\t\t\t\t\t\t\t\t\t\t<img fetchpriority=\"high\" decoding=\"async\" width=\"768\" height=\"541\" src=\"https:\/\/www.crcoc.ca\/wp-content\/uploads\/2023\/02\/Screenshot-2023-02-06-at-2.05.52-PM-768x541.png\" class=\"attachment-medium_large size-medium_large wp-image-28362\" alt=\"\" srcset=\"https:\/\/www.crcoc.ca\/wp-content\/uploads\/2023\/02\/Screenshot-2023-02-06-at-2.05.52-PM-768x541.png 768w, https:\/\/www.crcoc.ca\/wp-content\/uploads\/2023\/02\/Screenshot-2023-02-06-at-2.05.52-PM-300x211.png 300w, https:\/\/www.crcoc.ca\/wp-content\/uploads\/2023\/02\/Screenshot-2023-02-06-at-2.05.52-PM-1024x721.png 1024w, https:\/\/www.crcoc.ca\/wp-content\/uploads\/2023\/02\/Screenshot-2023-02-06-at-2.05.52-PM.png 1352w\" sizes=\"(max-width: 768px) 100vw, 768px\" \/>\t\t\t\t\t\t\t\t\t\t\t\t\t\t\t<\/div>\n\t\t\t\t<\/div>\n\t\t\t\t\t<\/div>\n\t\t<\/div>\n\t\t\t\t\t<\/div>\n\t\t<\/section>\n\t\t\t\t<section class=\"elementor-section elementor-top-section elementor-element elementor-element-3d2da27 elementor-section-boxed elementor-section-height-default elementor-section-height-default\" data-id=\"3d2da27\" data-element_type=\"section\" data-e-type=\"section\">\n\t\t\t\t\t\t<div class=\"elementor-container elementor-column-gap-default\">\n\t\t\t\t\t<div class=\"elementor-column elementor-col-33 elementor-top-column elementor-element elementor-element-158100d\" data-id=\"158100d\" data-element_type=\"column\" data-e-type=\"column\">\n\t\t\t<div class=\"elementor-widget-wrap elementor-element-populated\">\n\t\t\t\t\t\t<div class=\"elementor-element elementor-element-2de5e00 elementor-widget elementor-widget-spacer\" data-id=\"2de5e00\" data-element_type=\"widget\" data-e-type=\"widget\" data-widget_type=\"spacer.default\">\n\t\t\t\t<div class=\"elementor-widget-container\">\n\t\t\t\t\t\t\t<div class=\"elementor-spacer\">\n\t\t\t<div class=\"elementor-spacer-inner\"><\/div>\n\t\t<\/div>\n\t\t\t\t\t\t<\/div>\n\t\t\t\t<\/div>\n\t\t\t\t<div class=\"elementor-element elementor-element-c588a9f elementor-widget elementor-widget-text-editor\" data-id=\"c588a9f\" data-element_type=\"widget\" data-e-type=\"widget\" data-widget_type=\"text-editor.default\">\n\t\t\t\t<div class=\"elementor-widget-container\">\n\t\t\t\t\t\t\t\t\t<ul><li><strong>Orl\u00e9ans<\/strong><\/li><li><strong>Cumberland<\/strong><\/li><\/ul>\t\t\t\t\t\t\t\t<\/div>\n\t\t\t\t<\/div>\n\t\t\t\t\t<\/div>\n\t\t<\/div>\n\t\t\t\t<div class=\"elementor-column elementor-col-33 elementor-top-column elementor-element elementor-element-abcf568\" data-id=\"abcf568\" data-element_type=\"column\" data-e-type=\"column\">\n\t\t\t<div class=\"elementor-widget-wrap elementor-element-populated\">\n\t\t\t\t\t\t<div class=\"elementor-element elementor-element-bd1a41a elementor-widget elementor-widget-spacer\" data-id=\"bd1a41a\" data-element_type=\"widget\" data-e-type=\"widget\" data-widget_type=\"spacer.default\">\n\t\t\t\t<div class=\"elementor-widget-container\">\n\t\t\t\t\t\t\t<div class=\"elementor-spacer\">\n\t\t\t<div class=\"elementor-spacer-inner\"><\/div>\n\t\t<\/div>\n\t\t\t\t\t\t<\/div>\n\t\t\t\t<\/div>\n\t\t\t\t<div class=\"elementor-element elementor-element-e928aff elementor-widget elementor-widget-text-editor\" data-id=\"e928aff\" data-element_type=\"widget\" data-e-type=\"widget\" data-widget_type=\"text-editor.default\">\n\t\t\t\t<div class=\"elementor-widget-container\">\n\t\t\t\t\t\t\t\t\t<ul><li><strong>Sarsfield<\/strong><\/li><li><strong>Navan<\/strong><\/li><\/ul>\t\t\t\t\t\t\t\t<\/div>\n\t\t\t\t<\/div>\n\t\t\t\t\t<\/div>\n\t\t<\/div>\n\t\t\t\t<div class=\"elementor-column elementor-col-33 elementor-top-column elementor-element elementor-element-ff8b755\" data-id=\"ff8b755\" data-element_type=\"column\" data-e-type=\"column\">\n\t\t\t<div class=\"elementor-widget-wrap elementor-element-populated\">\n\t\t\t\t\t\t<div class=\"elementor-element elementor-element-2bb90c7 elementor-widget elementor-widget-spacer\" data-id=\"2bb90c7\" data-element_type=\"widget\" data-e-type=\"widget\" data-widget_type=\"spacer.default\">\n\t\t\t\t<div class=\"elementor-widget-container\">\n\t\t\t\t\t\t\t<div class=\"elementor-spacer\">\n\t\t\t<div class=\"elementor-spacer-inner\"><\/div>\n\t\t<\/div>\n\t\t\t\t\t\t<\/div>\n\t\t\t\t<\/div>\n\t\t\t\t<div class=\"elementor-element elementor-element-1037118 elementor-widget elementor-widget-text-editor\" data-id=\"1037118\" data-element_type=\"widget\" data-e-type=\"widget\" data-widget_type=\"text-editor.default\">\n\t\t\t\t<div class=\"elementor-widget-container\">\n\t\t\t\t\t\t\t\t\t<ul><li><strong>Vars<\/strong><\/li><li><strong>Carlsbad Springs<\/strong><\/li><\/ul>\t\t\t\t\t\t\t\t<\/div>\n\t\t\t\t<\/div>\n\t\t\t\t\t<\/div>\n\t\t<\/div>\n\t\t\t\t\t<\/div>\n\t\t<\/section>\n\t\t\t\t<section class=\"elementor-section elementor-top-section elementor-element elementor-element-a7c4977 elementor-section-boxed elementor-section-height-default elementor-section-height-default\" data-id=\"a7c4977\" data-element_type=\"section\" data-e-type=\"section\">\n\t\t\t\t\t\t<div class=\"elementor-container elementor-column-gap-default\">\n\t\t\t\t\t<div class=\"elementor-column elementor-col-100 elementor-top-column elementor-element elementor-element-6e3de16\" data-id=\"6e3de16\" data-element_type=\"column\" data-e-type=\"column\">\n\t\t\t<div class=\"elementor-widget-wrap elementor-element-populated\">\n\t\t\t\t\t\t<div class=\"elementor-element elementor-element-35d811f elementor-widget-divider--view-line elementor-widget elementor-widget-divider\" data-id=\"35d811f\" data-element_type=\"widget\" data-e-type=\"widget\" data-widget_type=\"divider.default\">\n\t\t\t\t<div class=\"elementor-widget-container\">\n\t\t\t\t\t\t\t<div class=\"elementor-divider\">\n\t\t\t<span class=\"elementor-divider-separator\">\n\t\t\t\t\t\t<\/span>\n\t\t<\/div>\n\t\t\t\t\t\t<\/div>\n\t\t\t\t<\/div>\n\t\t\t\t<div class=\"elementor-element elementor-element-1df5b68 elementor-widget elementor-widget-text-editor\" data-id=\"1df5b68\" data-element_type=\"widget\" data-e-type=\"widget\" data-widget_type=\"text-editor.default\">\n\t\t\t\t<div class=\"elementor-widget-container\">\n\t\t\t\t\t\t\t\t\t<p><strong>Vous pouvez d\u00e9couvrir si vous r\u00e9sidez dans la zone desservie par le Centre de ressources communautaires Orl\u00e9ans-Cumberland <br \/><\/strong><strong>en utilisant cet\u00a0<a href=\"https:\/\/coalitionottawa.ca\/map\/\" target=\"_blank\" rel=\"noopener\">outil de localisation<\/a>.<\/strong><\/p>\t\t\t\t\t\t\t\t<\/div>\n\t\t\t\t<\/div>\n\t\t\t\t\t<\/div>\n\t\t<\/div>\n\t\t\t\t\t<\/div>\n\t\t<\/section>\n\t\t\t\t<section class=\"elementor-section elementor-top-section elementor-element elementor-element-b612ccb elementor-section-boxed elementor-section-height-default elementor-section-height-default\" data-id=\"b612ccb\" data-element_type=\"section\" data-e-type=\"section\">\n\t\t\t\t\t\t<div class=\"elementor-container elementor-column-gap-default\">\n\t\t\t\t\t<div class=\"elementor-column elementor-col-100 elementor-top-column elementor-element elementor-element-839b911\" data-id=\"839b911\" data-element_type=\"column\" data-e-type=\"column\">\n\t\t\t<div class=\"elementor-widget-wrap elementor-element-populated\">\n\t\t\t\t\t\t<div class=\"elementor-element elementor-element-d22007c elementor-widget-divider--view-line elementor-widget elementor-widget-divider\" data-id=\"d22007c\" data-element_type=\"widget\" data-e-type=\"widget\" data-widget_type=\"divider.default\">\n\t\t\t\t<div class=\"elementor-widget-container\">\n\t\t\t\t\t\t\t<div class=\"elementor-divider\">\n\t\t\t<span class=\"elementor-divider-separator\">\n\t\t\t\t\t\t<\/span>\n\t\t<\/div>\n\t\t\t\t\t\t<\/div>\n\t\t\t\t<\/div>\n\t\t\t\t<div class=\"elementor-element elementor-element-a77233e elementor-shape-circle elementor-grid-0 e-grid-align-center elementor-widget elementor-widget-social-icons\" data-id=\"a77233e\" data-element_type=\"widget\" data-e-type=\"widget\" data-widget_type=\"social-icons.default\">\n\t\t\t\t<div class=\"elementor-widget-container\">\n\t\t\t\t\t\t\t<div class=\"elementor-social-icons-wrapper elementor-grid\">\n\t\t\t\t\t\t\t<span class=\"elementor-grid-item\">\n\t\t\t\t\t<a class=\"elementor-icon elementor-social-icon elementor-social-icon-facebook elementor-repeater-item-71fab36\" href=\"https:\/\/www.facebook.com\/OCCRC.CRCOC\" target=\"_blank\">\n\t\t\t\t\t\t<span class=\"elementor-screen-only\">Facebook<\/span>\n\t\t\t\t\t\t<i aria-hidden=\"true\" class=\"fab fa-facebook\"><\/i>\t\t\t\t\t<\/a>\n\t\t\t\t<\/span>\n\t\t\t\t\t<\/div>\n\t\t\t\t\t\t<\/div>\n\t\t\t\t<\/div>\n\t\t\t\t\t<\/div>\n\t\t<\/div>\n\t\t\t\t\t<\/div>\n\t\t<\/section>\n\t\t\t\t<\/div>\n\t\t","protected":false},"excerpt":{"rendered":"<p>NOS COMMUNAUT\u00c9S Orl\u00e9ans Cumberland Sarsfield Navan Vars Carlsbad Springs Vous pouvez d\u00e9couvrir si vous r\u00e9sidez dans la zone desservie par le Centre de ressources communautaires Orl\u00e9ans-Cumberland en utilisant cet\u00a0outil de localisation. Facebook<\/p>\n","protected":false},"author":1,"featured_media":0,"parent":642,"menu_order":0,"comment_status":"closed","ping_status":"closed","template":"","meta":{"footnotes":""},"class_list":["post-1663","page","type-page","status-publish"],"yoast_head":"<!-- This site is optimized with the Yoast SEO plugin v27.3 - https:\/\/yoast.com\/product\/yoast-seo-wordpress\/ -->\n<title>Nos communaut\u00e9s - CRCOC - OCCRC<\/title>\n<meta name=\"robots\" content=\"index, follow, max-snippet:-1, max-image-preview:large, max-video-preview:-1\" \/>\n<link rel=\"canonical\" href=\"https:\/\/www.crcoc.ca\/fr\/a-propos\/nos-communautes\/\" \/>\n<meta property=\"og:locale\" content=\"fr_FR\" \/>\n<meta property=\"og:type\" content=\"article\" \/>\n<meta property=\"og:title\" content=\"Nos communaut\u00e9s - CRCOC - OCCRC\" \/>\n<meta property=\"og:description\" content=\"NOS COMMUNAUT\u00c9S Orl\u00e9ans Cumberland Sarsfield Navan Vars Carlsbad Springs Vous pouvez d\u00e9couvrir si vous r\u00e9sidez dans la zone desservie par le Centre de ressources communautaires Orl\u00e9ans-Cumberland en utilisant cet\u00a0outil de localisation. Facebook\" \/>\n<meta property=\"og:url\" content=\"https:\/\/www.crcoc.ca\/fr\/a-propos\/nos-communautes\/\" \/>\n<meta property=\"og:site_name\" content=\"CRCOC - OCCRC\" \/>\n<meta property=\"article:publisher\" content=\"https:\/\/www.facebook.com\/OCCRC.CRCOC\/\" \/>\n<meta property=\"article:modified_time\" content=\"2026-02-03T14:38:13+00:00\" \/>\n<meta property=\"og:image\" content=\"http:\/\/www.crcoc.ca\/wp-content\/uploads\/2023\/02\/Screenshot-2023-02-06-at-2.05.52-PM-768x541.png\" \/>\n<meta name=\"twitter:card\" content=\"summary_large_image\" \/>\n<meta name=\"twitter:site\" content=\"@OCCRC_CRCOC\" \/>\n<meta name=\"twitter:label1\" content=\"Dur\u00e9e de lecture estim\u00e9e\" \/>\n\t<meta name=\"twitter:data1\" content=\"1 minute\" \/>\n<script type=\"application\/ld+json\" class=\"yoast-schema-graph\">{\"@context\":\"https:\\\/\\\/schema.org\",\"@graph\":[{\"@type\":\"WebPage\",\"@id\":\"https:\\\/\\\/www.crcoc.ca\\\/fr\\\/a-propos\\\/nos-communautes\\\/\",\"url\":\"https:\\\/\\\/www.crcoc.ca\\\/fr\\\/a-propos\\\/nos-communautes\\\/\",\"name\":\"Nos communaut\u00e9s - CRCOC - OCCRC\",\"isPartOf\":{\"@id\":\"http:\\\/\\\/www.crcoc.ca\\\/fr\\\/#website\"},\"primaryImageOfPage\":{\"@id\":\"https:\\\/\\\/www.crcoc.ca\\\/fr\\\/a-propos\\\/nos-communautes\\\/#primaryimage\"},\"image\":{\"@id\":\"https:\\\/\\\/www.crcoc.ca\\\/fr\\\/a-propos\\\/nos-communautes\\\/#primaryimage\"},\"thumbnailUrl\":\"http:\\\/\\\/www.crcoc.ca\\\/wp-content\\\/uploads\\\/2023\\\/02\\\/Screenshot-2023-02-06-at-2.05.52-PM-768x541.png\",\"datePublished\":\"2019-02-20T15:14:20+00:00\",\"dateModified\":\"2026-02-03T14:38:13+00:00\",\"breadcrumb\":{\"@id\":\"https:\\\/\\\/www.crcoc.ca\\\/fr\\\/a-propos\\\/nos-communautes\\\/#breadcrumb\"},\"inLanguage\":\"fr-FR\",\"potentialAction\":[{\"@type\":\"ReadAction\",\"target\":[\"https:\\\/\\\/www.crcoc.ca\\\/fr\\\/a-propos\\\/nos-communautes\\\/\"]}]},{\"@type\":\"ImageObject\",\"inLanguage\":\"fr-FR\",\"@id\":\"https:\\\/\\\/www.crcoc.ca\\\/fr\\\/a-propos\\\/nos-communautes\\\/#primaryimage\",\"url\":\"http:\\\/\\\/www.crcoc.ca\\\/wp-content\\\/uploads\\\/2023\\\/02\\\/Screenshot-2023-02-06-at-2.05.52-PM-768x541.png\",\"contentUrl\":\"http:\\\/\\\/www.crcoc.ca\\\/wp-content\\\/uploads\\\/2023\\\/02\\\/Screenshot-2023-02-06-at-2.05.52-PM-768x541.png\"},{\"@type\":\"BreadcrumbList\",\"@id\":\"https:\\\/\\\/www.crcoc.ca\\\/fr\\\/a-propos\\\/nos-communautes\\\/#breadcrumb\",\"itemListElement\":[{\"@type\":\"ListItem\",\"position\":1,\"name\":\"Home\",\"item\":\"https:\\\/\\\/www.crcoc.ca\\\/fr\\\/\"},{\"@type\":\"ListItem\",\"position\":2,\"name\":\"\u00c0 propos\",\"item\":\"https:\\\/\\\/www.crcoc.ca\\\/fr\\\/a-propos\\\/\"},{\"@type\":\"ListItem\",\"position\":3,\"name\":\"Nos communaut\u00e9s\"}]},{\"@type\":\"WebSite\",\"@id\":\"http:\\\/\\\/www.crcoc.ca\\\/fr\\\/#website\",\"url\":\"http:\\\/\\\/www.crcoc.ca\\\/fr\\\/\",\"name\":\"CRCOC - OCCRC\",\"description\":\"Centre de ressources communautaires Orl\u00e9ans-Cumberland | Orl\u00e9ans-Cumberland Community Resource Center\",\"publisher\":{\"@id\":\"http:\\\/\\\/www.crcoc.ca\\\/fr\\\/#organization\"},\"potentialAction\":[{\"@type\":\"SearchAction\",\"target\":{\"@type\":\"EntryPoint\",\"urlTemplate\":\"http:\\\/\\\/www.crcoc.ca\\\/fr\\\/?s={search_term_string}\"},\"query-input\":{\"@type\":\"PropertyValueSpecification\",\"valueRequired\":true,\"valueName\":\"search_term_string\"}}],\"inLanguage\":\"fr-FR\"},{\"@type\":\"Organization\",\"@id\":\"http:\\\/\\\/www.crcoc.ca\\\/fr\\\/#organization\",\"name\":\"Orl\u00e9ans-Cumberland Community Resource Centre\",\"url\":\"http:\\\/\\\/www.crcoc.ca\\\/fr\\\/\",\"logo\":{\"@type\":\"ImageObject\",\"inLanguage\":\"fr-FR\",\"@id\":\"http:\\\/\\\/www.crcoc.ca\\\/fr\\\/#\\\/schema\\\/logo\\\/image\\\/\",\"url\":\"https:\\\/\\\/www.crcoc.ca\\\/wp-content\\\/uploads\\\/2019\\\/01\\\/cropped-Logo_OCCRCeachside-1.png\",\"contentUrl\":\"https:\\\/\\\/www.crcoc.ca\\\/wp-content\\\/uploads\\\/2019\\\/01\\\/cropped-Logo_OCCRCeachside-1.png\",\"width\":512,\"height\":512,\"caption\":\"Orl\u00e9ans-Cumberland Community Resource Centre\"},\"image\":{\"@id\":\"http:\\\/\\\/www.crcoc.ca\\\/fr\\\/#\\\/schema\\\/logo\\\/image\\\/\"},\"sameAs\":[\"https:\\\/\\\/www.facebook.com\\\/OCCRC.CRCOC\\\/\",\"https:\\\/\\\/x.com\\\/OCCRC_CRCOC\",\"https:\\\/\\\/instagram.com\\\/occrcyp_crcocpj\\\/\"]}]}<\/script>\n<!-- \/ Yoast SEO plugin. -->","yoast_head_json":{"title":"Nos communaut\u00e9s - CRCOC - OCCRC","robots":{"index":"index","follow":"follow","max-snippet":"max-snippet:-1","max-image-preview":"max-image-preview:large","max-video-preview":"max-video-preview:-1"},"canonical":"https:\/\/www.crcoc.ca\/fr\/a-propos\/nos-communautes\/","og_locale":"fr_FR","og_type":"article","og_title":"Nos communaut\u00e9s - CRCOC - OCCRC","og_description":"NOS COMMUNAUT\u00c9S Orl\u00e9ans Cumberland Sarsfield Navan Vars Carlsbad Springs Vous pouvez d\u00e9couvrir si vous r\u00e9sidez dans la zone desservie par le Centre de ressources communautaires Orl\u00e9ans-Cumberland en utilisant cet\u00a0outil de localisation. Facebook","og_url":"https:\/\/www.crcoc.ca\/fr\/a-propos\/nos-communautes\/","og_site_name":"CRCOC - OCCRC","article_publisher":"https:\/\/www.facebook.com\/OCCRC.CRCOC\/","article_modified_time":"2026-02-03T14:38:13+00:00","og_image":[{"url":"http:\/\/www.crcoc.ca\/wp-content\/uploads\/2023\/02\/Screenshot-2023-02-06-at-2.05.52-PM-768x541.png","type":"","width":"","height":""}],"twitter_card":"summary_large_image","twitter_site":"@OCCRC_CRCOC","twitter_misc":{"Dur\u00e9e de lecture estim\u00e9e":"1 minute"},"schema":{"@context":"https:\/\/schema.org","@graph":[{"@type":"WebPage","@id":"https:\/\/www.crcoc.ca\/fr\/a-propos\/nos-communautes\/","url":"https:\/\/www.crcoc.ca\/fr\/a-propos\/nos-communautes\/","name":"Nos communaut\u00e9s - CRCOC - OCCRC","isPartOf":{"@id":"http:\/\/www.crcoc.ca\/fr\/#website"},"primaryImageOfPage":{"@id":"https:\/\/www.crcoc.ca\/fr\/a-propos\/nos-communautes\/#primaryimage"},"image":{"@id":"https:\/\/www.crcoc.ca\/fr\/a-propos\/nos-communautes\/#primaryimage"},"thumbnailUrl":"http:\/\/www.crcoc.ca\/wp-content\/uploads\/2023\/02\/Screenshot-2023-02-06-at-2.05.52-PM-768x541.png","datePublished":"2019-02-20T15:14:20+00:00","dateModified":"2026-02-03T14:38:13+00:00","breadcrumb":{"@id":"https:\/\/www.crcoc.ca\/fr\/a-propos\/nos-communautes\/#breadcrumb"},"inLanguage":"fr-FR","potentialAction":[{"@type":"ReadAction","target":["https:\/\/www.crcoc.ca\/fr\/a-propos\/nos-communautes\/"]}]},{"@type":"ImageObject","inLanguage":"fr-FR","@id":"https:\/\/www.crcoc.ca\/fr\/a-propos\/nos-communautes\/#primaryimage","url":"http:\/\/www.crcoc.ca\/wp-content\/uploads\/2023\/02\/Screenshot-2023-02-06-at-2.05.52-PM-768x541.png","contentUrl":"http:\/\/www.crcoc.ca\/wp-content\/uploads\/2023\/02\/Screenshot-2023-02-06-at-2.05.52-PM-768x541.png"},{"@type":"BreadcrumbList","@id":"https:\/\/www.crcoc.ca\/fr\/a-propos\/nos-communautes\/#breadcrumb","itemListElement":[{"@type":"ListItem","position":1,"name":"Home","item":"https:\/\/www.crcoc.ca\/fr\/"},{"@type":"ListItem","position":2,"name":"\u00c0 propos","item":"https:\/\/www.crcoc.ca\/fr\/a-propos\/"},{"@type":"ListItem","position":3,"name":"Nos communaut\u00e9s"}]},{"@type":"WebSite","@id":"http:\/\/www.crcoc.ca\/fr\/#website","url":"http:\/\/www.crcoc.ca\/fr\/","name":"CRCOC - OCCRC","description":"Centre de ressources communautaires Orl\u00e9ans-Cumberland | Orl\u00e9ans-Cumberland Community Resource Center","publisher":{"@id":"http:\/\/www.crcoc.ca\/fr\/#organization"},"potentialAction":[{"@type":"SearchAction","target":{"@type":"EntryPoint","urlTemplate":"http:\/\/www.crcoc.ca\/fr\/?s={search_term_string}"},"query-input":{"@type":"PropertyValueSpecification","valueRequired":true,"valueName":"search_term_string"}}],"inLanguage":"fr-FR"},{"@type":"Organization","@id":"http:\/\/www.crcoc.ca\/fr\/#organization","name":"Orl\u00e9ans-Cumberland Community Resource Centre","url":"http:\/\/www.crcoc.ca\/fr\/","logo":{"@type":"ImageObject","inLanguage":"fr-FR","@id":"http:\/\/www.crcoc.ca\/fr\/#\/schema\/logo\/image\/","url":"https:\/\/www.crcoc.ca\/wp-content\/uploads\/2019\/01\/cropped-Logo_OCCRCeachside-1.png","contentUrl":"https:\/\/www.crcoc.ca\/wp-content\/uploads\/2019\/01\/cropped-Logo_OCCRCeachside-1.png","width":512,"height":512,"caption":"Orl\u00e9ans-Cumberland Community Resource Centre"},"image":{"@id":"http:\/\/www.crcoc.ca\/fr\/#\/schema\/logo\/image\/"},"sameAs":["https:\/\/www.facebook.com\/OCCRC.CRCOC\/","https:\/\/x.com\/OCCRC_CRCOC","https:\/\/instagram.com\/occrcyp_crcocpj\/"]}]}},"_links":{"self":[{"href":"https:\/\/www.crcoc.ca\/fr\/wp-json\/wp\/v2\/pages\/1663","targetHints":{"allow":["GET"]}}],"collection":[{"href":"https:\/\/www.crcoc.ca\/fr\/wp-json\/wp\/v2\/pages"}],"about":[{"href":"https:\/\/www.crcoc.ca\/fr\/wp-json\/wp\/v2\/types\/page"}],"author":[{"embeddable":true,"href":"https:\/\/www.crcoc.ca\/fr\/wp-json\/wp\/v2\/users\/1"}],"replies":[{"embeddable":true,"href":"https:\/\/www.crcoc.ca\/fr\/wp-json\/wp\/v2\/comments?post=1663"}],"version-history":[{"count":12,"href":"https:\/\/www.crcoc.ca\/fr\/wp-json\/wp\/v2\/pages\/1663\/revisions"}],"predecessor-version":[{"id":37058,"href":"https:\/\/www.crcoc.ca\/fr\/wp-json\/wp\/v2\/pages\/1663\/revisions\/37058"}],"up":[{"embeddable":true,"href":"https:\/\/www.crcoc.ca\/fr\/wp-json\/wp\/v2\/pages\/642"}],"wp:attachment":[{"href":"https:\/\/www.crcoc.ca\/fr\/wp-json\/wp\/v2\/media?parent=1663"}],"curies":[{"name":"wp","href":"https:\/\/api.w.org\/{rel}","templated":true}]}}