{"id":1522,"date":"2019-02-19T15:46:07","date_gmt":"2019-02-19T20:46:07","guid":{"rendered":"http:\/\/crcoc.ca\/enfants-et-parents\/breastfeeding-and-parenting\/"},"modified":"2019-06-27T07:17:40","modified_gmt":"2019-06-27T11:17:40","slug":"allaitement-et-etre-parent","status":"publish","type":"page","link":"https:\/\/www.crcoc.ca\/fr\/adultes\/allaitement-et-etre-parent\/","title":{"rendered":"Allaitement et \u00eatre parent"},"content":{"rendered":"\t\t<div data-elementor-type=\"wp-post\" data-elementor-id=\"1522\" class=\"elementor elementor-1522\" data-elementor-post-type=\"page\">\n\t\t\t\t\t\t<section class=\"elementor-section elementor-top-section elementor-element elementor-element-36afe2c5 elementor-section-boxed elementor-section-height-default elementor-section-height-default\" data-id=\"36afe2c5\" data-element_type=\"section\" data-e-type=\"section\">\n\t\t\t\t\t\t<div class=\"elementor-container elementor-column-gap-default\">\n\t\t\t\t\t<div class=\"elementor-column elementor-col-100 elementor-top-column elementor-element elementor-element-3850747b\" data-id=\"3850747b\" data-element_type=\"column\" data-e-type=\"column\">\n\t\t\t<div class=\"elementor-widget-wrap elementor-element-populated\">\n\t\t\t\t\t\t<div class=\"elementor-element elementor-element-90aa0d7 elementor-widget elementor-widget-image\" data-id=\"90aa0d7\" data-element_type=\"widget\" data-e-type=\"widget\" data-widget_type=\"image.default\">\n\t\t\t\t<div class=\"elementor-widget-container\">\n\t\t\t\t\t\t\t\t\t\t\t\t\t\t\t<img fetchpriority=\"high\" decoding=\"async\" width=\"377\" height=\"140\" src=\"https:\/\/www.crcoc.ca\/wp-content\/uploads\/2019\/03\/Etre-parents-a-ottawa_logo.jpg\" class=\"attachment-large size-large wp-image-6389\" alt=\"\" srcset=\"https:\/\/www.crcoc.ca\/wp-content\/uploads\/2019\/03\/Etre-parents-a-ottawa_logo.jpg 377w, https:\/\/www.crcoc.ca\/wp-content\/uploads\/2019\/03\/Etre-parents-a-ottawa_logo-300x111.jpg 300w\" sizes=\"(max-width: 377px) 100vw, 377px\" \/>\t\t\t\t\t\t\t\t\t\t\t\t\t\t\t<\/div>\n\t\t\t\t<\/div>\n\t\t\t\t<div class=\"elementor-element elementor-element-952b1d3 elementor-align-justify elementor-widget elementor-widget-button\" data-id=\"952b1d3\" data-element_type=\"widget\" data-e-type=\"widget\" data-widget_type=\"button.default\">\n\t\t\t\t<div class=\"elementor-widget-container\">\n\t\t\t\t\t\t\t\t\t<div class=\"elementor-button-wrapper\">\n\t\t\t\t\t<a class=\"elementor-button elementor-button-link elementor-size-sm\" href=\"http:\/\/www.parentinginottawa.ca\/en\/dropins.aspx\">\n\t\t\t\t\t\t<span class=\"elementor-button-content-wrapper\">\n\t\t\t\t\t\t\t\t\t<span class=\"elementor-button-text\">Aller au site web<\/span>\n\t\t\t\t\t<\/span>\n\t\t\t\t\t<\/a>\n\t\t\t\t<\/div>\n\t\t\t\t\t\t\t\t<\/div>\n\t\t\t\t<\/div>\n\t\t\t\t<div class=\"elementor-element elementor-element-88cd329 elementor-widget elementor-widget-heading\" data-id=\"88cd329\" data-element_type=\"widget\" data-e-type=\"widget\" data-widget_type=\"heading.default\">\n\t\t\t\t<div class=\"elementor-widget-container\">\n\t\t\t\t\t<h3 class=\"elementor-heading-title elementor-size-default\">Carrefour \u00catre parent \u00e0 Ottawa, tous les jeudis :<br>13 h \u00e0 14 h 30<\/h3>\t\t\t\t<\/div>\n\t\t\t\t<\/div>\n\t\t\t\t<div class=\"elementor-element elementor-element-a884931 elementor-widget elementor-widget-text-editor\" data-id=\"a884931\" data-element_type=\"widget\" data-e-type=\"widget\" data-widget_type=\"text-editor.default\">\n\t\t\t\t<div class=\"elementor-widget-container\">\n\t\t\t\t\t\t\t\t\t\n<ul>\n<li class=\"x_xmsonormal\">Obtenez du soutien \u00e0 l&rsquo;allaitement.<\/li>\n<li class=\"x_xmsonormal\">Venez peser votre enfant.<\/li>\n<li class=\"x_xmsonormal\">Apprenez comment aider votre enfant \u00e0 bien manger et \u00e0 \u00eatre actif.<\/li>\n<li class=\"x_xmsonormal\">Assurez-vous de la bonne croissance et du bon d\u00e9veloppement de votre enfant.<\/li>\n<li class=\"x_xmsonormal\">Informez-vous sur le d\u00e9veloppement social et \u00e9motionnel de votre enfant.<\/li>\n<\/ul>\n<p class=\"x_xmsonormal\">\u00c0 qui s&rsquo;adresse le programme?<\/p>\n<ul>\n<li class=\"x_xmsonormal\">Aux futurs parents, parents et tuteurs d&rsquo;enfants de la naissance \u00e0 six ans.<\/li>\n<\/ul>\n\t\t\t\t\t\t\t\t<\/div>\n\t\t\t\t<\/div>\n\t\t\t\t\t<\/div>\n\t\t<\/div>\n\t\t\t\t\t<\/div>\n\t\t<\/section>\n\t\t\t\t<\/div>\n\t\t","protected":false},"excerpt":{"rendered":"<p>Aller au site web Carrefour \u00catre parent \u00e0 Ottawa, tous les jeudis :13 h \u00e0 14 h 30 Obtenez du soutien \u00e0 l&rsquo;allaitement. Venez peser votre enfant. Apprenez comment aider votre enfant \u00e0 bien manger et \u00e0 \u00eatre actif. Assurez-vous de la bonne croissance et du bon d\u00e9veloppement de votre enfant. Informez-vous sur le d\u00e9veloppement &#8230; <a title=\"Allaitement et \u00eatre parent\" class=\"read-more\" href=\"https:\/\/www.crcoc.ca\/fr\/adultes\/allaitement-et-etre-parent\/\">Read more<\/a><\/p>\n","protected":false},"author":1,"featured_media":0,"parent":684,"menu_order":0,"comment_status":"closed","ping_status":"closed","template":"","meta":{"footnotes":""},"class_list":["post-1522","page","type-page","status-publish"],"yoast_head":"<!-- This site is optimized with the Yoast SEO plugin v27.3 - https:\/\/yoast.com\/product\/yoast-seo-wordpress\/ -->\n<title>Allaitement et \u00eatre parent - CRCOC - OCCRC<\/title>\n<meta name=\"robots\" content=\"index, follow, max-snippet:-1, max-image-preview:large, max-video-preview:-1\" \/>\n<link rel=\"canonical\" href=\"https:\/\/www.crcoc.ca\/fr\/adultes\/allaitement-et-etre-parent\/\" \/>\n<meta property=\"og:locale\" content=\"fr_FR\" \/>\n<meta property=\"og:type\" content=\"article\" \/>\n<meta property=\"og:title\" content=\"Allaitement et \u00eatre parent - CRCOC - OCCRC\" \/>\n<meta property=\"og:description\" content=\"Aller au site web Carrefour \u00catre parent \u00e0 Ottawa, tous les jeudis :13 h \u00e0 14 h 30 Obtenez du soutien \u00e0 l&rsquo;allaitement. Venez peser votre enfant. Apprenez comment aider votre enfant \u00e0 bien manger et \u00e0 \u00eatre actif. Assurez-vous de la bonne croissance et du bon d\u00e9veloppement de votre enfant. Informez-vous sur le d\u00e9veloppement ... Read more\" \/>\n<meta property=\"og:url\" content=\"https:\/\/www.crcoc.ca\/fr\/adultes\/allaitement-et-etre-parent\/\" \/>\n<meta property=\"og:site_name\" content=\"CRCOC - OCCRC\" \/>\n<meta property=\"article:publisher\" content=\"https:\/\/www.facebook.com\/OCCRC.CRCOC\/\" \/>\n<meta property=\"article:modified_time\" content=\"2019-06-27T11:17:40+00:00\" \/>\n<meta property=\"og:image\" content=\"https:\/\/www.crcoc.ca\/wp-content\/uploads\/2019\/03\/Etre-parents-a-ottawa_logo.jpg\" \/>\n<meta name=\"twitter:card\" content=\"summary_large_image\" \/>\n<meta name=\"twitter:site\" content=\"@OCCRC_CRCOC\" \/>\n<script type=\"application\/ld+json\" class=\"yoast-schema-graph\">{\"@context\":\"https:\\\/\\\/schema.org\",\"@graph\":[{\"@type\":\"WebPage\",\"@id\":\"https:\\\/\\\/www.crcoc.ca\\\/fr\\\/adultes\\\/allaitement-et-etre-parent\\\/\",\"url\":\"https:\\\/\\\/www.crcoc.ca\\\/fr\\\/adultes\\\/allaitement-et-etre-parent\\\/\",\"name\":\"Allaitement et \u00eatre parent - CRCOC - OCCRC\",\"isPartOf\":{\"@id\":\"https:\\\/\\\/www.crcoc.ca\\\/fr\\\/#website\"},\"primaryImageOfPage\":{\"@id\":\"https:\\\/\\\/www.crcoc.ca\\\/fr\\\/adultes\\\/allaitement-et-etre-parent\\\/#primaryimage\"},\"image\":{\"@id\":\"https:\\\/\\\/www.crcoc.ca\\\/fr\\\/adultes\\\/allaitement-et-etre-parent\\\/#primaryimage\"},\"thumbnailUrl\":\"https:\\\/\\\/www.crcoc.ca\\\/wp-content\\\/uploads\\\/2019\\\/03\\\/Etre-parents-a-ottawa_logo.jpg\",\"datePublished\":\"2019-02-19T20:46:07+00:00\",\"dateModified\":\"2019-06-27T11:17:40+00:00\",\"breadcrumb\":{\"@id\":\"https:\\\/\\\/www.crcoc.ca\\\/fr\\\/adultes\\\/allaitement-et-etre-parent\\\/#breadcrumb\"},\"inLanguage\":\"fr-FR\",\"potentialAction\":[{\"@type\":\"ReadAction\",\"target\":[\"https:\\\/\\\/www.crcoc.ca\\\/fr\\\/adultes\\\/allaitement-et-etre-parent\\\/\"]}]},{\"@type\":\"ImageObject\",\"inLanguage\":\"fr-FR\",\"@id\":\"https:\\\/\\\/www.crcoc.ca\\\/fr\\\/adultes\\\/allaitement-et-etre-parent\\\/#primaryimage\",\"url\":\"https:\\\/\\\/www.crcoc.ca\\\/wp-content\\\/uploads\\\/2019\\\/03\\\/Etre-parents-a-ottawa_logo.jpg\",\"contentUrl\":\"https:\\\/\\\/www.crcoc.ca\\\/wp-content\\\/uploads\\\/2019\\\/03\\\/Etre-parents-a-ottawa_logo.jpg\"},{\"@type\":\"BreadcrumbList\",\"@id\":\"https:\\\/\\\/www.crcoc.ca\\\/fr\\\/adultes\\\/allaitement-et-etre-parent\\\/#breadcrumb\",\"itemListElement\":[{\"@type\":\"ListItem\",\"position\":1,\"name\":\"Home\",\"item\":\"https:\\\/\\\/www.crcoc.ca\\\/fr\\\/\"},{\"@type\":\"ListItem\",\"position\":2,\"name\":\"Adultes\",\"item\":\"https:\\\/\\\/www.crcoc.ca\\\/fr\\\/adultes\\\/\"},{\"@type\":\"ListItem\",\"position\":3,\"name\":\"Allaitement et \u00eatre parent\"}]},{\"@type\":\"WebSite\",\"@id\":\"https:\\\/\\\/www.crcoc.ca\\\/fr\\\/#website\",\"url\":\"https:\\\/\\\/www.crcoc.ca\\\/fr\\\/\",\"name\":\"CRCOC - OCCRC\",\"description\":\"Centre de ressources communautaires Orl\u00e9ans-Cumberland | Orl\u00e9ans-Cumberland Community Resource Center\",\"publisher\":{\"@id\":\"https:\\\/\\\/www.crcoc.ca\\\/fr\\\/#organization\"},\"potentialAction\":[{\"@type\":\"SearchAction\",\"target\":{\"@type\":\"EntryPoint\",\"urlTemplate\":\"https:\\\/\\\/www.crcoc.ca\\\/fr\\\/?s={search_term_string}\"},\"query-input\":{\"@type\":\"PropertyValueSpecification\",\"valueRequired\":true,\"valueName\":\"search_term_string\"}}],\"inLanguage\":\"fr-FR\"},{\"@type\":\"Organization\",\"@id\":\"https:\\\/\\\/www.crcoc.ca\\\/fr\\\/#organization\",\"name\":\"Orl\u00e9ans-Cumberland Community Resource Centre\",\"url\":\"https:\\\/\\\/www.crcoc.ca\\\/fr\\\/\",\"logo\":{\"@type\":\"ImageObject\",\"inLanguage\":\"fr-FR\",\"@id\":\"https:\\\/\\\/www.crcoc.ca\\\/fr\\\/#\\\/schema\\\/logo\\\/image\\\/\",\"url\":\"https:\\\/\\\/www.crcoc.ca\\\/wp-content\\\/uploads\\\/2019\\\/01\\\/cropped-Logo_OCCRCeachside-1.png\",\"contentUrl\":\"https:\\\/\\\/www.crcoc.ca\\\/wp-content\\\/uploads\\\/2019\\\/01\\\/cropped-Logo_OCCRCeachside-1.png\",\"width\":512,\"height\":512,\"caption\":\"Orl\u00e9ans-Cumberland Community Resource Centre\"},\"image\":{\"@id\":\"https:\\\/\\\/www.crcoc.ca\\\/fr\\\/#\\\/schema\\\/logo\\\/image\\\/\"},\"sameAs\":[\"https:\\\/\\\/www.facebook.com\\\/OCCRC.CRCOC\\\/\",\"https:\\\/\\\/x.com\\\/OCCRC_CRCOC\",\"https:\\\/\\\/instagram.com\\\/occrcyp_crcocpj\\\/\"]}]}<\/script>\n<!-- \/ Yoast SEO plugin. -->","yoast_head_json":{"title":"Allaitement et \u00eatre parent - CRCOC - OCCRC","robots":{"index":"index","follow":"follow","max-snippet":"max-snippet:-1","max-image-preview":"max-image-preview:large","max-video-preview":"max-video-preview:-1"},"canonical":"https:\/\/www.crcoc.ca\/fr\/adultes\/allaitement-et-etre-parent\/","og_locale":"fr_FR","og_type":"article","og_title":"Allaitement et \u00eatre parent - CRCOC - OCCRC","og_description":"Aller au site web Carrefour \u00catre parent \u00e0 Ottawa, tous les jeudis :13 h \u00e0 14 h 30 Obtenez du soutien \u00e0 l&rsquo;allaitement. Venez peser votre enfant. Apprenez comment aider votre enfant \u00e0 bien manger et \u00e0 \u00eatre actif. Assurez-vous de la bonne croissance et du bon d\u00e9veloppement de votre enfant. Informez-vous sur le d\u00e9veloppement ... Read more","og_url":"https:\/\/www.crcoc.ca\/fr\/adultes\/allaitement-et-etre-parent\/","og_site_name":"CRCOC - OCCRC","article_publisher":"https:\/\/www.facebook.com\/OCCRC.CRCOC\/","article_modified_time":"2019-06-27T11:17:40+00:00","og_image":[{"url":"https:\/\/www.crcoc.ca\/wp-content\/uploads\/2019\/03\/Etre-parents-a-ottawa_logo.jpg","type":"","width":"","height":""}],"twitter_card":"summary_large_image","twitter_site":"@OCCRC_CRCOC","schema":{"@context":"https:\/\/schema.org","@graph":[{"@type":"WebPage","@id":"https:\/\/www.crcoc.ca\/fr\/adultes\/allaitement-et-etre-parent\/","url":"https:\/\/www.crcoc.ca\/fr\/adultes\/allaitement-et-etre-parent\/","name":"Allaitement et \u00eatre parent - CRCOC - OCCRC","isPartOf":{"@id":"https:\/\/www.crcoc.ca\/fr\/#website"},"primaryImageOfPage":{"@id":"https:\/\/www.crcoc.ca\/fr\/adultes\/allaitement-et-etre-parent\/#primaryimage"},"image":{"@id":"https:\/\/www.crcoc.ca\/fr\/adultes\/allaitement-et-etre-parent\/#primaryimage"},"thumbnailUrl":"https:\/\/www.crcoc.ca\/wp-content\/uploads\/2019\/03\/Etre-parents-a-ottawa_logo.jpg","datePublished":"2019-02-19T20:46:07+00:00","dateModified":"2019-06-27T11:17:40+00:00","breadcrumb":{"@id":"https:\/\/www.crcoc.ca\/fr\/adultes\/allaitement-et-etre-parent\/#breadcrumb"},"inLanguage":"fr-FR","potentialAction":[{"@type":"ReadAction","target":["https:\/\/www.crcoc.ca\/fr\/adultes\/allaitement-et-etre-parent\/"]}]},{"@type":"ImageObject","inLanguage":"fr-FR","@id":"https:\/\/www.crcoc.ca\/fr\/adultes\/allaitement-et-etre-parent\/#primaryimage","url":"https:\/\/www.crcoc.ca\/wp-content\/uploads\/2019\/03\/Etre-parents-a-ottawa_logo.jpg","contentUrl":"https:\/\/www.crcoc.ca\/wp-content\/uploads\/2019\/03\/Etre-parents-a-ottawa_logo.jpg"},{"@type":"BreadcrumbList","@id":"https:\/\/www.crcoc.ca\/fr\/adultes\/allaitement-et-etre-parent\/#breadcrumb","itemListElement":[{"@type":"ListItem","position":1,"name":"Home","item":"https:\/\/www.crcoc.ca\/fr\/"},{"@type":"ListItem","position":2,"name":"Adultes","item":"https:\/\/www.crcoc.ca\/fr\/adultes\/"},{"@type":"ListItem","position":3,"name":"Allaitement et \u00eatre parent"}]},{"@type":"WebSite","@id":"https:\/\/www.crcoc.ca\/fr\/#website","url":"https:\/\/www.crcoc.ca\/fr\/","name":"CRCOC - OCCRC","description":"Centre de ressources communautaires Orl\u00e9ans-Cumberland | Orl\u00e9ans-Cumberland Community Resource Center","publisher":{"@id":"https:\/\/www.crcoc.ca\/fr\/#organization"},"potentialAction":[{"@type":"SearchAction","target":{"@type":"EntryPoint","urlTemplate":"https:\/\/www.crcoc.ca\/fr\/?s={search_term_string}"},"query-input":{"@type":"PropertyValueSpecification","valueRequired":true,"valueName":"search_term_string"}}],"inLanguage":"fr-FR"},{"@type":"Organization","@id":"https:\/\/www.crcoc.ca\/fr\/#organization","name":"Orl\u00e9ans-Cumberland Community Resource Centre","url":"https:\/\/www.crcoc.ca\/fr\/","logo":{"@type":"ImageObject","inLanguage":"fr-FR","@id":"https:\/\/www.crcoc.ca\/fr\/#\/schema\/logo\/image\/","url":"https:\/\/www.crcoc.ca\/wp-content\/uploads\/2019\/01\/cropped-Logo_OCCRCeachside-1.png","contentUrl":"https:\/\/www.crcoc.ca\/wp-content\/uploads\/2019\/01\/cropped-Logo_OCCRCeachside-1.png","width":512,"height":512,"caption":"Orl\u00e9ans-Cumberland Community Resource Centre"},"image":{"@id":"https:\/\/www.crcoc.ca\/fr\/#\/schema\/logo\/image\/"},"sameAs":["https:\/\/www.facebook.com\/OCCRC.CRCOC\/","https:\/\/x.com\/OCCRC_CRCOC","https:\/\/instagram.com\/occrcyp_crcocpj\/"]}]}},"_links":{"self":[{"href":"https:\/\/www.crcoc.ca\/fr\/wp-json\/wp\/v2\/pages\/1522","targetHints":{"allow":["GET"]}}],"collection":[{"href":"https:\/\/www.crcoc.ca\/fr\/wp-json\/wp\/v2\/pages"}],"about":[{"href":"https:\/\/www.crcoc.ca\/fr\/wp-json\/wp\/v2\/types\/page"}],"author":[{"embeddable":true,"href":"https:\/\/www.crcoc.ca\/fr\/wp-json\/wp\/v2\/users\/1"}],"replies":[{"embeddable":true,"href":"https:\/\/www.crcoc.ca\/fr\/wp-json\/wp\/v2\/comments?post=1522"}],"version-history":[{"count":4,"href":"https:\/\/www.crcoc.ca\/fr\/wp-json\/wp\/v2\/pages\/1522\/revisions"}],"predecessor-version":[{"id":8802,"href":"https:\/\/www.crcoc.ca\/fr\/wp-json\/wp\/v2\/pages\/1522\/revisions\/8802"}],"up":[{"embeddable":true,"href":"https:\/\/www.crcoc.ca\/fr\/wp-json\/wp\/v2\/pages\/684"}],"wp:attachment":[{"href":"https:\/\/www.crcoc.ca\/fr\/wp-json\/wp\/v2\/media?parent=1522"}],"curies":[{"name":"wp","href":"https:\/\/api.w.org\/{rel}","templated":true}]}}