{"id":1410,"date":"2019-02-12T14:52:46","date_gmt":"2019-02-12T19:52:46","guid":{"rendered":"http:\/\/crcoc.ca\/organize-an-event\/"},"modified":"2023-02-28T13:43:26","modified_gmt":"2023-02-28T18:43:26","slug":"organisez-un-evenement","status":"publish","type":"page","link":"https:\/\/www.crcoc.ca\/fr\/organisez-un-evenement\/","title":{"rendered":"Organisez un \u00e9v\u00e9nement"},"content":{"rendered":"\t\t<div data-elementor-type=\"wp-post\" data-elementor-id=\"1410\" class=\"elementor elementor-1410 elementor-1406\" data-elementor-post-type=\"page\">\n\t\t\t\t\t\t<section class=\"elementor-section elementor-top-section elementor-element elementor-element-71f4ae1 elementor-section-boxed elementor-section-height-default elementor-section-height-default\" data-id=\"71f4ae1\" data-element_type=\"section\" data-e-type=\"section\">\n\t\t\t\t\t\t<div class=\"elementor-container elementor-column-gap-default\">\n\t\t\t\t\t<div class=\"elementor-column elementor-col-100 elementor-top-column elementor-element elementor-element-4ff240f\" data-id=\"4ff240f\" data-element_type=\"column\" data-e-type=\"column\">\n\t\t\t<div class=\"elementor-widget-wrap elementor-element-populated\">\n\t\t\t\t\t\t<div class=\"elementor-element elementor-element-7f9f628 elementor-widget-divider--view-line elementor-widget elementor-widget-divider\" data-id=\"7f9f628\" data-element_type=\"widget\" data-e-type=\"widget\" data-widget_type=\"divider.default\">\n\t\t\t\t<div class=\"elementor-widget-container\">\n\t\t\t\t\t\t\t<div class=\"elementor-divider\">\n\t\t\t<span class=\"elementor-divider-separator\">\n\t\t\t\t\t\t<\/span>\n\t\t<\/div>\n\t\t\t\t\t\t<\/div>\n\t\t\t\t<\/div>\n\t\t\t\t<div class=\"elementor-element elementor-element-a8bcf13 elementor-widget elementor-widget-image\" data-id=\"a8bcf13\" data-element_type=\"widget\" data-e-type=\"widget\" data-widget_type=\"image.default\">\n\t\t\t\t<div class=\"elementor-widget-container\">\n\t\t\t\t\t\t\t\t\t\t\t\t\t\t\t<img decoding=\"async\" width=\"150\" height=\"150\" src=\"https:\/\/www.crcoc.ca\/wp-content\/uploads\/2023\/01\/donation-2-150x150.png\" class=\"attachment-thumbnail size-thumbnail wp-image-28020\" alt=\"\" srcset=\"https:\/\/www.crcoc.ca\/wp-content\/uploads\/2023\/01\/donation-2-150x150.png 150w, https:\/\/www.crcoc.ca\/wp-content\/uploads\/2023\/01\/donation-2-300x300.png 300w, https:\/\/www.crcoc.ca\/wp-content\/uploads\/2023\/01\/donation-2-768x770.png 768w, https:\/\/www.crcoc.ca\/wp-content\/uploads\/2023\/01\/donation-2.png 978w\" sizes=\"(max-width: 150px) 100vw, 150px\" \/>\t\t\t\t\t\t\t\t\t\t\t\t\t\t\t<\/div>\n\t\t\t\t<\/div>\n\t\t\t\t<div class=\"elementor-element elementor-element-e1d73c6 elementor-widget elementor-widget-text-editor\" data-id=\"e1d73c6\" data-element_type=\"widget\" data-e-type=\"widget\" data-widget_type=\"text-editor.default\">\n\t\t\t\t<div class=\"elementor-widget-container\">\n\t\t\t\t\t\t\t\t\t<h2><strong>ORGANISER UN \u00c9V\u00c9NEMENT<\/strong><\/h2>\t\t\t\t\t\t\t\t<\/div>\n\t\t\t\t<\/div>\n\t\t\t\t<div class=\"elementor-element elementor-element-de17752 elementor-widget-divider--view-line elementor-widget elementor-widget-divider\" data-id=\"de17752\" data-element_type=\"widget\" data-e-type=\"widget\" data-widget_type=\"divider.default\">\n\t\t\t\t<div class=\"elementor-widget-container\">\n\t\t\t\t\t\t\t<div class=\"elementor-divider\">\n\t\t\t<span class=\"elementor-divider-separator\">\n\t\t\t\t\t\t<\/span>\n\t\t<\/div>\n\t\t\t\t\t\t<\/div>\n\t\t\t\t<\/div>\n\t\t\t\t<div class=\"elementor-element elementor-element-acc88c6 elementor-widget elementor-widget-image\" data-id=\"acc88c6\" data-element_type=\"widget\" data-e-type=\"widget\" data-widget_type=\"image.default\">\n\t\t\t\t<div class=\"elementor-widget-container\">\n\t\t\t\t\t\t\t\t\t\t\t\t\t\t\t<img fetchpriority=\"high\" decoding=\"async\" width=\"900\" height=\"300\" src=\"https:\/\/www.crcoc.ca\/wp-content\/uploads\/2023\/02\/230206_CommunityCaringDonor_BIL-8.png\" class=\"attachment-large size-large wp-image-28407\" alt=\"\" srcset=\"https:\/\/www.crcoc.ca\/wp-content\/uploads\/2023\/02\/230206_CommunityCaringDonor_BIL-8.png 900w, https:\/\/www.crcoc.ca\/wp-content\/uploads\/2023\/02\/230206_CommunityCaringDonor_BIL-8-300x100.png 300w, https:\/\/www.crcoc.ca\/wp-content\/uploads\/2023\/02\/230206_CommunityCaringDonor_BIL-8-768x256.png 768w\" sizes=\"(max-width: 900px) 100vw, 900px\" \/>\t\t\t\t\t\t\t\t\t\t\t\t\t\t\t<\/div>\n\t\t\t\t<\/div>\n\t\t\t\t<div class=\"elementor-element elementor-element-9b781c7 elementor-widget elementor-widget-heading\" data-id=\"9b781c7\" data-element_type=\"widget\" data-e-type=\"widget\" data-widget_type=\"heading.default\">\n\t\t\t\t<div class=\"elementor-widget-container\">\n\t\t\t\t\t<h3 class=\"elementor-heading-title elementor-size-large\">Il ya plusieurs fa\u00e7ons pour les individus et les groupes de collecter des fonds pour le Centre de ressources communautaires Orl\u00e9ans-Cumberland<\/h3>\t\t\t\t<\/div>\n\t\t\t\t<\/div>\n\t\t\t\t<div class=\"elementor-element elementor-element-8506bae elementor-widget elementor-widget-text-editor\" data-id=\"8506bae\" data-element_type=\"widget\" data-e-type=\"widget\" data-widget_type=\"text-editor.default\">\n\t\t\t\t<div class=\"elementor-widget-container\">\n\t\t\t\t\t\t\t\t\t<p>Chaque ann\u00e9e, le CRCOC organise quelques \u00e9v\u00e9nements majeurs de collecte de fonds qui nous aident \u00e0 atteindre notre objectif annuel de 150 000 $. Comme le co\u00fbt de la vie continue de cro\u00eetre, nous comptons plus que jamais sur l&rsquo;appui g\u00e9n\u00e9reux de nos donateurs et de notre communaut\u00e9 pour nous aider \u00e0 atteindre cet objectif.<\/p>\t\t\t\t\t\t\t\t<\/div>\n\t\t\t\t<\/div>\n\t\t\t\t\t<\/div>\n\t\t<\/div>\n\t\t\t\t\t<\/div>\n\t\t<\/section>\n\t\t\t\t<section class=\"elementor-section elementor-top-section elementor-element elementor-element-52c2bfb elementor-section-boxed elementor-section-height-default elementor-section-height-default\" data-id=\"52c2bfb\" data-element_type=\"section\" data-e-type=\"section\">\n\t\t\t\t\t\t<div class=\"elementor-container elementor-column-gap-default\">\n\t\t\t\t\t<div class=\"elementor-column elementor-col-100 elementor-top-column elementor-element elementor-element-fc4ebbb\" data-id=\"fc4ebbb\" data-element_type=\"column\" data-e-type=\"column\">\n\t\t\t<div class=\"elementor-widget-wrap elementor-element-populated\">\n\t\t\t\t\t\t<section class=\"elementor-section elementor-inner-section elementor-element elementor-element-ddb3162 elementor-section-boxed elementor-section-height-default elementor-section-height-default\" data-id=\"ddb3162\" data-element_type=\"section\" data-e-type=\"section\">\n\t\t\t\t\t\t<div class=\"elementor-container elementor-column-gap-default\">\n\t\t\t\t\t<div class=\"elementor-column elementor-col-50 elementor-inner-column elementor-element elementor-element-5a7b784\" data-id=\"5a7b784\" data-element_type=\"column\" data-e-type=\"column\">\n\t\t\t<div class=\"elementor-widget-wrap elementor-element-populated\">\n\t\t\t\t\t\t<div class=\"elementor-element elementor-element-d2484fc elementor-widget elementor-widget-heading\" data-id=\"d2484fc\" data-element_type=\"widget\" data-e-type=\"widget\" data-widget_type=\"heading.default\">\n\t\t\t\t<div class=\"elementor-widget-container\">\n\t\t\t\t\t<h2 class=\"elementor-heading-title elementor-size-default\">ID\u00c9ES DE COLLECTE DE FONDS<\/h2>\t\t\t\t<\/div>\n\t\t\t\t<\/div>\n\t\t\t\t<div class=\"elementor-element elementor-element-7b370e1 elementor-widget elementor-widget-text-editor\" data-id=\"7b370e1\" data-element_type=\"widget\" data-e-type=\"widget\" data-widget_type=\"text-editor.default\">\n\t\t\t\t<div class=\"elementor-widget-container\">\n\t\t\t\t\t\t\t\t\t<ul>\n<li>un barbecue communautaire<\/li>\n<li>une vente-d\u00e9barras<\/li>\n<li>un lave-auto<\/li>\n<li>une f\u00eate pour c\u00e9l\u00e9brer l\u2019anniversaire de quelqu\u2019un<\/li>\n<li>un marchethon (<em>walk-a-thon<\/em>) ou <br>encore un \u00e9v\u00e9nement sportif<\/li>\n<\/ul>\t\t\t\t\t\t\t\t<\/div>\n\t\t\t\t<\/div>\n\t\t\t\t\t<\/div>\n\t\t<\/div>\n\t\t\t\t<div class=\"elementor-column elementor-col-50 elementor-inner-column elementor-element elementor-element-9845e0f\" data-id=\"9845e0f\" data-element_type=\"column\" data-e-type=\"column\">\n\t\t\t<div class=\"elementor-widget-wrap elementor-element-populated\">\n\t\t\t\t\t\t<div class=\"elementor-element elementor-element-a788b93 elementor-widget elementor-widget-heading\" data-id=\"a788b93\" data-element_type=\"widget\" data-e-type=\"widget\" data-widget_type=\"heading.default\">\n\t\t\t\t<div class=\"elementor-widget-container\">\n\t\t\t\t\t<h2 class=\"elementor-heading-title elementor-size-default\">COMMENT NOUS POUVONS AIDER<\/h2>\t\t\t\t<\/div>\n\t\t\t\t<\/div>\n\t\t\t\t<div class=\"elementor-element elementor-element-99c8289 elementor-widget elementor-widget-text-editor\" data-id=\"99c8289\" data-element_type=\"widget\" data-e-type=\"widget\" data-widget_type=\"text-editor.default\">\n\t\t\t\t<div class=\"elementor-widget-container\">\n\t\t\t\t\t\t\t\t\t<ul><li>Publier votre \u00e9v\u00e9nement dans notre calendrier des \u00e9v\u00e9nements et notre fil d\u2019actualit\u00e9<\/li><li>Fournir du mat\u00e9riel promotionnel (logos, banni\u00e8res, affiches,<br \/>et bo\u00eetes de collecte du CRCOC)<\/li><li>Annoncez votre \u00e9v\u00e9nement dans notre bulletin \u00e9lectronique mensuel du CRCOC<\/li><li>Cr\u00e9er une page de collecte de fonds en ligne<\/li><li>Mentionner votre \u00e9v\u00e9nement sur nos plateformes de m\u00e9dias sociaux<\/li><\/ul>\t\t\t\t\t\t\t\t<\/div>\n\t\t\t\t<\/div>\n\t\t\t\t\t<\/div>\n\t\t<\/div>\n\t\t\t\t\t<\/div>\n\t\t<\/section>\n\t\t\t\t\t<\/div>\n\t\t<\/div>\n\t\t\t\t\t<\/div>\n\t\t<\/section>\n\t\t\t\t<section class=\"elementor-section elementor-top-section elementor-element elementor-element-b07fedb elementor-section-boxed elementor-section-height-default elementor-section-height-default\" data-id=\"b07fedb\" data-element_type=\"section\" data-e-type=\"section\">\n\t\t\t\t\t\t<div class=\"elementor-container elementor-column-gap-default\">\n\t\t\t\t\t<div class=\"elementor-column elementor-col-100 elementor-top-column elementor-element elementor-element-aa5b104\" data-id=\"aa5b104\" data-element_type=\"column\" data-e-type=\"column\">\n\t\t\t<div class=\"elementor-widget-wrap elementor-element-populated\">\n\t\t\t\t\t\t<div class=\"elementor-element elementor-element-3d72cc1 elementor-align-center elementor-widget elementor-widget-button\" data-id=\"3d72cc1\" data-element_type=\"widget\" data-e-type=\"widget\" data-widget_type=\"button.default\">\n\t\t\t\t<div class=\"elementor-widget-container\">\n\t\t\t\t\t\t\t\t\t<div class=\"elementor-button-wrapper\">\n\t\t\t\t\t<a class=\"elementor-button elementor-button-link elementor-size-md\" href=\"https:\/\/www.crcoc.ca\/fr\/enregistrez-votre-evenement\/\">\n\t\t\t\t\t\t<span class=\"elementor-button-content-wrapper\">\n\t\t\t\t\t\t\t\t\t<span class=\"elementor-button-text\">Enregistrez votre \u00e9v\u00e9nement\u2009d\u00e8s-maintenant !<\/span>\n\t\t\t\t\t<\/span>\n\t\t\t\t\t<\/a>\n\t\t\t\t<\/div>\n\t\t\t\t\t\t\t\t<\/div>\n\t\t\t\t<\/div>\n\t\t\t\t<div class=\"elementor-element elementor-element-90e651e elementor-widget elementor-widget-text-editor\" data-id=\"90e651e\" data-element_type=\"widget\" data-e-type=\"widget\" data-widget_type=\"text-editor.default\">\n\t\t\t\t<div class=\"elementor-widget-container\">\n\t\t\t\t\t\t\t\t\t<p><strong>En enregistrant votre collecte de fonds, nous pouvons vous aider \u00e0 en faire un succ\u00e8s en vous fournissant le mat\u00e9riel dont vous avez besoin. Pour de plus amples renseignements, veuillez communiquer <a href=\"mailto:cchartrand@crcoc.ca\">Chad Chartrand<\/a> ou appeler <a href=\"tel:6138304357\">613-830-4357<\/a>, poste 209.<\/strong><\/p><p><strong>Num\u00e9ro d\u2019enregistrement d\u2019organisme de bienfaisance\u00a0<span class=\"id_4ed4fb15-4018-4728-bed1-1dd52c961d0f-25\" data-slate-object=\"mark\" data-info=\"noeud\">:<\/span> <span class=\"id_4ed4fb15-4018-4728-bed1-1dd52c961d0f-26\" data-slate-object=\"mark\" data-info=\"noeud\">13091<\/span> <span class=\"id_4ed4fb15-4018-4728-bed1-1dd52c961d0f-27\" data-slate-object=\"mark\" data-info=\"noeud\">7552<\/span>\u00a0RR0001<\/strong><\/p>\t\t\t\t\t\t\t\t<\/div>\n\t\t\t\t<\/div>\n\t\t\t\t<div class=\"elementor-element elementor-element-404506e elementor-widget-divider--view-line elementor-widget elementor-widget-divider\" data-id=\"404506e\" data-element_type=\"widget\" data-e-type=\"widget\" data-widget_type=\"divider.default\">\n\t\t\t\t<div class=\"elementor-widget-container\">\n\t\t\t\t\t\t\t<div class=\"elementor-divider\">\n\t\t\t<span class=\"elementor-divider-separator\">\n\t\t\t\t\t\t<\/span>\n\t\t<\/div>\n\t\t\t\t\t\t<\/div>\n\t\t\t\t<\/div>\n\t\t\t\t<div class=\"elementor-element elementor-element-5cfcd0d elementor-shape-circle elementor-grid-0 e-grid-align-center elementor-widget elementor-widget-social-icons\" data-id=\"5cfcd0d\" data-element_type=\"widget\" data-e-type=\"widget\" data-widget_type=\"social-icons.default\">\n\t\t\t\t<div class=\"elementor-widget-container\">\n\t\t\t\t\t\t\t<div class=\"elementor-social-icons-wrapper elementor-grid\">\n\t\t\t\t\t\t\t<span class=\"elementor-grid-item\">\n\t\t\t\t\t<a class=\"elementor-icon elementor-social-icon elementor-social-icon-facebook elementor-repeater-item-71fab36\" href=\"https:\/\/www.facebook.com\/OCCRC.CRCOC\" target=\"_blank\">\n\t\t\t\t\t\t<span class=\"elementor-screen-only\">Facebook<\/span>\n\t\t\t\t\t\t<i aria-hidden=\"true\" class=\"fab fa-facebook\"><\/i>\t\t\t\t\t<\/a>\n\t\t\t\t<\/span>\n\t\t\t\t\t<\/div>\n\t\t\t\t\t\t<\/div>\n\t\t\t\t<\/div>\n\t\t\t\t\t<\/div>\n\t\t<\/div>\n\t\t\t\t\t<\/div>\n\t\t<\/section>\n\t\t\t\t<\/div>\n\t\t","protected":false},"excerpt":{"rendered":"<p>ORGANISER UN \u00c9V\u00c9NEMENT Il ya plusieurs fa\u00e7ons pour les individus et les groupes de collecter des fonds pour le Centre de ressources communautaires Orl\u00e9ans-Cumberland Chaque ann\u00e9e, le CRCOC organise quelques \u00e9v\u00e9nements majeurs de collecte de fonds qui nous aident \u00e0 atteindre notre objectif annuel de 150 000 $. Comme le co\u00fbt de la vie continue &#8230; <a title=\"Organisez un \u00e9v\u00e9nement\" class=\"read-more\" href=\"https:\/\/www.crcoc.ca\/fr\/organisez-un-evenement\/\">Read more<\/a><\/p>\n","protected":false},"author":1,"featured_media":0,"parent":0,"menu_order":0,"comment_status":"closed","ping_status":"closed","template":"","meta":{"footnotes":""},"class_list":["post-1410","page","type-page","status-publish"],"yoast_head":"<!-- This site is optimized with the Yoast SEO plugin v27.3 - https:\/\/yoast.com\/product\/yoast-seo-wordpress\/ -->\n<title>Organisez un \u00e9v\u00e9nement - CRCOC - OCCRC<\/title>\n<meta name=\"robots\" content=\"index, follow, max-snippet:-1, max-image-preview:large, max-video-preview:-1\" \/>\n<link rel=\"canonical\" href=\"https:\/\/www.crcoc.ca\/fr\/organisez-un-evenement\/\" \/>\n<meta property=\"og:locale\" content=\"fr_FR\" \/>\n<meta property=\"og:type\" content=\"article\" \/>\n<meta property=\"og:title\" content=\"Organisez un \u00e9v\u00e9nement - CRCOC - OCCRC\" \/>\n<meta property=\"og:description\" content=\"ORGANISER UN \u00c9V\u00c9NEMENT Il ya plusieurs fa\u00e7ons pour les individus et les groupes de collecter des fonds pour le Centre de ressources communautaires Orl\u00e9ans-Cumberland Chaque ann\u00e9e, le CRCOC organise quelques \u00e9v\u00e9nements majeurs de collecte de fonds qui nous aident \u00e0 atteindre notre objectif annuel de 150 000 $. Comme le co\u00fbt de la vie continue ... Read more\" \/>\n<meta property=\"og:url\" content=\"https:\/\/www.crcoc.ca\/fr\/organisez-un-evenement\/\" \/>\n<meta property=\"og:site_name\" content=\"CRCOC - OCCRC\" \/>\n<meta property=\"article:publisher\" content=\"https:\/\/www.facebook.com\/OCCRC.CRCOC\/\" \/>\n<meta property=\"article:modified_time\" content=\"2023-02-28T18:43:26+00:00\" \/>\n<meta property=\"og:image\" content=\"https:\/\/www.crcoc.ca\/wp-content\/uploads\/2023\/01\/donation-2-150x150.png\" \/>\n<meta name=\"twitter:card\" content=\"summary_large_image\" \/>\n<meta name=\"twitter:site\" content=\"@OCCRC_CRCOC\" \/>\n<meta name=\"twitter:label1\" content=\"Dur\u00e9e de lecture estim\u00e9e\" \/>\n\t<meta name=\"twitter:data1\" content=\"2 minutes\" \/>\n<script type=\"application\/ld+json\" class=\"yoast-schema-graph\">{\"@context\":\"https:\\\/\\\/schema.org\",\"@graph\":[{\"@type\":\"WebPage\",\"@id\":\"https:\\\/\\\/www.crcoc.ca\\\/fr\\\/organisez-un-evenement\\\/\",\"url\":\"https:\\\/\\\/www.crcoc.ca\\\/fr\\\/organisez-un-evenement\\\/\",\"name\":\"Organisez un \u00e9v\u00e9nement - CRCOC - OCCRC\",\"isPartOf\":{\"@id\":\"https:\\\/\\\/www.crcoc.ca\\\/fr\\\/#website\"},\"primaryImageOfPage\":{\"@id\":\"https:\\\/\\\/www.crcoc.ca\\\/fr\\\/organisez-un-evenement\\\/#primaryimage\"},\"image\":{\"@id\":\"https:\\\/\\\/www.crcoc.ca\\\/fr\\\/organisez-un-evenement\\\/#primaryimage\"},\"thumbnailUrl\":\"https:\\\/\\\/www.crcoc.ca\\\/wp-content\\\/uploads\\\/2023\\\/01\\\/donation-2-150x150.png\",\"datePublished\":\"2019-02-12T19:52:46+00:00\",\"dateModified\":\"2023-02-28T18:43:26+00:00\",\"breadcrumb\":{\"@id\":\"https:\\\/\\\/www.crcoc.ca\\\/fr\\\/organisez-un-evenement\\\/#breadcrumb\"},\"inLanguage\":\"fr-FR\",\"potentialAction\":[{\"@type\":\"ReadAction\",\"target\":[\"https:\\\/\\\/www.crcoc.ca\\\/fr\\\/organisez-un-evenement\\\/\"]}]},{\"@type\":\"ImageObject\",\"inLanguage\":\"fr-FR\",\"@id\":\"https:\\\/\\\/www.crcoc.ca\\\/fr\\\/organisez-un-evenement\\\/#primaryimage\",\"url\":\"https:\\\/\\\/www.crcoc.ca\\\/wp-content\\\/uploads\\\/2023\\\/01\\\/donation-2-150x150.png\",\"contentUrl\":\"https:\\\/\\\/www.crcoc.ca\\\/wp-content\\\/uploads\\\/2023\\\/01\\\/donation-2-150x150.png\"},{\"@type\":\"BreadcrumbList\",\"@id\":\"https:\\\/\\\/www.crcoc.ca\\\/fr\\\/organisez-un-evenement\\\/#breadcrumb\",\"itemListElement\":[{\"@type\":\"ListItem\",\"position\":1,\"name\":\"Home\",\"item\":\"https:\\\/\\\/www.crcoc.ca\\\/fr\\\/\"},{\"@type\":\"ListItem\",\"position\":2,\"name\":\"Organisez un \u00e9v\u00e9nement\"}]},{\"@type\":\"WebSite\",\"@id\":\"https:\\\/\\\/www.crcoc.ca\\\/fr\\\/#website\",\"url\":\"https:\\\/\\\/www.crcoc.ca\\\/fr\\\/\",\"name\":\"CRCOC - OCCRC\",\"description\":\"Centre de ressources communautaires Orl\u00e9ans-Cumberland | Orl\u00e9ans-Cumberland Community Resource Center\",\"publisher\":{\"@id\":\"https:\\\/\\\/www.crcoc.ca\\\/fr\\\/#organization\"},\"potentialAction\":[{\"@type\":\"SearchAction\",\"target\":{\"@type\":\"EntryPoint\",\"urlTemplate\":\"https:\\\/\\\/www.crcoc.ca\\\/fr\\\/?s={search_term_string}\"},\"query-input\":{\"@type\":\"PropertyValueSpecification\",\"valueRequired\":true,\"valueName\":\"search_term_string\"}}],\"inLanguage\":\"fr-FR\"},{\"@type\":\"Organization\",\"@id\":\"https:\\\/\\\/www.crcoc.ca\\\/fr\\\/#organization\",\"name\":\"Orl\u00e9ans-Cumberland Community Resource Centre\",\"url\":\"https:\\\/\\\/www.crcoc.ca\\\/fr\\\/\",\"logo\":{\"@type\":\"ImageObject\",\"inLanguage\":\"fr-FR\",\"@id\":\"https:\\\/\\\/www.crcoc.ca\\\/fr\\\/#\\\/schema\\\/logo\\\/image\\\/\",\"url\":\"https:\\\/\\\/www.crcoc.ca\\\/wp-content\\\/uploads\\\/2019\\\/01\\\/cropped-Logo_OCCRCeachside-1.png\",\"contentUrl\":\"https:\\\/\\\/www.crcoc.ca\\\/wp-content\\\/uploads\\\/2019\\\/01\\\/cropped-Logo_OCCRCeachside-1.png\",\"width\":512,\"height\":512,\"caption\":\"Orl\u00e9ans-Cumberland Community Resource Centre\"},\"image\":{\"@id\":\"https:\\\/\\\/www.crcoc.ca\\\/fr\\\/#\\\/schema\\\/logo\\\/image\\\/\"},\"sameAs\":[\"https:\\\/\\\/www.facebook.com\\\/OCCRC.CRCOC\\\/\",\"https:\\\/\\\/x.com\\\/OCCRC_CRCOC\",\"https:\\\/\\\/instagram.com\\\/occrcyp_crcocpj\\\/\"]}]}<\/script>\n<!-- \/ Yoast SEO plugin. -->","yoast_head_json":{"title":"Organisez un \u00e9v\u00e9nement - CRCOC - OCCRC","robots":{"index":"index","follow":"follow","max-snippet":"max-snippet:-1","max-image-preview":"max-image-preview:large","max-video-preview":"max-video-preview:-1"},"canonical":"https:\/\/www.crcoc.ca\/fr\/organisez-un-evenement\/","og_locale":"fr_FR","og_type":"article","og_title":"Organisez un \u00e9v\u00e9nement - CRCOC - OCCRC","og_description":"ORGANISER UN \u00c9V\u00c9NEMENT Il ya plusieurs fa\u00e7ons pour les individus et les groupes de collecter des fonds pour le Centre de ressources communautaires Orl\u00e9ans-Cumberland Chaque ann\u00e9e, le CRCOC organise quelques \u00e9v\u00e9nements majeurs de collecte de fonds qui nous aident \u00e0 atteindre notre objectif annuel de 150 000 $. Comme le co\u00fbt de la vie continue ... Read more","og_url":"https:\/\/www.crcoc.ca\/fr\/organisez-un-evenement\/","og_site_name":"CRCOC - OCCRC","article_publisher":"https:\/\/www.facebook.com\/OCCRC.CRCOC\/","article_modified_time":"2023-02-28T18:43:26+00:00","og_image":[{"url":"https:\/\/www.crcoc.ca\/wp-content\/uploads\/2023\/01\/donation-2-150x150.png","type":"","width":"","height":""}],"twitter_card":"summary_large_image","twitter_site":"@OCCRC_CRCOC","twitter_misc":{"Dur\u00e9e de lecture estim\u00e9e":"2 minutes"},"schema":{"@context":"https:\/\/schema.org","@graph":[{"@type":"WebPage","@id":"https:\/\/www.crcoc.ca\/fr\/organisez-un-evenement\/","url":"https:\/\/www.crcoc.ca\/fr\/organisez-un-evenement\/","name":"Organisez un \u00e9v\u00e9nement - CRCOC - OCCRC","isPartOf":{"@id":"https:\/\/www.crcoc.ca\/fr\/#website"},"primaryImageOfPage":{"@id":"https:\/\/www.crcoc.ca\/fr\/organisez-un-evenement\/#primaryimage"},"image":{"@id":"https:\/\/www.crcoc.ca\/fr\/organisez-un-evenement\/#primaryimage"},"thumbnailUrl":"https:\/\/www.crcoc.ca\/wp-content\/uploads\/2023\/01\/donation-2-150x150.png","datePublished":"2019-02-12T19:52:46+00:00","dateModified":"2023-02-28T18:43:26+00:00","breadcrumb":{"@id":"https:\/\/www.crcoc.ca\/fr\/organisez-un-evenement\/#breadcrumb"},"inLanguage":"fr-FR","potentialAction":[{"@type":"ReadAction","target":["https:\/\/www.crcoc.ca\/fr\/organisez-un-evenement\/"]}]},{"@type":"ImageObject","inLanguage":"fr-FR","@id":"https:\/\/www.crcoc.ca\/fr\/organisez-un-evenement\/#primaryimage","url":"https:\/\/www.crcoc.ca\/wp-content\/uploads\/2023\/01\/donation-2-150x150.png","contentUrl":"https:\/\/www.crcoc.ca\/wp-content\/uploads\/2023\/01\/donation-2-150x150.png"},{"@type":"BreadcrumbList","@id":"https:\/\/www.crcoc.ca\/fr\/organisez-un-evenement\/#breadcrumb","itemListElement":[{"@type":"ListItem","position":1,"name":"Home","item":"https:\/\/www.crcoc.ca\/fr\/"},{"@type":"ListItem","position":2,"name":"Organisez un \u00e9v\u00e9nement"}]},{"@type":"WebSite","@id":"https:\/\/www.crcoc.ca\/fr\/#website","url":"https:\/\/www.crcoc.ca\/fr\/","name":"CRCOC - OCCRC","description":"Centre de ressources communautaires Orl\u00e9ans-Cumberland | Orl\u00e9ans-Cumberland Community Resource Center","publisher":{"@id":"https:\/\/www.crcoc.ca\/fr\/#organization"},"potentialAction":[{"@type":"SearchAction","target":{"@type":"EntryPoint","urlTemplate":"https:\/\/www.crcoc.ca\/fr\/?s={search_term_string}"},"query-input":{"@type":"PropertyValueSpecification","valueRequired":true,"valueName":"search_term_string"}}],"inLanguage":"fr-FR"},{"@type":"Organization","@id":"https:\/\/www.crcoc.ca\/fr\/#organization","name":"Orl\u00e9ans-Cumberland Community Resource Centre","url":"https:\/\/www.crcoc.ca\/fr\/","logo":{"@type":"ImageObject","inLanguage":"fr-FR","@id":"https:\/\/www.crcoc.ca\/fr\/#\/schema\/logo\/image\/","url":"https:\/\/www.crcoc.ca\/wp-content\/uploads\/2019\/01\/cropped-Logo_OCCRCeachside-1.png","contentUrl":"https:\/\/www.crcoc.ca\/wp-content\/uploads\/2019\/01\/cropped-Logo_OCCRCeachside-1.png","width":512,"height":512,"caption":"Orl\u00e9ans-Cumberland Community Resource Centre"},"image":{"@id":"https:\/\/www.crcoc.ca\/fr\/#\/schema\/logo\/image\/"},"sameAs":["https:\/\/www.facebook.com\/OCCRC.CRCOC\/","https:\/\/x.com\/OCCRC_CRCOC","https:\/\/instagram.com\/occrcyp_crcocpj\/"]}]}},"_links":{"self":[{"href":"https:\/\/www.crcoc.ca\/fr\/wp-json\/wp\/v2\/pages\/1410","targetHints":{"allow":["GET"]}}],"collection":[{"href":"https:\/\/www.crcoc.ca\/fr\/wp-json\/wp\/v2\/pages"}],"about":[{"href":"https:\/\/www.crcoc.ca\/fr\/wp-json\/wp\/v2\/types\/page"}],"author":[{"embeddable":true,"href":"https:\/\/www.crcoc.ca\/fr\/wp-json\/wp\/v2\/users\/1"}],"replies":[{"embeddable":true,"href":"https:\/\/www.crcoc.ca\/fr\/wp-json\/wp\/v2\/comments?post=1410"}],"version-history":[{"count":89,"href":"https:\/\/www.crcoc.ca\/fr\/wp-json\/wp\/v2\/pages\/1410\/revisions"}],"predecessor-version":[{"id":29026,"href":"https:\/\/www.crcoc.ca\/fr\/wp-json\/wp\/v2\/pages\/1410\/revisions\/29026"}],"wp:attachment":[{"href":"https:\/\/www.crcoc.ca\/fr\/wp-json\/wp\/v2\/media?parent=1410"}],"curies":[{"name":"wp","href":"https:\/\/api.w.org\/{rel}","templated":true}]}}