{"id":1394,"date":"2019-02-12T14:45:48","date_gmt":"2019-02-12T19:45:48","guid":{"rendered":"http:\/\/crcoc.ca\/occrc-gift-cards\/"},"modified":"2019-03-25T14:17:51","modified_gmt":"2019-03-25T18:17:51","slug":"occrc-cartes-cadeaux","status":"publish","type":"page","link":"https:\/\/www.crcoc.ca\/fr\/occrc-cartes-cadeaux\/","title":{"rendered":"OCCRC Cartes-cadeaux"},"content":{"rendered":"\t\t<div data-elementor-type=\"wp-post\" data-elementor-id=\"1394\" class=\"elementor elementor-1394 elementor-1390\" data-elementor-post-type=\"page\">\n\t\t\t\t\t\t<section class=\"elementor-section elementor-top-section elementor-element elementor-element-7a3d6fb elementor-section-boxed elementor-section-height-default elementor-section-height-default\" data-id=\"7a3d6fb\" data-element_type=\"section\" data-e-type=\"section\">\n\t\t\t\t\t\t<div class=\"elementor-container elementor-column-gap-default\">\n\t\t\t\t\t<div class=\"elementor-column elementor-col-100 elementor-top-column elementor-element elementor-element-726a2f9\" data-id=\"726a2f9\" data-element_type=\"column\" data-e-type=\"column\">\n\t\t\t<div class=\"elementor-widget-wrap elementor-element-populated\">\n\t\t\t\t\t\t<div class=\"elementor-element elementor-element-92ff6c1 elementor-widget elementor-widget-heading\" data-id=\"92ff6c1\" data-element_type=\"widget\" data-e-type=\"widget\" data-widget_type=\"heading.default\">\n\t\t\t\t<div class=\"elementor-widget-container\">\n\t\t\t\t\t<h1 class=\"elementor-heading-title elementor-size-default\">Cartes-cadeaux CRCOC<\/h1>\t\t\t\t<\/div>\n\t\t\t\t<\/div>\n\t\t\t\t<div class=\"elementor-element elementor-element-8e11e30 elementor-widget elementor-widget-text-editor\" data-id=\"8e11e30\" data-element_type=\"widget\" data-e-type=\"widget\" data-widget_type=\"text-editor.default\">\n\t\t\t\t<div class=\"elementor-widget-container\">\n\t\t\t\t\t\t\t\t\t<p>Les cartes-cadeaux du CRCOC, une source de financement pour l\u2019organisme\u00a0:<\/p><ul><li>\u00c9changeables chez des d\u00e9taillants populaires d\u2019Orl\u00e9ans et des environs (\u00e9piceries, stations-services, restaurants, etc.)<\/li><li>De 2 % \u00e015 % de la valeur des cartes-cadeaux achet\u00e9es revient au CRCOC<\/li><\/ul>\t\t\t\t\t\t\t\t<\/div>\n\t\t\t\t<\/div>\n\t\t\t\t<div class=\"elementor-element elementor-element-3eab4b2 elementor-widget elementor-widget-heading\" data-id=\"3eab4b2\" data-element_type=\"widget\" data-e-type=\"widget\" data-widget_type=\"heading.default\">\n\t\t\t\t<div class=\"elementor-widget-container\">\n\t\t\t\t\t<h3 class=\"elementor-heading-title elementor-size-default\">Comment se procurer les cartes-cadeaux du CRCOC?<\/h3>\t\t\t\t<\/div>\n\t\t\t\t<\/div>\n\t\t\t\t<div class=\"elementor-element elementor-element-1ef430f elementor-widget elementor-widget-text-editor\" data-id=\"1ef430f\" data-element_type=\"widget\" data-e-type=\"widget\" data-widget_type=\"text-editor.default\">\n\t\t\t\t<div class=\"elementor-widget-container\">\n\t\t\t\t\t\t\t\t\t<p>\u00a0<\/p><ul><li style=\"list-style-type: none;\"><ul><li style=\"list-style-type: none;\"><ul><li>Imprimer le formulaire de commande (voir ci-dessous) et le compl\u00e9ter<\/li><li>Remettre ce formulaire en personne au CRCOC ou l\u2019exp\u00e9dier par la poste au CRCOC<\/li><li>Autre possibilit\u00e9\u00a0: envoyer le formulaire de commande \u00e9lectronique (voir ci-dessous) par courriel au CRCOC\u00a0: cmackay@crcoc.ca<\/li><li>Effectuer le paiement avant le 2<sup>e<\/sup>\u00a0mercredi du mois (en argent comptant, par ch\u00e8que ou par carte de cr\u00e9dit)<\/li><li>Des frais de 3\u00a0% s\u2019appliquent pour les paiements par carte de cr\u00e9dit<\/li><li>Le CRCOC commande les cartes-cadeaux le 2<sup>e<\/sup> vendredi de chaque mois<\/li><\/ul><\/li><\/ul><\/li><\/ul><ol><li><a href=\"https:\/\/www.crcoc.ca\/wp-content\/uploads\/2019\/03\/Community-Order-Form-OCCRCs-Cards-that-Care-Program-revised-Jan.-2-2019-Print-Fill.pdf\"><b>Formulaire de commande \u00e0 imprimer<\/b><\/a><\/li><li><a href=\"https:\/\/www.crcoc.ca\/wp-content\/uploads\/2019\/03\/Community-Order-Form-OCCRCs-Cards-that-Care-Program-revised-Jan.-2-2019-FillPrint.xlsx\"><b><strong>Formulaire de commande \u00e9lectronique<\/strong><\/b><\/a><\/li><\/ol><p>Pour plus d\u2019informations : 613 830-4357, poste 305, ou <a href=\"mailto:cmackay@crcoc.ca\">cmackay@crcoc.ca<\/a><\/p>\t\t\t\t\t\t\t\t<\/div>\n\t\t\t\t<\/div>\n\t\t\t\t<div class=\"elementor-element elementor-element-11fab2f elementor-widget elementor-widget-heading\" data-id=\"11fab2f\" data-element_type=\"widget\" data-e-type=\"widget\" data-widget_type=\"heading.default\">\n\t\t\t\t<div class=\"elementor-widget-container\">\n\t\t\t\t\t<h2 class=\"elementor-heading-title elementor-size-default\">Un gros merci d\u2019acheter des cartes-cadeaux du CRCOC!<\/h2>\t\t\t\t<\/div>\n\t\t\t\t<\/div>\n\t\t\t\t\t<\/div>\n\t\t<\/div>\n\t\t\t\t\t<\/div>\n\t\t<\/section>\n\t\t\t\t<\/div>\n\t\t","protected":false},"excerpt":{"rendered":"<p>Cartes-cadeaux CRCOC Les cartes-cadeaux du CRCOC, une source de financement pour l\u2019organisme\u00a0: \u00c9changeables chez des d\u00e9taillants populaires d\u2019Orl\u00e9ans et des environs (\u00e9piceries, stations-services, restaurants, etc.) De 2 % \u00e015 % de la valeur des cartes-cadeaux achet\u00e9es revient au CRCOC Comment se procurer les cartes-cadeaux du CRCOC? \u00a0 Imprimer le formulaire de commande (voir ci-dessous) et &#8230; <a title=\"OCCRC Cartes-cadeaux\" class=\"read-more\" href=\"https:\/\/www.crcoc.ca\/fr\/occrc-cartes-cadeaux\/\">Read more<\/a><\/p>\n","protected":false},"author":1,"featured_media":0,"parent":0,"menu_order":0,"comment_status":"closed","ping_status":"closed","template":"","meta":{"footnotes":""},"class_list":["post-1394","page","type-page","status-publish"],"yoast_head":"<!-- This site is optimized with the Yoast SEO plugin v27.3 - https:\/\/yoast.com\/product\/yoast-seo-wordpress\/ -->\n<title>OCCRC Cartes-cadeaux - CRCOC - OCCRC<\/title>\n<meta name=\"robots\" content=\"index, follow, max-snippet:-1, max-image-preview:large, max-video-preview:-1\" \/>\n<link rel=\"canonical\" href=\"https:\/\/www.crcoc.ca\/fr\/occrc-cartes-cadeaux\/\" \/>\n<meta property=\"og:locale\" content=\"fr_FR\" \/>\n<meta property=\"og:type\" content=\"article\" \/>\n<meta property=\"og:title\" content=\"OCCRC Cartes-cadeaux - CRCOC - OCCRC\" \/>\n<meta property=\"og:description\" content=\"Cartes-cadeaux CRCOC Les cartes-cadeaux du CRCOC, une source de financement pour l\u2019organisme\u00a0: \u00c9changeables chez des d\u00e9taillants populaires d\u2019Orl\u00e9ans et des environs (\u00e9piceries, stations-services, restaurants, etc.) De 2 % \u00e015 % de la valeur des cartes-cadeaux achet\u00e9es revient au CRCOC Comment se procurer les cartes-cadeaux du CRCOC? \u00a0 Imprimer le formulaire de commande (voir ci-dessous) et ... Read more\" \/>\n<meta property=\"og:url\" content=\"https:\/\/www.crcoc.ca\/fr\/occrc-cartes-cadeaux\/\" \/>\n<meta property=\"og:site_name\" content=\"CRCOC - OCCRC\" \/>\n<meta property=\"article:publisher\" content=\"https:\/\/www.facebook.com\/OCCRC.CRCOC\/\" \/>\n<meta property=\"article:modified_time\" content=\"2019-03-25T18:17:51+00:00\" \/>\n<meta name=\"twitter:card\" content=\"summary_large_image\" \/>\n<meta name=\"twitter:site\" content=\"@OCCRC_CRCOC\" \/>\n<meta name=\"twitter:label1\" content=\"Dur\u00e9e de lecture estim\u00e9e\" \/>\n\t<meta name=\"twitter:data1\" content=\"1 minute\" \/>\n<script type=\"application\/ld+json\" class=\"yoast-schema-graph\">{\"@context\":\"https:\\\/\\\/schema.org\",\"@graph\":[{\"@type\":\"WebPage\",\"@id\":\"https:\\\/\\\/www.crcoc.ca\\\/fr\\\/occrc-cartes-cadeaux\\\/\",\"url\":\"https:\\\/\\\/www.crcoc.ca\\\/fr\\\/occrc-cartes-cadeaux\\\/\",\"name\":\"OCCRC Cartes-cadeaux - CRCOC - OCCRC\",\"isPartOf\":{\"@id\":\"https:\\\/\\\/www.crcoc.ca\\\/fr\\\/#website\"},\"datePublished\":\"2019-02-12T19:45:48+00:00\",\"dateModified\":\"2019-03-25T18:17:51+00:00\",\"breadcrumb\":{\"@id\":\"https:\\\/\\\/www.crcoc.ca\\\/fr\\\/occrc-cartes-cadeaux\\\/#breadcrumb\"},\"inLanguage\":\"fr-FR\",\"potentialAction\":[{\"@type\":\"ReadAction\",\"target\":[\"https:\\\/\\\/www.crcoc.ca\\\/fr\\\/occrc-cartes-cadeaux\\\/\"]}]},{\"@type\":\"BreadcrumbList\",\"@id\":\"https:\\\/\\\/www.crcoc.ca\\\/fr\\\/occrc-cartes-cadeaux\\\/#breadcrumb\",\"itemListElement\":[{\"@type\":\"ListItem\",\"position\":1,\"name\":\"Home\",\"item\":\"https:\\\/\\\/www.crcoc.ca\\\/fr\\\/\"},{\"@type\":\"ListItem\",\"position\":2,\"name\":\"OCCRC Cartes-cadeaux\"}]},{\"@type\":\"WebSite\",\"@id\":\"https:\\\/\\\/www.crcoc.ca\\\/fr\\\/#website\",\"url\":\"https:\\\/\\\/www.crcoc.ca\\\/fr\\\/\",\"name\":\"CRCOC - OCCRC\",\"description\":\"Centre de ressources communautaires Orl\u00e9ans-Cumberland | Orl\u00e9ans-Cumberland Community Resource Center\",\"publisher\":{\"@id\":\"https:\\\/\\\/www.crcoc.ca\\\/fr\\\/#organization\"},\"potentialAction\":[{\"@type\":\"SearchAction\",\"target\":{\"@type\":\"EntryPoint\",\"urlTemplate\":\"https:\\\/\\\/www.crcoc.ca\\\/fr\\\/?s={search_term_string}\"},\"query-input\":{\"@type\":\"PropertyValueSpecification\",\"valueRequired\":true,\"valueName\":\"search_term_string\"}}],\"inLanguage\":\"fr-FR\"},{\"@type\":\"Organization\",\"@id\":\"https:\\\/\\\/www.crcoc.ca\\\/fr\\\/#organization\",\"name\":\"Orl\u00e9ans-Cumberland Community Resource Centre\",\"url\":\"https:\\\/\\\/www.crcoc.ca\\\/fr\\\/\",\"logo\":{\"@type\":\"ImageObject\",\"inLanguage\":\"fr-FR\",\"@id\":\"https:\\\/\\\/www.crcoc.ca\\\/fr\\\/#\\\/schema\\\/logo\\\/image\\\/\",\"url\":\"https:\\\/\\\/www.crcoc.ca\\\/wp-content\\\/uploads\\\/2019\\\/01\\\/cropped-Logo_OCCRCeachside-1.png\",\"contentUrl\":\"https:\\\/\\\/www.crcoc.ca\\\/wp-content\\\/uploads\\\/2019\\\/01\\\/cropped-Logo_OCCRCeachside-1.png\",\"width\":512,\"height\":512,\"caption\":\"Orl\u00e9ans-Cumberland Community Resource Centre\"},\"image\":{\"@id\":\"https:\\\/\\\/www.crcoc.ca\\\/fr\\\/#\\\/schema\\\/logo\\\/image\\\/\"},\"sameAs\":[\"https:\\\/\\\/www.facebook.com\\\/OCCRC.CRCOC\\\/\",\"https:\\\/\\\/x.com\\\/OCCRC_CRCOC\",\"https:\\\/\\\/instagram.com\\\/occrcyp_crcocpj\\\/\"]}]}<\/script>\n<!-- \/ Yoast SEO plugin. -->","yoast_head_json":{"title":"OCCRC Cartes-cadeaux - CRCOC - OCCRC","robots":{"index":"index","follow":"follow","max-snippet":"max-snippet:-1","max-image-preview":"max-image-preview:large","max-video-preview":"max-video-preview:-1"},"canonical":"https:\/\/www.crcoc.ca\/fr\/occrc-cartes-cadeaux\/","og_locale":"fr_FR","og_type":"article","og_title":"OCCRC Cartes-cadeaux - CRCOC - OCCRC","og_description":"Cartes-cadeaux CRCOC Les cartes-cadeaux du CRCOC, une source de financement pour l\u2019organisme\u00a0: \u00c9changeables chez des d\u00e9taillants populaires d\u2019Orl\u00e9ans et des environs (\u00e9piceries, stations-services, restaurants, etc.) De 2 % \u00e015 % de la valeur des cartes-cadeaux achet\u00e9es revient au CRCOC Comment se procurer les cartes-cadeaux du CRCOC? \u00a0 Imprimer le formulaire de commande (voir ci-dessous) et ... Read more","og_url":"https:\/\/www.crcoc.ca\/fr\/occrc-cartes-cadeaux\/","og_site_name":"CRCOC - OCCRC","article_publisher":"https:\/\/www.facebook.com\/OCCRC.CRCOC\/","article_modified_time":"2019-03-25T18:17:51+00:00","twitter_card":"summary_large_image","twitter_site":"@OCCRC_CRCOC","twitter_misc":{"Dur\u00e9e de lecture estim\u00e9e":"1 minute"},"schema":{"@context":"https:\/\/schema.org","@graph":[{"@type":"WebPage","@id":"https:\/\/www.crcoc.ca\/fr\/occrc-cartes-cadeaux\/","url":"https:\/\/www.crcoc.ca\/fr\/occrc-cartes-cadeaux\/","name":"OCCRC Cartes-cadeaux - CRCOC - OCCRC","isPartOf":{"@id":"https:\/\/www.crcoc.ca\/fr\/#website"},"datePublished":"2019-02-12T19:45:48+00:00","dateModified":"2019-03-25T18:17:51+00:00","breadcrumb":{"@id":"https:\/\/www.crcoc.ca\/fr\/occrc-cartes-cadeaux\/#breadcrumb"},"inLanguage":"fr-FR","potentialAction":[{"@type":"ReadAction","target":["https:\/\/www.crcoc.ca\/fr\/occrc-cartes-cadeaux\/"]}]},{"@type":"BreadcrumbList","@id":"https:\/\/www.crcoc.ca\/fr\/occrc-cartes-cadeaux\/#breadcrumb","itemListElement":[{"@type":"ListItem","position":1,"name":"Home","item":"https:\/\/www.crcoc.ca\/fr\/"},{"@type":"ListItem","position":2,"name":"OCCRC Cartes-cadeaux"}]},{"@type":"WebSite","@id":"https:\/\/www.crcoc.ca\/fr\/#website","url":"https:\/\/www.crcoc.ca\/fr\/","name":"CRCOC - OCCRC","description":"Centre de ressources communautaires Orl\u00e9ans-Cumberland | Orl\u00e9ans-Cumberland Community Resource Center","publisher":{"@id":"https:\/\/www.crcoc.ca\/fr\/#organization"},"potentialAction":[{"@type":"SearchAction","target":{"@type":"EntryPoint","urlTemplate":"https:\/\/www.crcoc.ca\/fr\/?s={search_term_string}"},"query-input":{"@type":"PropertyValueSpecification","valueRequired":true,"valueName":"search_term_string"}}],"inLanguage":"fr-FR"},{"@type":"Organization","@id":"https:\/\/www.crcoc.ca\/fr\/#organization","name":"Orl\u00e9ans-Cumberland Community Resource Centre","url":"https:\/\/www.crcoc.ca\/fr\/","logo":{"@type":"ImageObject","inLanguage":"fr-FR","@id":"https:\/\/www.crcoc.ca\/fr\/#\/schema\/logo\/image\/","url":"https:\/\/www.crcoc.ca\/wp-content\/uploads\/2019\/01\/cropped-Logo_OCCRCeachside-1.png","contentUrl":"https:\/\/www.crcoc.ca\/wp-content\/uploads\/2019\/01\/cropped-Logo_OCCRCeachside-1.png","width":512,"height":512,"caption":"Orl\u00e9ans-Cumberland Community Resource Centre"},"image":{"@id":"https:\/\/www.crcoc.ca\/fr\/#\/schema\/logo\/image\/"},"sameAs":["https:\/\/www.facebook.com\/OCCRC.CRCOC\/","https:\/\/x.com\/OCCRC_CRCOC","https:\/\/instagram.com\/occrcyp_crcocpj\/"]}]}},"_links":{"self":[{"href":"https:\/\/www.crcoc.ca\/fr\/wp-json\/wp\/v2\/pages\/1394","targetHints":{"allow":["GET"]}}],"collection":[{"href":"https:\/\/www.crcoc.ca\/fr\/wp-json\/wp\/v2\/pages"}],"about":[{"href":"https:\/\/www.crcoc.ca\/fr\/wp-json\/wp\/v2\/types\/page"}],"author":[{"embeddable":true,"href":"https:\/\/www.crcoc.ca\/fr\/wp-json\/wp\/v2\/users\/1"}],"replies":[{"embeddable":true,"href":"https:\/\/www.crcoc.ca\/fr\/wp-json\/wp\/v2\/comments?post=1394"}],"version-history":[{"count":0,"href":"https:\/\/www.crcoc.ca\/fr\/wp-json\/wp\/v2\/pages\/1394\/revisions"}],"wp:attachment":[{"href":"https:\/\/www.crcoc.ca\/fr\/wp-json\/wp\/v2\/media?parent=1394"}],"curies":[{"name":"wp","href":"https:\/\/api.w.org\/{rel}","templated":true}]}}