{"id":1388,"date":"2019-02-12T14:45:18","date_gmt":"2019-02-12T19:45:18","guid":{"rendered":"http:\/\/crcoc.ca\/?page_id=1388"},"modified":"2023-01-25T13:35:40","modified_gmt":"2023-01-25T18:35:40","slug":"nouvelles","status":"publish","type":"page","link":"https:\/\/www.crcoc.ca\/fr\/nouvelles\/","title":{"rendered":"Nouvelles"},"content":{"rendered":"\t\t<div data-elementor-type=\"wp-post\" data-elementor-id=\"1388\" class=\"elementor elementor-1388 elementor-1386\" data-elementor-post-type=\"page\">\n\t\t\t\t\t\t<section class=\"elementor-section elementor-top-section elementor-element elementor-element-4a8c89b elementor-section-boxed elementor-section-height-default elementor-section-height-default\" data-id=\"4a8c89b\" data-element_type=\"section\" data-e-type=\"section\">\n\t\t\t\t\t\t<div class=\"elementor-container elementor-column-gap-default\">\n\t\t\t\t\t<div class=\"elementor-column elementor-col-100 elementor-top-column elementor-element elementor-element-7eb0a57\" data-id=\"7eb0a57\" data-element_type=\"column\" data-e-type=\"column\">\n\t\t\t<div class=\"elementor-widget-wrap elementor-element-populated\">\n\t\t\t\t\t\t<div class=\"elementor-element elementor-element-08b3426 elementor-widget elementor-widget-heading\" data-id=\"08b3426\" data-element_type=\"widget\" data-e-type=\"widget\" data-widget_type=\"heading.default\">\n\t\t\t\t<div class=\"elementor-widget-container\">\n\t\t\t\t\t<h2 class=\"elementor-heading-title elementor-size-default\">DERNI\u00c8RES NOUVELLES<\/h2>\t\t\t\t<\/div>\n\t\t\t\t<\/div>\n\t\t\t\t<div class=\"elementor-element elementor-element-9b78995 elementor-widget elementor-widget-posts\" data-id=\"9b78995\" data-element_type=\"widget\" data-e-type=\"widget\" data-settings=\"{&quot;full_content_row_gap&quot;:{&quot;unit&quot;:&quot;px&quot;,&quot;size&quot;:35,&quot;sizes&quot;:[]}}\" data-widget_type=\"posts.full_content\">\n\t\t\t\t<div class=\"elementor-widget-container\">\n\t\t\t\t\t\t\t<div class=\"elementor-posts-container elementor-posts elementor-posts--skin-full_content elementor-grid\" role=\"list\">\n\t\t\t\t<article class=\"elementor-post elementor-grid-item post-37450 post type-post status-publish format-standard has-post-thumbnail hentry category-annonces\" role=\"listitem\">\n\t\t\t\t<div class=\"elementor-post__text\">\n\t\t\t\t<h3 class=\"elementor-post__title\">\n\t\t\t<a href=\"https:\/\/www.crcoc.ca\/fr\/poste-dadministrateur-trice-au-conseil-dadministration-du-crcoc-poste-benevole\/\" >\n\t\t\t\tPoste d&rsquo;administrateur.trice au CONSEIL D&rsquo;ADMINISTRATION DU CRCOC (poste b\u00e9n\u00e9vole)\t\t\t<\/a>\n\t\t<\/h3>\n\t\t\t\t<div class=\"elementor-post__meta-data\">\n\t\t\t\t\t<span class=\"elementor-post-date\">\n\t\t\t2 avril 2026\t\t<\/span>\n\t\t\t\t<span class=\"elementor-post-avatar\">\n\t\t\tAucun commentaire\t\t<\/span>\n\t\t\t\t<\/div>\n\t\t\n<p>Le Centre de ressources communautaires Orl\u00e9ans\u2011Cumberland (CRCOC) est un organisme communautaire bilingue offrant de multiples services et travaillant avec la population pour b\u00e2tir une communaut\u00e9 inclusive et connect\u00e9e. Nous recherchons des membres b\u00e9n\u00e9voles du conseil d\u2019administration ayant une exp\u00e9rience en comptabilit\u00e9 ou en finances et\/ou un lien avec les communaut\u00e9s rurales. Les personnes candidates doivent \u00eatre bilingues (fran\u00e7ais et anglais) et passionn\u00e9es par le bien\u2011\u00eatre communautaire et la saine gouvernance. Le CRCOC s\u2019engage envers l\u2019\u00e9quit\u00e9, la diversit\u00e9 et l\u2019inclusion et encourage les candidatures refl\u00e9tant les communaut\u00e9s desservies.<br><strong>Date limite : 22 mai 2026 \u00e0 16 h. <\/strong><a href=\"http:\/\/www.crcoc.ca\/wp-content\/uploads\/2026\/04\/Board-member-recruitment-posting-2026-FR-1.pdf\">En savoir plus<\/a>.<\/p>\n\n\n\n<p><\/p>\n\t\t<\/div>\n\t\t\t\t<\/article>\n\t\t\t\t<article class=\"elementor-post elementor-grid-item post-37400 post type-post status-publish format-standard has-post-thumbnail hentry category-annonces\" role=\"listitem\">\n\t\t\t\t<div class=\"elementor-post__text\">\n\t\t\t\t<h3 class=\"elementor-post__title\">\n\t\t\t<a href=\"https:\/\/www.crcoc.ca\/fr\/opportunite-de-benevolat-assistant-e-jardin-communautaire\/\" >\n\t\t\t\tOpportunit\u00e9 de B\u00e9n\u00e9volat\u00a0: Assistant (e) &#8211; Jardin Communautaire\t\t\t<\/a>\n\t\t<\/h3>\n\t\t\t\t<div class=\"elementor-post__meta-data\">\n\t\t\t\t\t<span class=\"elementor-post-date\">\n\t\t\t25 mars 2026\t\t<\/span>\n\t\t\t\t<span class=\"elementor-post-avatar\">\n\t\t\tAucun commentaire\t\t<\/span>\n\t\t\t\t<\/div>\n\t\t\n<h3 class=\"wp-block-heading\">Nous recherchons des b\u00e9n\u00e9voles pour nous aider cet \u00e9t\u00e9 au jardin communautaire <em>La main verte<\/em>.&nbsp; Tous les l\u00e9gumes et les herbes de ce jardin communautaire seront donn\u00e9s \u00e0 la banque alimentaire du Centre de ressources communautaires d&rsquo;Orl\u00e9ans-Cumberland.<\/h3>\n\n\n\n<h3 class=\"wp-block-heading\">Les plates-bandes sur\u00e9lev\u00e9es se trouvent sur le terrain situ\u00e9 derri\u00e8re l&rsquo;\u00e9glise anglicane St Helen&rsquo;s, au 1234 Preston Dr.<\/h3>\n\n\n\n<h3 class=\"wp-block-heading\">Ce jardin est \u00e9galement l&rsquo;occasion pour les r\u00e9sidents de se r\u00e9unir, de cultiver des amiti\u00e9s et d\u2019apprendre \u00e0 jardiner.\u00a0<a href=\"http:\/\/www.crcoc.ca\/wp-content\/uploads\/2026\/03\/Opportunite-de-benevolat-Jardin-communautaire.pdf\" target=\"_blank\" rel=\"noreferrer noopener\">Pour plus d\u2019informations.<\/a><\/h3>\n\t\t<\/div>\n\t\t\t\t<\/article>\n\t\t\t\t<article class=\"elementor-post elementor-grid-item post-37363 post type-post status-publish format-standard has-post-thumbnail hentry category-annonces\" role=\"listitem\">\n\t\t\t\t<div class=\"elementor-post__text\">\n\t\t\t\t<h3 class=\"elementor-post__title\">\n\t\t\t<a href=\"https:\/\/www.crcoc.ca\/fr\/la-formation-creer-le-changement-que-nous-voulons-sera-offerte-en-francais\/\" >\n\t\t\t\tLa formation \u00ab Cr\u00e9er le changement que nous voulons \u00bb sera offerte en fran\u00e7ais\t\t\t<\/a>\n\t\t<\/h3>\n\t\t\t\t<div class=\"elementor-post__meta-data\">\n\t\t\t\t\t<span class=\"elementor-post-date\">\n\t\t\t25 mars 2026\t\t<\/span>\n\t\t\t\t<span class=\"elementor-post-avatar\">\n\t\t\tAucun commentaire\t\t<\/span>\n\t\t\t\t<\/div>\n\t\t\n<p><span style=\"box-sizing: border-box; margin: 0px; padding: 0px;\">Contactez Carole \u00e0 l&rsquo;adresse\u00a0<a href=\"\" target=\"_blank\">couellette@crcoc.ca<\/a>\u00a0si vous souhaitez vous inscrire aux 8 sessions de for<\/span>mation, les mercredis de 9h30 \u00e0 13h30, du 22 avril au 10 juin, en personne au centre communautaire Basse-ville (40 rue Coburg). Cette session sera disponible seulement en fran\u00e7ais, alors nous demandons que les participants soient \u00e0 l\u2019aise pour apprendre en fran\u00e7ais. <a href=\"http:\/\/www.crcoc.ca\/wp-content\/uploads\/2026\/03\/Affiche-pour-formation-francaise-French-CCWW-flyer-pdf-1.pdf\">En savoir plus.<\/a><\/p>\n\n\n\n<p><\/p>\n\t\t<\/div>\n\t\t\t\t<\/article>\n\t\t\t\t<article class=\"elementor-post elementor-grid-item post-36623 post type-post status-publish format-standard has-post-thumbnail hentry category-emplois\" role=\"listitem\">\n\t\t\t\t<div class=\"elementor-post__text\">\n\t\t\t\t<h3 class=\"elementor-post__title\">\n\t\t\t<a href=\"https:\/\/www.crcoc.ca\/fr\/intervenant%c2%b7e-aupres-de-la-famille-bilingue-4\/\" >\n\t\t\t\tPoste combl\u00e9 &#8211; Intervenant\u00b7e aupr\u00e8s de la famille \u2013 bilingue\t\t\t<\/a>\n\t\t<\/h3>\n\t\t\t\t<div class=\"elementor-post__meta-data\">\n\t\t\t\t\t<span class=\"elementor-post-date\">\n\t\t\t24 d\u00e9cembre 2025\t\t<\/span>\n\t\t\t\t<span class=\"elementor-post-avatar\">\n\t\t\tAucun commentaire\t\t<\/span>\n\t\t\t\t<\/div>\n\t\t\n<p>Le Centre de ressources communautaires Orl\u00e9ans-Cumberland (CRCOC), un organisme qui offre des services sociaux et communautaires aux r\u00e9sidents d\u2019Orl\u00e9ans-Cumberland. Le Centre est \u00e0 la recherche d\u2019un\u00b7e intervenant\u00b7e aupr\u00e8s de la famille bilingue qui fait partie d\u2019une \u00e9quipe multidisciplinaire qui coordonne la prestation de programmes et de services pour r\u00e9pondre aux besoins de la communaut\u00e9 d\u2019Orl\u00e9ans-Cumberland. Il s\u2019agit d\u2019un poste \u00e0 temps plein (35 heures par semaine). L\u2019horaire alternera entre les samedis matin et un soir de semaine. Le taux horaire varie de 26,81 $ \u00e0 32,27 $.<\/p>\n\n\n\n<p>Si le poste vous int\u00e9resse, nous vous invitons \u00e0 soumettre votre curriculum vitae avant\u00a0<strong>23 h 59 dimanche le 18 janvier 2026<\/strong>.\u00a0<a href=\"http:\/\/www.crcoc.ca\/wp-content\/uploads\/2025\/12\/EarlyON-Job-postings-FT-Perm.-Dec23rd2025-FRE.pdf\">Veuillez cliquer pour obtenir des informations suppl\u00e9mentaires<\/a>.<\/p>\n\n\n\n<p><\/p>\n\t\t<\/div>\n\t\t\t\t<\/article>\n\t\t\t\t<article class=\"elementor-post elementor-grid-item post-36625 post type-post status-publish format-standard has-post-thumbnail hentry category-emplois\" role=\"listitem\">\n\t\t\t\t<div class=\"elementor-post__text\">\n\t\t\t\t<h3 class=\"elementor-post__title\">\n\t\t\t<a href=\"https:\/\/www.crcoc.ca\/fr\/intervenant%c2%b7e-a-laccueil-bilingue-2\/\" >\n\t\t\t\tPoste combl\u00e9 &#8211; Intervenant\u00b7e \u00e0 l\u2019accueil bilingue\t\t\t<\/a>\n\t\t<\/h3>\n\t\t\t\t<div class=\"elementor-post__meta-data\">\n\t\t\t\t\t<span class=\"elementor-post-date\">\n\t\t\t24 novembre 2025\t\t<\/span>\n\t\t\t\t<span class=\"elementor-post-avatar\">\n\t\t\tAucun commentaire\t\t<\/span>\n\t\t\t\t<\/div>\n\t\t\n<p>Le Centre de ressources communautaires Orl\u00e9ans-Cumberland (CRCOC), un organisme qui offre des services sociaux et communautaires aux r\u00e9sidents d\u2019Orl\u00e9ans-Cumberland. Le Centre est \u00e0 la recherche d\u2019un\u00b7e intervenant\u00b7e \u00e0 l\u2019accueil bilingue qui fait partie d\u2019une \u00e9quipe multidisciplinaire qui coordonne la prestation de programmes et de services pour r\u00e9pondre aux besoins de la communaut\u00e9 d\u2019Orl\u00e9ans-Cumberland. Il s\u2019agit d\u2019un poste \u00e0 temps plein (35 heures par semaine). Le taux horaire varie de 32,05 $ \u00e0 42,36 $.<\/p>\n\n\n\n<p>Si le poste vous int\u00e9resse, nous vous invitons \u00e0 soumettre votre curriculum vitae avant&nbsp;<strong>23 h 59 le dimanche 14 d\u00e9cembre 2024<\/strong>.&nbsp;<a href=\"https:\/\/www.crcoc.ca\/wp-content\/uploads\/2025\/11\/Intake-Worker-Job-postings-FT-Prm-Nov-21-2025-FRE.pdf\">Veuillez cliquer pour obtenir des informations suppl\u00e9mentaires<\/a><a href=\"https:\/\/www.crcoc.ca\/wp-content\/uploads\/2023\/09\/Accueil-sept-2023-VF-Contrat-a-plein-temps_FR.pdf\">.<\/a><\/p>\n\t\t<\/div>\n\t\t\t\t<\/article>\n\t\t\t\t<article class=\"elementor-post elementor-grid-item post-36299 post type-post status-publish format-standard has-post-thumbnail hentry category-emplois\" role=\"listitem\">\n\t\t\t\t<div class=\"elementor-post__text\">\n\t\t\t\t<h3 class=\"elementor-post__title\">\n\t\t\t<a href=\"https:\/\/www.crcoc.ca\/fr\/intervenant%c2%b7e-aupres-de-la-famille-bilingue-3\/\" >\n\t\t\t\tPoste combl\u00e9 &#8211; Intervenant\u00b7e aupr\u00e8s de la famille &#8211; BILINGUE\t\t\t<\/a>\n\t\t<\/h3>\n\t\t\t\t<div class=\"elementor-post__meta-data\">\n\t\t\t\t\t<span class=\"elementor-post-date\">\n\t\t\t22 septembre 2025\t\t<\/span>\n\t\t\t\t<span class=\"elementor-post-avatar\">\n\t\t\tAucun commentaire\t\t<\/span>\n\t\t\t\t<\/div>\n\t\t\n<p>Le Centre de ressources communautaires Orl\u00e9ans-Cumberland (CRCOC), un organisme qui offre des services sociaux et communautaires aux r\u00e9sidents d\u2019Orl\u00e9ans-Cumberland. Le Centre est \u00e0 la recherche d\u2019un\u00b7e intervenant\u00b7e aupr\u00e8s de la famille bilingue qui fait partie d\u2019une \u00e9quipe multidisciplinaire qui coordonne la prestation de programmes et de services pour r\u00e9pondre aux besoins de la communaut\u00e9 d\u2019Orl\u00e9ans-Cumberland. Il s\u2019agit d\u2019un poste contractuel \u00e0 temps plein (35&nbsp;heures par semaine) avec possibilit\u00e9 de renouvellement. L\u2019horaire comprend des matin\u00e9es de samedi et une soir\u00e9e en semaine, selon un syst\u00e8me de rotation. Le taux horaire varie de 26,81&nbsp;$ \u00e0 32,27&nbsp;$.<\/p>\n\n\n\n<p>Si le poste vous int\u00e9resse, nous vous invitons \u00e0 soumettre votre curriculum vitae avant&nbsp;<strong>8 h le mardi 14 octobre 2025<\/strong>.&nbsp;<a href=\"http:\/\/www.crcoc.ca\/wp-content\/uploads\/2025\/09\/25-09-16_ONyva-contrat_FR-SW.pdf\">Veuillez cliquer pour obtenir des informations suppl\u00e9mentaires.<\/a><\/p>\n\t\t<\/div>\n\t\t\t\t<\/article>\n\t\t\t\t<\/div>\n\t\t\n\t\t\t\t\t\t<\/div>\n\t\t\t\t<\/div>\n\t\t\t\t\t<\/div>\n\t\t<\/div>\n\t\t\t\t\t<\/div>\n\t\t<\/section>\n\t\t\t\t<\/div>\n\t\t","protected":false},"excerpt":{"rendered":"<p>DERNI\u00c8RES NOUVELLES<\/p>\n","protected":false},"author":1,"featured_media":0,"parent":0,"menu_order":0,"comment_status":"closed","ping_status":"closed","template":"","meta":{"footnotes":""},"class_list":["post-1388","page","type-page","status-publish","hentry"],"yoast_head":"<!-- This site is optimized with the Yoast SEO plugin v27.3 - https:\/\/yoast.com\/product\/yoast-seo-wordpress\/ -->\n<title>Nouvelles - CRCOC - OCCRC<\/title>\n<meta name=\"robots\" content=\"index, follow, max-snippet:-1, max-image-preview:large, max-video-preview:-1\" \/>\n<link rel=\"canonical\" href=\"https:\/\/www.crcoc.ca\/fr\/nouvelles\/\" \/>\n<meta property=\"og:locale\" content=\"fr_FR\" \/>\n<meta property=\"og:type\" content=\"article\" \/>\n<meta property=\"og:title\" content=\"Nouvelles - CRCOC - OCCRC\" \/>\n<meta property=\"og:description\" content=\"DERNI\u00c8RES NOUVELLES\" \/>\n<meta property=\"og:url\" content=\"https:\/\/www.crcoc.ca\/fr\/nouvelles\/\" \/>\n<meta property=\"og:site_name\" content=\"CRCOC - OCCRC\" \/>\n<meta property=\"article:publisher\" content=\"https:\/\/www.facebook.com\/OCCRC.CRCOC\/\" \/>\n<meta property=\"article:modified_time\" content=\"2023-01-25T18:35:40+00:00\" \/>\n<meta name=\"twitter:card\" content=\"summary_large_image\" \/>\n<meta name=\"twitter:site\" content=\"@OCCRC_CRCOC\" \/>\n<meta name=\"twitter:label1\" content=\"Dur\u00e9e de lecture estim\u00e9e\" \/>\n\t<meta name=\"twitter:data1\" content=\"5 minutes\" \/>\n<script type=\"application\/ld+json\" class=\"yoast-schema-graph\">{\"@context\":\"https:\\\/\\\/schema.org\",\"@graph\":[{\"@type\":\"WebPage\",\"@id\":\"https:\\\/\\\/www.crcoc.ca\\\/fr\\\/nouvelles\\\/\",\"url\":\"https:\\\/\\\/www.crcoc.ca\\\/fr\\\/nouvelles\\\/\",\"name\":\"Nouvelles - CRCOC - OCCRC\",\"isPartOf\":{\"@id\":\"https:\\\/\\\/www.crcoc.ca\\\/fr\\\/#website\"},\"datePublished\":\"2019-02-12T19:45:18+00:00\",\"dateModified\":\"2023-01-25T18:35:40+00:00\",\"breadcrumb\":{\"@id\":\"https:\\\/\\\/www.crcoc.ca\\\/fr\\\/nouvelles\\\/#breadcrumb\"},\"inLanguage\":\"fr-FR\",\"potentialAction\":[{\"@type\":\"ReadAction\",\"target\":[\"https:\\\/\\\/www.crcoc.ca\\\/fr\\\/nouvelles\\\/\"]}]},{\"@type\":\"BreadcrumbList\",\"@id\":\"https:\\\/\\\/www.crcoc.ca\\\/fr\\\/nouvelles\\\/#breadcrumb\",\"itemListElement\":[{\"@type\":\"ListItem\",\"position\":1,\"name\":\"Home\",\"item\":\"https:\\\/\\\/www.crcoc.ca\\\/fr\\\/\"},{\"@type\":\"ListItem\",\"position\":2,\"name\":\"Nouvelles\"}]},{\"@type\":\"WebSite\",\"@id\":\"https:\\\/\\\/www.crcoc.ca\\\/fr\\\/#website\",\"url\":\"https:\\\/\\\/www.crcoc.ca\\\/fr\\\/\",\"name\":\"CRCOC - OCCRC\",\"description\":\"Centre de ressources communautaires Orl\u00e9ans-Cumberland | Orl\u00e9ans-Cumberland Community Resource Center\",\"publisher\":{\"@id\":\"https:\\\/\\\/www.crcoc.ca\\\/fr\\\/#organization\"},\"potentialAction\":[{\"@type\":\"SearchAction\",\"target\":{\"@type\":\"EntryPoint\",\"urlTemplate\":\"https:\\\/\\\/www.crcoc.ca\\\/fr\\\/?s={search_term_string}\"},\"query-input\":{\"@type\":\"PropertyValueSpecification\",\"valueRequired\":true,\"valueName\":\"search_term_string\"}}],\"inLanguage\":\"fr-FR\"},{\"@type\":\"Organization\",\"@id\":\"https:\\\/\\\/www.crcoc.ca\\\/fr\\\/#organization\",\"name\":\"Orl\u00e9ans-Cumberland Community Resource Centre\",\"url\":\"https:\\\/\\\/www.crcoc.ca\\\/fr\\\/\",\"logo\":{\"@type\":\"ImageObject\",\"inLanguage\":\"fr-FR\",\"@id\":\"https:\\\/\\\/www.crcoc.ca\\\/fr\\\/#\\\/schema\\\/logo\\\/image\\\/\",\"url\":\"https:\\\/\\\/www.crcoc.ca\\\/wp-content\\\/uploads\\\/2019\\\/01\\\/cropped-Logo_OCCRCeachside-1.png\",\"contentUrl\":\"https:\\\/\\\/www.crcoc.ca\\\/wp-content\\\/uploads\\\/2019\\\/01\\\/cropped-Logo_OCCRCeachside-1.png\",\"width\":512,\"height\":512,\"caption\":\"Orl\u00e9ans-Cumberland Community Resource Centre\"},\"image\":{\"@id\":\"https:\\\/\\\/www.crcoc.ca\\\/fr\\\/#\\\/schema\\\/logo\\\/image\\\/\"},\"sameAs\":[\"https:\\\/\\\/www.facebook.com\\\/OCCRC.CRCOC\\\/\",\"https:\\\/\\\/x.com\\\/OCCRC_CRCOC\",\"https:\\\/\\\/instagram.com\\\/occrcyp_crcocpj\\\/\"]}]}<\/script>\n<!-- \/ Yoast SEO plugin. -->","yoast_head_json":{"title":"Nouvelles - CRCOC - OCCRC","robots":{"index":"index","follow":"follow","max-snippet":"max-snippet:-1","max-image-preview":"max-image-preview:large","max-video-preview":"max-video-preview:-1"},"canonical":"https:\/\/www.crcoc.ca\/fr\/nouvelles\/","og_locale":"fr_FR","og_type":"article","og_title":"Nouvelles - CRCOC - OCCRC","og_description":"DERNI\u00c8RES NOUVELLES","og_url":"https:\/\/www.crcoc.ca\/fr\/nouvelles\/","og_site_name":"CRCOC - OCCRC","article_publisher":"https:\/\/www.facebook.com\/OCCRC.CRCOC\/","article_modified_time":"2023-01-25T18:35:40+00:00","twitter_card":"summary_large_image","twitter_site":"@OCCRC_CRCOC","twitter_misc":{"Dur\u00e9e de lecture estim\u00e9e":"5 minutes"},"schema":{"@context":"https:\/\/schema.org","@graph":[{"@type":"WebPage","@id":"https:\/\/www.crcoc.ca\/fr\/nouvelles\/","url":"https:\/\/www.crcoc.ca\/fr\/nouvelles\/","name":"Nouvelles - CRCOC - OCCRC","isPartOf":{"@id":"https:\/\/www.crcoc.ca\/fr\/#website"},"datePublished":"2019-02-12T19:45:18+00:00","dateModified":"2023-01-25T18:35:40+00:00","breadcrumb":{"@id":"https:\/\/www.crcoc.ca\/fr\/nouvelles\/#breadcrumb"},"inLanguage":"fr-FR","potentialAction":[{"@type":"ReadAction","target":["https:\/\/www.crcoc.ca\/fr\/nouvelles\/"]}]},{"@type":"BreadcrumbList","@id":"https:\/\/www.crcoc.ca\/fr\/nouvelles\/#breadcrumb","itemListElement":[{"@type":"ListItem","position":1,"name":"Home","item":"https:\/\/www.crcoc.ca\/fr\/"},{"@type":"ListItem","position":2,"name":"Nouvelles"}]},{"@type":"WebSite","@id":"https:\/\/www.crcoc.ca\/fr\/#website","url":"https:\/\/www.crcoc.ca\/fr\/","name":"CRCOC - OCCRC","description":"Centre de ressources communautaires Orl\u00e9ans-Cumberland | Orl\u00e9ans-Cumberland Community Resource Center","publisher":{"@id":"https:\/\/www.crcoc.ca\/fr\/#organization"},"potentialAction":[{"@type":"SearchAction","target":{"@type":"EntryPoint","urlTemplate":"https:\/\/www.crcoc.ca\/fr\/?s={search_term_string}"},"query-input":{"@type":"PropertyValueSpecification","valueRequired":true,"valueName":"search_term_string"}}],"inLanguage":"fr-FR"},{"@type":"Organization","@id":"https:\/\/www.crcoc.ca\/fr\/#organization","name":"Orl\u00e9ans-Cumberland Community Resource Centre","url":"https:\/\/www.crcoc.ca\/fr\/","logo":{"@type":"ImageObject","inLanguage":"fr-FR","@id":"https:\/\/www.crcoc.ca\/fr\/#\/schema\/logo\/image\/","url":"https:\/\/www.crcoc.ca\/wp-content\/uploads\/2019\/01\/cropped-Logo_OCCRCeachside-1.png","contentUrl":"https:\/\/www.crcoc.ca\/wp-content\/uploads\/2019\/01\/cropped-Logo_OCCRCeachside-1.png","width":512,"height":512,"caption":"Orl\u00e9ans-Cumberland Community Resource Centre"},"image":{"@id":"https:\/\/www.crcoc.ca\/fr\/#\/schema\/logo\/image\/"},"sameAs":["https:\/\/www.facebook.com\/OCCRC.CRCOC\/","https:\/\/x.com\/OCCRC_CRCOC","https:\/\/instagram.com\/occrcyp_crcocpj\/"]}]}},"_links":{"self":[{"href":"https:\/\/www.crcoc.ca\/fr\/wp-json\/wp\/v2\/pages\/1388","targetHints":{"allow":["GET"]}}],"collection":[{"href":"https:\/\/www.crcoc.ca\/fr\/wp-json\/wp\/v2\/pages"}],"about":[{"href":"https:\/\/www.crcoc.ca\/fr\/wp-json\/wp\/v2\/types\/page"}],"author":[{"embeddable":true,"href":"https:\/\/www.crcoc.ca\/fr\/wp-json\/wp\/v2\/users\/1"}],"replies":[{"embeddable":true,"href":"https:\/\/www.crcoc.ca\/fr\/wp-json\/wp\/v2\/comments?post=1388"}],"version-history":[{"count":22,"href":"https:\/\/www.crcoc.ca\/fr\/wp-json\/wp\/v2\/pages\/1388\/revisions"}],"predecessor-version":[{"id":27848,"href":"https:\/\/www.crcoc.ca\/fr\/wp-json\/wp\/v2\/pages\/1388\/revisions\/27848"}],"wp:attachment":[{"href":"https:\/\/www.crcoc.ca\/fr\/wp-json\/wp\/v2\/media?parent=1388"}],"curies":[{"name":"wp","href":"https:\/\/api.w.org\/{rel}","templated":true}]}}