{"id":1282,"date":"2019-02-07T12:16:42","date_gmt":"2019-02-07T17:16:42","guid":{"rendered":"http:\/\/crcoc.ca\/immigration\/"},"modified":"2019-03-19T10:46:27","modified_gmt":"2019-03-19T14:46:27","slug":"immigration","status":"publish","type":"page","link":"https:\/\/www.crcoc.ca\/fr\/adultes\/immigration\/","title":{"rendered":"Immigration"},"content":{"rendered":"\t\t<div data-elementor-type=\"wp-post\" data-elementor-id=\"1282\" class=\"elementor elementor-1282 elementor-1272\" data-elementor-post-type=\"page\">\n\t\t\t\t\t\t<section class=\"elementor-section elementor-top-section elementor-element elementor-element-2d28cfa elementor-section-boxed elementor-section-height-default elementor-section-height-default\" data-id=\"2d28cfa\" data-element_type=\"section\" data-e-type=\"section\">\n\t\t\t\t\t\t<div class=\"elementor-container elementor-column-gap-default\">\n\t\t\t\t\t<div class=\"elementor-column elementor-col-100 elementor-top-column elementor-element elementor-element-4ac6967\" data-id=\"4ac6967\" data-element_type=\"column\" data-e-type=\"column\">\n\t\t\t<div class=\"elementor-widget-wrap elementor-element-populated\">\n\t\t\t\t\t\t<section class=\"elementor-section elementor-inner-section elementor-element elementor-element-f2f2992 elementor-section-boxed elementor-section-height-default elementor-section-height-default\" data-id=\"f2f2992\" data-element_type=\"section\" data-e-type=\"section\">\n\t\t\t\t\t\t<div class=\"elementor-container elementor-column-gap-default\">\n\t\t\t\t\t<div class=\"elementor-column elementor-col-33 elementor-inner-column elementor-element elementor-element-92acfb4\" data-id=\"92acfb4\" data-element_type=\"column\" data-e-type=\"column\">\n\t\t\t<div class=\"elementor-widget-wrap elementor-element-populated\">\n\t\t\t\t\t\t<div class=\"elementor-element elementor-element-d73e896 elementor-widget elementor-widget-image\" data-id=\"d73e896\" data-element_type=\"widget\" data-e-type=\"widget\" data-widget_type=\"image.default\">\n\t\t\t\t<div class=\"elementor-widget-container\">\n\t\t\t\t\t\t\t\t\t\t\t\t<figure class=\"wp-caption\">\n\t\t\t\t\t\t\t\t\t\t\t<a href=\"http:\/\/cciottawa.ca\/fr\/\">\n\t\t\t\t\t\t\t<img decoding=\"async\" src=\"http:\/\/www.crcoc.ca\/wp-content\/uploads\/elementor\/thumbs\/Catholic-centre-for-immigrant-ox5kfhgabnv7tbhahk7zngv4ijlyn9ddd1zs91csg0.png\" title=\"Catholic centre for immigrant\" alt=\"Catholic centre for immigrant\" loading=\"lazy\" \/>\t\t\t\t\t\t\t\t<\/a>\n\t\t\t\t\t\t\t\t\t\t\t<figcaption class=\"widget-image-caption wp-caption-text\">Centre catholique pour immigrants<\/figcaption>\n\t\t\t\t\t\t\t\t\t\t<\/figure>\n\t\t\t\t\t\t\t\t\t<\/div>\n\t\t\t\t<\/div>\n\t\t\t\t<div class=\"elementor-element elementor-element-baedfe4 elementor-align-justify elementor-widget elementor-widget-button\" data-id=\"baedfe4\" data-element_type=\"widget\" data-e-type=\"widget\" data-widget_type=\"button.default\">\n\t\t\t\t<div class=\"elementor-widget-container\">\n\t\t\t\t\t\t\t\t\t<div class=\"elementor-button-wrapper\">\n\t\t\t\t\t<a class=\"elementor-button elementor-button-link elementor-size-sm\" href=\"http:\/\/cciottawa.ca\/fr\/\">\n\t\t\t\t\t\t<span class=\"elementor-button-content-wrapper\">\n\t\t\t\t\t\t\t\t\t<span class=\"elementor-button-text\">Visit website<\/span>\n\t\t\t\t\t<\/span>\n\t\t\t\t\t<\/a>\n\t\t\t\t<\/div>\n\t\t\t\t\t\t\t\t<\/div>\n\t\t\t\t<\/div>\n\t\t\t\t<div class=\"elementor-element elementor-element-525d62e elementor-widget elementor-widget-text-editor\" data-id=\"525d62e\" data-element_type=\"widget\" data-e-type=\"widget\" data-widget_type=\"text-editor.default\">\n\t\t\t\t<div class=\"elementor-widget-container\">\n\t\t\t\t\t\t\t\t\t<ul><li>Facilite l\u2019accueil des nouveaux arrivants au Canada<\/li><li>Sensibilise les membres de la communaut\u00e9 aux besoins des nouveaux arrivants<\/li><li>Aide les nouveaux arrivants \u00e0 s\u2019\u00e9panouir sur tous les plans dans la soci\u00e9t\u00e9 canadienne<\/li><\/ul>\t\t\t\t\t\t\t\t<\/div>\n\t\t\t\t<\/div>\n\t\t\t\t\t<\/div>\n\t\t<\/div>\n\t\t\t\t<div class=\"elementor-column elementor-col-33 elementor-inner-column elementor-element elementor-element-ed234b4\" data-id=\"ed234b4\" data-element_type=\"column\" data-e-type=\"column\">\n\t\t\t<div class=\"elementor-widget-wrap elementor-element-populated\">\n\t\t\t\t\t\t<div class=\"elementor-element elementor-element-26c929a elementor-widget elementor-widget-image\" data-id=\"26c929a\" data-element_type=\"widget\" data-e-type=\"widget\" data-widget_type=\"image.default\">\n\t\t\t\t<div class=\"elementor-widget-container\">\n\t\t\t\t\t\t\t\t\t\t\t\t<figure class=\"wp-caption\">\n\t\t\t\t\t\t\t\t\t\t\t<a href=\"http:\/\/rsifeo.org\/\">\n\t\t\t\t\t\t\t<img decoding=\"async\" src=\"http:\/\/www.crcoc.ca\/wp-content\/uploads\/elementor\/thumbs\/RSIFEO-ox5kfhgabnv7tbhahk7zngv4ijlyn9ddd1zs91csg0.jpg\" title=\"RSIFEO\" alt=\"RSIFEO\" loading=\"lazy\" \/>\t\t\t\t\t\t\t\t<\/a>\n\t\t\t\t\t\t\t\t\t\t\t<figcaption class=\"widget-image-caption wp-caption-text\">R\u00e9seau de soutien \u00e0 l\u2019immigration francophone<\/figcaption>\n\t\t\t\t\t\t\t\t\t\t<\/figure>\n\t\t\t\t\t\t\t\t\t<\/div>\n\t\t\t\t<\/div>\n\t\t\t\t<div class=\"elementor-element elementor-element-29ba842 elementor-align-justify elementor-widget elementor-widget-button\" data-id=\"29ba842\" data-element_type=\"widget\" data-e-type=\"widget\" data-widget_type=\"button.default\">\n\t\t\t\t<div class=\"elementor-widget-container\">\n\t\t\t\t\t\t\t\t\t<div class=\"elementor-button-wrapper\">\n\t\t\t\t\t<a class=\"elementor-button elementor-button-link elementor-size-sm\" href=\"http:\/\/rsifeo.org\/\">\n\t\t\t\t\t\t<span class=\"elementor-button-content-wrapper\">\n\t\t\t\t\t\t\t\t\t<span class=\"elementor-button-text\">Visit website<\/span>\n\t\t\t\t\t<\/span>\n\t\t\t\t\t<\/a>\n\t\t\t\t<\/div>\n\t\t\t\t\t\t\t\t<\/div>\n\t\t\t\t<\/div>\n\t\t\t\t<div class=\"elementor-element elementor-element-0901338 elementor-widget elementor-widget-text-editor\" data-id=\"0901338\" data-element_type=\"widget\" data-e-type=\"widget\" data-widget_type=\"text-editor.default\">\n\t\t\t\t<div class=\"elementor-widget-container\">\n\t\t\t\t\t\t\t\t\t<ul><li>Assure l\u2019int\u00e9gration sociale, culturelle et \u00e9conomique des immigrants d\u2019expression fran\u00e7aise au sein de la soci\u00e9t\u00e9 canadienne et des communaut\u00e9s francophones en situation minoritaire<\/li><\/ul>\t\t\t\t\t\t\t\t<\/div>\n\t\t\t\t<\/div>\n\t\t\t\t\t<\/div>\n\t\t<\/div>\n\t\t\t\t<div class=\"elementor-column elementor-col-33 elementor-inner-column elementor-element elementor-element-a613924\" data-id=\"a613924\" data-element_type=\"column\" data-e-type=\"column\">\n\t\t\t<div class=\"elementor-widget-wrap elementor-element-populated\">\n\t\t\t\t\t\t<div class=\"elementor-element elementor-element-6a46208 elementor-widget elementor-widget-image\" data-id=\"6a46208\" data-element_type=\"widget\" data-e-type=\"widget\" data-widget_type=\"image.default\">\n\t\t\t\t<div class=\"elementor-widget-container\">\n\t\t\t\t\t\t\t\t\t\t\t\t<figure class=\"wp-caption\">\n\t\t\t\t\t\t\t\t\t\t\t<a href=\"https:\/\/onhc.ca\/fr\/\">\n\t\t\t\t\t\t\t<img decoding=\"async\" src=\"http:\/\/www.crcoc.ca\/wp-content\/uploads\/2019\/02\/Ottawa-Newcomer-Health-Centre.jpg\" title=\"Ottawa Newcomer Health Centre\" alt=\"Ottawa Newcomer Health Centre\" loading=\"lazy\" \/>\t\t\t\t\t\t\t\t<\/a>\n\t\t\t\t\t\t\t\t\t\t\t<figcaption class=\"widget-image-caption wp-caption-text\">Centre de sant\u00e9 pour nouveaux arrivants d\u2019Ottawa<\/figcaption>\n\t\t\t\t\t\t\t\t\t\t<\/figure>\n\t\t\t\t\t\t\t\t\t<\/div>\n\t\t\t\t<\/div>\n\t\t\t\t<div class=\"elementor-element elementor-element-988282f elementor-align-justify elementor-widget elementor-widget-button\" data-id=\"988282f\" data-element_type=\"widget\" data-e-type=\"widget\" data-widget_type=\"button.default\">\n\t\t\t\t<div class=\"elementor-widget-container\">\n\t\t\t\t\t\t\t\t\t<div class=\"elementor-button-wrapper\">\n\t\t\t\t\t<a class=\"elementor-button elementor-button-link elementor-size-sm\" href=\"https:\/\/onhc.ca\/fr\/\">\n\t\t\t\t\t\t<span class=\"elementor-button-content-wrapper\">\n\t\t\t\t\t\t\t\t\t<span class=\"elementor-button-text\">Visit website<\/span>\n\t\t\t\t\t<\/span>\n\t\t\t\t\t<\/a>\n\t\t\t\t<\/div>\n\t\t\t\t\t\t\t\t<\/div>\n\t\t\t\t<\/div>\n\t\t\t\t<div class=\"elementor-element elementor-element-275a69d elementor-widget elementor-widget-text-editor\" data-id=\"275a69d\" data-element_type=\"widget\" data-e-type=\"widget\" data-widget_type=\"text-editor.default\">\n\t\t\t\t<div class=\"elementor-widget-container\">\n\t\t\t\t\t\t\t\t\t<ul><li>Services m\u00e9dicaux \u00e0 <a href=\"https:\/\/onhc.ca\/fr\/pour-commencer\/\">court terme<\/a>, <a href=\"https:\/\/onhc.ca\/fr\/trouver-quelquun-qui-connait-votre-langue\/\">soutien linguistique<\/a>, et <a href=\"https:\/\/onhc.ca\/fr\/trouver-quelquun-pour-vous-guider\/\">orientation pour les r\u00e9fugi\u00e9s et les immigrants<\/a><\/li><\/ul>\t\t\t\t\t\t\t\t<\/div>\n\t\t\t\t<\/div>\n\t\t\t\t\t<\/div>\n\t\t<\/div>\n\t\t\t\t\t<\/div>\n\t\t<\/section>\n\t\t\t\t\t<\/div>\n\t\t<\/div>\n\t\t\t\t\t<\/div>\n\t\t<\/section>\n\t\t\t\t<\/div>\n\t\t","protected":false},"excerpt":{"rendered":"<p>Centre catholique pour immigrants Visit website Facilite l\u2019accueil des nouveaux arrivants au Canada Sensibilise les membres de la communaut\u00e9 aux besoins des nouveaux arrivants Aide les nouveaux arrivants \u00e0 s\u2019\u00e9panouir sur tous les plans dans la soci\u00e9t\u00e9 canadienne R\u00e9seau de soutien \u00e0 l\u2019immigration francophone Visit website Assure l\u2019int\u00e9gration sociale, culturelle et \u00e9conomique des immigrants d\u2019expression &#8230; <a title=\"Immigration\" class=\"read-more\" href=\"https:\/\/www.crcoc.ca\/fr\/adultes\/immigration\/\">Read more<\/a><\/p>\n","protected":false},"author":1,"featured_media":0,"parent":684,"menu_order":0,"comment_status":"closed","ping_status":"closed","template":"","meta":{"footnotes":""},"class_list":["post-1282","page","type-page","status-publish"],"yoast_head":"<!-- This site is optimized with the Yoast SEO plugin v27.3 - https:\/\/yoast.com\/product\/yoast-seo-wordpress\/ -->\n<title>Immigration - CRCOC - OCCRC<\/title>\n<meta name=\"robots\" content=\"index, follow, max-snippet:-1, max-image-preview:large, max-video-preview:-1\" \/>\n<link rel=\"canonical\" href=\"https:\/\/www.crcoc.ca\/fr\/adultes\/immigration\/\" \/>\n<meta property=\"og:locale\" content=\"fr_FR\" \/>\n<meta property=\"og:type\" content=\"article\" \/>\n<meta property=\"og:title\" content=\"Immigration - CRCOC - OCCRC\" \/>\n<meta property=\"og:description\" content=\"Centre catholique pour immigrants Visit website Facilite l\u2019accueil des nouveaux arrivants au Canada Sensibilise les membres de la communaut\u00e9 aux besoins des nouveaux arrivants Aide les nouveaux arrivants \u00e0 s\u2019\u00e9panouir sur tous les plans dans la soci\u00e9t\u00e9 canadienne R\u00e9seau de soutien \u00e0 l\u2019immigration francophone Visit website Assure l\u2019int\u00e9gration sociale, culturelle et \u00e9conomique des immigrants d\u2019expression ... Read more\" \/>\n<meta property=\"og:url\" content=\"https:\/\/www.crcoc.ca\/fr\/adultes\/immigration\/\" \/>\n<meta property=\"og:site_name\" content=\"CRCOC - OCCRC\" \/>\n<meta property=\"article:publisher\" content=\"https:\/\/www.facebook.com\/OCCRC.CRCOC\/\" \/>\n<meta property=\"article:modified_time\" content=\"2019-03-19T14:46:27+00:00\" \/>\n<meta property=\"og:image\" content=\"http:\/\/crcoc.ca\/wp-content\/uploads\/elementor\/thumbs\/Catholic-centre-for-immigrant-o4tpzpxa3v5fhl6klf6o1ci05u3fnqiurlwbfefb40.png\" \/>\n<meta name=\"twitter:card\" content=\"summary_large_image\" \/>\n<meta name=\"twitter:site\" content=\"@OCCRC_CRCOC\" \/>\n<meta name=\"twitter:label1\" content=\"Dur\u00e9e de lecture estim\u00e9e\" \/>\n\t<meta name=\"twitter:data1\" content=\"1 minute\" \/>\n<script type=\"application\/ld+json\" class=\"yoast-schema-graph\">{\"@context\":\"https:\\\/\\\/schema.org\",\"@graph\":[{\"@type\":\"WebPage\",\"@id\":\"https:\\\/\\\/www.crcoc.ca\\\/fr\\\/adultes\\\/immigration\\\/\",\"url\":\"https:\\\/\\\/www.crcoc.ca\\\/fr\\\/adultes\\\/immigration\\\/\",\"name\":\"Immigration - CRCOC - OCCRC\",\"isPartOf\":{\"@id\":\"https:\\\/\\\/www.crcoc.ca\\\/fr\\\/#website\"},\"primaryImageOfPage\":{\"@id\":\"https:\\\/\\\/www.crcoc.ca\\\/fr\\\/adultes\\\/immigration\\\/#primaryimage\"},\"image\":{\"@id\":\"https:\\\/\\\/www.crcoc.ca\\\/fr\\\/adultes\\\/immigration\\\/#primaryimage\"},\"thumbnailUrl\":\"http:\\\/\\\/crcoc.ca\\\/wp-content\\\/uploads\\\/elementor\\\/thumbs\\\/Catholic-centre-for-immigrant-o4tpzpxa3v5fhl6klf6o1ci05u3fnqiurlwbfefb40.png\",\"datePublished\":\"2019-02-07T17:16:42+00:00\",\"dateModified\":\"2019-03-19T14:46:27+00:00\",\"breadcrumb\":{\"@id\":\"https:\\\/\\\/www.crcoc.ca\\\/fr\\\/adultes\\\/immigration\\\/#breadcrumb\"},\"inLanguage\":\"fr-FR\",\"potentialAction\":[{\"@type\":\"ReadAction\",\"target\":[\"https:\\\/\\\/www.crcoc.ca\\\/fr\\\/adultes\\\/immigration\\\/\"]}]},{\"@type\":\"ImageObject\",\"inLanguage\":\"fr-FR\",\"@id\":\"https:\\\/\\\/www.crcoc.ca\\\/fr\\\/adultes\\\/immigration\\\/#primaryimage\",\"url\":\"http:\\\/\\\/crcoc.ca\\\/wp-content\\\/uploads\\\/elementor\\\/thumbs\\\/Catholic-centre-for-immigrant-o4tpzpxa3v5fhl6klf6o1ci05u3fnqiurlwbfefb40.png\",\"contentUrl\":\"http:\\\/\\\/crcoc.ca\\\/wp-content\\\/uploads\\\/elementor\\\/thumbs\\\/Catholic-centre-for-immigrant-o4tpzpxa3v5fhl6klf6o1ci05u3fnqiurlwbfefb40.png\"},{\"@type\":\"BreadcrumbList\",\"@id\":\"https:\\\/\\\/www.crcoc.ca\\\/fr\\\/adultes\\\/immigration\\\/#breadcrumb\",\"itemListElement\":[{\"@type\":\"ListItem\",\"position\":1,\"name\":\"Home\",\"item\":\"http:\\\/\\\/www.crcoc.ca\\\/fr\\\/\"},{\"@type\":\"ListItem\",\"position\":2,\"name\":\"Adultes\",\"item\":\"https:\\\/\\\/www.crcoc.ca\\\/fr\\\/adultes\\\/\"},{\"@type\":\"ListItem\",\"position\":3,\"name\":\"Immigration\"}]},{\"@type\":\"WebSite\",\"@id\":\"https:\\\/\\\/www.crcoc.ca\\\/fr\\\/#website\",\"url\":\"https:\\\/\\\/www.crcoc.ca\\\/fr\\\/\",\"name\":\"CRCOC - OCCRC\",\"description\":\"Centre de ressources communautaires Orl\u00e9ans-Cumberland | Orl\u00e9ans-Cumberland Community Resource Center\",\"publisher\":{\"@id\":\"https:\\\/\\\/www.crcoc.ca\\\/fr\\\/#organization\"},\"potentialAction\":[{\"@type\":\"SearchAction\",\"target\":{\"@type\":\"EntryPoint\",\"urlTemplate\":\"https:\\\/\\\/www.crcoc.ca\\\/fr\\\/?s={search_term_string}\"},\"query-input\":{\"@type\":\"PropertyValueSpecification\",\"valueRequired\":true,\"valueName\":\"search_term_string\"}}],\"inLanguage\":\"fr-FR\"},{\"@type\":\"Organization\",\"@id\":\"https:\\\/\\\/www.crcoc.ca\\\/fr\\\/#organization\",\"name\":\"Orl\u00e9ans-Cumberland Community Resource Centre\",\"url\":\"https:\\\/\\\/www.crcoc.ca\\\/fr\\\/\",\"logo\":{\"@type\":\"ImageObject\",\"inLanguage\":\"fr-FR\",\"@id\":\"https:\\\/\\\/www.crcoc.ca\\\/fr\\\/#\\\/schema\\\/logo\\\/image\\\/\",\"url\":\"https:\\\/\\\/www.crcoc.ca\\\/wp-content\\\/uploads\\\/2019\\\/01\\\/cropped-Logo_OCCRCeachside-1.png\",\"contentUrl\":\"https:\\\/\\\/www.crcoc.ca\\\/wp-content\\\/uploads\\\/2019\\\/01\\\/cropped-Logo_OCCRCeachside-1.png\",\"width\":512,\"height\":512,\"caption\":\"Orl\u00e9ans-Cumberland Community Resource Centre\"},\"image\":{\"@id\":\"https:\\\/\\\/www.crcoc.ca\\\/fr\\\/#\\\/schema\\\/logo\\\/image\\\/\"},\"sameAs\":[\"https:\\\/\\\/www.facebook.com\\\/OCCRC.CRCOC\\\/\",\"https:\\\/\\\/x.com\\\/OCCRC_CRCOC\",\"https:\\\/\\\/instagram.com\\\/occrcyp_crcocpj\\\/\"]}]}<\/script>\n<!-- \/ Yoast SEO plugin. -->","yoast_head_json":{"title":"Immigration - CRCOC - OCCRC","robots":{"index":"index","follow":"follow","max-snippet":"max-snippet:-1","max-image-preview":"max-image-preview:large","max-video-preview":"max-video-preview:-1"},"canonical":"https:\/\/www.crcoc.ca\/fr\/adultes\/immigration\/","og_locale":"fr_FR","og_type":"article","og_title":"Immigration - CRCOC - OCCRC","og_description":"Centre catholique pour immigrants Visit website Facilite l\u2019accueil des nouveaux arrivants au Canada Sensibilise les membres de la communaut\u00e9 aux besoins des nouveaux arrivants Aide les nouveaux arrivants \u00e0 s\u2019\u00e9panouir sur tous les plans dans la soci\u00e9t\u00e9 canadienne R\u00e9seau de soutien \u00e0 l\u2019immigration francophone Visit website Assure l\u2019int\u00e9gration sociale, culturelle et \u00e9conomique des immigrants d\u2019expression ... Read more","og_url":"https:\/\/www.crcoc.ca\/fr\/adultes\/immigration\/","og_site_name":"CRCOC - OCCRC","article_publisher":"https:\/\/www.facebook.com\/OCCRC.CRCOC\/","article_modified_time":"2019-03-19T14:46:27+00:00","og_image":[{"url":"http:\/\/crcoc.ca\/wp-content\/uploads\/elementor\/thumbs\/Catholic-centre-for-immigrant-o4tpzpxa3v5fhl6klf6o1ci05u3fnqiurlwbfefb40.png","type":"","width":"","height":""}],"twitter_card":"summary_large_image","twitter_site":"@OCCRC_CRCOC","twitter_misc":{"Dur\u00e9e de lecture estim\u00e9e":"1 minute"},"schema":{"@context":"https:\/\/schema.org","@graph":[{"@type":"WebPage","@id":"https:\/\/www.crcoc.ca\/fr\/adultes\/immigration\/","url":"https:\/\/www.crcoc.ca\/fr\/adultes\/immigration\/","name":"Immigration - CRCOC - OCCRC","isPartOf":{"@id":"https:\/\/www.crcoc.ca\/fr\/#website"},"primaryImageOfPage":{"@id":"https:\/\/www.crcoc.ca\/fr\/adultes\/immigration\/#primaryimage"},"image":{"@id":"https:\/\/www.crcoc.ca\/fr\/adultes\/immigration\/#primaryimage"},"thumbnailUrl":"http:\/\/crcoc.ca\/wp-content\/uploads\/elementor\/thumbs\/Catholic-centre-for-immigrant-o4tpzpxa3v5fhl6klf6o1ci05u3fnqiurlwbfefb40.png","datePublished":"2019-02-07T17:16:42+00:00","dateModified":"2019-03-19T14:46:27+00:00","breadcrumb":{"@id":"https:\/\/www.crcoc.ca\/fr\/adultes\/immigration\/#breadcrumb"},"inLanguage":"fr-FR","potentialAction":[{"@type":"ReadAction","target":["https:\/\/www.crcoc.ca\/fr\/adultes\/immigration\/"]}]},{"@type":"ImageObject","inLanguage":"fr-FR","@id":"https:\/\/www.crcoc.ca\/fr\/adultes\/immigration\/#primaryimage","url":"http:\/\/crcoc.ca\/wp-content\/uploads\/elementor\/thumbs\/Catholic-centre-for-immigrant-o4tpzpxa3v5fhl6klf6o1ci05u3fnqiurlwbfefb40.png","contentUrl":"http:\/\/crcoc.ca\/wp-content\/uploads\/elementor\/thumbs\/Catholic-centre-for-immigrant-o4tpzpxa3v5fhl6klf6o1ci05u3fnqiurlwbfefb40.png"},{"@type":"BreadcrumbList","@id":"https:\/\/www.crcoc.ca\/fr\/adultes\/immigration\/#breadcrumb","itemListElement":[{"@type":"ListItem","position":1,"name":"Home","item":"http:\/\/www.crcoc.ca\/fr\/"},{"@type":"ListItem","position":2,"name":"Adultes","item":"https:\/\/www.crcoc.ca\/fr\/adultes\/"},{"@type":"ListItem","position":3,"name":"Immigration"}]},{"@type":"WebSite","@id":"https:\/\/www.crcoc.ca\/fr\/#website","url":"https:\/\/www.crcoc.ca\/fr\/","name":"CRCOC - OCCRC","description":"Centre de ressources communautaires Orl\u00e9ans-Cumberland | Orl\u00e9ans-Cumberland Community Resource Center","publisher":{"@id":"https:\/\/www.crcoc.ca\/fr\/#organization"},"potentialAction":[{"@type":"SearchAction","target":{"@type":"EntryPoint","urlTemplate":"https:\/\/www.crcoc.ca\/fr\/?s={search_term_string}"},"query-input":{"@type":"PropertyValueSpecification","valueRequired":true,"valueName":"search_term_string"}}],"inLanguage":"fr-FR"},{"@type":"Organization","@id":"https:\/\/www.crcoc.ca\/fr\/#organization","name":"Orl\u00e9ans-Cumberland Community Resource Centre","url":"https:\/\/www.crcoc.ca\/fr\/","logo":{"@type":"ImageObject","inLanguage":"fr-FR","@id":"https:\/\/www.crcoc.ca\/fr\/#\/schema\/logo\/image\/","url":"https:\/\/www.crcoc.ca\/wp-content\/uploads\/2019\/01\/cropped-Logo_OCCRCeachside-1.png","contentUrl":"https:\/\/www.crcoc.ca\/wp-content\/uploads\/2019\/01\/cropped-Logo_OCCRCeachside-1.png","width":512,"height":512,"caption":"Orl\u00e9ans-Cumberland Community Resource Centre"},"image":{"@id":"https:\/\/www.crcoc.ca\/fr\/#\/schema\/logo\/image\/"},"sameAs":["https:\/\/www.facebook.com\/OCCRC.CRCOC\/","https:\/\/x.com\/OCCRC_CRCOC","https:\/\/instagram.com\/occrcyp_crcocpj\/"]}]}},"_links":{"self":[{"href":"https:\/\/www.crcoc.ca\/fr\/wp-json\/wp\/v2\/pages\/1282","targetHints":{"allow":["GET"]}}],"collection":[{"href":"https:\/\/www.crcoc.ca\/fr\/wp-json\/wp\/v2\/pages"}],"about":[{"href":"https:\/\/www.crcoc.ca\/fr\/wp-json\/wp\/v2\/types\/page"}],"author":[{"embeddable":true,"href":"https:\/\/www.crcoc.ca\/fr\/wp-json\/wp\/v2\/users\/1"}],"replies":[{"embeddable":true,"href":"https:\/\/www.crcoc.ca\/fr\/wp-json\/wp\/v2\/comments?post=1282"}],"version-history":[{"count":0,"href":"https:\/\/www.crcoc.ca\/fr\/wp-json\/wp\/v2\/pages\/1282\/revisions"}],"up":[{"embeddable":true,"href":"https:\/\/www.crcoc.ca\/fr\/wp-json\/wp\/v2\/pages\/684"}],"wp:attachment":[{"href":"https:\/\/www.crcoc.ca\/fr\/wp-json\/wp\/v2\/media?parent=1282"}],"curies":[{"name":"wp","href":"https:\/\/api.w.org\/{rel}","templated":true}]}}