{"id":1232,"date":"2019-02-07T11:07:23","date_gmt":"2019-02-07T16:07:23","guid":{"rendered":"http:\/\/crcoc.ca\/food-donations\/"},"modified":"2026-02-03T08:08:20","modified_gmt":"2026-02-03T13:08:20","slug":"dons-de-nourriture","status":"publish","type":"page","link":"https:\/\/www.crcoc.ca\/fr\/banque-alimentaire\/dons-de-nourriture\/","title":{"rendered":"Dons de nourriture"},"content":{"rendered":"\t\t<div data-elementor-type=\"wp-post\" data-elementor-id=\"1232\" class=\"elementor elementor-1232 elementor-1227\" data-elementor-post-type=\"page\">\n\t\t\t\t\t\t<section class=\"elementor-section elementor-top-section elementor-element elementor-element-44b7176 elementor-section-boxed elementor-section-height-default elementor-section-height-default\" data-id=\"44b7176\" data-element_type=\"section\" data-e-type=\"section\">\n\t\t\t\t\t\t<div class=\"elementor-container elementor-column-gap-default\">\n\t\t\t\t\t<div class=\"elementor-column elementor-col-100 elementor-top-column elementor-element elementor-element-7b7e4cc\" data-id=\"7b7e4cc\" data-element_type=\"column\" data-e-type=\"column\">\n\t\t\t<div class=\"elementor-widget-wrap elementor-element-populated\">\n\t\t\t\t\t\t<div class=\"elementor-element elementor-element-2977d22 elementor-widget-divider--view-line elementor-widget elementor-widget-divider\" data-id=\"2977d22\" data-element_type=\"widget\" data-e-type=\"widget\" data-widget_type=\"divider.default\">\n\t\t\t\t<div class=\"elementor-widget-container\">\n\t\t\t\t\t\t\t<div class=\"elementor-divider\">\n\t\t\t<span class=\"elementor-divider-separator\">\n\t\t\t\t\t\t<\/span>\n\t\t<\/div>\n\t\t\t\t\t\t<\/div>\n\t\t\t\t<\/div>\n\t\t\t\t<div class=\"elementor-element elementor-element-421d0c2 elementor-widget elementor-widget-image\" data-id=\"421d0c2\" data-element_type=\"widget\" data-e-type=\"widget\" data-widget_type=\"image.default\">\n\t\t\t\t<div class=\"elementor-widget-container\">\n\t\t\t\t\t\t\t\t\t\t\t\t\t\t\t<img decoding=\"async\" width=\"150\" height=\"150\" src=\"https:\/\/www.crcoc.ca\/wp-content\/uploads\/2023\/01\/Food-Bank-150x150.png\" class=\"attachment-thumbnail size-thumbnail wp-image-27062\" alt=\"\" srcset=\"https:\/\/www.crcoc.ca\/wp-content\/uploads\/2023\/01\/Food-Bank-150x150.png 150w, https:\/\/www.crcoc.ca\/wp-content\/uploads\/2023\/01\/Food-Bank-300x300.png 300w, https:\/\/www.crcoc.ca\/wp-content\/uploads\/2023\/01\/Food-Bank-1024x1024.png 1024w, https:\/\/www.crcoc.ca\/wp-content\/uploads\/2023\/01\/Food-Bank-768x768.png 768w, https:\/\/www.crcoc.ca\/wp-content\/uploads\/2023\/01\/Food-Bank.png 1042w\" sizes=\"(max-width: 150px) 100vw, 150px\" \/>\t\t\t\t\t\t\t\t\t\t\t\t\t\t\t<\/div>\n\t\t\t\t<\/div>\n\t\t\t\t<div class=\"elementor-element elementor-element-b4fecdb elementor-widget elementor-widget-text-editor\" data-id=\"b4fecdb\" data-element_type=\"widget\" data-e-type=\"widget\" data-widget_type=\"text-editor.default\">\n\t\t\t\t<div class=\"elementor-widget-container\">\n\t\t\t\t\t\t\t\t\t<h2><strong>BANQUE ALIMENTAIRE<\/strong><\/h2>\t\t\t\t\t\t\t\t<\/div>\n\t\t\t\t<\/div>\n\t\t\t\t<div class=\"elementor-element elementor-element-da710e5 elementor-widget-divider--view-line elementor-widget elementor-widget-divider\" data-id=\"da710e5\" data-element_type=\"widget\" data-e-type=\"widget\" data-widget_type=\"divider.default\">\n\t\t\t\t<div class=\"elementor-widget-container\">\n\t\t\t\t\t\t\t<div class=\"elementor-divider\">\n\t\t\t<span class=\"elementor-divider-separator\">\n\t\t\t\t\t\t<\/span>\n\t\t<\/div>\n\t\t\t\t\t\t<\/div>\n\t\t\t\t<\/div>\n\t\t\t\t<div class=\"elementor-element elementor-element-6b69a20 elementor-widget elementor-widget-image\" data-id=\"6b69a20\" data-element_type=\"widget\" data-e-type=\"widget\" data-widget_type=\"image.default\">\n\t\t\t\t<div class=\"elementor-widget-container\">\n\t\t\t\t\t\t\t\t\t\t\t\t\t\t\t<img fetchpriority=\"high\" decoding=\"async\" width=\"900\" height=\"300\" src=\"https:\/\/www.crcoc.ca\/wp-content\/uploads\/2023\/01\/Copy-of-221212_FoodBank_CoverPhoto-2.png\" class=\"attachment-full size-full wp-image-27164\" alt=\"\" srcset=\"https:\/\/www.crcoc.ca\/wp-content\/uploads\/2023\/01\/Copy-of-221212_FoodBank_CoverPhoto-2.png 900w, https:\/\/www.crcoc.ca\/wp-content\/uploads\/2023\/01\/Copy-of-221212_FoodBank_CoverPhoto-2-300x100.png 300w, https:\/\/www.crcoc.ca\/wp-content\/uploads\/2023\/01\/Copy-of-221212_FoodBank_CoverPhoto-2-768x256.png 768w\" sizes=\"(max-width: 900px) 100vw, 900px\" \/>\t\t\t\t\t\t\t\t\t\t\t\t\t\t\t<\/div>\n\t\t\t\t<\/div>\n\t\t\t\t<div class=\"elementor-element elementor-element-f5fdd91 elementor-widget elementor-widget-heading\" data-id=\"f5fdd91\" data-element_type=\"widget\" data-e-type=\"widget\" data-widget_type=\"heading.default\">\n\t\t\t\t<div class=\"elementor-widget-container\">\n\t\t\t\t\t<h2 class=\"elementor-heading-title elementor-size-default\">LE SAVIEZ-VOUS?<\/h2>\t\t\t\t<\/div>\n\t\t\t\t<\/div>\n\t\t\t\t<section class=\"elementor-section elementor-inner-section elementor-element elementor-element-c67ec35 elementor-section-boxed elementor-section-height-default elementor-section-height-default\" data-id=\"c67ec35\" data-element_type=\"section\" data-e-type=\"section\">\n\t\t\t\t\t\t<div class=\"elementor-container elementor-column-gap-default\">\n\t\t\t\t\t<div class=\"elementor-column elementor-col-50 elementor-inner-column elementor-element elementor-element-2223e84\" data-id=\"2223e84\" data-element_type=\"column\" data-e-type=\"column\">\n\t\t\t<div class=\"elementor-widget-wrap elementor-element-populated\">\n\t\t\t\t\t\t<div class=\"elementor-element elementor-element-4fc49f4 elementor-widget elementor-widget-text-editor\" data-id=\"4fc49f4\" data-element_type=\"widget\" data-e-type=\"widget\" data-widget_type=\"text-editor.default\">\n\t\t\t\t<div class=\"elementor-widget-container\">\n\t\t\t\t\t\t\t\t\t<p>En 2025 :<\/p><ul><li>16 939 personnes ont b\u00e9n\u00e9fici\u00e9 de notre programme<ul><li>Cela repr\u00e9sente une augmentation de 34 % par rapport \u00e0 l\u2019ann\u00e9e pr\u00e9c\u00e9dente<\/li><li>Et une hausse de 121 % depuis 2021<\/li><\/ul><\/li><li>44 % des personnes servies \u00e9taient des enfants<\/li><\/ul>\t\t\t\t\t\t\t\t<\/div>\n\t\t\t\t<\/div>\n\t\t\t\t\t<\/div>\n\t\t<\/div>\n\t\t\t\t<div class=\"elementor-column elementor-col-50 elementor-inner-column elementor-element elementor-element-41fddd9\" data-id=\"41fddd9\" data-element_type=\"column\" data-e-type=\"column\">\n\t\t\t<div class=\"elementor-widget-wrap elementor-element-populated\">\n\t\t\t\t\t\t<div class=\"elementor-element elementor-element-d87c5b0 elementor-widget elementor-widget-text-editor\" data-id=\"d87c5b0\" data-element_type=\"widget\" data-e-type=\"widget\" data-widget_type=\"text-editor.default\">\n\t\t\t\t<div class=\"elementor-widget-container\">\n\t\t\t\t\t\t\t\t\t<p><strong>Votre soutien contribue directement \u00e0 r\u00e9pondre \u00e0 ces besoins grandissants.<\/strong><\/p><p>Votre g\u00e9n\u00e9rosit\u00e9 fait une r\u00e9elle diff\u00e9rence dans la vie des membres de notre communaut\u00e9.<\/p>\t\t\t\t\t\t\t\t<\/div>\n\t\t\t\t<\/div>\n\t\t\t\t\t<\/div>\n\t\t<\/div>\n\t\t\t\t\t<\/div>\n\t\t<\/section>\n\t\t\t\t<div class=\"elementor-element elementor-element-3d4a3c1 elementor-widget elementor-widget-spacer\" data-id=\"3d4a3c1\" data-element_type=\"widget\" data-e-type=\"widget\" data-widget_type=\"spacer.default\">\n\t\t\t\t<div class=\"elementor-widget-container\">\n\t\t\t\t\t\t\t<div class=\"elementor-spacer\">\n\t\t\t<div class=\"elementor-spacer-inner\"><\/div>\n\t\t<\/div>\n\t\t\t\t\t\t<\/div>\n\t\t\t\t<\/div>\n\t\t\t\t<div class=\"elementor-element elementor-element-b93ee1e elementor-widget elementor-widget-heading\" data-id=\"b93ee1e\" data-element_type=\"widget\" data-e-type=\"widget\" data-widget_type=\"heading.default\">\n\t\t\t\t<div class=\"elementor-widget-container\">\n\t\t\t\t\t<h2 class=\"elementor-heading-title elementor-size-default\">Si vous souhaitez aider, voici quelques fa\u00e7ons d\u2019avoir le plus grand impact :<\/h2>\t\t\t\t<\/div>\n\t\t\t\t<\/div>\n\t\t\t\t<div class=\"elementor-element elementor-element-742b1c6 elementor-widget elementor-widget-heading\" data-id=\"742b1c6\" data-element_type=\"widget\" data-e-type=\"widget\" data-widget_type=\"heading.default\">\n\t\t\t\t<div class=\"elementor-widget-container\">\n\t\t\t\t\t<h2 class=\"elementor-heading-title elementor-size-default\">FAIRE UN DON DE NOURRITURE<\/h2>\t\t\t\t<\/div>\n\t\t\t\t<\/div>\n\t\t\t\t<div class=\"elementor-element elementor-element-1a91dee elementor-widget elementor-widget-text-editor\" data-id=\"1a91dee\" data-element_type=\"widget\" data-e-type=\"widget\" data-widget_type=\"text-editor.default\">\n\t\t\t\t<div class=\"elementor-widget-container\">\n\t\t\t\t\t\t\t\t\t<p>Vous souhaitez offrir des aliments non p\u00e9rissables?<br \/>\ud83d\udc49 <a href=\"https:\/\/www.crcoc.ca\/wp-content\/uploads\/2024\/09\/240906_Food-List_BIL.png\" target=\"_blank\" rel=\"noopener\">Consultez notre liste des aliments les plus n\u00e9cessaires ici :<\/a><\/p><p>Avant d\u2019apporter vos dons, veuillez appeler au <strong>613-830-4357<\/strong> pour vous assurer que la banque alimentaire est ouverte et pr\u00eate \u00e0 les recevoir. Merci sinc\u00e8rement pour votre soutien !<\/p>\t\t\t\t\t\t\t\t<\/div>\n\t\t\t\t<\/div>\n\t\t\t\t<div class=\"elementor-element elementor-element-eb9bfef elementor-widget elementor-widget-heading\" data-id=\"eb9bfef\" data-element_type=\"widget\" data-e-type=\"widget\" data-widget_type=\"heading.default\">\n\t\t\t\t<div class=\"elementor-widget-container\">\n\t\t\t\t\t<h2 class=\"elementor-heading-title elementor-size-default\">FAIRE UN DON FINANCIER<\/h2>\t\t\t\t<\/div>\n\t\t\t\t<\/div>\n\t\t\t\t<div class=\"elementor-element elementor-element-f5e9373 elementor-widget elementor-widget-text-editor\" data-id=\"f5e9373\" data-element_type=\"widget\" data-e-type=\"widget\" data-widget_type=\"text-editor.default\">\n\t\t\t\t<div class=\"elementor-widget-container\">\n\t\t\t\t\t\t\t\t\t<p>Les dons mon\u00e9taires sont particuli\u00e8rement pr\u00e9cieux : ils nous permettent d\u2019acheter des produits essentiels en rupture de stock, ainsi que des aliments frais et nutritifs. <a href=\"https:\/\/wl.donorperfect.net\/weblink\/weblink.aspx?name=E370167QE&amp;id=1\" target=\"_blank\" rel=\"noopener\">Cliquez ici<\/a> pour faire un don financier.<\/p>\t\t\t\t\t\t\t\t<\/div>\n\t\t\t\t<\/div>\n\t\t\t\t<div class=\"elementor-element elementor-element-6c3a4d9 elementor-widget elementor-widget-heading\" data-id=\"6c3a4d9\" data-element_type=\"widget\" data-e-type=\"widget\" data-widget_type=\"heading.default\">\n\t\t\t\t<div class=\"elementor-widget-container\">\n\t\t\t\t\t<h2 class=\"elementor-heading-title elementor-size-default\">ORGANIZER UNE COLLECTE DE NOURRITURE OU UNE CAMPAGNE DE FINANCEMENT<\/h2>\t\t\t\t<\/div>\n\t\t\t\t<\/div>\n\t\t\t\t<div class=\"elementor-element elementor-element-13e961c elementor-widget elementor-widget-text-editor\" data-id=\"13e961c\" data-element_type=\"widget\" data-e-type=\"widget\" data-widget_type=\"text-editor.default\">\n\t\t\t\t<div class=\"elementor-widget-container\">\n\t\t\t\t\t\t\t\t\t<p>Vous voulez mobiliser votre lieu de travail, votre \u00e9cole, votre congr\u00e9gation ou un groupe communautaire pour collecter des aliments et organiser une collecte de fonds pour le CRCOC?<\/p><p>Connectez-vous avec nous en remplissant le formulaire de collecte de fonds suivant. Cela nous aidera, vous aider, faire de votre \u00e9v\u00e9nement un succ\u00e8s.<\/p><p>Nous pouvons vous aider en publiant votre \u00e9v\u00e9nement sur nos r\u00e9seaux sociaux ; fournir des panneaux de remerciement, des bo\u00eetes de dons de pi\u00e8ces et de nourriture ; cr\u00e9er une campagne de don en ligne P2P pour votre \u00e9v\u00e9nement, etc.<\/p><p>\ud83d\udc49 <a href=\"https:\/\/www.crcoc.ca\/fr\/enregistrez-votre-evenement\/\" target=\"_blank\" rel=\"noopener\">Inscrivez votre collecte ou votre campagne ici <\/a><\/p>\t\t\t\t\t\t\t\t<\/div>\n\t\t\t\t<\/div>\n\t\t\t\t<div class=\"elementor-element elementor-element-7b5a5bd elementor-widget elementor-widget-heading\" data-id=\"7b5a5bd\" data-element_type=\"widget\" data-e-type=\"widget\" data-widget_type=\"heading.default\">\n\t\t\t\t<div class=\"elementor-widget-container\">\n\t\t\t\t\t<h2 class=\"elementor-heading-title elementor-size-default\">MERCI !!<\/h2>\t\t\t\t<\/div>\n\t\t\t\t<\/div>\n\t\t\t\t<div class=\"elementor-element elementor-element-e955427 elementor-widget elementor-widget-text-editor\" data-id=\"e955427\" data-element_type=\"widget\" data-e-type=\"widget\" data-widget_type=\"text-editor.default\">\n\t\t\t\t<div class=\"elementor-widget-container\">\n\t\t\t\t\t\t\t\t\t<p>Votre g\u00e9n\u00e9rosit\u00e9 renforce notre communaut\u00e9 et apporte un soutien r\u00e9el aux personnes qui en ont le plus besoin.<\/p>\t\t\t\t\t\t\t\t<\/div>\n\t\t\t\t<\/div>\n\t\t\t\t\t<\/div>\n\t\t<\/div>\n\t\t\t\t\t<\/div>\n\t\t<\/section>\n\t\t\t\t<\/div>\n\t\t","protected":false},"excerpt":{"rendered":"<p>BANQUE ALIMENTAIRE LE SAVIEZ-VOUS? En 2025 : 16 939 personnes ont b\u00e9n\u00e9fici\u00e9 de notre programme Cela repr\u00e9sente une augmentation de 34 % par rapport \u00e0 l\u2019ann\u00e9e pr\u00e9c\u00e9dente Et une hausse de 121 % depuis 2021 44 % des personnes servies \u00e9taient des enfants Votre soutien contribue directement \u00e0 r\u00e9pondre \u00e0 ces besoins grandissants. Votre g\u00e9n\u00e9rosit\u00e9 &#8230; <a title=\"Dons de nourriture\" class=\"read-more\" href=\"https:\/\/www.crcoc.ca\/fr\/banque-alimentaire\/dons-de-nourriture\/\">Read more<\/a><\/p>\n","protected":false},"author":1,"featured_media":0,"parent":1207,"menu_order":0,"comment_status":"closed","ping_status":"closed","template":"","meta":{"footnotes":""},"class_list":["post-1232","page","type-page","status-publish"],"yoast_head":"<!-- This site is optimized with the Yoast SEO plugin v27.3 - https:\/\/yoast.com\/product\/yoast-seo-wordpress\/ -->\n<title>Dons de nourriture - CRCOC - OCCRC<\/title>\n<meta name=\"robots\" content=\"index, follow, max-snippet:-1, max-image-preview:large, max-video-preview:-1\" \/>\n<link rel=\"canonical\" href=\"https:\/\/www.crcoc.ca\/fr\/banque-alimentaire\/dons-de-nourriture\/\" \/>\n<meta property=\"og:locale\" content=\"fr_FR\" \/>\n<meta property=\"og:type\" content=\"article\" \/>\n<meta property=\"og:title\" content=\"Dons de nourriture - CRCOC - OCCRC\" \/>\n<meta property=\"og:description\" content=\"BANQUE ALIMENTAIRE LE SAVIEZ-VOUS? En 2025 : 16 939 personnes ont b\u00e9n\u00e9fici\u00e9 de notre programme Cela repr\u00e9sente une augmentation de 34 % par rapport \u00e0 l\u2019ann\u00e9e pr\u00e9c\u00e9dente Et une hausse de 121 % depuis 2021 44 % des personnes servies \u00e9taient des enfants Votre soutien contribue directement \u00e0 r\u00e9pondre \u00e0 ces besoins grandissants. Votre g\u00e9n\u00e9rosit\u00e9 ... Read more\" \/>\n<meta property=\"og:url\" content=\"https:\/\/www.crcoc.ca\/fr\/banque-alimentaire\/dons-de-nourriture\/\" \/>\n<meta property=\"og:site_name\" content=\"CRCOC - OCCRC\" \/>\n<meta property=\"article:publisher\" content=\"https:\/\/www.facebook.com\/OCCRC.CRCOC\/\" \/>\n<meta property=\"article:modified_time\" content=\"2026-02-03T13:08:20+00:00\" \/>\n<meta property=\"og:image\" content=\"http:\/\/www.crcoc.ca\/wp-content\/uploads\/2023\/01\/Food-Bank-150x150.png\" \/>\n<meta name=\"twitter:card\" content=\"summary_large_image\" \/>\n<meta name=\"twitter:site\" content=\"@OCCRC_CRCOC\" \/>\n<meta name=\"twitter:label1\" content=\"Dur\u00e9e de lecture estim\u00e9e\" \/>\n\t<meta name=\"twitter:data1\" content=\"2 minutes\" \/>\n<script type=\"application\/ld+json\" class=\"yoast-schema-graph\">{\"@context\":\"https:\\\/\\\/schema.org\",\"@graph\":[{\"@type\":\"WebPage\",\"@id\":\"https:\\\/\\\/www.crcoc.ca\\\/fr\\\/banque-alimentaire\\\/dons-de-nourriture\\\/\",\"url\":\"https:\\\/\\\/www.crcoc.ca\\\/fr\\\/banque-alimentaire\\\/dons-de-nourriture\\\/\",\"name\":\"Dons de nourriture - CRCOC - OCCRC\",\"isPartOf\":{\"@id\":\"http:\\\/\\\/www.crcoc.ca\\\/fr\\\/#website\"},\"primaryImageOfPage\":{\"@id\":\"https:\\\/\\\/www.crcoc.ca\\\/fr\\\/banque-alimentaire\\\/dons-de-nourriture\\\/#primaryimage\"},\"image\":{\"@id\":\"https:\\\/\\\/www.crcoc.ca\\\/fr\\\/banque-alimentaire\\\/dons-de-nourriture\\\/#primaryimage\"},\"thumbnailUrl\":\"http:\\\/\\\/www.crcoc.ca\\\/wp-content\\\/uploads\\\/2023\\\/01\\\/Food-Bank-150x150.png\",\"datePublished\":\"2019-02-07T16:07:23+00:00\",\"dateModified\":\"2026-02-03T13:08:20+00:00\",\"breadcrumb\":{\"@id\":\"https:\\\/\\\/www.crcoc.ca\\\/fr\\\/banque-alimentaire\\\/dons-de-nourriture\\\/#breadcrumb\"},\"inLanguage\":\"fr-FR\",\"potentialAction\":[{\"@type\":\"ReadAction\",\"target\":[\"https:\\\/\\\/www.crcoc.ca\\\/fr\\\/banque-alimentaire\\\/dons-de-nourriture\\\/\"]}]},{\"@type\":\"ImageObject\",\"inLanguage\":\"fr-FR\",\"@id\":\"https:\\\/\\\/www.crcoc.ca\\\/fr\\\/banque-alimentaire\\\/dons-de-nourriture\\\/#primaryimage\",\"url\":\"http:\\\/\\\/www.crcoc.ca\\\/wp-content\\\/uploads\\\/2023\\\/01\\\/Food-Bank-150x150.png\",\"contentUrl\":\"http:\\\/\\\/www.crcoc.ca\\\/wp-content\\\/uploads\\\/2023\\\/01\\\/Food-Bank-150x150.png\"},{\"@type\":\"BreadcrumbList\",\"@id\":\"https:\\\/\\\/www.crcoc.ca\\\/fr\\\/banque-alimentaire\\\/dons-de-nourriture\\\/#breadcrumb\",\"itemListElement\":[{\"@type\":\"ListItem\",\"position\":1,\"name\":\"Home\",\"item\":\"http:\\\/\\\/www.crcoc.ca\\\/fr\\\/\"},{\"@type\":\"ListItem\",\"position\":2,\"name\":\"Banque alimentaire\",\"item\":\"http:\\\/\\\/www.crcoc.ca\\\/fr\\\/banque-alimentaire\\\/\"},{\"@type\":\"ListItem\",\"position\":3,\"name\":\"Dons de nourriture\"}]},{\"@type\":\"WebSite\",\"@id\":\"http:\\\/\\\/www.crcoc.ca\\\/fr\\\/#website\",\"url\":\"http:\\\/\\\/www.crcoc.ca\\\/fr\\\/\",\"name\":\"CRCOC - OCCRC\",\"description\":\"Centre de ressources communautaires Orl\u00e9ans-Cumberland | Orl\u00e9ans-Cumberland Community Resource Center\",\"publisher\":{\"@id\":\"http:\\\/\\\/www.crcoc.ca\\\/fr\\\/#organization\"},\"potentialAction\":[{\"@type\":\"SearchAction\",\"target\":{\"@type\":\"EntryPoint\",\"urlTemplate\":\"http:\\\/\\\/www.crcoc.ca\\\/fr\\\/?s={search_term_string}\"},\"query-input\":{\"@type\":\"PropertyValueSpecification\",\"valueRequired\":true,\"valueName\":\"search_term_string\"}}],\"inLanguage\":\"fr-FR\"},{\"@type\":\"Organization\",\"@id\":\"http:\\\/\\\/www.crcoc.ca\\\/fr\\\/#organization\",\"name\":\"Orl\u00e9ans-Cumberland Community Resource Centre\",\"url\":\"http:\\\/\\\/www.crcoc.ca\\\/fr\\\/\",\"logo\":{\"@type\":\"ImageObject\",\"inLanguage\":\"fr-FR\",\"@id\":\"http:\\\/\\\/www.crcoc.ca\\\/fr\\\/#\\\/schema\\\/logo\\\/image\\\/\",\"url\":\"https:\\\/\\\/www.crcoc.ca\\\/wp-content\\\/uploads\\\/2019\\\/01\\\/cropped-Logo_OCCRCeachside-1.png\",\"contentUrl\":\"https:\\\/\\\/www.crcoc.ca\\\/wp-content\\\/uploads\\\/2019\\\/01\\\/cropped-Logo_OCCRCeachside-1.png\",\"width\":512,\"height\":512,\"caption\":\"Orl\u00e9ans-Cumberland Community Resource Centre\"},\"image\":{\"@id\":\"http:\\\/\\\/www.crcoc.ca\\\/fr\\\/#\\\/schema\\\/logo\\\/image\\\/\"},\"sameAs\":[\"https:\\\/\\\/www.facebook.com\\\/OCCRC.CRCOC\\\/\",\"https:\\\/\\\/x.com\\\/OCCRC_CRCOC\",\"https:\\\/\\\/instagram.com\\\/occrcyp_crcocpj\\\/\"]}]}<\/script>\n<!-- \/ Yoast SEO plugin. -->","yoast_head_json":{"title":"Dons de nourriture - CRCOC - OCCRC","robots":{"index":"index","follow":"follow","max-snippet":"max-snippet:-1","max-image-preview":"max-image-preview:large","max-video-preview":"max-video-preview:-1"},"canonical":"https:\/\/www.crcoc.ca\/fr\/banque-alimentaire\/dons-de-nourriture\/","og_locale":"fr_FR","og_type":"article","og_title":"Dons de nourriture - CRCOC - OCCRC","og_description":"BANQUE ALIMENTAIRE LE SAVIEZ-VOUS? En 2025 : 16 939 personnes ont b\u00e9n\u00e9fici\u00e9 de notre programme Cela repr\u00e9sente une augmentation de 34 % par rapport \u00e0 l\u2019ann\u00e9e pr\u00e9c\u00e9dente Et une hausse de 121 % depuis 2021 44 % des personnes servies \u00e9taient des enfants Votre soutien contribue directement \u00e0 r\u00e9pondre \u00e0 ces besoins grandissants. Votre g\u00e9n\u00e9rosit\u00e9 ... Read more","og_url":"https:\/\/www.crcoc.ca\/fr\/banque-alimentaire\/dons-de-nourriture\/","og_site_name":"CRCOC - OCCRC","article_publisher":"https:\/\/www.facebook.com\/OCCRC.CRCOC\/","article_modified_time":"2026-02-03T13:08:20+00:00","og_image":[{"url":"http:\/\/www.crcoc.ca\/wp-content\/uploads\/2023\/01\/Food-Bank-150x150.png","type":"","width":"","height":""}],"twitter_card":"summary_large_image","twitter_site":"@OCCRC_CRCOC","twitter_misc":{"Dur\u00e9e de lecture estim\u00e9e":"2 minutes"},"schema":{"@context":"https:\/\/schema.org","@graph":[{"@type":"WebPage","@id":"https:\/\/www.crcoc.ca\/fr\/banque-alimentaire\/dons-de-nourriture\/","url":"https:\/\/www.crcoc.ca\/fr\/banque-alimentaire\/dons-de-nourriture\/","name":"Dons de nourriture - CRCOC - OCCRC","isPartOf":{"@id":"http:\/\/www.crcoc.ca\/fr\/#website"},"primaryImageOfPage":{"@id":"https:\/\/www.crcoc.ca\/fr\/banque-alimentaire\/dons-de-nourriture\/#primaryimage"},"image":{"@id":"https:\/\/www.crcoc.ca\/fr\/banque-alimentaire\/dons-de-nourriture\/#primaryimage"},"thumbnailUrl":"http:\/\/www.crcoc.ca\/wp-content\/uploads\/2023\/01\/Food-Bank-150x150.png","datePublished":"2019-02-07T16:07:23+00:00","dateModified":"2026-02-03T13:08:20+00:00","breadcrumb":{"@id":"https:\/\/www.crcoc.ca\/fr\/banque-alimentaire\/dons-de-nourriture\/#breadcrumb"},"inLanguage":"fr-FR","potentialAction":[{"@type":"ReadAction","target":["https:\/\/www.crcoc.ca\/fr\/banque-alimentaire\/dons-de-nourriture\/"]}]},{"@type":"ImageObject","inLanguage":"fr-FR","@id":"https:\/\/www.crcoc.ca\/fr\/banque-alimentaire\/dons-de-nourriture\/#primaryimage","url":"http:\/\/www.crcoc.ca\/wp-content\/uploads\/2023\/01\/Food-Bank-150x150.png","contentUrl":"http:\/\/www.crcoc.ca\/wp-content\/uploads\/2023\/01\/Food-Bank-150x150.png"},{"@type":"BreadcrumbList","@id":"https:\/\/www.crcoc.ca\/fr\/banque-alimentaire\/dons-de-nourriture\/#breadcrumb","itemListElement":[{"@type":"ListItem","position":1,"name":"Home","item":"http:\/\/www.crcoc.ca\/fr\/"},{"@type":"ListItem","position":2,"name":"Banque alimentaire","item":"http:\/\/www.crcoc.ca\/fr\/banque-alimentaire\/"},{"@type":"ListItem","position":3,"name":"Dons de nourriture"}]},{"@type":"WebSite","@id":"http:\/\/www.crcoc.ca\/fr\/#website","url":"http:\/\/www.crcoc.ca\/fr\/","name":"CRCOC - OCCRC","description":"Centre de ressources communautaires Orl\u00e9ans-Cumberland | Orl\u00e9ans-Cumberland Community Resource Center","publisher":{"@id":"http:\/\/www.crcoc.ca\/fr\/#organization"},"potentialAction":[{"@type":"SearchAction","target":{"@type":"EntryPoint","urlTemplate":"http:\/\/www.crcoc.ca\/fr\/?s={search_term_string}"},"query-input":{"@type":"PropertyValueSpecification","valueRequired":true,"valueName":"search_term_string"}}],"inLanguage":"fr-FR"},{"@type":"Organization","@id":"http:\/\/www.crcoc.ca\/fr\/#organization","name":"Orl\u00e9ans-Cumberland Community Resource Centre","url":"http:\/\/www.crcoc.ca\/fr\/","logo":{"@type":"ImageObject","inLanguage":"fr-FR","@id":"http:\/\/www.crcoc.ca\/fr\/#\/schema\/logo\/image\/","url":"https:\/\/www.crcoc.ca\/wp-content\/uploads\/2019\/01\/cropped-Logo_OCCRCeachside-1.png","contentUrl":"https:\/\/www.crcoc.ca\/wp-content\/uploads\/2019\/01\/cropped-Logo_OCCRCeachside-1.png","width":512,"height":512,"caption":"Orl\u00e9ans-Cumberland Community Resource Centre"},"image":{"@id":"http:\/\/www.crcoc.ca\/fr\/#\/schema\/logo\/image\/"},"sameAs":["https:\/\/www.facebook.com\/OCCRC.CRCOC\/","https:\/\/x.com\/OCCRC_CRCOC","https:\/\/instagram.com\/occrcyp_crcocpj\/"]}]}},"_links":{"self":[{"href":"https:\/\/www.crcoc.ca\/fr\/wp-json\/wp\/v2\/pages\/1232","targetHints":{"allow":["GET"]}}],"collection":[{"href":"https:\/\/www.crcoc.ca\/fr\/wp-json\/wp\/v2\/pages"}],"about":[{"href":"https:\/\/www.crcoc.ca\/fr\/wp-json\/wp\/v2\/types\/page"}],"author":[{"embeddable":true,"href":"https:\/\/www.crcoc.ca\/fr\/wp-json\/wp\/v2\/users\/1"}],"replies":[{"embeddable":true,"href":"https:\/\/www.crcoc.ca\/fr\/wp-json\/wp\/v2\/comments?post=1232"}],"version-history":[{"count":87,"href":"https:\/\/www.crcoc.ca\/fr\/wp-json\/wp\/v2\/pages\/1232\/revisions"}],"predecessor-version":[{"id":37047,"href":"https:\/\/www.crcoc.ca\/fr\/wp-json\/wp\/v2\/pages\/1232\/revisions\/37047"}],"up":[{"embeddable":true,"href":"https:\/\/www.crcoc.ca\/fr\/wp-json\/wp\/v2\/pages\/1207"}],"wp:attachment":[{"href":"https:\/\/www.crcoc.ca\/fr\/wp-json\/wp\/v2\/media?parent=1232"}],"curies":[{"name":"wp","href":"https:\/\/api.w.org\/{rel}","templated":true}]}}