{"id":1192,"date":"2019-02-07T10:46:56","date_gmt":"2019-02-07T15:46:56","guid":{"rendered":"http:\/\/crcoc.ca\/first-words\/"},"modified":"2021-02-08T10:13:40","modified_gmt":"2021-02-08T15:13:40","slug":"premier-mots","status":"publish","type":"page","link":"https:\/\/www.crcoc.ca\/fr\/on-y-va\/premier-mots\/","title":{"rendered":"Premiers mots"},"content":{"rendered":"\t\t<div data-elementor-type=\"wp-post\" data-elementor-id=\"1192\" class=\"elementor elementor-1192\" data-elementor-post-type=\"page\">\n\t\t\t\t\t\t<section class=\"elementor-section elementor-top-section elementor-element elementor-element-91631fa elementor-section-boxed elementor-section-height-default elementor-section-height-default\" data-id=\"91631fa\" data-element_type=\"section\" data-e-type=\"section\">\n\t\t\t\t\t\t<div class=\"elementor-container elementor-column-gap-default\">\n\t\t\t\t\t<div class=\"elementor-column elementor-col-100 elementor-top-column elementor-element elementor-element-ea0151f\" data-id=\"ea0151f\" data-element_type=\"column\" data-e-type=\"column\">\n\t\t\t<div class=\"elementor-widget-wrap elementor-element-populated\">\n\t\t\t\t\t\t<div class=\"elementor-element elementor-element-3adf454 elementor-widget elementor-widget-heading\" data-id=\"3adf454\" data-element_type=\"widget\" data-e-type=\"widget\" data-widget_type=\"heading.default\">\n\t\t\t\t<div class=\"elementor-widget-container\">\n\t\t\t\t\t<h1 class=\"elementor-heading-title elementor-size-default\">Premiers mots<\/h1>\t\t\t\t<\/div>\n\t\t\t\t<\/div>\n\t\t\t\t<section class=\"elementor-section elementor-inner-section elementor-element elementor-element-801f899 elementor-section-boxed elementor-section-height-default elementor-section-height-default\" data-id=\"801f899\" data-element_type=\"section\" data-e-type=\"section\">\n\t\t\t\t\t\t<div class=\"elementor-container elementor-column-gap-default\">\n\t\t\t\t\t<div class=\"elementor-column elementor-col-50 elementor-inner-column elementor-element elementor-element-6b805a5\" data-id=\"6b805a5\" data-element_type=\"column\" data-e-type=\"column\">\n\t\t\t<div class=\"elementor-widget-wrap elementor-element-populated\">\n\t\t\t\t\t\t<div class=\"elementor-element elementor-element-4044f2f elementor-widget elementor-widget-image\" data-id=\"4044f2f\" data-element_type=\"widget\" data-e-type=\"widget\" data-widget_type=\"image.default\">\n\t\t\t\t<div class=\"elementor-widget-container\">\n\t\t\t\t\t\t\t\t\t\t\t\t<figure class=\"wp-caption\">\n\t\t\t\t\t\t\t\t\t\t\t<a href=\"https:\/\/firstwords.ca\/fr\/\">\n\t\t\t\t\t\t\t<img decoding=\"async\" width=\"142\" height=\"349\" src=\"http:\/\/www.crcoc.ca\/wp-content\/uploads\/2019\/02\/FW-Logo-EngFre-Colour.jpg\" class=\"attachment-large size-large wp-image-1186\" alt=\"\" srcset=\"http:\/\/www.crcoc.ca\/wp-content\/uploads\/2019\/02\/FW-Logo-EngFre-Colour.jpg 142w, http:\/\/www.crcoc.ca\/wp-content\/uploads\/2019\/02\/FW-Logo-EngFre-Colour-122x300.jpg 122w\" sizes=\"(max-width: 142px) 100vw, 142px\" \/>\t\t\t\t\t\t\t\t<\/a>\n\t\t\t\t\t\t\t\t\t\t\t<figcaption class=\"widget-image-caption wp-caption-text\">Premier mots<\/figcaption>\n\t\t\t\t\t\t\t\t\t\t<\/figure>\n\t\t\t\t\t\t\t\t\t<\/div>\n\t\t\t\t<\/div>\n\t\t\t\t<div class=\"elementor-element elementor-element-2a0238b elementor-align-justify elementor-widget elementor-widget-button\" data-id=\"2a0238b\" data-element_type=\"widget\" data-e-type=\"widget\" data-widget_type=\"button.default\">\n\t\t\t\t<div class=\"elementor-widget-container\">\n\t\t\t\t\t\t\t\t\t<div class=\"elementor-button-wrapper\">\n\t\t\t\t\t<a class=\"elementor-button elementor-button-link elementor-size-sm\" href=\"https:\/\/firstwords.ca\/fr\/\">\n\t\t\t\t\t\t<span class=\"elementor-button-content-wrapper\">\n\t\t\t\t\t\t\t\t\t<span class=\"elementor-button-text\">Aller au site web<\/span>\n\t\t\t\t\t<\/span>\n\t\t\t\t\t<\/a>\n\t\t\t\t<\/div>\n\t\t\t\t\t\t\t\t<\/div>\n\t\t\t\t<\/div>\n\t\t\t\t\t<\/div>\n\t\t<\/div>\n\t\t\t\t<div class=\"elementor-column elementor-col-50 elementor-inner-column elementor-element elementor-element-556d50d\" data-id=\"556d50d\" data-element_type=\"column\" data-e-type=\"column\">\n\t\t\t<div class=\"elementor-widget-wrap elementor-element-populated\">\n\t\t\t\t\t\t<div class=\"elementor-element elementor-element-f6f7969 elementor-widget elementor-widget-text-editor\" data-id=\"f6f7969\" data-element_type=\"widget\" data-e-type=\"widget\" data-widget_type=\"text-editor.default\">\n\t\t\t\t<div class=\"elementor-widget-container\">\n\t\t\t\t\t\t\t\t\t<ul><li>Le\u00a0<a href=\"http:\/\/firstwords.ca\/bilan-de-la-communication\/\">Bilan de la communication<\/a>\u00a0est un outil de d\u00e9pistage en ligne gratuit pour les familles vivant \u00e0 Ottawa qui ont des enfants en bas \u00e2ge<\/li><li>Votre enfant peut \u00eatre dirig\u00e9 vers le programme Premiers Mots ou vers le Centre de traitement pour enfants d\u2019Ottawa (CTEO) pour \u00e9valuation<\/li><li>Dans des\u00a0<a href=\"http:\/\/firstwords.ca\/outils-d-apprentissage\/\">webinaires<\/a>, les parents apprennent des techniques de stimulation du langage pour leurs enfants.<\/li><\/ul>\t\t\t\t\t\t\t\t<\/div>\n\t\t\t\t<\/div>\n\t\t\t\t<div class=\"elementor-element elementor-element-c858fec elementor-widget elementor-widget-heading\" data-id=\"c858fec\" data-element_type=\"widget\" data-e-type=\"widget\" data-widget_type=\"heading.default\">\n\t\t\t\t<div class=\"elementor-widget-container\">\n\t\t\t\t\t<h2 class=\"elementor-heading-title elementor-size-default\">Pour plus d\u2019informations:<\/h2>\t\t\t\t<\/div>\n\t\t\t\t<\/div>\n\t\t\t\t<div class=\"elementor-element elementor-element-a443508 elementor-widget elementor-widget-heading\" data-id=\"a443508\" data-element_type=\"widget\" data-e-type=\"widget\" data-widget_type=\"heading.default\">\n\t\t\t\t<div class=\"elementor-widget-container\">\n\t\t\t\t\t<h3 class=\"elementor-heading-title elementor-size-default\">Bureau d\u2019accueil de Premiers Mots au CHEO :<br> 613 737-7600, poste 2500<\/h3>\t\t\t\t<\/div>\n\t\t\t\t<\/div>\n\t\t\t\t\t<\/div>\n\t\t<\/div>\n\t\t\t\t\t<\/div>\n\t\t<\/section>\n\t\t\t\t<div class=\"elementor-element elementor-element-9deb18c elementor-widget elementor-widget-spacer\" data-id=\"9deb18c\" data-element_type=\"widget\" data-e-type=\"widget\" data-widget_type=\"spacer.default\">\n\t\t\t\t<div class=\"elementor-widget-container\">\n\t\t\t\t\t\t\t<div class=\"elementor-spacer\">\n\t\t\t<div class=\"elementor-spacer-inner\"><\/div>\n\t\t<\/div>\n\t\t\t\t\t\t<\/div>\n\t\t\t\t<\/div>\n\t\t\t\t\t<\/div>\n\t\t<\/div>\n\t\t\t\t\t<\/div>\n\t\t<\/section>\n\t\t\t\t<section class=\"elementor-section elementor-top-section elementor-element elementor-element-b01f38e elementor-section-boxed elementor-section-height-default elementor-section-height-default\" data-id=\"b01f38e\" data-element_type=\"section\" data-e-type=\"section\" data-settings=\"{&quot;background_background&quot;:&quot;classic&quot;}\">\n\t\t\t\t\t\t<div class=\"elementor-container elementor-column-gap-default\">\n\t\t\t\t\t<div class=\"elementor-column elementor-col-100 elementor-top-column elementor-element elementor-element-087b40c\" data-id=\"087b40c\" data-element_type=\"column\" data-e-type=\"column\">\n\t\t\t<div class=\"elementor-widget-wrap elementor-element-populated\">\n\t\t\t\t\t\t<div class=\"elementor-element elementor-element-07e1a96 elementor-widget elementor-widget-heading\" data-id=\"07e1a96\" data-element_type=\"widget\" data-e-type=\"widget\" data-widget_type=\"heading.default\">\n\t\t\t\t<div class=\"elementor-widget-container\">\n\t\t\t\t\t<h2 class=\"elementor-heading-title elementor-size-default\">Exemples de webinaires offerts<\/h2>\t\t\t\t<\/div>\n\t\t\t\t<\/div>\n\t\t\t\t\t<\/div>\n\t\t<\/div>\n\t\t\t\t\t<\/div>\n\t\t<\/section>\n\t\t\t\t<section class=\"elementor-section elementor-top-section elementor-element elementor-element-af2cda3 elementor-section-boxed elementor-section-height-default elementor-section-height-default\" data-id=\"af2cda3\" data-element_type=\"section\" data-e-type=\"section\">\n\t\t\t\t\t\t<div class=\"elementor-container elementor-column-gap-default\">\n\t\t\t\t\t<div class=\"elementor-column elementor-col-100 elementor-top-column elementor-element elementor-element-05ab577\" data-id=\"05ab577\" data-element_type=\"column\" data-e-type=\"column\">\n\t\t\t<div class=\"elementor-widget-wrap elementor-element-populated\">\n\t\t\t\t\t\t<div class=\"elementor-element elementor-element-8ae3ffb elementor-widget elementor-widget-spacer\" data-id=\"8ae3ffb\" data-element_type=\"widget\" data-e-type=\"widget\" data-widget_type=\"spacer.default\">\n\t\t\t\t<div class=\"elementor-widget-container\">\n\t\t\t\t\t\t\t<div class=\"elementor-spacer\">\n\t\t\t<div class=\"elementor-spacer-inner\"><\/div>\n\t\t<\/div>\n\t\t\t\t\t\t<\/div>\n\t\t\t\t<\/div>\n\t\t\t\t<div class=\"elementor-element elementor-element-b33cf9e elementor-widget elementor-widget-heading\" data-id=\"b33cf9e\" data-element_type=\"widget\" data-e-type=\"widget\" data-widget_type=\"heading.default\">\n\t\t\t\t<div class=\"elementor-widget-container\">\n\t\t\t\t\t<h3 class=\"elementor-heading-title elementor-size-default\">Le pouvoir du jeu<\/h3>\t\t\t\t<\/div>\n\t\t\t\t<\/div>\n\t\t\t\t<div class=\"elementor-element elementor-element-f730dfa elementor-widget elementor-widget-text-editor\" data-id=\"f730dfa\" data-element_type=\"widget\" data-e-type=\"widget\" data-widget_type=\"text-editor.default\">\n\t\t\t\t<div class=\"elementor-widget-container\">\n\t\t\t\t\t\t\t\t\t<p>Sujets discut\u00e9s : attachement, routines et strat\u00e9gies pour stimuler le d\u00e9veloppement du langage<br \/>Ce cours ne remplace pas les services et conseils d\u2019un orthophoniste ni d\u2019un professionnel de la litt\u00e9ratie chez les jeunes enfants<\/p>\t\t\t\t\t\t\t\t<\/div>\n\t\t\t\t<\/div>\n\t\t\t\t<div class=\"elementor-element elementor-element-7566807 elementor-align-center elementor-widget elementor-widget-button\" data-id=\"7566807\" data-element_type=\"widget\" data-e-type=\"widget\" data-widget_type=\"button.default\">\n\t\t\t\t<div class=\"elementor-widget-container\">\n\t\t\t\t\t\t\t\t\t<div class=\"elementor-button-wrapper\">\n\t\t\t\t\t<a class=\"elementor-button elementor-button-link elementor-size-sm\" href=\"https:\/\/firstwords.ca\/outils-d-apprentissage\/le-pouvoir-du-jeu\/\">\n\t\t\t\t\t\t<span class=\"elementor-button-content-wrapper\">\n\t\t\t\t\t\t\t\t\t<span class=\"elementor-button-text\">Aller<\/span>\n\t\t\t\t\t<\/span>\n\t\t\t\t\t<\/a>\n\t\t\t\t<\/div>\n\t\t\t\t\t\t\t\t<\/div>\n\t\t\t\t<\/div>\n\t\t\t\t<div class=\"elementor-element elementor-element-9ec1169 elementor-widget elementor-widget-spacer\" data-id=\"9ec1169\" data-element_type=\"widget\" data-e-type=\"widget\" data-widget_type=\"spacer.default\">\n\t\t\t\t<div class=\"elementor-widget-container\">\n\t\t\t\t\t\t\t<div class=\"elementor-spacer\">\n\t\t\t<div class=\"elementor-spacer-inner\"><\/div>\n\t\t<\/div>\n\t\t\t\t\t\t<\/div>\n\t\t\t\t<\/div>\n\t\t\t\t<div class=\"elementor-element elementor-element-fffc32a elementor-widget-divider--view-line elementor-widget elementor-widget-divider\" data-id=\"fffc32a\" data-element_type=\"widget\" data-e-type=\"widget\" data-widget_type=\"divider.default\">\n\t\t\t\t<div class=\"elementor-widget-container\">\n\t\t\t\t\t\t\t<div class=\"elementor-divider\">\n\t\t\t<span class=\"elementor-divider-separator\">\n\t\t\t\t\t\t<\/span>\n\t\t<\/div>\n\t\t\t\t\t\t<\/div>\n\t\t\t\t<\/div>\n\t\t\t\t<div class=\"elementor-element elementor-element-dbc298e elementor-widget elementor-widget-spacer\" data-id=\"dbc298e\" data-element_type=\"widget\" data-e-type=\"widget\" data-widget_type=\"spacer.default\">\n\t\t\t\t<div class=\"elementor-widget-container\">\n\t\t\t\t\t\t\t<div class=\"elementor-spacer\">\n\t\t\t<div class=\"elementor-spacer-inner\"><\/div>\n\t\t<\/div>\n\t\t\t\t\t\t<\/div>\n\t\t\t\t<\/div>\n\t\t\t\t<div class=\"elementor-element elementor-element-a7b31f9 elementor-widget elementor-widget-heading\" data-id=\"a7b31f9\" data-element_type=\"widget\" data-e-type=\"widget\" data-widget_type=\"heading.default\">\n\t\t\t\t<div class=\"elementor-widget-container\">\n\t\t\t\t\t<h3 class=\"elementor-heading-title elementor-size-default\">Vous \u00eates le pont<\/h3>\t\t\t\t<\/div>\n\t\t\t\t<\/div>\n\t\t\t\t<div class=\"elementor-element elementor-element-32f592e elementor-widget elementor-widget-text-editor\" data-id=\"32f592e\" data-element_type=\"widget\" data-e-type=\"widget\" data-widget_type=\"text-editor.default\">\n\t\t\t\t<div class=\"elementor-widget-container\">\n\t\t\t\t\t\t\t\t\t<p>Votre enfant ne parle pas\u00a0 ou pas assez et cela vous inqui\u00e8te? Vous trouvez que sa capacit\u00e9 de parler n\u2019\u00e9volue pas?<br \/>Ce webinaire vous enseigne l\u2019importance du jeu comme outil pour aider un enfant \u00e0 comprendre la communication et comment l\u2019utiliser<\/p><p>En tout temps, vous pouvez obtenir une trousse d\u2019accueil et inscrire votre enfant sur la liste d\u2019attente pour une \u00e9valuation compl\u00e8te.<\/p>\t\t\t\t\t\t\t\t<\/div>\n\t\t\t\t<\/div>\n\t\t\t\t<div class=\"elementor-element elementor-element-72f9ef3 elementor-align-center elementor-widget elementor-widget-button\" data-id=\"72f9ef3\" data-element_type=\"widget\" data-e-type=\"widget\" data-widget_type=\"button.default\">\n\t\t\t\t<div class=\"elementor-widget-container\">\n\t\t\t\t\t\t\t\t\t<div class=\"elementor-button-wrapper\">\n\t\t\t\t\t<a class=\"elementor-button elementor-button-link elementor-size-sm\" href=\"https:\/\/firstwords.ca\/outils-d-apprentissage\/comme-parent-vous-etes-le-pont\/\">\n\t\t\t\t\t\t<span class=\"elementor-button-content-wrapper\">\n\t\t\t\t\t\t\t\t\t<span class=\"elementor-button-text\">Aller<\/span>\n\t\t\t\t\t<\/span>\n\t\t\t\t\t<\/a>\n\t\t\t\t<\/div>\n\t\t\t\t\t\t\t\t<\/div>\n\t\t\t\t<\/div>\n\t\t\t\t\t<\/div>\n\t\t<\/div>\n\t\t\t\t\t<\/div>\n\t\t<\/section>\n\t\t\t\t<\/div>\n\t\t","protected":false},"excerpt":{"rendered":"<p>Premiers mots Premier mots Aller au site web Le\u00a0Bilan de la communication\u00a0est un outil de d\u00e9pistage en ligne gratuit pour les familles vivant \u00e0 Ottawa qui ont des enfants en bas \u00e2ge Votre enfant peut \u00eatre dirig\u00e9 vers le programme Premiers Mots ou vers le Centre de traitement pour enfants d\u2019Ottawa (CTEO) pour \u00e9valuation Dans &#8230; <a title=\"Premiers mots\" class=\"read-more\" href=\"https:\/\/www.crcoc.ca\/fr\/on-y-va\/premier-mots\/\">Read more<\/a><\/p>\n","protected":false},"author":1,"featured_media":0,"parent":839,"menu_order":0,"comment_status":"closed","ping_status":"closed","template":"","meta":{"footnotes":""},"class_list":["post-1192","page","type-page","status-publish"],"yoast_head":"<!-- This site is optimized with the Yoast SEO plugin v27.3 - https:\/\/yoast.com\/product\/yoast-seo-wordpress\/ -->\n<title>Premiers mots - CRCOC - OCCRC<\/title>\n<meta name=\"robots\" content=\"index, follow, max-snippet:-1, max-image-preview:large, max-video-preview:-1\" \/>\n<link rel=\"canonical\" href=\"https:\/\/www.crcoc.ca\/fr\/on-y-va\/premier-mots\/\" \/>\n<meta property=\"og:locale\" content=\"fr_FR\" \/>\n<meta property=\"og:type\" content=\"article\" \/>\n<meta property=\"og:title\" content=\"Premiers mots - CRCOC - OCCRC\" \/>\n<meta property=\"og:description\" content=\"Premiers mots Premier mots Aller au site web Le\u00a0Bilan de la communication\u00a0est un outil de d\u00e9pistage en ligne gratuit pour les familles vivant \u00e0 Ottawa qui ont des enfants en bas \u00e2ge Votre enfant peut \u00eatre dirig\u00e9 vers le programme Premiers Mots ou vers le Centre de traitement pour enfants d\u2019Ottawa (CTEO) pour \u00e9valuation Dans ... Read more\" \/>\n<meta property=\"og:url\" content=\"https:\/\/www.crcoc.ca\/fr\/on-y-va\/premier-mots\/\" \/>\n<meta property=\"og:site_name\" content=\"CRCOC - OCCRC\" \/>\n<meta property=\"article:publisher\" content=\"https:\/\/www.facebook.com\/OCCRC.CRCOC\/\" \/>\n<meta property=\"article:modified_time\" content=\"2021-02-08T15:13:40+00:00\" \/>\n<meta property=\"og:image\" content=\"https:\/\/www.crcoc.ca\/wp-content\/uploads\/2019\/02\/FW-Logo-EngFre-Colour.jpg\" \/>\n<meta name=\"twitter:card\" content=\"summary_large_image\" \/>\n<meta name=\"twitter:site\" content=\"@OCCRC_CRCOC\" \/>\n<meta name=\"twitter:label1\" content=\"Dur\u00e9e de lecture estim\u00e9e\" \/>\n\t<meta name=\"twitter:data1\" content=\"1 minute\" \/>\n<script type=\"application\/ld+json\" class=\"yoast-schema-graph\">{\"@context\":\"https:\\\/\\\/schema.org\",\"@graph\":[{\"@type\":\"WebPage\",\"@id\":\"https:\\\/\\\/www.crcoc.ca\\\/fr\\\/on-y-va\\\/premier-mots\\\/\",\"url\":\"https:\\\/\\\/www.crcoc.ca\\\/fr\\\/on-y-va\\\/premier-mots\\\/\",\"name\":\"Premiers mots - CRCOC - OCCRC\",\"isPartOf\":{\"@id\":\"https:\\\/\\\/www.crcoc.ca\\\/fr\\\/#website\"},\"primaryImageOfPage\":{\"@id\":\"https:\\\/\\\/www.crcoc.ca\\\/fr\\\/on-y-va\\\/premier-mots\\\/#primaryimage\"},\"image\":{\"@id\":\"https:\\\/\\\/www.crcoc.ca\\\/fr\\\/on-y-va\\\/premier-mots\\\/#primaryimage\"},\"thumbnailUrl\":\"https:\\\/\\\/www.crcoc.ca\\\/wp-content\\\/uploads\\\/2019\\\/02\\\/FW-Logo-EngFre-Colour.jpg\",\"datePublished\":\"2019-02-07T15:46:56+00:00\",\"dateModified\":\"2021-02-08T15:13:40+00:00\",\"breadcrumb\":{\"@id\":\"https:\\\/\\\/www.crcoc.ca\\\/fr\\\/on-y-va\\\/premier-mots\\\/#breadcrumb\"},\"inLanguage\":\"fr-FR\",\"potentialAction\":[{\"@type\":\"ReadAction\",\"target\":[\"https:\\\/\\\/www.crcoc.ca\\\/fr\\\/on-y-va\\\/premier-mots\\\/\"]}]},{\"@type\":\"ImageObject\",\"inLanguage\":\"fr-FR\",\"@id\":\"https:\\\/\\\/www.crcoc.ca\\\/fr\\\/on-y-va\\\/premier-mots\\\/#primaryimage\",\"url\":\"https:\\\/\\\/www.crcoc.ca\\\/wp-content\\\/uploads\\\/2019\\\/02\\\/FW-Logo-EngFre-Colour.jpg\",\"contentUrl\":\"https:\\\/\\\/www.crcoc.ca\\\/wp-content\\\/uploads\\\/2019\\\/02\\\/FW-Logo-EngFre-Colour.jpg\"},{\"@type\":\"BreadcrumbList\",\"@id\":\"https:\\\/\\\/www.crcoc.ca\\\/fr\\\/on-y-va\\\/premier-mots\\\/#breadcrumb\",\"itemListElement\":[{\"@type\":\"ListItem\",\"position\":1,\"name\":\"Home\",\"item\":\"http:\\\/\\\/www.crcoc.ca\\\/fr\\\/\"},{\"@type\":\"ListItem\",\"position\":2,\"name\":\"ON y va\",\"item\":\"http:\\\/\\\/www.crcoc.ca\\\/fr\\\/on-y-va\\\/\"},{\"@type\":\"ListItem\",\"position\":3,\"name\":\"Premiers mots\"}]},{\"@type\":\"WebSite\",\"@id\":\"https:\\\/\\\/www.crcoc.ca\\\/fr\\\/#website\",\"url\":\"https:\\\/\\\/www.crcoc.ca\\\/fr\\\/\",\"name\":\"CRCOC - OCCRC\",\"description\":\"Centre de ressources communautaires Orl\u00e9ans-Cumberland | Orl\u00e9ans-Cumberland Community Resource Center\",\"publisher\":{\"@id\":\"https:\\\/\\\/www.crcoc.ca\\\/fr\\\/#organization\"},\"potentialAction\":[{\"@type\":\"SearchAction\",\"target\":{\"@type\":\"EntryPoint\",\"urlTemplate\":\"https:\\\/\\\/www.crcoc.ca\\\/fr\\\/?s={search_term_string}\"},\"query-input\":{\"@type\":\"PropertyValueSpecification\",\"valueRequired\":true,\"valueName\":\"search_term_string\"}}],\"inLanguage\":\"fr-FR\"},{\"@type\":\"Organization\",\"@id\":\"https:\\\/\\\/www.crcoc.ca\\\/fr\\\/#organization\",\"name\":\"Orl\u00e9ans-Cumberland Community Resource Centre\",\"url\":\"https:\\\/\\\/www.crcoc.ca\\\/fr\\\/\",\"logo\":{\"@type\":\"ImageObject\",\"inLanguage\":\"fr-FR\",\"@id\":\"https:\\\/\\\/www.crcoc.ca\\\/fr\\\/#\\\/schema\\\/logo\\\/image\\\/\",\"url\":\"https:\\\/\\\/www.crcoc.ca\\\/wp-content\\\/uploads\\\/2019\\\/01\\\/cropped-Logo_OCCRCeachside-1.png\",\"contentUrl\":\"https:\\\/\\\/www.crcoc.ca\\\/wp-content\\\/uploads\\\/2019\\\/01\\\/cropped-Logo_OCCRCeachside-1.png\",\"width\":512,\"height\":512,\"caption\":\"Orl\u00e9ans-Cumberland Community Resource Centre\"},\"image\":{\"@id\":\"https:\\\/\\\/www.crcoc.ca\\\/fr\\\/#\\\/schema\\\/logo\\\/image\\\/\"},\"sameAs\":[\"https:\\\/\\\/www.facebook.com\\\/OCCRC.CRCOC\\\/\",\"https:\\\/\\\/x.com\\\/OCCRC_CRCOC\",\"https:\\\/\\\/instagram.com\\\/occrcyp_crcocpj\\\/\"]}]}<\/script>\n<!-- \/ Yoast SEO plugin. -->","yoast_head_json":{"title":"Premiers mots - CRCOC - OCCRC","robots":{"index":"index","follow":"follow","max-snippet":"max-snippet:-1","max-image-preview":"max-image-preview:large","max-video-preview":"max-video-preview:-1"},"canonical":"https:\/\/www.crcoc.ca\/fr\/on-y-va\/premier-mots\/","og_locale":"fr_FR","og_type":"article","og_title":"Premiers mots - CRCOC - OCCRC","og_description":"Premiers mots Premier mots Aller au site web Le\u00a0Bilan de la communication\u00a0est un outil de d\u00e9pistage en ligne gratuit pour les familles vivant \u00e0 Ottawa qui ont des enfants en bas \u00e2ge Votre enfant peut \u00eatre dirig\u00e9 vers le programme Premiers Mots ou vers le Centre de traitement pour enfants d\u2019Ottawa (CTEO) pour \u00e9valuation Dans ... Read more","og_url":"https:\/\/www.crcoc.ca\/fr\/on-y-va\/premier-mots\/","og_site_name":"CRCOC - OCCRC","article_publisher":"https:\/\/www.facebook.com\/OCCRC.CRCOC\/","article_modified_time":"2021-02-08T15:13:40+00:00","og_image":[{"url":"https:\/\/www.crcoc.ca\/wp-content\/uploads\/2019\/02\/FW-Logo-EngFre-Colour.jpg","type":"","width":"","height":""}],"twitter_card":"summary_large_image","twitter_site":"@OCCRC_CRCOC","twitter_misc":{"Dur\u00e9e de lecture estim\u00e9e":"1 minute"},"schema":{"@context":"https:\/\/schema.org","@graph":[{"@type":"WebPage","@id":"https:\/\/www.crcoc.ca\/fr\/on-y-va\/premier-mots\/","url":"https:\/\/www.crcoc.ca\/fr\/on-y-va\/premier-mots\/","name":"Premiers mots - CRCOC - OCCRC","isPartOf":{"@id":"https:\/\/www.crcoc.ca\/fr\/#website"},"primaryImageOfPage":{"@id":"https:\/\/www.crcoc.ca\/fr\/on-y-va\/premier-mots\/#primaryimage"},"image":{"@id":"https:\/\/www.crcoc.ca\/fr\/on-y-va\/premier-mots\/#primaryimage"},"thumbnailUrl":"https:\/\/www.crcoc.ca\/wp-content\/uploads\/2019\/02\/FW-Logo-EngFre-Colour.jpg","datePublished":"2019-02-07T15:46:56+00:00","dateModified":"2021-02-08T15:13:40+00:00","breadcrumb":{"@id":"https:\/\/www.crcoc.ca\/fr\/on-y-va\/premier-mots\/#breadcrumb"},"inLanguage":"fr-FR","potentialAction":[{"@type":"ReadAction","target":["https:\/\/www.crcoc.ca\/fr\/on-y-va\/premier-mots\/"]}]},{"@type":"ImageObject","inLanguage":"fr-FR","@id":"https:\/\/www.crcoc.ca\/fr\/on-y-va\/premier-mots\/#primaryimage","url":"https:\/\/www.crcoc.ca\/wp-content\/uploads\/2019\/02\/FW-Logo-EngFre-Colour.jpg","contentUrl":"https:\/\/www.crcoc.ca\/wp-content\/uploads\/2019\/02\/FW-Logo-EngFre-Colour.jpg"},{"@type":"BreadcrumbList","@id":"https:\/\/www.crcoc.ca\/fr\/on-y-va\/premier-mots\/#breadcrumb","itemListElement":[{"@type":"ListItem","position":1,"name":"Home","item":"http:\/\/www.crcoc.ca\/fr\/"},{"@type":"ListItem","position":2,"name":"ON y va","item":"http:\/\/www.crcoc.ca\/fr\/on-y-va\/"},{"@type":"ListItem","position":3,"name":"Premiers mots"}]},{"@type":"WebSite","@id":"https:\/\/www.crcoc.ca\/fr\/#website","url":"https:\/\/www.crcoc.ca\/fr\/","name":"CRCOC - OCCRC","description":"Centre de ressources communautaires Orl\u00e9ans-Cumberland | Orl\u00e9ans-Cumberland Community Resource Center","publisher":{"@id":"https:\/\/www.crcoc.ca\/fr\/#organization"},"potentialAction":[{"@type":"SearchAction","target":{"@type":"EntryPoint","urlTemplate":"https:\/\/www.crcoc.ca\/fr\/?s={search_term_string}"},"query-input":{"@type":"PropertyValueSpecification","valueRequired":true,"valueName":"search_term_string"}}],"inLanguage":"fr-FR"},{"@type":"Organization","@id":"https:\/\/www.crcoc.ca\/fr\/#organization","name":"Orl\u00e9ans-Cumberland Community Resource Centre","url":"https:\/\/www.crcoc.ca\/fr\/","logo":{"@type":"ImageObject","inLanguage":"fr-FR","@id":"https:\/\/www.crcoc.ca\/fr\/#\/schema\/logo\/image\/","url":"https:\/\/www.crcoc.ca\/wp-content\/uploads\/2019\/01\/cropped-Logo_OCCRCeachside-1.png","contentUrl":"https:\/\/www.crcoc.ca\/wp-content\/uploads\/2019\/01\/cropped-Logo_OCCRCeachside-1.png","width":512,"height":512,"caption":"Orl\u00e9ans-Cumberland Community Resource Centre"},"image":{"@id":"https:\/\/www.crcoc.ca\/fr\/#\/schema\/logo\/image\/"},"sameAs":["https:\/\/www.facebook.com\/OCCRC.CRCOC\/","https:\/\/x.com\/OCCRC_CRCOC","https:\/\/instagram.com\/occrcyp_crcocpj\/"]}]}},"_links":{"self":[{"href":"https:\/\/www.crcoc.ca\/fr\/wp-json\/wp\/v2\/pages\/1192","targetHints":{"allow":["GET"]}}],"collection":[{"href":"https:\/\/www.crcoc.ca\/fr\/wp-json\/wp\/v2\/pages"}],"about":[{"href":"https:\/\/www.crcoc.ca\/fr\/wp-json\/wp\/v2\/types\/page"}],"author":[{"embeddable":true,"href":"https:\/\/www.crcoc.ca\/fr\/wp-json\/wp\/v2\/users\/1"}],"replies":[{"embeddable":true,"href":"https:\/\/www.crcoc.ca\/fr\/wp-json\/wp\/v2\/comments?post=1192"}],"version-history":[{"count":3,"href":"https:\/\/www.crcoc.ca\/fr\/wp-json\/wp\/v2\/pages\/1192\/revisions"}],"predecessor-version":[{"id":19277,"href":"https:\/\/www.crcoc.ca\/fr\/wp-json\/wp\/v2\/pages\/1192\/revisions\/19277"}],"up":[{"embeddable":true,"href":"https:\/\/www.crcoc.ca\/fr\/wp-json\/wp\/v2\/pages\/839"}],"wp:attachment":[{"href":"https:\/\/www.crcoc.ca\/fr\/wp-json\/wp\/v2\/media?parent=1192"}],"curies":[{"name":"wp","href":"https:\/\/api.w.org\/{rel}","templated":true}]}}