{"id":1180,"date":"2019-02-07T10:44:38","date_gmt":"2019-02-07T15:44:38","guid":{"rendered":"http:\/\/crcoc.ca\/financial\/"},"modified":"2019-02-07T10:46:15","modified_gmt":"2019-02-07T15:46:15","slug":"aide-pour-des-problemes-financiers","status":"publish","type":"page","link":"https:\/\/www.crcoc.ca\/fr\/aide-pour-des-problemes-financiers\/","title":{"rendered":"Aide pour des probl\u00e8mes financiers"},"content":{"rendered":"\t\t<div data-elementor-type=\"wp-post\" data-elementor-id=\"1180\" class=\"elementor elementor-1180 elementor-1176 elementor-bc-flex-widget\" data-elementor-post-type=\"page\">\n\t\t\t\t\t\t<section class=\"elementor-section elementor-top-section elementor-element elementor-element-08669c7 elementor-section-boxed elementor-section-height-default elementor-section-height-default\" data-id=\"08669c7\" data-element_type=\"section\" data-e-type=\"section\">\n\t\t\t\t\t\t<div class=\"elementor-container elementor-column-gap-default\">\n\t\t\t\t\t<div class=\"elementor-column elementor-col-100 elementor-top-column elementor-element elementor-element-a13bc03\" data-id=\"a13bc03\" data-element_type=\"column\" data-e-type=\"column\">\n\t\t\t<div class=\"elementor-widget-wrap elementor-element-populated\">\n\t\t\t\t\t\t<div class=\"elementor-element elementor-element-7b840da elementor-widget elementor-widget-text-editor\" data-id=\"7b840da\" data-element_type=\"widget\" data-e-type=\"widget\" data-widget_type=\"text-editor.default\">\n\t\t\t\t<div class=\"elementor-widget-container\">\n\t\t\t\t\t\t\t\t\t<p>Centre d\u2019\u00e9ducation financi\u00e8re EBO\u00a0:<br \/>\u2022 Site Webweb\u00a0: <a href=\"https:\/\/www.centre-ebo.com\/fr\/\">Centre d\u2019\u00e9ducation financi\u00e8re EBO<\/a><br \/>\u2022 Services gratuits en anglais et en fran\u00e7ais aux r\u00e9sidents \u00e0 faible revenu de la Ville d\u2019Ottawa<br \/>\u2022 Consultation budg\u00e9taire<br \/>\u2022 OASIS-conseil budget<br \/>\u2022 \u00c9ducation sur les finances<br \/>\u2022 Service d\u2019imp\u00f4ts<\/p>\t\t\t\t\t\t\t\t<\/div>\n\t\t\t\t<\/div>\n\t\t\t\t\t<\/div>\n\t\t<\/div>\n\t\t\t\t\t<\/div>\n\t\t<\/section>\n\t\t\t\t<\/div>\n\t\t","protected":false},"excerpt":{"rendered":"<p>Centre d\u2019\u00e9ducation financi\u00e8re EBO\u00a0:\u2022 Site Webweb\u00a0: Centre d\u2019\u00e9ducation financi\u00e8re EBO\u2022 Services gratuits en anglais et en fran\u00e7ais aux r\u00e9sidents \u00e0 faible revenu de la Ville d\u2019Ottawa\u2022 Consultation budg\u00e9taire\u2022 OASIS-conseil budget\u2022 \u00c9ducation sur les finances\u2022 Service d\u2019imp\u00f4ts<\/p>\n","protected":false},"author":1,"featured_media":0,"parent":0,"menu_order":0,"comment_status":"closed","ping_status":"closed","template":"","meta":{"footnotes":""},"class_list":["post-1180","page","type-page","status-publish"],"yoast_head":"<!-- This site is optimized with the Yoast SEO plugin v27.3 - https:\/\/yoast.com\/product\/yoast-seo-wordpress\/ -->\n<title>Aide pour des probl\u00e8mes financiers - CRCOC - OCCRC<\/title>\n<meta name=\"robots\" content=\"index, follow, max-snippet:-1, max-image-preview:large, max-video-preview:-1\" \/>\n<link rel=\"canonical\" href=\"https:\/\/www.crcoc.ca\/fr\/aide-pour-des-problemes-financiers\/\" \/>\n<meta property=\"og:locale\" content=\"fr_FR\" \/>\n<meta property=\"og:type\" content=\"article\" \/>\n<meta property=\"og:title\" content=\"Aide pour des probl\u00e8mes financiers - CRCOC - OCCRC\" \/>\n<meta property=\"og:description\" content=\"Centre d\u2019\u00e9ducation financi\u00e8re EBO\u00a0:\u2022 Site Webweb\u00a0: Centre d\u2019\u00e9ducation financi\u00e8re EBO\u2022 Services gratuits en anglais et en fran\u00e7ais aux r\u00e9sidents \u00e0 faible revenu de la Ville d\u2019Ottawa\u2022 Consultation budg\u00e9taire\u2022 OASIS-conseil budget\u2022 \u00c9ducation sur les finances\u2022 Service d\u2019imp\u00f4ts\" \/>\n<meta property=\"og:url\" content=\"https:\/\/www.crcoc.ca\/fr\/aide-pour-des-problemes-financiers\/\" \/>\n<meta property=\"og:site_name\" content=\"CRCOC - OCCRC\" \/>\n<meta property=\"article:publisher\" content=\"https:\/\/www.facebook.com\/OCCRC.CRCOC\/\" \/>\n<meta property=\"article:modified_time\" content=\"2019-02-07T15:46:15+00:00\" \/>\n<meta name=\"twitter:card\" content=\"summary_large_image\" \/>\n<meta name=\"twitter:site\" content=\"@OCCRC_CRCOC\" \/>\n<script type=\"application\/ld+json\" class=\"yoast-schema-graph\">{\"@context\":\"https:\\\/\\\/schema.org\",\"@graph\":[{\"@type\":\"WebPage\",\"@id\":\"https:\\\/\\\/www.crcoc.ca\\\/fr\\\/aide-pour-des-problemes-financiers\\\/\",\"url\":\"https:\\\/\\\/www.crcoc.ca\\\/fr\\\/aide-pour-des-problemes-financiers\\\/\",\"name\":\"Aide pour des probl\u00e8mes financiers - CRCOC - OCCRC\",\"isPartOf\":{\"@id\":\"https:\\\/\\\/www.crcoc.ca\\\/fr\\\/#website\"},\"datePublished\":\"2019-02-07T15:44:38+00:00\",\"dateModified\":\"2019-02-07T15:46:15+00:00\",\"breadcrumb\":{\"@id\":\"https:\\\/\\\/www.crcoc.ca\\\/fr\\\/aide-pour-des-problemes-financiers\\\/#breadcrumb\"},\"inLanguage\":\"fr-FR\",\"potentialAction\":[{\"@type\":\"ReadAction\",\"target\":[\"https:\\\/\\\/www.crcoc.ca\\\/fr\\\/aide-pour-des-problemes-financiers\\\/\"]}]},{\"@type\":\"BreadcrumbList\",\"@id\":\"https:\\\/\\\/www.crcoc.ca\\\/fr\\\/aide-pour-des-problemes-financiers\\\/#breadcrumb\",\"itemListElement\":[{\"@type\":\"ListItem\",\"position\":1,\"name\":\"Home\",\"item\":\"http:\\\/\\\/www.crcoc.ca\\\/fr\\\/\"},{\"@type\":\"ListItem\",\"position\":2,\"name\":\"Aide pour des probl\u00e8mes financiers\"}]},{\"@type\":\"WebSite\",\"@id\":\"https:\\\/\\\/www.crcoc.ca\\\/fr\\\/#website\",\"url\":\"https:\\\/\\\/www.crcoc.ca\\\/fr\\\/\",\"name\":\"CRCOC - OCCRC\",\"description\":\"Centre de ressources communautaires Orl\u00e9ans-Cumberland | Orl\u00e9ans-Cumberland Community Resource Center\",\"publisher\":{\"@id\":\"https:\\\/\\\/www.crcoc.ca\\\/fr\\\/#organization\"},\"potentialAction\":[{\"@type\":\"SearchAction\",\"target\":{\"@type\":\"EntryPoint\",\"urlTemplate\":\"https:\\\/\\\/www.crcoc.ca\\\/fr\\\/?s={search_term_string}\"},\"query-input\":{\"@type\":\"PropertyValueSpecification\",\"valueRequired\":true,\"valueName\":\"search_term_string\"}}],\"inLanguage\":\"fr-FR\"},{\"@type\":\"Organization\",\"@id\":\"https:\\\/\\\/www.crcoc.ca\\\/fr\\\/#organization\",\"name\":\"Orl\u00e9ans-Cumberland Community Resource Centre\",\"url\":\"https:\\\/\\\/www.crcoc.ca\\\/fr\\\/\",\"logo\":{\"@type\":\"ImageObject\",\"inLanguage\":\"fr-FR\",\"@id\":\"https:\\\/\\\/www.crcoc.ca\\\/fr\\\/#\\\/schema\\\/logo\\\/image\\\/\",\"url\":\"https:\\\/\\\/www.crcoc.ca\\\/wp-content\\\/uploads\\\/2019\\\/01\\\/cropped-Logo_OCCRCeachside-1.png\",\"contentUrl\":\"https:\\\/\\\/www.crcoc.ca\\\/wp-content\\\/uploads\\\/2019\\\/01\\\/cropped-Logo_OCCRCeachside-1.png\",\"width\":512,\"height\":512,\"caption\":\"Orl\u00e9ans-Cumberland Community Resource Centre\"},\"image\":{\"@id\":\"https:\\\/\\\/www.crcoc.ca\\\/fr\\\/#\\\/schema\\\/logo\\\/image\\\/\"},\"sameAs\":[\"https:\\\/\\\/www.facebook.com\\\/OCCRC.CRCOC\\\/\",\"https:\\\/\\\/x.com\\\/OCCRC_CRCOC\",\"https:\\\/\\\/instagram.com\\\/occrcyp_crcocpj\\\/\"]}]}<\/script>\n<!-- \/ Yoast SEO plugin. -->","yoast_head_json":{"title":"Aide pour des probl\u00e8mes financiers - CRCOC - OCCRC","robots":{"index":"index","follow":"follow","max-snippet":"max-snippet:-1","max-image-preview":"max-image-preview:large","max-video-preview":"max-video-preview:-1"},"canonical":"https:\/\/www.crcoc.ca\/fr\/aide-pour-des-problemes-financiers\/","og_locale":"fr_FR","og_type":"article","og_title":"Aide pour des probl\u00e8mes financiers - CRCOC - OCCRC","og_description":"Centre d\u2019\u00e9ducation financi\u00e8re EBO\u00a0:\u2022 Site Webweb\u00a0: Centre d\u2019\u00e9ducation financi\u00e8re EBO\u2022 Services gratuits en anglais et en fran\u00e7ais aux r\u00e9sidents \u00e0 faible revenu de la Ville d\u2019Ottawa\u2022 Consultation budg\u00e9taire\u2022 OASIS-conseil budget\u2022 \u00c9ducation sur les finances\u2022 Service d\u2019imp\u00f4ts","og_url":"https:\/\/www.crcoc.ca\/fr\/aide-pour-des-problemes-financiers\/","og_site_name":"CRCOC - OCCRC","article_publisher":"https:\/\/www.facebook.com\/OCCRC.CRCOC\/","article_modified_time":"2019-02-07T15:46:15+00:00","twitter_card":"summary_large_image","twitter_site":"@OCCRC_CRCOC","schema":{"@context":"https:\/\/schema.org","@graph":[{"@type":"WebPage","@id":"https:\/\/www.crcoc.ca\/fr\/aide-pour-des-problemes-financiers\/","url":"https:\/\/www.crcoc.ca\/fr\/aide-pour-des-problemes-financiers\/","name":"Aide pour des probl\u00e8mes financiers - CRCOC - OCCRC","isPartOf":{"@id":"https:\/\/www.crcoc.ca\/fr\/#website"},"datePublished":"2019-02-07T15:44:38+00:00","dateModified":"2019-02-07T15:46:15+00:00","breadcrumb":{"@id":"https:\/\/www.crcoc.ca\/fr\/aide-pour-des-problemes-financiers\/#breadcrumb"},"inLanguage":"fr-FR","potentialAction":[{"@type":"ReadAction","target":["https:\/\/www.crcoc.ca\/fr\/aide-pour-des-problemes-financiers\/"]}]},{"@type":"BreadcrumbList","@id":"https:\/\/www.crcoc.ca\/fr\/aide-pour-des-problemes-financiers\/#breadcrumb","itemListElement":[{"@type":"ListItem","position":1,"name":"Home","item":"http:\/\/www.crcoc.ca\/fr\/"},{"@type":"ListItem","position":2,"name":"Aide pour des probl\u00e8mes financiers"}]},{"@type":"WebSite","@id":"https:\/\/www.crcoc.ca\/fr\/#website","url":"https:\/\/www.crcoc.ca\/fr\/","name":"CRCOC - OCCRC","description":"Centre de ressources communautaires Orl\u00e9ans-Cumberland | Orl\u00e9ans-Cumberland Community Resource Center","publisher":{"@id":"https:\/\/www.crcoc.ca\/fr\/#organization"},"potentialAction":[{"@type":"SearchAction","target":{"@type":"EntryPoint","urlTemplate":"https:\/\/www.crcoc.ca\/fr\/?s={search_term_string}"},"query-input":{"@type":"PropertyValueSpecification","valueRequired":true,"valueName":"search_term_string"}}],"inLanguage":"fr-FR"},{"@type":"Organization","@id":"https:\/\/www.crcoc.ca\/fr\/#organization","name":"Orl\u00e9ans-Cumberland Community Resource Centre","url":"https:\/\/www.crcoc.ca\/fr\/","logo":{"@type":"ImageObject","inLanguage":"fr-FR","@id":"https:\/\/www.crcoc.ca\/fr\/#\/schema\/logo\/image\/","url":"https:\/\/www.crcoc.ca\/wp-content\/uploads\/2019\/01\/cropped-Logo_OCCRCeachside-1.png","contentUrl":"https:\/\/www.crcoc.ca\/wp-content\/uploads\/2019\/01\/cropped-Logo_OCCRCeachside-1.png","width":512,"height":512,"caption":"Orl\u00e9ans-Cumberland Community Resource Centre"},"image":{"@id":"https:\/\/www.crcoc.ca\/fr\/#\/schema\/logo\/image\/"},"sameAs":["https:\/\/www.facebook.com\/OCCRC.CRCOC\/","https:\/\/x.com\/OCCRC_CRCOC","https:\/\/instagram.com\/occrcyp_crcocpj\/"]}]}},"_links":{"self":[{"href":"https:\/\/www.crcoc.ca\/fr\/wp-json\/wp\/v2\/pages\/1180","targetHints":{"allow":["GET"]}}],"collection":[{"href":"https:\/\/www.crcoc.ca\/fr\/wp-json\/wp\/v2\/pages"}],"about":[{"href":"https:\/\/www.crcoc.ca\/fr\/wp-json\/wp\/v2\/types\/page"}],"author":[{"embeddable":true,"href":"https:\/\/www.crcoc.ca\/fr\/wp-json\/wp\/v2\/users\/1"}],"replies":[{"embeddable":true,"href":"https:\/\/www.crcoc.ca\/fr\/wp-json\/wp\/v2\/comments?post=1180"}],"version-history":[{"count":0,"href":"https:\/\/www.crcoc.ca\/fr\/wp-json\/wp\/v2\/pages\/1180\/revisions"}],"wp:attachment":[{"href":"https:\/\/www.crcoc.ca\/fr\/wp-json\/wp\/v2\/media?parent=1180"}],"curies":[{"name":"wp","href":"https:\/\/api.w.org\/{rel}","templated":true}]}}