{"id":1084,"date":"2019-02-06T15:38:06","date_gmt":"2019-02-06T20:38:06","guid":{"rendered":"http:\/\/crcoc.ca\/easy-tech-i-like-project\/"},"modified":"2019-02-06T15:41:04","modified_gmt":"2019-02-06T20:41:04","slug":"la-techno-facile-jaime","status":"publish","type":"page","link":"https:\/\/www.crcoc.ca\/fr\/la-techno-facile-jaime\/","title":{"rendered":"Projet La techno facile, j\u2019aime!"},"content":{"rendered":"\t\t<div data-elementor-type=\"wp-post\" data-elementor-id=\"1084\" class=\"elementor elementor-1084 elementor-1073 elementor-bc-flex-widget\" data-elementor-post-type=\"page\">\n\t\t\t\t\t\t<section class=\"elementor-section elementor-top-section elementor-element elementor-element-1c9040b8 elementor-section-boxed elementor-section-height-default elementor-section-height-default\" data-id=\"1c9040b8\" data-element_type=\"section\" data-e-type=\"section\">\n\t\t\t\t\t\t<div class=\"elementor-container elementor-column-gap-default\">\n\t\t\t\t\t<div class=\"elementor-column elementor-col-100 elementor-top-column elementor-element elementor-element-3a83b713\" data-id=\"3a83b713\" data-element_type=\"column\" data-e-type=\"column\">\n\t\t\t<div class=\"elementor-widget-wrap elementor-element-populated\">\n\t\t\t\t\t\t<div class=\"elementor-element elementor-element-2a325ba elementor-widget elementor-widget-image\" data-id=\"2a325ba\" data-element_type=\"widget\" data-e-type=\"widget\" data-widget_type=\"image.default\">\n\t\t\t\t<div class=\"elementor-widget-container\">\n\t\t\t\t\t\t\t\t\t\t\t\t\t\t\t<img fetchpriority=\"high\" decoding=\"async\" width=\"1024\" height=\"554\" src=\"https:\/\/www.crcoc.ca\/wp-content\/uploads\/2019\/02\/Techno-facile-Jaime-1024x554.jpg\" class=\"attachment-large size-large wp-image-1086\" alt=\"\" srcset=\"https:\/\/www.crcoc.ca\/wp-content\/uploads\/2019\/02\/Techno-facile-Jaime-1024x554.jpg 1024w, https:\/\/www.crcoc.ca\/wp-content\/uploads\/2019\/02\/Techno-facile-Jaime-300x162.jpg 300w, https:\/\/www.crcoc.ca\/wp-content\/uploads\/2019\/02\/Techno-facile-Jaime-768x416.jpg 768w, https:\/\/www.crcoc.ca\/wp-content\/uploads\/2019\/02\/Techno-facile-Jaime.jpg 1920w\" sizes=\"(max-width: 1024px) 100vw, 1024px\" \/>\t\t\t\t\t\t\t\t\t\t\t\t\t\t\t<\/div>\n\t\t\t\t<\/div>\n\t\t\t\t<div class=\"elementor-element elementor-element-326d9854 elementor-widget elementor-widget-text-editor\" data-id=\"326d9854\" data-element_type=\"widget\" data-e-type=\"widget\" data-widget_type=\"text-editor.default\">\n\t\t\t\t<div class=\"elementor-widget-container\">\n\t\t\t\t\t\t\t\t\t\n<ul class=\"wp-block-list\">\n<li>\n<p>\u2022 Ce projet aide les a\u00een\u00e9s \u00e0 surmonter leurs craintes face \u00e0 la technologie informatique<br \/>\u2022 Apprentissage gratuit sur tablettes \u00e9lectroniques<br \/>\u2022 Trois s\u00e9ances hebdomadaires de 90 minutes chacune<br \/>\u2022 Nombreux exercices pratiques pour mieux ma\u00eetriser l\u2019usage d\u2019une tablette \u00e9lectronique<br \/>\u2022 Participants un peu plus exp\u00e9riment\u00e9s en informatique peuvent \u00eatre jumel\u00e9s \u00e0 des participants novices<\/p>\n<p>Janvier 2018 (en anglais):\u00a0\u00a0<a href=\"http:\/\/crcoc.ca\/wp-content\/uploads\/2019\/02\/FR_v.1._paysage_Sarsfield.pdf\">Sessions \u00e0 Sarsfield<\/a><\/p>\n<p>F\u00e9vrier 2018 (en fran\u00e7ais):\u00a0<a href=\"http:\/\/crcoc.ca\/wp-content\/uploads\/2019\/02\/FR_v.1._paysage_Vars.pdf\">Sessions \u00e0 Vars<\/a><\/p>\n<p>Pour plus d\u2019informations\u00a0: Manon, 613\u00a0830-4357, poste\u00a0148 ou <a href=\"mailto:mbeaulieu@crcoc.ca\">mbeaulieu@crcoc.ca<\/a><\/p>\n<\/li>\n<\/ul>\n\t\t\t\t\t\t\t\t<\/div>\n\t\t\t\t<\/div>\n\t\t\t\t\t<\/div>\n\t\t<\/div>\n\t\t\t\t\t<\/div>\n\t\t<\/section>\n\t\t\t\t<\/div>\n\t\t","protected":false},"excerpt":{"rendered":"<p>\u2022 Ce projet aide les a\u00een\u00e9s \u00e0 surmonter leurs craintes face \u00e0 la technologie informatique\u2022 Apprentissage gratuit sur tablettes \u00e9lectroniques\u2022 Trois s\u00e9ances hebdomadaires de 90 minutes chacune\u2022 Nombreux exercices pratiques pour mieux ma\u00eetriser l\u2019usage d\u2019une tablette \u00e9lectronique\u2022 Participants un peu plus exp\u00e9riment\u00e9s en informatique peuvent \u00eatre jumel\u00e9s \u00e0 des participants novices Janvier 2018 (en anglais):\u00a0\u00a0Sessions &#8230; <a title=\"Projet La techno facile, j\u2019aime!\" class=\"read-more\" href=\"https:\/\/www.crcoc.ca\/fr\/la-techno-facile-jaime\/\">Read more<\/a><\/p>\n","protected":false},"author":1,"featured_media":0,"parent":0,"menu_order":0,"comment_status":"closed","ping_status":"closed","template":"","meta":{"footnotes":""},"class_list":["post-1084","page","type-page","status-publish"],"yoast_head":"<!-- This site is optimized with the Yoast SEO plugin v27.3 - https:\/\/yoast.com\/product\/yoast-seo-wordpress\/ -->\n<title>Projet La techno facile, j\u2019aime! - CRCOC - OCCRC<\/title>\n<meta name=\"robots\" content=\"index, follow, max-snippet:-1, max-image-preview:large, max-video-preview:-1\" \/>\n<link rel=\"canonical\" href=\"https:\/\/www.crcoc.ca\/fr\/la-techno-facile-jaime\/\" \/>\n<meta property=\"og:locale\" content=\"fr_FR\" \/>\n<meta property=\"og:type\" content=\"article\" \/>\n<meta property=\"og:title\" content=\"Projet La techno facile, j\u2019aime! - CRCOC - OCCRC\" \/>\n<meta property=\"og:description\" content=\"\u2022 Ce projet aide les a\u00een\u00e9s \u00e0 surmonter leurs craintes face \u00e0 la technologie informatique\u2022 Apprentissage gratuit sur tablettes \u00e9lectroniques\u2022 Trois s\u00e9ances hebdomadaires de 90 minutes chacune\u2022 Nombreux exercices pratiques pour mieux ma\u00eetriser l\u2019usage d\u2019une tablette \u00e9lectronique\u2022 Participants un peu plus exp\u00e9riment\u00e9s en informatique peuvent \u00eatre jumel\u00e9s \u00e0 des participants novices Janvier 2018 (en anglais):\u00a0\u00a0Sessions ... Read more\" \/>\n<meta property=\"og:url\" content=\"https:\/\/www.crcoc.ca\/fr\/la-techno-facile-jaime\/\" \/>\n<meta property=\"og:site_name\" content=\"CRCOC - OCCRC\" \/>\n<meta property=\"article:publisher\" content=\"https:\/\/www.facebook.com\/OCCRC.CRCOC\/\" \/>\n<meta property=\"article:modified_time\" content=\"2019-02-06T20:41:04+00:00\" \/>\n<meta property=\"og:image\" content=\"http:\/\/crcoc.ca\/wp-content\/uploads\/2019\/02\/Techno-facile-Jaime-1024x554.jpg\" \/>\n<meta name=\"twitter:card\" content=\"summary_large_image\" \/>\n<meta name=\"twitter:site\" content=\"@OCCRC_CRCOC\" \/>\n<script type=\"application\/ld+json\" class=\"yoast-schema-graph\">{\"@context\":\"https:\\\/\\\/schema.org\",\"@graph\":[{\"@type\":\"WebPage\",\"@id\":\"https:\\\/\\\/www.crcoc.ca\\\/fr\\\/la-techno-facile-jaime\\\/\",\"url\":\"https:\\\/\\\/www.crcoc.ca\\\/fr\\\/la-techno-facile-jaime\\\/\",\"name\":\"Projet La techno facile, j\u2019aime! - CRCOC - OCCRC\",\"isPartOf\":{\"@id\":\"http:\\\/\\\/www.crcoc.ca\\\/fr\\\/#website\"},\"primaryImageOfPage\":{\"@id\":\"https:\\\/\\\/www.crcoc.ca\\\/fr\\\/la-techno-facile-jaime\\\/#primaryimage\"},\"image\":{\"@id\":\"https:\\\/\\\/www.crcoc.ca\\\/fr\\\/la-techno-facile-jaime\\\/#primaryimage\"},\"thumbnailUrl\":\"http:\\\/\\\/crcoc.ca\\\/wp-content\\\/uploads\\\/2019\\\/02\\\/Techno-facile-Jaime-1024x554.jpg\",\"datePublished\":\"2019-02-06T20:38:06+00:00\",\"dateModified\":\"2019-02-06T20:41:04+00:00\",\"breadcrumb\":{\"@id\":\"https:\\\/\\\/www.crcoc.ca\\\/fr\\\/la-techno-facile-jaime\\\/#breadcrumb\"},\"inLanguage\":\"fr-FR\",\"potentialAction\":[{\"@type\":\"ReadAction\",\"target\":[\"https:\\\/\\\/www.crcoc.ca\\\/fr\\\/la-techno-facile-jaime\\\/\"]}]},{\"@type\":\"ImageObject\",\"inLanguage\":\"fr-FR\",\"@id\":\"https:\\\/\\\/www.crcoc.ca\\\/fr\\\/la-techno-facile-jaime\\\/#primaryimage\",\"url\":\"http:\\\/\\\/crcoc.ca\\\/wp-content\\\/uploads\\\/2019\\\/02\\\/Techno-facile-Jaime-1024x554.jpg\",\"contentUrl\":\"http:\\\/\\\/crcoc.ca\\\/wp-content\\\/uploads\\\/2019\\\/02\\\/Techno-facile-Jaime-1024x554.jpg\"},{\"@type\":\"BreadcrumbList\",\"@id\":\"https:\\\/\\\/www.crcoc.ca\\\/fr\\\/la-techno-facile-jaime\\\/#breadcrumb\",\"itemListElement\":[{\"@type\":\"ListItem\",\"position\":1,\"name\":\"Home\",\"item\":\"https:\\\/\\\/www.crcoc.ca\\\/fr\\\/\"},{\"@type\":\"ListItem\",\"position\":2,\"name\":\"Projet La techno facile, j\u2019aime!\"}]},{\"@type\":\"WebSite\",\"@id\":\"http:\\\/\\\/www.crcoc.ca\\\/fr\\\/#website\",\"url\":\"http:\\\/\\\/www.crcoc.ca\\\/fr\\\/\",\"name\":\"CRCOC - OCCRC\",\"description\":\"Centre de ressources communautaires Orl\u00e9ans-Cumberland | Orl\u00e9ans-Cumberland Community Resource Center\",\"publisher\":{\"@id\":\"http:\\\/\\\/www.crcoc.ca\\\/fr\\\/#organization\"},\"potentialAction\":[{\"@type\":\"SearchAction\",\"target\":{\"@type\":\"EntryPoint\",\"urlTemplate\":\"http:\\\/\\\/www.crcoc.ca\\\/fr\\\/?s={search_term_string}\"},\"query-input\":{\"@type\":\"PropertyValueSpecification\",\"valueRequired\":true,\"valueName\":\"search_term_string\"}}],\"inLanguage\":\"fr-FR\"},{\"@type\":\"Organization\",\"@id\":\"http:\\\/\\\/www.crcoc.ca\\\/fr\\\/#organization\",\"name\":\"Orl\u00e9ans-Cumberland Community Resource Centre\",\"url\":\"http:\\\/\\\/www.crcoc.ca\\\/fr\\\/\",\"logo\":{\"@type\":\"ImageObject\",\"inLanguage\":\"fr-FR\",\"@id\":\"http:\\\/\\\/www.crcoc.ca\\\/fr\\\/#\\\/schema\\\/logo\\\/image\\\/\",\"url\":\"https:\\\/\\\/www.crcoc.ca\\\/wp-content\\\/uploads\\\/2019\\\/01\\\/cropped-Logo_OCCRCeachside-1.png\",\"contentUrl\":\"https:\\\/\\\/www.crcoc.ca\\\/wp-content\\\/uploads\\\/2019\\\/01\\\/cropped-Logo_OCCRCeachside-1.png\",\"width\":512,\"height\":512,\"caption\":\"Orl\u00e9ans-Cumberland Community Resource Centre\"},\"image\":{\"@id\":\"http:\\\/\\\/www.crcoc.ca\\\/fr\\\/#\\\/schema\\\/logo\\\/image\\\/\"},\"sameAs\":[\"https:\\\/\\\/www.facebook.com\\\/OCCRC.CRCOC\\\/\",\"https:\\\/\\\/x.com\\\/OCCRC_CRCOC\",\"https:\\\/\\\/instagram.com\\\/occrcyp_crcocpj\\\/\"]}]}<\/script>\n<!-- \/ Yoast SEO plugin. -->","yoast_head_json":{"title":"Projet La techno facile, j\u2019aime! - CRCOC - OCCRC","robots":{"index":"index","follow":"follow","max-snippet":"max-snippet:-1","max-image-preview":"max-image-preview:large","max-video-preview":"max-video-preview:-1"},"canonical":"https:\/\/www.crcoc.ca\/fr\/la-techno-facile-jaime\/","og_locale":"fr_FR","og_type":"article","og_title":"Projet La techno facile, j\u2019aime! - CRCOC - OCCRC","og_description":"\u2022 Ce projet aide les a\u00een\u00e9s \u00e0 surmonter leurs craintes face \u00e0 la technologie informatique\u2022 Apprentissage gratuit sur tablettes \u00e9lectroniques\u2022 Trois s\u00e9ances hebdomadaires de 90 minutes chacune\u2022 Nombreux exercices pratiques pour mieux ma\u00eetriser l\u2019usage d\u2019une tablette \u00e9lectronique\u2022 Participants un peu plus exp\u00e9riment\u00e9s en informatique peuvent \u00eatre jumel\u00e9s \u00e0 des participants novices Janvier 2018 (en anglais):\u00a0\u00a0Sessions ... Read more","og_url":"https:\/\/www.crcoc.ca\/fr\/la-techno-facile-jaime\/","og_site_name":"CRCOC - OCCRC","article_publisher":"https:\/\/www.facebook.com\/OCCRC.CRCOC\/","article_modified_time":"2019-02-06T20:41:04+00:00","og_image":[{"url":"http:\/\/crcoc.ca\/wp-content\/uploads\/2019\/02\/Techno-facile-Jaime-1024x554.jpg","type":"","width":"","height":""}],"twitter_card":"summary_large_image","twitter_site":"@OCCRC_CRCOC","schema":{"@context":"https:\/\/schema.org","@graph":[{"@type":"WebPage","@id":"https:\/\/www.crcoc.ca\/fr\/la-techno-facile-jaime\/","url":"https:\/\/www.crcoc.ca\/fr\/la-techno-facile-jaime\/","name":"Projet La techno facile, j\u2019aime! - CRCOC - OCCRC","isPartOf":{"@id":"http:\/\/www.crcoc.ca\/fr\/#website"},"primaryImageOfPage":{"@id":"https:\/\/www.crcoc.ca\/fr\/la-techno-facile-jaime\/#primaryimage"},"image":{"@id":"https:\/\/www.crcoc.ca\/fr\/la-techno-facile-jaime\/#primaryimage"},"thumbnailUrl":"http:\/\/crcoc.ca\/wp-content\/uploads\/2019\/02\/Techno-facile-Jaime-1024x554.jpg","datePublished":"2019-02-06T20:38:06+00:00","dateModified":"2019-02-06T20:41:04+00:00","breadcrumb":{"@id":"https:\/\/www.crcoc.ca\/fr\/la-techno-facile-jaime\/#breadcrumb"},"inLanguage":"fr-FR","potentialAction":[{"@type":"ReadAction","target":["https:\/\/www.crcoc.ca\/fr\/la-techno-facile-jaime\/"]}]},{"@type":"ImageObject","inLanguage":"fr-FR","@id":"https:\/\/www.crcoc.ca\/fr\/la-techno-facile-jaime\/#primaryimage","url":"http:\/\/crcoc.ca\/wp-content\/uploads\/2019\/02\/Techno-facile-Jaime-1024x554.jpg","contentUrl":"http:\/\/crcoc.ca\/wp-content\/uploads\/2019\/02\/Techno-facile-Jaime-1024x554.jpg"},{"@type":"BreadcrumbList","@id":"https:\/\/www.crcoc.ca\/fr\/la-techno-facile-jaime\/#breadcrumb","itemListElement":[{"@type":"ListItem","position":1,"name":"Home","item":"https:\/\/www.crcoc.ca\/fr\/"},{"@type":"ListItem","position":2,"name":"Projet La techno facile, j\u2019aime!"}]},{"@type":"WebSite","@id":"http:\/\/www.crcoc.ca\/fr\/#website","url":"http:\/\/www.crcoc.ca\/fr\/","name":"CRCOC - OCCRC","description":"Centre de ressources communautaires Orl\u00e9ans-Cumberland | Orl\u00e9ans-Cumberland Community Resource Center","publisher":{"@id":"http:\/\/www.crcoc.ca\/fr\/#organization"},"potentialAction":[{"@type":"SearchAction","target":{"@type":"EntryPoint","urlTemplate":"http:\/\/www.crcoc.ca\/fr\/?s={search_term_string}"},"query-input":{"@type":"PropertyValueSpecification","valueRequired":true,"valueName":"search_term_string"}}],"inLanguage":"fr-FR"},{"@type":"Organization","@id":"http:\/\/www.crcoc.ca\/fr\/#organization","name":"Orl\u00e9ans-Cumberland Community Resource Centre","url":"http:\/\/www.crcoc.ca\/fr\/","logo":{"@type":"ImageObject","inLanguage":"fr-FR","@id":"http:\/\/www.crcoc.ca\/fr\/#\/schema\/logo\/image\/","url":"https:\/\/www.crcoc.ca\/wp-content\/uploads\/2019\/01\/cropped-Logo_OCCRCeachside-1.png","contentUrl":"https:\/\/www.crcoc.ca\/wp-content\/uploads\/2019\/01\/cropped-Logo_OCCRCeachside-1.png","width":512,"height":512,"caption":"Orl\u00e9ans-Cumberland Community Resource Centre"},"image":{"@id":"http:\/\/www.crcoc.ca\/fr\/#\/schema\/logo\/image\/"},"sameAs":["https:\/\/www.facebook.com\/OCCRC.CRCOC\/","https:\/\/x.com\/OCCRC_CRCOC","https:\/\/instagram.com\/occrcyp_crcocpj\/"]}]}},"_links":{"self":[{"href":"https:\/\/www.crcoc.ca\/fr\/wp-json\/wp\/v2\/pages\/1084","targetHints":{"allow":["GET"]}}],"collection":[{"href":"https:\/\/www.crcoc.ca\/fr\/wp-json\/wp\/v2\/pages"}],"about":[{"href":"https:\/\/www.crcoc.ca\/fr\/wp-json\/wp\/v2\/types\/page"}],"author":[{"embeddable":true,"href":"https:\/\/www.crcoc.ca\/fr\/wp-json\/wp\/v2\/users\/1"}],"replies":[{"embeddable":true,"href":"https:\/\/www.crcoc.ca\/fr\/wp-json\/wp\/v2\/comments?post=1084"}],"version-history":[{"count":0,"href":"https:\/\/www.crcoc.ca\/fr\/wp-json\/wp\/v2\/pages\/1084\/revisions"}],"wp:attachment":[{"href":"https:\/\/www.crcoc.ca\/fr\/wp-json\/wp\/v2\/media?parent=1084"}],"curies":[{"name":"wp","href":"https:\/\/api.w.org\/{rel}","templated":true}]}}