{"id":1068,"date":"2019-02-06T15:13:41","date_gmt":"2019-02-06T20:13:41","guid":{"rendered":"http:\/\/crcoc.ca\/support-financially\/"},"modified":"2019-03-18T10:09:43","modified_gmt":"2019-03-18T14:09:43","slug":"appuyez-nous-financierement","status":"publish","type":"page","link":"https:\/\/www.crcoc.ca\/fr\/appuyez-nous-financierement\/","title":{"rendered":"Appuyez-nous financi\u00e8rement"},"content":{"rendered":"\t\t<div data-elementor-type=\"wp-post\" data-elementor-id=\"1068\" class=\"elementor elementor-1068 elementor-1045\" data-elementor-post-type=\"page\">\n\t\t\t\t\t\t<section class=\"elementor-section elementor-top-section elementor-element elementor-element-54efe93 elementor-section-boxed elementor-section-height-default elementor-section-height-default\" data-id=\"54efe93\" data-element_type=\"section\" data-e-type=\"section\">\n\t\t\t\t\t\t<div class=\"elementor-container elementor-column-gap-default\">\n\t\t\t\t\t<div class=\"elementor-column elementor-col-100 elementor-top-column elementor-element elementor-element-8d8f520\" data-id=\"8d8f520\" data-element_type=\"column\" data-e-type=\"column\">\n\t\t\t<div class=\"elementor-widget-wrap elementor-element-populated\">\n\t\t\t\t\t\t<div class=\"elementor-element elementor-element-cb34895 elementor-widget elementor-widget-heading\" data-id=\"cb34895\" data-element_type=\"widget\" data-e-type=\"widget\" data-widget_type=\"heading.default\">\n\t\t\t\t<div class=\"elementor-widget-container\">\n\t\t\t\t\t<h1 class=\"elementor-heading-title elementor-size-default\">Appuyez-nous financi\u00e8rement<\/h1>\t\t\t\t<\/div>\n\t\t\t\t<\/div>\n\t\t\t\t<div class=\"elementor-element elementor-element-3a8ba2c elementor-widget elementor-widget-spacer\" data-id=\"3a8ba2c\" data-element_type=\"widget\" data-e-type=\"widget\" data-widget_type=\"spacer.default\">\n\t\t\t\t<div class=\"elementor-widget-container\">\n\t\t\t\t\t\t\t<div class=\"elementor-spacer\">\n\t\t\t<div class=\"elementor-spacer-inner\"><\/div>\n\t\t<\/div>\n\t\t\t\t\t\t<\/div>\n\t\t\t\t<\/div>\n\t\t\t\t<div class=\"elementor-element elementor-element-0ea5d28 elementor-widget elementor-widget-heading\" data-id=\"0ea5d28\" data-element_type=\"widget\" data-e-type=\"widget\" data-widget_type=\"heading.default\">\n\t\t\t\t<div class=\"elementor-widget-container\">\n\t\t\t\t\t<h3 class=\"elementor-heading-title elementor-size-default\">Les fonds recueillis au moyen de dons ou de lev\u00e9es de fonds appuient de nombreux services du CRCOC.<\/h3>\t\t\t\t<\/div>\n\t\t\t\t<\/div>\n\t\t\t\t<div class=\"elementor-element elementor-element-56b6c22 elementor-widget elementor-widget-heading\" data-id=\"56b6c22\" data-element_type=\"widget\" data-e-type=\"widget\" data-widget_type=\"heading.default\">\n\t\t\t\t<div class=\"elementor-widget-container\">\n\t\t\t\t\t<h3 class=\"elementor-heading-title elementor-size-default\">Ces services comprennent\u00a0:<\/h3>\t\t\t\t<\/div>\n\t\t\t\t<\/div>\n\t\t\t\t<div class=\"elementor-element elementor-element-3f7f8fc elementor-widget elementor-widget-text-editor\" data-id=\"3f7f8fc\" data-element_type=\"widget\" data-e-type=\"widget\" data-widget_type=\"text-editor.default\">\n\t\t\t\t<div class=\"elementor-widget-container\">\n\t\t\t\t\t\t\t\t\t<div class=\"wpb_text_column wpb_content_element \"><div class=\"wpb_wrapper\"><ul><li><strong>Banque alimentaire\u00a0:\u00a0<\/strong>fournit de la nourriture de base \u00e0 des milliers de personnes de notre communaut\u00e9 dont 46 % sont des enfants et des jeunes de moins de 18 ans.<\/li><li><strong>Services de counseling\u00a0:\u00a0<\/strong>offerts \u00e0 des individus et \u00e0 des familles qui font face \u00e0 des difficult\u00e9s reli\u00e9es \u00e0 la d\u00e9pression, au stress, au deuil, \u00e0 la violence, \u00e0 l\u2019emploi, aux relations maritales, etc.<\/li><li><strong>Services \u00e0 la jeunesse\u00a0:\u00a0<\/strong>soutiennent des jeunes de 6 \u00e0 14 ans dans leur d\u00e9veloppement social et \u00e9motionnel en leur offrant des groupes de soutien et du counseling individuel.<strong>\u00a0<\/strong>Ces services comprennent la pr\u00e9vention de la violence faite aux enfants, l\u2019intervention en temps de crise, la lutte \u00e0 l\u2019intimidation, etc. Le programme Espace pour les jeunes offre aussi de nombreuses activit\u00e9s.<\/li><\/ul><\/div><\/div>\t\t\t\t\t\t\t\t<\/div>\n\t\t\t\t<\/div>\n\t\t\t\t<div class=\"elementor-element elementor-element-eb43ade elementor-widget-divider--view-line elementor-widget elementor-widget-divider\" data-id=\"eb43ade\" data-element_type=\"widget\" data-e-type=\"widget\" data-widget_type=\"divider.default\">\n\t\t\t\t<div class=\"elementor-widget-container\">\n\t\t\t\t\t\t\t<div class=\"elementor-divider\">\n\t\t\t<span class=\"elementor-divider-separator\">\n\t\t\t\t\t\t<\/span>\n\t\t<\/div>\n\t\t\t\t\t\t<\/div>\n\t\t\t\t<\/div>\n\t\t\t\t<div class=\"elementor-element elementor-element-c795f30 elementor-widget elementor-widget-heading\" data-id=\"c795f30\" data-element_type=\"widget\" data-e-type=\"widget\" data-widget_type=\"heading.default\">\n\t\t\t\t<div class=\"elementor-widget-container\">\n\t\t\t\t\t<h2 class=\"elementor-heading-title elementor-size-default\">Dons en argent au Centre:<\/h2>\t\t\t\t<\/div>\n\t\t\t\t<\/div>\n\t\t\t\t<div class=\"elementor-element elementor-element-9aa9946 elementor-widget elementor-widget-text-editor\" data-id=\"9aa9946\" data-element_type=\"widget\" data-e-type=\"widget\" data-widget_type=\"text-editor.default\">\n\t\t\t\t<div class=\"elementor-widget-container\">\n\t\t\t\t\t\t\t\t\t<p>Il est possible de faire un don unique ou mensuel r\u00e9gulier en argent <a href=\"https:\/\/www.canadahelps.org\/fr\/organismesdebienfaisance\/orleans-cumberland-community-resource-centre\/\" target=\"_blank\" rel=\"noopener\" data-wahfont=\"17\">cliquant ici<\/a>.<\/p>\t\t\t\t\t\t\t\t<\/div>\n\t\t\t\t<\/div>\n\t\t\t\t<div class=\"elementor-element elementor-element-6f05428 elementor-widget-divider--view-line elementor-widget elementor-widget-divider\" data-id=\"6f05428\" data-element_type=\"widget\" data-e-type=\"widget\" data-widget_type=\"divider.default\">\n\t\t\t\t<div class=\"elementor-widget-container\">\n\t\t\t\t\t\t\t<div class=\"elementor-divider\">\n\t\t\t<span class=\"elementor-divider-separator\">\n\t\t\t\t\t\t<\/span>\n\t\t<\/div>\n\t\t\t\t\t\t<\/div>\n\t\t\t\t<\/div>\n\t\t\t\t<section class=\"elementor-section elementor-inner-section elementor-element elementor-element-f2aa776 elementor-section-boxed elementor-section-height-default elementor-section-height-default\" data-id=\"f2aa776\" data-element_type=\"section\" data-e-type=\"section\">\n\t\t\t\t\t\t<div class=\"elementor-container elementor-column-gap-default\">\n\t\t\t\t\t<div class=\"elementor-column elementor-col-20 elementor-inner-column elementor-element elementor-element-9d3fde2\" data-id=\"9d3fde2\" data-element_type=\"column\" data-e-type=\"column\">\n\t\t\t<div class=\"elementor-widget-wrap elementor-element-populated\">\n\t\t\t\t\t\t<div class=\"elementor-element elementor-element-03f30ff elementor-widget elementor-widget-image\" data-id=\"03f30ff\" data-element_type=\"widget\" data-e-type=\"widget\" data-widget_type=\"image.default\">\n\t\t\t\t<div class=\"elementor-widget-container\">\n\t\t\t\t\t\t\t\t\t\t\t\t<figure class=\"wp-caption\">\n\t\t\t\t\t\t\t\t\t\t\t<a href=\"http:\/\/crcoc.ca\/fr\/commanditer-un-evenement\/\">\n\t\t\t\t\t\t\t<img fetchpriority=\"high\" decoding=\"async\" width=\"588\" height=\"531\" src=\"http:\/\/www.crcoc.ca\/wp-content\/uploads\/2019\/02\/Sponsor-an-event-logo-for-web-2017-fr.jpg\" class=\"elementor-animation-float attachment-large size-large wp-image-1048\" alt=\"\" srcset=\"http:\/\/www.crcoc.ca\/wp-content\/uploads\/2019\/02\/Sponsor-an-event-logo-for-web-2017-fr.jpg 588w, http:\/\/www.crcoc.ca\/wp-content\/uploads\/2019\/02\/Sponsor-an-event-logo-for-web-2017-fr-300x271.jpg 300w\" sizes=\"(max-width: 588px) 100vw, 588px\" \/>\t\t\t\t\t\t\t\t<\/a>\n\t\t\t\t\t\t\t\t\t\t\t<figcaption class=\"widget-image-caption wp-caption-text\">Commanditer un \u00e9v\u00e8nement<\/figcaption>\n\t\t\t\t\t\t\t\t\t\t<\/figure>\n\t\t\t\t\t\t\t\t\t<\/div>\n\t\t\t\t<\/div>\n\t\t\t\t\t<\/div>\n\t\t<\/div>\n\t\t\t\t<div class=\"elementor-column elementor-col-20 elementor-inner-column elementor-element elementor-element-6f3e380\" data-id=\"6f3e380\" data-element_type=\"column\" data-e-type=\"column\">\n\t\t\t<div class=\"elementor-widget-wrap elementor-element-populated\">\n\t\t\t\t\t\t<div class=\"elementor-element elementor-element-b0f17bc elementor-widget elementor-widget-image\" data-id=\"b0f17bc\" data-element_type=\"widget\" data-e-type=\"widget\" data-widget_type=\"image.default\">\n\t\t\t\t<div class=\"elementor-widget-container\">\n\t\t\t\t\t\t\t\t\t\t\t\t<figure class=\"wp-caption\">\n\t\t\t\t\t\t\t\t\t\t\t<a href=\"http:\/\/crcoc.ca\/fr\/devenez-donateur-du-lien-dentraide-communautaire\/\">\n\t\t\t\t\t\t\t<img decoding=\"async\" width=\"588\" height=\"531\" src=\"http:\/\/www.crcoc.ca\/wp-content\/uploads\/2019\/02\/Community-Caring-Connection-ad-2017-en.jpg\" class=\"elementor-animation-float attachment-large size-large wp-image-1051\" alt=\"\" srcset=\"http:\/\/www.crcoc.ca\/wp-content\/uploads\/2019\/02\/Community-Caring-Connection-ad-2017-en.jpg 588w, http:\/\/www.crcoc.ca\/wp-content\/uploads\/2019\/02\/Community-Caring-Connection-ad-2017-en-300x271.jpg 300w\" sizes=\"(max-width: 588px) 100vw, 588px\" \/>\t\t\t\t\t\t\t\t<\/a>\n\t\t\t\t\t\t\t\t\t\t\t<figcaption class=\"widget-image-caption wp-caption-text\">Devenez donateur du lien d'entraide communautaire<\/figcaption>\n\t\t\t\t\t\t\t\t\t\t<\/figure>\n\t\t\t\t\t\t\t\t\t<\/div>\n\t\t\t\t<\/div>\n\t\t\t\t\t<\/div>\n\t\t<\/div>\n\t\t\t\t<div class=\"elementor-column elementor-col-20 elementor-inner-column elementor-element elementor-element-8d91065\" data-id=\"8d91065\" data-element_type=\"column\" data-e-type=\"column\">\n\t\t\t<div class=\"elementor-widget-wrap elementor-element-populated\">\n\t\t\t\t\t\t<div class=\"elementor-element elementor-element-c969b1b elementor-widget elementor-widget-image\" data-id=\"c969b1b\" data-element_type=\"widget\" data-e-type=\"widget\" data-widget_type=\"image.default\">\n\t\t\t\t<div class=\"elementor-widget-container\">\n\t\t\t\t\t\t\t\t\t\t\t\t<figure class=\"wp-caption\">\n\t\t\t\t\t\t\t\t\t\t\t<a href=\"http:\/\/crcoc.ca\/fr\/cartes-qui-comptent\/\">\n\t\t\t\t\t\t\t<img decoding=\"async\" width=\"588\" height=\"531\" src=\"http:\/\/www.crcoc.ca\/wp-content\/uploads\/2019\/02\/Cards-that-Care-box.jpg\" class=\"elementor-animation-float attachment-large size-large wp-image-1053\" alt=\"\" srcset=\"http:\/\/www.crcoc.ca\/wp-content\/uploads\/2019\/02\/Cards-that-Care-box.jpg 588w, http:\/\/www.crcoc.ca\/wp-content\/uploads\/2019\/02\/Cards-that-Care-box-300x271.jpg 300w\" sizes=\"(max-width: 588px) 100vw, 588px\" \/>\t\t\t\t\t\t\t\t<\/a>\n\t\t\t\t\t\t\t\t\t\t\t<figcaption class=\"widget-image-caption wp-caption-text\">Cartes qui comptent<\/figcaption>\n\t\t\t\t\t\t\t\t\t\t<\/figure>\n\t\t\t\t\t\t\t\t\t<\/div>\n\t\t\t\t<\/div>\n\t\t\t\t\t<\/div>\n\t\t<\/div>\n\t\t\t\t<div class=\"elementor-column elementor-col-20 elementor-inner-column elementor-element elementor-element-1e85f35\" data-id=\"1e85f35\" data-element_type=\"column\" data-e-type=\"column\">\n\t\t\t<div class=\"elementor-widget-wrap elementor-element-populated\">\n\t\t\t\t\t\t<div class=\"elementor-element elementor-element-30b22c5 elementor-widget elementor-widget-image\" data-id=\"30b22c5\" data-element_type=\"widget\" data-e-type=\"widget\" data-widget_type=\"image.default\">\n\t\t\t\t<div class=\"elementor-widget-container\">\n\t\t\t\t\t\t\t\t\t\t\t\t<figure class=\"wp-caption\">\n\t\t\t\t\t\t\t\t\t\t\t<a href=\"http:\/\/crcoc.ca\/fr\/des-sous-qui-comptent\/\">\n\t\t\t\t\t\t\t<img loading=\"lazy\" decoding=\"async\" width=\"588\" height=\"531\" src=\"http:\/\/www.crcoc.ca\/wp-content\/uploads\/2019\/02\/Coins-that-Care-Logo-2017.jpg\" class=\"elementor-animation-float attachment-large size-large wp-image-1055\" alt=\"\" srcset=\"http:\/\/www.crcoc.ca\/wp-content\/uploads\/2019\/02\/Coins-that-Care-Logo-2017.jpg 588w, http:\/\/www.crcoc.ca\/wp-content\/uploads\/2019\/02\/Coins-that-Care-Logo-2017-300x271.jpg 300w\" sizes=\"(max-width: 588px) 100vw, 588px\" \/>\t\t\t\t\t\t\t\t<\/a>\n\t\t\t\t\t\t\t\t\t\t\t<figcaption class=\"widget-image-caption wp-caption-text\">Sous qui comptent<\/figcaption>\n\t\t\t\t\t\t\t\t\t\t<\/figure>\n\t\t\t\t\t\t\t\t\t<\/div>\n\t\t\t\t<\/div>\n\t\t\t\t\t<\/div>\n\t\t<\/div>\n\t\t\t\t<div class=\"elementor-column elementor-col-20 elementor-inner-column elementor-element elementor-element-0e95dac\" data-id=\"0e95dac\" data-element_type=\"column\" data-e-type=\"column\">\n\t\t\t<div class=\"elementor-widget-wrap elementor-element-populated\">\n\t\t\t\t\t\t<div class=\"elementor-element elementor-element-952ea98 elementor-widget elementor-widget-image\" data-id=\"952ea98\" data-element_type=\"widget\" data-e-type=\"widget\" data-widget_type=\"image.default\">\n\t\t\t\t<div class=\"elementor-widget-container\">\n\t\t\t\t\t\t\t\t\t\t\t\t<figure class=\"wp-caption\">\n\t\t\t\t\t\t\t\t\t\t\t<a href=\"http:\/\/crcoc.ca\/wp-content\/uploads\/2019\/03\/In-Memory.-\u00c0-la-douce-m\u00e9moire-brochure-2018.pdf\">\n\t\t\t\t\t\t\t<img loading=\"lazy\" decoding=\"async\" width=\"588\" height=\"531\" src=\"http:\/\/www.crcoc.ca\/wp-content\/uploads\/2019\/02\/Planned-and-in-memory-giving-logo.jpg\" class=\"elementor-animation-float attachment-large size-large wp-image-1057\" alt=\"\" srcset=\"http:\/\/www.crcoc.ca\/wp-content\/uploads\/2019\/02\/Planned-and-in-memory-giving-logo.jpg 588w, http:\/\/www.crcoc.ca\/wp-content\/uploads\/2019\/02\/Planned-and-in-memory-giving-logo-300x271.jpg 300w\" sizes=\"(max-width: 588px) 100vw, 588px\" \/>\t\t\t\t\t\t\t\t<\/a>\n\t\t\t\t\t\t\t\t\t\t\t<figcaption class=\"widget-image-caption wp-caption-text\">Dons planifi\u00e9 et en m\u00e9moire<\/figcaption>\n\t\t\t\t\t\t\t\t\t\t<\/figure>\n\t\t\t\t\t\t\t\t\t<\/div>\n\t\t\t\t<\/div>\n\t\t\t\t\t<\/div>\n\t\t<\/div>\n\t\t\t\t\t<\/div>\n\t\t<\/section>\n\t\t\t\t<div class=\"elementor-element elementor-element-9551a47 elementor-widget elementor-widget-spacer\" data-id=\"9551a47\" data-element_type=\"widget\" data-e-type=\"widget\" data-widget_type=\"spacer.default\">\n\t\t\t\t<div class=\"elementor-widget-container\">\n\t\t\t\t\t\t\t<div class=\"elementor-spacer\">\n\t\t\t<div class=\"elementor-spacer-inner\"><\/div>\n\t\t<\/div>\n\t\t\t\t\t\t<\/div>\n\t\t\t\t<\/div>\n\t\t\t\t<div class=\"elementor-element elementor-element-f9707f8 elementor-widget elementor-widget-heading\" data-id=\"f9707f8\" data-element_type=\"widget\" data-e-type=\"widget\" data-widget_type=\"heading.default\">\n\t\t\t\t<div class=\"elementor-widget-container\">\n\t\t\t\t\t<h2 class=\"elementor-heading-title elementor-size-default\">100 % de vos dons aident directement des individus et des familles de notre communaut\u00e9.<\/h2>\t\t\t\t<\/div>\n\t\t\t\t<\/div>\n\t\t\t\t<div class=\"elementor-element elementor-element-4b74ade elementor-widget elementor-widget-image\" data-id=\"4b74ade\" data-element_type=\"widget\" data-e-type=\"widget\" data-widget_type=\"image.default\">\n\t\t\t\t<div class=\"elementor-widget-container\">\n\t\t\t\t\t\t\t\t\t\t\t\t\t\t\t<img loading=\"lazy\" decoding=\"async\" width=\"329\" height=\"400\" src=\"http:\/\/www.crcoc.ca\/wp-content\/uploads\/2019\/03\/Merci-one-kid-with-sign.png\" class=\"attachment-medium_large size-medium_large wp-image-6625\" alt=\"\" srcset=\"http:\/\/www.crcoc.ca\/wp-content\/uploads\/2019\/03\/Merci-one-kid-with-sign.png 329w, http:\/\/www.crcoc.ca\/wp-content\/uploads\/2019\/03\/Merci-one-kid-with-sign-247x300.png 247w\" sizes=\"(max-width: 329px) 100vw, 329px\" \/>\t\t\t\t\t\t\t\t\t\t\t\t\t\t\t<\/div>\n\t\t\t\t<\/div>\n\t\t\t\t\t<\/div>\n\t\t<\/div>\n\t\t\t\t\t<\/div>\n\t\t<\/section>\n\t\t\t\t<\/div>\n\t\t","protected":false},"excerpt":{"rendered":"<p>Appuyez-nous financi\u00e8rement Les fonds recueillis au moyen de dons ou de lev\u00e9es de fonds appuient de nombreux services du CRCOC. Ces services comprennent\u00a0: Banque alimentaire\u00a0:\u00a0fournit de la nourriture de base \u00e0 des milliers de personnes de notre communaut\u00e9 dont 46 % sont des enfants et des jeunes de moins de 18 ans. Services de counseling\u00a0:\u00a0offerts &#8230; <a title=\"Appuyez-nous financi\u00e8rement\" class=\"read-more\" href=\"https:\/\/www.crcoc.ca\/fr\/appuyez-nous-financierement\/\">Read more<\/a><\/p>\n","protected":false},"author":1,"featured_media":0,"parent":0,"menu_order":0,"comment_status":"closed","ping_status":"closed","template":"","meta":{"footnotes":""},"class_list":["post-1068","page","type-page","status-publish"],"yoast_head":"<!-- This site is optimized with the Yoast SEO plugin v27.3 - https:\/\/yoast.com\/product\/yoast-seo-wordpress\/ -->\n<title>Appuyez-nous financi\u00e8rement - CRCOC - OCCRC<\/title>\n<meta name=\"robots\" content=\"index, follow, max-snippet:-1, max-image-preview:large, max-video-preview:-1\" \/>\n<link rel=\"canonical\" href=\"https:\/\/www.crcoc.ca\/fr\/appuyez-nous-financierement\/\" \/>\n<meta property=\"og:locale\" content=\"fr_FR\" \/>\n<meta property=\"og:type\" content=\"article\" \/>\n<meta property=\"og:title\" content=\"Appuyez-nous financi\u00e8rement - CRCOC - OCCRC\" \/>\n<meta property=\"og:description\" content=\"Appuyez-nous financi\u00e8rement Les fonds recueillis au moyen de dons ou de lev\u00e9es de fonds appuient de nombreux services du CRCOC. Ces services comprennent\u00a0: Banque alimentaire\u00a0:\u00a0fournit de la nourriture de base \u00e0 des milliers de personnes de notre communaut\u00e9 dont 46 % sont des enfants et des jeunes de moins de 18 ans. Services de counseling\u00a0:\u00a0offerts ... Read more\" \/>\n<meta property=\"og:url\" content=\"https:\/\/www.crcoc.ca\/fr\/appuyez-nous-financierement\/\" \/>\n<meta property=\"og:site_name\" content=\"CRCOC - OCCRC\" \/>\n<meta property=\"article:publisher\" content=\"https:\/\/www.facebook.com\/OCCRC.CRCOC\/\" \/>\n<meta property=\"article:modified_time\" content=\"2019-03-18T14:09:43+00:00\" \/>\n<meta property=\"og:image\" content=\"http:\/\/crcoc.ca\/wp-content\/uploads\/2019\/02\/Sponsor-an-event-logo-for-web-2017-fr.jpg\" \/>\n<meta name=\"twitter:card\" content=\"summary_large_image\" \/>\n<meta name=\"twitter:site\" content=\"@OCCRC_CRCOC\" \/>\n<meta name=\"twitter:label1\" content=\"Dur\u00e9e de lecture estim\u00e9e\" \/>\n\t<meta name=\"twitter:data1\" content=\"1 minute\" \/>\n<script type=\"application\/ld+json\" class=\"yoast-schema-graph\">{\"@context\":\"https:\\\/\\\/schema.org\",\"@graph\":[{\"@type\":\"WebPage\",\"@id\":\"https:\\\/\\\/www.crcoc.ca\\\/fr\\\/appuyez-nous-financierement\\\/\",\"url\":\"https:\\\/\\\/www.crcoc.ca\\\/fr\\\/appuyez-nous-financierement\\\/\",\"name\":\"Appuyez-nous financi\u00e8rement - CRCOC - OCCRC\",\"isPartOf\":{\"@id\":\"https:\\\/\\\/www.crcoc.ca\\\/fr\\\/#website\"},\"primaryImageOfPage\":{\"@id\":\"https:\\\/\\\/www.crcoc.ca\\\/fr\\\/appuyez-nous-financierement\\\/#primaryimage\"},\"image\":{\"@id\":\"https:\\\/\\\/www.crcoc.ca\\\/fr\\\/appuyez-nous-financierement\\\/#primaryimage\"},\"thumbnailUrl\":\"http:\\\/\\\/crcoc.ca\\\/wp-content\\\/uploads\\\/2019\\\/02\\\/Sponsor-an-event-logo-for-web-2017-fr.jpg\",\"datePublished\":\"2019-02-06T20:13:41+00:00\",\"dateModified\":\"2019-03-18T14:09:43+00:00\",\"breadcrumb\":{\"@id\":\"https:\\\/\\\/www.crcoc.ca\\\/fr\\\/appuyez-nous-financierement\\\/#breadcrumb\"},\"inLanguage\":\"fr-FR\",\"potentialAction\":[{\"@type\":\"ReadAction\",\"target\":[\"https:\\\/\\\/www.crcoc.ca\\\/fr\\\/appuyez-nous-financierement\\\/\"]}]},{\"@type\":\"ImageObject\",\"inLanguage\":\"fr-FR\",\"@id\":\"https:\\\/\\\/www.crcoc.ca\\\/fr\\\/appuyez-nous-financierement\\\/#primaryimage\",\"url\":\"http:\\\/\\\/crcoc.ca\\\/wp-content\\\/uploads\\\/2019\\\/02\\\/Sponsor-an-event-logo-for-web-2017-fr.jpg\",\"contentUrl\":\"http:\\\/\\\/crcoc.ca\\\/wp-content\\\/uploads\\\/2019\\\/02\\\/Sponsor-an-event-logo-for-web-2017-fr.jpg\"},{\"@type\":\"BreadcrumbList\",\"@id\":\"https:\\\/\\\/www.crcoc.ca\\\/fr\\\/appuyez-nous-financierement\\\/#breadcrumb\",\"itemListElement\":[{\"@type\":\"ListItem\",\"position\":1,\"name\":\"Home\",\"item\":\"http:\\\/\\\/www.crcoc.ca\\\/fr\\\/\"},{\"@type\":\"ListItem\",\"position\":2,\"name\":\"Appuyez-nous financi\u00e8rement\"}]},{\"@type\":\"WebSite\",\"@id\":\"https:\\\/\\\/www.crcoc.ca\\\/fr\\\/#website\",\"url\":\"https:\\\/\\\/www.crcoc.ca\\\/fr\\\/\",\"name\":\"CRCOC - OCCRC\",\"description\":\"Centre de ressources communautaires Orl\u00e9ans-Cumberland | Orl\u00e9ans-Cumberland Community Resource Center\",\"publisher\":{\"@id\":\"https:\\\/\\\/www.crcoc.ca\\\/fr\\\/#organization\"},\"potentialAction\":[{\"@type\":\"SearchAction\",\"target\":{\"@type\":\"EntryPoint\",\"urlTemplate\":\"https:\\\/\\\/www.crcoc.ca\\\/fr\\\/?s={search_term_string}\"},\"query-input\":{\"@type\":\"PropertyValueSpecification\",\"valueRequired\":true,\"valueName\":\"search_term_string\"}}],\"inLanguage\":\"fr-FR\"},{\"@type\":\"Organization\",\"@id\":\"https:\\\/\\\/www.crcoc.ca\\\/fr\\\/#organization\",\"name\":\"Orl\u00e9ans-Cumberland Community Resource Centre\",\"url\":\"https:\\\/\\\/www.crcoc.ca\\\/fr\\\/\",\"logo\":{\"@type\":\"ImageObject\",\"inLanguage\":\"fr-FR\",\"@id\":\"https:\\\/\\\/www.crcoc.ca\\\/fr\\\/#\\\/schema\\\/logo\\\/image\\\/\",\"url\":\"https:\\\/\\\/www.crcoc.ca\\\/wp-content\\\/uploads\\\/2019\\\/01\\\/cropped-Logo_OCCRCeachside-1.png\",\"contentUrl\":\"https:\\\/\\\/www.crcoc.ca\\\/wp-content\\\/uploads\\\/2019\\\/01\\\/cropped-Logo_OCCRCeachside-1.png\",\"width\":512,\"height\":512,\"caption\":\"Orl\u00e9ans-Cumberland Community Resource Centre\"},\"image\":{\"@id\":\"https:\\\/\\\/www.crcoc.ca\\\/fr\\\/#\\\/schema\\\/logo\\\/image\\\/\"},\"sameAs\":[\"https:\\\/\\\/www.facebook.com\\\/OCCRC.CRCOC\\\/\",\"https:\\\/\\\/x.com\\\/OCCRC_CRCOC\",\"https:\\\/\\\/instagram.com\\\/occrcyp_crcocpj\\\/\"]}]}<\/script>\n<!-- \/ Yoast SEO plugin. -->","yoast_head_json":{"title":"Appuyez-nous financi\u00e8rement - CRCOC - OCCRC","robots":{"index":"index","follow":"follow","max-snippet":"max-snippet:-1","max-image-preview":"max-image-preview:large","max-video-preview":"max-video-preview:-1"},"canonical":"https:\/\/www.crcoc.ca\/fr\/appuyez-nous-financierement\/","og_locale":"fr_FR","og_type":"article","og_title":"Appuyez-nous financi\u00e8rement - CRCOC - OCCRC","og_description":"Appuyez-nous financi\u00e8rement Les fonds recueillis au moyen de dons ou de lev\u00e9es de fonds appuient de nombreux services du CRCOC. Ces services comprennent\u00a0: Banque alimentaire\u00a0:\u00a0fournit de la nourriture de base \u00e0 des milliers de personnes de notre communaut\u00e9 dont 46 % sont des enfants et des jeunes de moins de 18 ans. Services de counseling\u00a0:\u00a0offerts ... Read more","og_url":"https:\/\/www.crcoc.ca\/fr\/appuyez-nous-financierement\/","og_site_name":"CRCOC - OCCRC","article_publisher":"https:\/\/www.facebook.com\/OCCRC.CRCOC\/","article_modified_time":"2019-03-18T14:09:43+00:00","og_image":[{"url":"http:\/\/crcoc.ca\/wp-content\/uploads\/2019\/02\/Sponsor-an-event-logo-for-web-2017-fr.jpg","type":"","width":"","height":""}],"twitter_card":"summary_large_image","twitter_site":"@OCCRC_CRCOC","twitter_misc":{"Dur\u00e9e de lecture estim\u00e9e":"1 minute"},"schema":{"@context":"https:\/\/schema.org","@graph":[{"@type":"WebPage","@id":"https:\/\/www.crcoc.ca\/fr\/appuyez-nous-financierement\/","url":"https:\/\/www.crcoc.ca\/fr\/appuyez-nous-financierement\/","name":"Appuyez-nous financi\u00e8rement - CRCOC - OCCRC","isPartOf":{"@id":"https:\/\/www.crcoc.ca\/fr\/#website"},"primaryImageOfPage":{"@id":"https:\/\/www.crcoc.ca\/fr\/appuyez-nous-financierement\/#primaryimage"},"image":{"@id":"https:\/\/www.crcoc.ca\/fr\/appuyez-nous-financierement\/#primaryimage"},"thumbnailUrl":"http:\/\/crcoc.ca\/wp-content\/uploads\/2019\/02\/Sponsor-an-event-logo-for-web-2017-fr.jpg","datePublished":"2019-02-06T20:13:41+00:00","dateModified":"2019-03-18T14:09:43+00:00","breadcrumb":{"@id":"https:\/\/www.crcoc.ca\/fr\/appuyez-nous-financierement\/#breadcrumb"},"inLanguage":"fr-FR","potentialAction":[{"@type":"ReadAction","target":["https:\/\/www.crcoc.ca\/fr\/appuyez-nous-financierement\/"]}]},{"@type":"ImageObject","inLanguage":"fr-FR","@id":"https:\/\/www.crcoc.ca\/fr\/appuyez-nous-financierement\/#primaryimage","url":"http:\/\/crcoc.ca\/wp-content\/uploads\/2019\/02\/Sponsor-an-event-logo-for-web-2017-fr.jpg","contentUrl":"http:\/\/crcoc.ca\/wp-content\/uploads\/2019\/02\/Sponsor-an-event-logo-for-web-2017-fr.jpg"},{"@type":"BreadcrumbList","@id":"https:\/\/www.crcoc.ca\/fr\/appuyez-nous-financierement\/#breadcrumb","itemListElement":[{"@type":"ListItem","position":1,"name":"Home","item":"http:\/\/www.crcoc.ca\/fr\/"},{"@type":"ListItem","position":2,"name":"Appuyez-nous financi\u00e8rement"}]},{"@type":"WebSite","@id":"https:\/\/www.crcoc.ca\/fr\/#website","url":"https:\/\/www.crcoc.ca\/fr\/","name":"CRCOC - OCCRC","description":"Centre de ressources communautaires Orl\u00e9ans-Cumberland | Orl\u00e9ans-Cumberland Community Resource Center","publisher":{"@id":"https:\/\/www.crcoc.ca\/fr\/#organization"},"potentialAction":[{"@type":"SearchAction","target":{"@type":"EntryPoint","urlTemplate":"https:\/\/www.crcoc.ca\/fr\/?s={search_term_string}"},"query-input":{"@type":"PropertyValueSpecification","valueRequired":true,"valueName":"search_term_string"}}],"inLanguage":"fr-FR"},{"@type":"Organization","@id":"https:\/\/www.crcoc.ca\/fr\/#organization","name":"Orl\u00e9ans-Cumberland Community Resource Centre","url":"https:\/\/www.crcoc.ca\/fr\/","logo":{"@type":"ImageObject","inLanguage":"fr-FR","@id":"https:\/\/www.crcoc.ca\/fr\/#\/schema\/logo\/image\/","url":"https:\/\/www.crcoc.ca\/wp-content\/uploads\/2019\/01\/cropped-Logo_OCCRCeachside-1.png","contentUrl":"https:\/\/www.crcoc.ca\/wp-content\/uploads\/2019\/01\/cropped-Logo_OCCRCeachside-1.png","width":512,"height":512,"caption":"Orl\u00e9ans-Cumberland Community Resource Centre"},"image":{"@id":"https:\/\/www.crcoc.ca\/fr\/#\/schema\/logo\/image\/"},"sameAs":["https:\/\/www.facebook.com\/OCCRC.CRCOC\/","https:\/\/x.com\/OCCRC_CRCOC","https:\/\/instagram.com\/occrcyp_crcocpj\/"]}]}},"_links":{"self":[{"href":"https:\/\/www.crcoc.ca\/fr\/wp-json\/wp\/v2\/pages\/1068","targetHints":{"allow":["GET"]}}],"collection":[{"href":"https:\/\/www.crcoc.ca\/fr\/wp-json\/wp\/v2\/pages"}],"about":[{"href":"https:\/\/www.crcoc.ca\/fr\/wp-json\/wp\/v2\/types\/page"}],"author":[{"embeddable":true,"href":"https:\/\/www.crcoc.ca\/fr\/wp-json\/wp\/v2\/users\/1"}],"replies":[{"embeddable":true,"href":"https:\/\/www.crcoc.ca\/fr\/wp-json\/wp\/v2\/comments?post=1068"}],"version-history":[{"count":0,"href":"https:\/\/www.crcoc.ca\/fr\/wp-json\/wp\/v2\/pages\/1068\/revisions"}],"wp:attachment":[{"href":"https:\/\/www.crcoc.ca\/fr\/wp-json\/wp\/v2\/media?parent=1068"}],"curies":[{"name":"wp","href":"https:\/\/api.w.org\/{rel}","templated":true}]}}