{"id":1004,"date":"2019-02-06T14:37:35","date_gmt":"2019-02-06T19:37:35","guid":{"rendered":"http:\/\/crcoc.ca\/dental-screening\/"},"modified":"2019-03-19T09:57:31","modified_gmt":"2019-03-19T13:57:31","slug":"depistage-dentaire","status":"publish","type":"page","link":"https:\/\/www.crcoc.ca\/fr\/on-y-va\/depistage-dentaire\/","title":{"rendered":"D\u00e9pistage dentaire"},"content":{"rendered":"\t\t<div data-elementor-type=\"wp-post\" data-elementor-id=\"1004\" class=\"elementor elementor-1004\" data-elementor-post-type=\"page\">\n\t\t\t\t\t\t<section class=\"elementor-section elementor-top-section elementor-element elementor-element-56024e6 elementor-section-boxed elementor-section-height-default elementor-section-height-default\" data-id=\"56024e6\" data-element_type=\"section\" data-e-type=\"section\">\n\t\t\t\t\t\t<div class=\"elementor-container elementor-column-gap-default\">\n\t\t\t\t\t<div class=\"elementor-column elementor-col-100 elementor-top-column elementor-element elementor-element-d43fcda\" data-id=\"d43fcda\" data-element_type=\"column\" data-e-type=\"column\">\n\t\t\t<div class=\"elementor-widget-wrap elementor-element-populated\">\n\t\t\t\t\t\t<section class=\"elementor-section elementor-inner-section elementor-element elementor-element-20aa485 elementor-section-boxed elementor-section-height-default elementor-section-height-default\" data-id=\"20aa485\" data-element_type=\"section\" data-e-type=\"section\">\n\t\t\t\t\t\t<div class=\"elementor-container elementor-column-gap-default\">\n\t\t\t\t\t<div class=\"elementor-column elementor-col-50 elementor-inner-column elementor-element elementor-element-b1a9a29\" data-id=\"b1a9a29\" data-element_type=\"column\" data-e-type=\"column\">\n\t\t\t<div class=\"elementor-widget-wrap elementor-element-populated\">\n\t\t\t\t\t\t<div class=\"elementor-element elementor-element-ab3cca9 elementor-widget elementor-widget-image\" data-id=\"ab3cca9\" data-element_type=\"widget\" data-e-type=\"widget\" data-widget_type=\"image.default\">\n\t\t\t\t<div class=\"elementor-widget-container\">\n\t\t\t\t\t\t\t\t\t\t\t\t\t\t\t<img fetchpriority=\"high\" decoding=\"async\" width=\"1024\" height=\"683\" src=\"https:\/\/www.crcoc.ca\/wp-content\/uploads\/2019\/02\/Smiling-patient-497146861_1257x838-1024x683.jpeg\" class=\"attachment-large size-large wp-image-835\" alt=\"\" srcset=\"https:\/\/www.crcoc.ca\/wp-content\/uploads\/2019\/02\/Smiling-patient-497146861_1257x838.jpeg 1024w, https:\/\/www.crcoc.ca\/wp-content\/uploads\/2019\/02\/Smiling-patient-497146861_1257x838-300x200.jpeg 300w, https:\/\/www.crcoc.ca\/wp-content\/uploads\/2019\/02\/Smiling-patient-497146861_1257x838-768x512.jpeg 768w\" sizes=\"(max-width: 1024px) 100vw, 1024px\" \/>\t\t\t\t\t\t\t\t\t\t\t\t\t\t\t<\/div>\n\t\t\t\t<\/div>\n\t\t\t\t<div class=\"elementor-element elementor-element-f6d8492 elementor-align-justify elementor-widget elementor-widget-button\" data-id=\"f6d8492\" data-element_type=\"widget\" data-e-type=\"widget\" data-widget_type=\"button.default\">\n\t\t\t\t<div class=\"elementor-widget-container\">\n\t\t\t\t\t\t\t\t\t<div class=\"elementor-button-wrapper\">\n\t\t\t\t\t<a class=\"elementor-button elementor-button-link elementor-size-sm\" href=\"https:\/\/www.ontario.ca\/fr\/page\/obtenir-des-soins-dentaires\">\n\t\t\t\t\t\t<span class=\"elementor-button-content-wrapper\">\n\t\t\t\t\t\t\t\t\t<span class=\"elementor-button-text\">Aller au site web<\/span>\n\t\t\t\t\t<\/span>\n\t\t\t\t\t<\/a>\n\t\t\t\t<\/div>\n\t\t\t\t\t\t\t\t<\/div>\n\t\t\t\t<\/div>\n\t\t\t\t\t<\/div>\n\t\t<\/div>\n\t\t\t\t<div class=\"elementor-column elementor-col-50 elementor-inner-column elementor-element elementor-element-3d126f5\" data-id=\"3d126f5\" data-element_type=\"column\" data-e-type=\"column\">\n\t\t\t<div class=\"elementor-widget-wrap elementor-element-populated\">\n\t\t\t\t\t\t<div class=\"elementor-element elementor-element-9156281 elementor-widget elementor-widget-heading\" data-id=\"9156281\" data-element_type=\"widget\" data-e-type=\"widget\" data-widget_type=\"heading.default\">\n\t\t\t\t<div class=\"elementor-widget-container\">\n\t\t\t\t\t<h2 class=\"elementor-heading-title elementor-size-default\">Examen, nettoyage et traitement des dents pour les enfants<\/h2>\t\t\t\t<\/div>\n\t\t\t\t<\/div>\n\t\t\t\t<div class=\"elementor-element elementor-element-c56563e elementor-widget elementor-widget-text-editor\" data-id=\"c56563e\" data-element_type=\"widget\" data-e-type=\"widget\" data-widget_type=\"text-editor.default\">\n\t\t\t\t<div class=\"elementor-widget-container\">\n\t\t\t\t\t\t\t\t\t<p>Programme pour enfants de 17 ans et moins sans couverture dentaire<br \/>\u2022 Le 3e vendredi du mois au CRCOC, de 9\u00a0h \u00e0 12\u00a0h<\/p>\t\t\t\t\t\t\t\t<\/div>\n\t\t\t\t<\/div>\n\t\t\t\t<div class=\"elementor-element elementor-element-cfd5213 elementor-widget elementor-widget-heading\" data-id=\"cfd5213\" data-element_type=\"widget\" data-e-type=\"widget\" data-widget_type=\"heading.default\">\n\t\t\t\t<div class=\"elementor-widget-container\">\n\t\t\t\t\t<h3 class=\"elementor-heading-title elementor-size-default\">Crit\u00e8res d\u2019admissibilit\u00e9 au programme Beaux Sourire Ontario:<\/h3>\t\t\t\t<\/div>\n\t\t\t\t<\/div>\n\t\t\t\t<div class=\"elementor-element elementor-element-a8eb6b4 elementor-widget elementor-widget-text-editor\" data-id=\"a8eb6b4\" data-element_type=\"widget\" data-e-type=\"widget\" data-widget_type=\"text-editor.default\">\n\t\t\t\t<div class=\"elementor-widget-container\">\n\t\t\t\t\t\t\t\t\t<p>Les enfants doivent \u00eatre \u00e2g\u00e9s de 17 ans ou moins et sans couverture dentaire<br \/>\u2022 Ils doivent habiter en Ontario<\/p><p>Ils doivent faire partie d\u2019une famille au revenu inf\u00e9rieur ou \u00e9gal aux seuils indiqu\u00e9s dans le\u00a0<a href=\"https:\/\/www.ontario.ca\/fr\/page\/obtenir-des-soins-dentaires\">tableau des crit\u00e8res d\u2019admissibilit\u00e9\u00a0<\/a>du revenu<\/p>\t\t\t\t\t\t\t\t<\/div>\n\t\t\t\t<\/div>\n\t\t\t\t\t<\/div>\n\t\t<\/div>\n\t\t\t\t\t<\/div>\n\t\t<\/section>\n\t\t\t\t\t<\/div>\n\t\t<\/div>\n\t\t\t\t\t<\/div>\n\t\t<\/section>\n\t\t\t\t<\/div>\n\t\t","protected":false},"excerpt":{"rendered":"<p>Aller au site web Examen, nettoyage et traitement des dents pour les enfants Programme pour enfants de 17 ans et moins sans couverture dentaire \u2022 Le 3e vendredi du mois au CRCOC, de 9&nbsp;h \u00e0 12&nbsp;h Crit\u00e8res d\u2019admissibilit\u00e9 au programme Beaux Sourire Ontario: Les enfants doivent \u00eatre \u00e2g\u00e9s de 17 ans ou moins et sans &#8230; <a title=\"D\u00e9pistage dentaire\" class=\"read-more\" href=\"https:\/\/www.crcoc.ca\/fr\/on-y-va\/depistage-dentaire\/\">Read more<\/a><\/p>\n","protected":false},"author":1,"featured_media":0,"parent":839,"menu_order":0,"comment_status":"closed","ping_status":"closed","template":"","meta":{"footnotes":""},"class_list":["post-1004","page","type-page","status-publish"],"yoast_head":"<!-- This site is optimized with the Yoast SEO plugin v27.3 - https:\/\/yoast.com\/product\/yoast-seo-wordpress\/ -->\n<title>D\u00e9pistage dentaire - CRCOC - OCCRC<\/title>\n<meta name=\"robots\" content=\"index, follow, max-snippet:-1, max-image-preview:large, max-video-preview:-1\" \/>\n<link rel=\"canonical\" href=\"https:\/\/www.crcoc.ca\/fr\/on-y-va\/depistage-dentaire\/\" \/>\n<meta property=\"og:locale\" content=\"fr_FR\" \/>\n<meta property=\"og:type\" content=\"article\" \/>\n<meta property=\"og:title\" content=\"D\u00e9pistage dentaire - CRCOC - OCCRC\" \/>\n<meta property=\"og:description\" content=\"Aller au site web Examen, nettoyage et traitement des dents pour les enfants Programme pour enfants de 17 ans et moins sans couverture dentaire \u2022 Le 3e vendredi du mois au CRCOC, de 9&nbsp;h \u00e0 12&nbsp;h Crit\u00e8res d\u2019admissibilit\u00e9 au programme Beaux Sourire Ontario: Les enfants doivent \u00eatre \u00e2g\u00e9s de 17 ans ou moins et sans ... Read more\" \/>\n<meta property=\"og:url\" content=\"https:\/\/www.crcoc.ca\/fr\/on-y-va\/depistage-dentaire\/\" \/>\n<meta property=\"og:site_name\" content=\"CRCOC - OCCRC\" \/>\n<meta property=\"article:publisher\" content=\"https:\/\/www.facebook.com\/OCCRC.CRCOC\/\" \/>\n<meta property=\"article:modified_time\" content=\"2019-03-19T13:57:31+00:00\" \/>\n<meta property=\"og:image\" content=\"http:\/\/crcoc.ca\/wp-content\/uploads\/2019\/02\/Smiling-patient-497146861_1257x838-1024x683.jpeg\" \/>\n<meta name=\"twitter:card\" content=\"summary_large_image\" \/>\n<meta name=\"twitter:site\" content=\"@OCCRC_CRCOC\" \/>\n<script type=\"application\/ld+json\" class=\"yoast-schema-graph\">{\"@context\":\"https:\\\/\\\/schema.org\",\"@graph\":[{\"@type\":\"WebPage\",\"@id\":\"https:\\\/\\\/www.crcoc.ca\\\/fr\\\/on-y-va\\\/depistage-dentaire\\\/\",\"url\":\"https:\\\/\\\/www.crcoc.ca\\\/fr\\\/on-y-va\\\/depistage-dentaire\\\/\",\"name\":\"D\u00e9pistage dentaire - CRCOC - OCCRC\",\"isPartOf\":{\"@id\":\"https:\\\/\\\/www.crcoc.ca\\\/fr\\\/#website\"},\"primaryImageOfPage\":{\"@id\":\"https:\\\/\\\/www.crcoc.ca\\\/fr\\\/on-y-va\\\/depistage-dentaire\\\/#primaryimage\"},\"image\":{\"@id\":\"https:\\\/\\\/www.crcoc.ca\\\/fr\\\/on-y-va\\\/depistage-dentaire\\\/#primaryimage\"},\"thumbnailUrl\":\"http:\\\/\\\/crcoc.ca\\\/wp-content\\\/uploads\\\/2019\\\/02\\\/Smiling-patient-497146861_1257x838-1024x683.jpeg\",\"datePublished\":\"2019-02-06T19:37:35+00:00\",\"dateModified\":\"2019-03-19T13:57:31+00:00\",\"breadcrumb\":{\"@id\":\"https:\\\/\\\/www.crcoc.ca\\\/fr\\\/on-y-va\\\/depistage-dentaire\\\/#breadcrumb\"},\"inLanguage\":\"fr-FR\",\"potentialAction\":[{\"@type\":\"ReadAction\",\"target\":[\"https:\\\/\\\/www.crcoc.ca\\\/fr\\\/on-y-va\\\/depistage-dentaire\\\/\"]}]},{\"@type\":\"ImageObject\",\"inLanguage\":\"fr-FR\",\"@id\":\"https:\\\/\\\/www.crcoc.ca\\\/fr\\\/on-y-va\\\/depistage-dentaire\\\/#primaryimage\",\"url\":\"http:\\\/\\\/crcoc.ca\\\/wp-content\\\/uploads\\\/2019\\\/02\\\/Smiling-patient-497146861_1257x838-1024x683.jpeg\",\"contentUrl\":\"http:\\\/\\\/crcoc.ca\\\/wp-content\\\/uploads\\\/2019\\\/02\\\/Smiling-patient-497146861_1257x838-1024x683.jpeg\"},{\"@type\":\"BreadcrumbList\",\"@id\":\"https:\\\/\\\/www.crcoc.ca\\\/fr\\\/on-y-va\\\/depistage-dentaire\\\/#breadcrumb\",\"itemListElement\":[{\"@type\":\"ListItem\",\"position\":1,\"name\":\"Home\",\"item\":\"https:\\\/\\\/www.crcoc.ca\\\/fr\\\/\"},{\"@type\":\"ListItem\",\"position\":2,\"name\":\"ON y va\",\"item\":\"https:\\\/\\\/www.crcoc.ca\\\/fr\\\/on-y-va\\\/\"},{\"@type\":\"ListItem\",\"position\":3,\"name\":\"D\u00e9pistage dentaire\"}]},{\"@type\":\"WebSite\",\"@id\":\"https:\\\/\\\/www.crcoc.ca\\\/fr\\\/#website\",\"url\":\"https:\\\/\\\/www.crcoc.ca\\\/fr\\\/\",\"name\":\"CRCOC - OCCRC\",\"description\":\"Centre de ressources communautaires Orl\u00e9ans-Cumberland | Orl\u00e9ans-Cumberland Community Resource Center\",\"publisher\":{\"@id\":\"https:\\\/\\\/www.crcoc.ca\\\/fr\\\/#organization\"},\"potentialAction\":[{\"@type\":\"SearchAction\",\"target\":{\"@type\":\"EntryPoint\",\"urlTemplate\":\"https:\\\/\\\/www.crcoc.ca\\\/fr\\\/?s={search_term_string}\"},\"query-input\":{\"@type\":\"PropertyValueSpecification\",\"valueRequired\":true,\"valueName\":\"search_term_string\"}}],\"inLanguage\":\"fr-FR\"},{\"@type\":\"Organization\",\"@id\":\"https:\\\/\\\/www.crcoc.ca\\\/fr\\\/#organization\",\"name\":\"Orl\u00e9ans-Cumberland Community Resource Centre\",\"url\":\"https:\\\/\\\/www.crcoc.ca\\\/fr\\\/\",\"logo\":{\"@type\":\"ImageObject\",\"inLanguage\":\"fr-FR\",\"@id\":\"https:\\\/\\\/www.crcoc.ca\\\/fr\\\/#\\\/schema\\\/logo\\\/image\\\/\",\"url\":\"https:\\\/\\\/www.crcoc.ca\\\/wp-content\\\/uploads\\\/2019\\\/01\\\/cropped-Logo_OCCRCeachside-1.png\",\"contentUrl\":\"https:\\\/\\\/www.crcoc.ca\\\/wp-content\\\/uploads\\\/2019\\\/01\\\/cropped-Logo_OCCRCeachside-1.png\",\"width\":512,\"height\":512,\"caption\":\"Orl\u00e9ans-Cumberland Community Resource Centre\"},\"image\":{\"@id\":\"https:\\\/\\\/www.crcoc.ca\\\/fr\\\/#\\\/schema\\\/logo\\\/image\\\/\"},\"sameAs\":[\"https:\\\/\\\/www.facebook.com\\\/OCCRC.CRCOC\\\/\",\"https:\\\/\\\/x.com\\\/OCCRC_CRCOC\",\"https:\\\/\\\/instagram.com\\\/occrcyp_crcocpj\\\/\"]}]}<\/script>\n<!-- \/ Yoast SEO plugin. -->","yoast_head_json":{"title":"D\u00e9pistage dentaire - CRCOC - OCCRC","robots":{"index":"index","follow":"follow","max-snippet":"max-snippet:-1","max-image-preview":"max-image-preview:large","max-video-preview":"max-video-preview:-1"},"canonical":"https:\/\/www.crcoc.ca\/fr\/on-y-va\/depistage-dentaire\/","og_locale":"fr_FR","og_type":"article","og_title":"D\u00e9pistage dentaire - CRCOC - OCCRC","og_description":"Aller au site web Examen, nettoyage et traitement des dents pour les enfants Programme pour enfants de 17 ans et moins sans couverture dentaire \u2022 Le 3e vendredi du mois au CRCOC, de 9&nbsp;h \u00e0 12&nbsp;h Crit\u00e8res d\u2019admissibilit\u00e9 au programme Beaux Sourire Ontario: Les enfants doivent \u00eatre \u00e2g\u00e9s de 17 ans ou moins et sans ... Read more","og_url":"https:\/\/www.crcoc.ca\/fr\/on-y-va\/depistage-dentaire\/","og_site_name":"CRCOC - OCCRC","article_publisher":"https:\/\/www.facebook.com\/OCCRC.CRCOC\/","article_modified_time":"2019-03-19T13:57:31+00:00","og_image":[{"url":"http:\/\/crcoc.ca\/wp-content\/uploads\/2019\/02\/Smiling-patient-497146861_1257x838-1024x683.jpeg","type":"","width":"","height":""}],"twitter_card":"summary_large_image","twitter_site":"@OCCRC_CRCOC","schema":{"@context":"https:\/\/schema.org","@graph":[{"@type":"WebPage","@id":"https:\/\/www.crcoc.ca\/fr\/on-y-va\/depistage-dentaire\/","url":"https:\/\/www.crcoc.ca\/fr\/on-y-va\/depistage-dentaire\/","name":"D\u00e9pistage dentaire - CRCOC - OCCRC","isPartOf":{"@id":"https:\/\/www.crcoc.ca\/fr\/#website"},"primaryImageOfPage":{"@id":"https:\/\/www.crcoc.ca\/fr\/on-y-va\/depistage-dentaire\/#primaryimage"},"image":{"@id":"https:\/\/www.crcoc.ca\/fr\/on-y-va\/depistage-dentaire\/#primaryimage"},"thumbnailUrl":"http:\/\/crcoc.ca\/wp-content\/uploads\/2019\/02\/Smiling-patient-497146861_1257x838-1024x683.jpeg","datePublished":"2019-02-06T19:37:35+00:00","dateModified":"2019-03-19T13:57:31+00:00","breadcrumb":{"@id":"https:\/\/www.crcoc.ca\/fr\/on-y-va\/depistage-dentaire\/#breadcrumb"},"inLanguage":"fr-FR","potentialAction":[{"@type":"ReadAction","target":["https:\/\/www.crcoc.ca\/fr\/on-y-va\/depistage-dentaire\/"]}]},{"@type":"ImageObject","inLanguage":"fr-FR","@id":"https:\/\/www.crcoc.ca\/fr\/on-y-va\/depistage-dentaire\/#primaryimage","url":"http:\/\/crcoc.ca\/wp-content\/uploads\/2019\/02\/Smiling-patient-497146861_1257x838-1024x683.jpeg","contentUrl":"http:\/\/crcoc.ca\/wp-content\/uploads\/2019\/02\/Smiling-patient-497146861_1257x838-1024x683.jpeg"},{"@type":"BreadcrumbList","@id":"https:\/\/www.crcoc.ca\/fr\/on-y-va\/depistage-dentaire\/#breadcrumb","itemListElement":[{"@type":"ListItem","position":1,"name":"Home","item":"https:\/\/www.crcoc.ca\/fr\/"},{"@type":"ListItem","position":2,"name":"ON y va","item":"https:\/\/www.crcoc.ca\/fr\/on-y-va\/"},{"@type":"ListItem","position":3,"name":"D\u00e9pistage dentaire"}]},{"@type":"WebSite","@id":"https:\/\/www.crcoc.ca\/fr\/#website","url":"https:\/\/www.crcoc.ca\/fr\/","name":"CRCOC - OCCRC","description":"Centre de ressources communautaires Orl\u00e9ans-Cumberland | Orl\u00e9ans-Cumberland Community Resource Center","publisher":{"@id":"https:\/\/www.crcoc.ca\/fr\/#organization"},"potentialAction":[{"@type":"SearchAction","target":{"@type":"EntryPoint","urlTemplate":"https:\/\/www.crcoc.ca\/fr\/?s={search_term_string}"},"query-input":{"@type":"PropertyValueSpecification","valueRequired":true,"valueName":"search_term_string"}}],"inLanguage":"fr-FR"},{"@type":"Organization","@id":"https:\/\/www.crcoc.ca\/fr\/#organization","name":"Orl\u00e9ans-Cumberland Community Resource Centre","url":"https:\/\/www.crcoc.ca\/fr\/","logo":{"@type":"ImageObject","inLanguage":"fr-FR","@id":"https:\/\/www.crcoc.ca\/fr\/#\/schema\/logo\/image\/","url":"https:\/\/www.crcoc.ca\/wp-content\/uploads\/2019\/01\/cropped-Logo_OCCRCeachside-1.png","contentUrl":"https:\/\/www.crcoc.ca\/wp-content\/uploads\/2019\/01\/cropped-Logo_OCCRCeachside-1.png","width":512,"height":512,"caption":"Orl\u00e9ans-Cumberland Community Resource Centre"},"image":{"@id":"https:\/\/www.crcoc.ca\/fr\/#\/schema\/logo\/image\/"},"sameAs":["https:\/\/www.facebook.com\/OCCRC.CRCOC\/","https:\/\/x.com\/OCCRC_CRCOC","https:\/\/instagram.com\/occrcyp_crcocpj\/"]}]}},"_links":{"self":[{"href":"https:\/\/www.crcoc.ca\/fr\/wp-json\/wp\/v2\/pages\/1004","targetHints":{"allow":["GET"]}}],"collection":[{"href":"https:\/\/www.crcoc.ca\/fr\/wp-json\/wp\/v2\/pages"}],"about":[{"href":"https:\/\/www.crcoc.ca\/fr\/wp-json\/wp\/v2\/types\/page"}],"author":[{"embeddable":true,"href":"https:\/\/www.crcoc.ca\/fr\/wp-json\/wp\/v2\/users\/1"}],"replies":[{"embeddable":true,"href":"https:\/\/www.crcoc.ca\/fr\/wp-json\/wp\/v2\/comments?post=1004"}],"version-history":[{"count":0,"href":"https:\/\/www.crcoc.ca\/fr\/wp-json\/wp\/v2\/pages\/1004\/revisions"}],"up":[{"embeddable":true,"href":"https:\/\/www.crcoc.ca\/fr\/wp-json\/wp\/v2\/pages\/839"}],"wp:attachment":[{"href":"https:\/\/www.crcoc.ca\/fr\/wp-json\/wp\/v2\/media?parent=1004"}],"curies":[{"name":"wp","href":"https:\/\/api.w.org\/{rel}","templated":true}]}}