{"id":1902,"date":"2019-02-19T16:04:58","date_gmt":"2019-02-19T21:04:58","guid":{"rendered":"http:\/\/crcoc.ca\/enfants-et-parents\/resources-children-and-parents\/"},"modified":"2019-03-15T12:12:48","modified_gmt":"2019-03-15T16:12:48","slug":"ressources-enfants-parents","status":"publish","type":"page","link":"http:\/\/www.crcoc.ca\/fr\/on-y-va\/ressources-enfants-parents\/","title":{"rendered":"Ressources enfants et parents"},"content":{"rendered":"\t\t<div data-elementor-type=\"wp-post\" data-elementor-id=\"1902\" class=\"elementor elementor-1902\" data-elementor-post-type=\"page\">\n\t\t\t\t\t\t<section class=\"elementor-section elementor-top-section elementor-element elementor-element-49769286 elementor-section-boxed elementor-section-height-default elementor-section-height-default\" data-id=\"49769286\" data-element_type=\"section\" data-e-type=\"section\">\n\t\t\t\t\t\t<div class=\"elementor-container elementor-column-gap-default\">\n\t\t\t\t\t<div class=\"elementor-column elementor-col-100 elementor-top-column elementor-element elementor-element-5baa38e2\" data-id=\"5baa38e2\" data-element_type=\"column\" data-e-type=\"column\">\n\t\t\t<div class=\"elementor-widget-wrap elementor-element-populated\">\n\t\t\t\t\t\t<div class=\"elementor-element elementor-element-07d83d6 elementor-widget elementor-widget-image\" data-id=\"07d83d6\" data-element_type=\"widget\" data-e-type=\"widget\" data-widget_type=\"image.default\">\n\t\t\t\t<div class=\"elementor-widget-container\">\n\t\t\t\t\t\t\t\t\t\t\t\t<figure class=\"wp-caption\">\n\t\t\t\t\t\t\t\t\t\t\t<a href=\"https:\/\/211ontario.ca\/fr\/211-sujets\/parcourir-tous-les-sujets\/\">\n\t\t\t\t\t\t\t<img decoding=\"async\" width=\"228\" height=\"196\" src=\"http:\/\/www.crcoc.ca\/wp-content\/uploads\/2019\/02\/partners_logo_211_ontario.png\" class=\"attachment-large size-large wp-image-1432\" alt=\"\" \/>\t\t\t\t\t\t\t\t<\/a>\n\t\t\t\t\t\t\t\t\t\t\t<figcaption class=\"widget-image-caption wp-caption-text\">Service 211 Ontario<\/figcaption>\n\t\t\t\t\t\t\t\t\t\t<\/figure>\n\t\t\t\t\t\t\t\t\t<\/div>\n\t\t\t\t<\/div>\n\t\t\t\t<div class=\"elementor-element elementor-element-a6ef6ab elementor-align-justify elementor-widget elementor-widget-button\" data-id=\"a6ef6ab\" data-element_type=\"widget\" data-e-type=\"widget\" data-widget_type=\"button.default\">\n\t\t\t\t<div class=\"elementor-widget-container\">\n\t\t\t\t\t\t\t\t\t<div class=\"elementor-button-wrapper\">\n\t\t\t\t\t<a class=\"elementor-button elementor-button-link elementor-size-sm\" href=\"https:\/\/211ontario.ca\/fr\/211-sujets\/parcourir-tous-les-sujets\/\">\n\t\t\t\t\t\t<span class=\"elementor-button-content-wrapper\">\n\t\t\t\t\t\t\t\t\t<span class=\"elementor-button-text\">Aller au site web<\/span>\n\t\t\t\t\t<\/span>\n\t\t\t\t\t<\/a>\n\t\t\t\t<\/div>\n\t\t\t\t\t\t\t\t<\/div>\n\t\t\t\t<\/div>\n\t\t\t\t<div class=\"elementor-element elementor-element-97beca5 elementor-widget elementor-widget-text-editor\" data-id=\"97beca5\" data-element_type=\"widget\" data-e-type=\"widget\" data-widget_type=\"text-editor.default\">\n\t\t\t\t<div class=\"elementor-widget-container\">\n\t\t\t\t\t\t\t\t\t<p><strong>Ligne d\u2019aide t\u00e9l\u00e9phonique (2-1-1)<\/strong><\/p><p>Service 211 Ontario peut vous diriger vers les ressources dont vous avez besoin\u00a0: services sociaux et communautaires, services de sant\u00e9 et autres services du gouvernement de l\u2019Ontario.<\/p>\t\t\t\t\t\t\t\t<\/div>\n\t\t\t\t<\/div>\n\t\t\t\t<div class=\"elementor-element elementor-element-83f854e elementor-widget-divider--view-line elementor-widget elementor-widget-divider\" data-id=\"83f854e\" data-element_type=\"widget\" data-e-type=\"widget\" data-widget_type=\"divider.default\">\n\t\t\t\t<div class=\"elementor-widget-container\">\n\t\t\t\t\t\t\t<div class=\"elementor-divider\">\n\t\t\t<span class=\"elementor-divider-separator\">\n\t\t\t\t\t\t<\/span>\n\t\t<\/div>\n\t\t\t\t\t\t<\/div>\n\t\t\t\t<\/div>\n\t\t\t\t<div class=\"elementor-element elementor-element-077d870 elementor-widget elementor-widget-heading\" data-id=\"077d870\" data-element_type=\"widget\" data-e-type=\"widget\" data-widget_type=\"heading.default\">\n\t\t\t\t<div class=\"elementor-widget-container\">\n\t\t\t\t\t<h2 class=\"elementor-heading-title elementor-size-default\">Autres ressources :<\/h2>\t\t\t\t<\/div>\n\t\t\t\t<\/div>\n\t\t\t\t<section class=\"elementor-section elementor-inner-section elementor-element elementor-element-0aefdef elementor-section-boxed elementor-section-height-default elementor-section-height-default\" data-id=\"0aefdef\" data-element_type=\"section\" data-e-type=\"section\">\n\t\t\t\t\t\t<div class=\"elementor-container elementor-column-gap-default\">\n\t\t\t\t\t<div class=\"elementor-column elementor-col-33 elementor-inner-column elementor-element elementor-element-410ff26\" data-id=\"410ff26\" data-element_type=\"column\" data-e-type=\"column\">\n\t\t\t<div class=\"elementor-widget-wrap elementor-element-populated\">\n\t\t\t\t\t\t<div class=\"elementor-element elementor-element-bae9710 elementor-widget elementor-widget-image\" data-id=\"bae9710\" data-element_type=\"widget\" data-e-type=\"widget\" data-widget_type=\"image.default\">\n\t\t\t\t<div class=\"elementor-widget-container\">\n\t\t\t\t\t\t\t\t\t\t\t\t<figure class=\"wp-caption\">\n\t\t\t\t\t\t\t\t\t\t\t<a href=\"http:\/\/www.centrepsychosocial.ca\/\">\n\t\t\t\t\t\t\t<img decoding=\"async\" src=\"http:\/\/www.crcoc.ca\/wp-content\/uploads\/elementor\/thumbs\/Centre-psychosocial-ox5kfhgabnv7tbhahk7zngv4ijlyn9ddd1zs91csg0.jpg\" title=\"Centre psychosocial\" alt=\"Centre psychosocial\" loading=\"lazy\" \/>\t\t\t\t\t\t\t\t<\/a>\n\t\t\t\t\t\t\t\t\t\t\t<figcaption class=\"widget-image-caption wp-caption-text\">Centre psychosocial<\/figcaption>\n\t\t\t\t\t\t\t\t\t\t<\/figure>\n\t\t\t\t\t\t\t\t\t<\/div>\n\t\t\t\t<\/div>\n\t\t\t\t<div class=\"elementor-element elementor-element-c1d2836 elementor-align-justify elementor-widget elementor-widget-button\" data-id=\"c1d2836\" data-element_type=\"widget\" data-e-type=\"widget\" data-widget_type=\"button.default\">\n\t\t\t\t<div class=\"elementor-widget-container\">\n\t\t\t\t\t\t\t\t\t<div class=\"elementor-button-wrapper\">\n\t\t\t\t\t<a class=\"elementor-button elementor-button-link elementor-size-sm\" href=\"http:\/\/www.centrepsychosocial.ca\/\">\n\t\t\t\t\t\t<span class=\"elementor-button-content-wrapper\">\n\t\t\t\t\t\t\t\t\t<span class=\"elementor-button-text\">Aller au site web<\/span>\n\t\t\t\t\t<\/span>\n\t\t\t\t\t<\/a>\n\t\t\t\t<\/div>\n\t\t\t\t\t\t\t\t<\/div>\n\t\t\t\t<\/div>\n\t\t\t\t<div class=\"elementor-element elementor-element-6e6d1f9 elementor-widget elementor-widget-text-editor\" data-id=\"6e6d1f9\" data-element_type=\"widget\" data-e-type=\"widget\" data-widget_type=\"text-editor.default\">\n\t\t\t\t<div class=\"elementor-widget-container\">\n\t\t\t\t\t\t\t\t\t<p>Centre francophone de sant\u00e9 mentale pour enfants, jeunes et familles.<\/p>\t\t\t\t\t\t\t\t<\/div>\n\t\t\t\t<\/div>\n\t\t\t\t\t<\/div>\n\t\t<\/div>\n\t\t\t\t<div class=\"elementor-column elementor-col-33 elementor-inner-column elementor-element elementor-element-f7edbb3\" data-id=\"f7edbb3\" data-element_type=\"column\" data-e-type=\"column\">\n\t\t\t<div class=\"elementor-widget-wrap elementor-element-populated\">\n\t\t\t\t\t\t<div class=\"elementor-element elementor-element-3a9809f elementor-widget elementor-widget-image\" data-id=\"3a9809f\" data-element_type=\"widget\" data-e-type=\"widget\" data-widget_type=\"image.default\">\n\t\t\t\t<div class=\"elementor-widget-container\">\n\t\t\t\t\t\t\t\t\t\t\t\t<figure class=\"wp-caption\">\n\t\t\t\t\t\t\t\t\t\t\t<a href=\"http:\/\/www.crossroadschildren.ca\/\">\n\t\t\t\t\t\t\t<img decoding=\"async\" src=\"http:\/\/www.crcoc.ca\/wp-content\/uploads\/elementor\/thumbs\/CCMHC-Logo-ox5kfhgabnv7tbhahk7zngv4ijlyn9ddd1zs91csg0.png\" title=\"CCMHC-Logo\" alt=\"CCMHC-Logo\" loading=\"lazy\" \/>\t\t\t\t\t\t\t\t<\/a>\n\t\t\t\t\t\t\t\t\t\t\t<figcaption class=\"widget-image-caption wp-caption-text\">Crossroads Ottawa<\/figcaption>\n\t\t\t\t\t\t\t\t\t\t<\/figure>\n\t\t\t\t\t\t\t\t\t<\/div>\n\t\t\t\t<\/div>\n\t\t\t\t<div class=\"elementor-element elementor-element-b3bcc74 elementor-align-justify elementor-widget elementor-widget-button\" data-id=\"b3bcc74\" data-element_type=\"widget\" data-e-type=\"widget\" data-widget_type=\"button.default\">\n\t\t\t\t<div class=\"elementor-widget-container\">\n\t\t\t\t\t\t\t\t\t<div class=\"elementor-button-wrapper\">\n\t\t\t\t\t<a class=\"elementor-button elementor-button-link elementor-size-sm\" href=\"http:\/\/www.crossroadschildren.ca\/\">\n\t\t\t\t\t\t<span class=\"elementor-button-content-wrapper\">\n\t\t\t\t\t\t\t\t\t<span class=\"elementor-button-text\">Aller au site web<\/span>\n\t\t\t\t\t<\/span>\n\t\t\t\t\t<\/a>\n\t\t\t\t<\/div>\n\t\t\t\t\t\t\t\t<\/div>\n\t\t\t\t<\/div>\n\t\t\t\t<div class=\"elementor-element elementor-element-4236ffa elementor-widget elementor-widget-text-editor\" data-id=\"4236ffa\" data-element_type=\"widget\" data-e-type=\"widget\" data-widget_type=\"text-editor.default\">\n\t\t\t\t<div class=\"elementor-widget-container\">\n\t\t\t\t\t\t\t\t\t<p>Centre de sant\u00e9 accr\u00e9dit\u00e9 pour la sant\u00e9 des enfants de 0 \u00e0 12 ans et leur famille.<\/p>\t\t\t\t\t\t\t\t<\/div>\n\t\t\t\t<\/div>\n\t\t\t\t\t<\/div>\n\t\t<\/div>\n\t\t\t\t<div class=\"elementor-column elementor-col-33 elementor-inner-column elementor-element elementor-element-a8394c2\" data-id=\"a8394c2\" data-element_type=\"column\" data-e-type=\"column\">\n\t\t\t<div class=\"elementor-widget-wrap elementor-element-populated\">\n\t\t\t\t\t\t<div class=\"elementor-element elementor-element-34e2a37 elementor-widget elementor-widget-image\" data-id=\"34e2a37\" data-element_type=\"widget\" data-e-type=\"widget\" data-widget_type=\"image.default\">\n\t\t\t\t<div class=\"elementor-widget-container\">\n\t\t\t\t\t\t\t\t\t\t\t\t<figure class=\"wp-caption\">\n\t\t\t\t\t\t\t\t\t\t\t<a href=\"http:\/\/www.ruralfamilyconnections.ca\/\">\n\t\t\t\t\t\t\t<img decoding=\"async\" src=\"http:\/\/www.crcoc.ca\/wp-content\/uploads\/elementor\/thumbs\/Rural-family-connections-ox5kfhgabnv7tbhahk7zngv4ijlyn9ddd1zs91csg0.jpg\" title=\"Med-Sm logos VECTOR\" alt=\"Med-Sm logos VECTOR\" loading=\"lazy\" \/>\t\t\t\t\t\t\t\t<\/a>\n\t\t\t\t\t\t\t\t\t\t\t<figcaption class=\"widget-image-caption wp-caption-text\">Rural Family Connections<\/figcaption>\n\t\t\t\t\t\t\t\t\t\t<\/figure>\n\t\t\t\t\t\t\t\t\t<\/div>\n\t\t\t\t<\/div>\n\t\t\t\t<div class=\"elementor-element elementor-element-539f9c7 elementor-align-justify elementor-widget elementor-widget-button\" data-id=\"539f9c7\" data-element_type=\"widget\" data-e-type=\"widget\" data-widget_type=\"button.default\">\n\t\t\t\t<div class=\"elementor-widget-container\">\n\t\t\t\t\t\t\t\t\t<div class=\"elementor-button-wrapper\">\n\t\t\t\t\t<a class=\"elementor-button elementor-button-link elementor-size-sm\" href=\"http:\/\/www.ruralfamilyconnections.ca\/\">\n\t\t\t\t\t\t<span class=\"elementor-button-content-wrapper\">\n\t\t\t\t\t\t\t\t\t<span class=\"elementor-button-text\">Aller au site web<\/span>\n\t\t\t\t\t<\/span>\n\t\t\t\t\t<\/a>\n\t\t\t\t<\/div>\n\t\t\t\t\t\t\t\t<\/div>\n\t\t\t\t<\/div>\n\t\t\t\t<div class=\"elementor-element elementor-element-8809a85 elementor-widget elementor-widget-text-editor\" data-id=\"8809a85\" data-element_type=\"widget\" data-e-type=\"widget\" data-widget_type=\"text-editor.default\">\n\t\t\t\t<div class=\"elementor-widget-container\">\n\t\t\t\t\t\t\t\t\t<p>Des parents, soignants et sp\u00e9cialistes de la garde d\u2019enfants travaillent ensemble pour d\u00e9velopper, offrir et soutenir des programmes communautaires d\u2019apprentissage pr\u00e9coce et de garde d\u2019enfants de qualit\u00e9.<\/p>\t\t\t\t\t\t\t\t<\/div>\n\t\t\t\t<\/div>\n\t\t\t\t\t<\/div>\n\t\t<\/div>\n\t\t\t\t\t<\/div>\n\t\t<\/section>\n\t\t\t\t\t<\/div>\n\t\t<\/div>\n\t\t\t\t\t<\/div>\n\t\t<\/section>\n\t\t\t\t<\/div>\n\t\t","protected":false},"excerpt":{"rendered":"<p>Service 211 Ontario Aller au site web Ligne d\u2019aide t\u00e9l\u00e9phonique (2-1-1) Service 211 Ontario peut vous diriger vers les ressources dont vous avez besoin\u00a0: services sociaux et communautaires, services de sant\u00e9 et autres services du gouvernement de l\u2019Ontario. Autres ressources : Centre psychosocial Aller au site web Centre francophone de sant\u00e9 mentale pour enfants, jeunes &#8230; <a title=\"Ressources enfants et parents\" class=\"read-more\" href=\"http:\/\/www.crcoc.ca\/fr\/on-y-va\/ressources-enfants-parents\/\">Read more<\/a><\/p>\n","protected":false},"author":1,"featured_media":0,"parent":839,"menu_order":0,"comment_status":"closed","ping_status":"closed","template":"","meta":{"footnotes":""},"class_list":["post-1902","page","type-page","status-publish"],"yoast_head":"<!-- This site is optimized with the Yoast SEO plugin v27.3 - https:\/\/yoast.com\/product\/yoast-seo-wordpress\/ -->\n<title>Ressources enfants et parents - CRCOC - OCCRC<\/title>\n<meta name=\"robots\" content=\"index, follow, max-snippet:-1, max-image-preview:large, max-video-preview:-1\" \/>\n<link rel=\"canonical\" href=\"http:\/\/www.crcoc.ca\/fr\/on-y-va\/ressources-enfants-parents\/\" \/>\n<meta property=\"og:locale\" content=\"fr_FR\" \/>\n<meta property=\"og:type\" content=\"article\" \/>\n<meta property=\"og:title\" content=\"Ressources enfants et parents - CRCOC - OCCRC\" \/>\n<meta property=\"og:description\" content=\"Service 211 Ontario Aller au site web Ligne d\u2019aide t\u00e9l\u00e9phonique (2-1-1) Service 211 Ontario peut vous diriger vers les ressources dont vous avez besoin\u00a0: services sociaux et communautaires, services de sant\u00e9 et autres services du gouvernement de l\u2019Ontario. Autres ressources : Centre psychosocial Aller au site web Centre francophone de sant\u00e9 mentale pour enfants, jeunes ... Read more\" \/>\n<meta property=\"og:url\" content=\"http:\/\/www.crcoc.ca\/fr\/on-y-va\/ressources-enfants-parents\/\" \/>\n<meta property=\"og:site_name\" content=\"CRCOC - OCCRC\" \/>\n<meta property=\"article:publisher\" content=\"https:\/\/www.facebook.com\/OCCRC.CRCOC\/\" \/>\n<meta property=\"article:modified_time\" content=\"2019-03-15T16:12:48+00:00\" \/>\n<meta property=\"og:image\" content=\"http:\/\/crcoc.ca\/wp-content\/uploads\/2019\/02\/partners_logo_211_ontario.png\" \/>\n<meta name=\"twitter:card\" content=\"summary_large_image\" \/>\n<meta name=\"twitter:site\" content=\"@OCCRC_CRCOC\" \/>\n<meta name=\"twitter:label1\" content=\"Dur\u00e9e de lecture estim\u00e9e\" \/>\n\t<meta name=\"twitter:data1\" content=\"1 minute\" \/>\n<script type=\"application\/ld+json\" class=\"yoast-schema-graph\">{\"@context\":\"https:\\\/\\\/schema.org\",\"@graph\":[{\"@type\":\"WebPage\",\"@id\":\"http:\\\/\\\/www.crcoc.ca\\\/fr\\\/on-y-va\\\/ressources-enfants-parents\\\/\",\"url\":\"http:\\\/\\\/www.crcoc.ca\\\/fr\\\/on-y-va\\\/ressources-enfants-parents\\\/\",\"name\":\"Ressources enfants et parents - CRCOC - OCCRC\",\"isPartOf\":{\"@id\":\"https:\\\/\\\/www.crcoc.ca\\\/fr\\\/#website\"},\"primaryImageOfPage\":{\"@id\":\"http:\\\/\\\/www.crcoc.ca\\\/fr\\\/on-y-va\\\/ressources-enfants-parents\\\/#primaryimage\"},\"image\":{\"@id\":\"http:\\\/\\\/www.crcoc.ca\\\/fr\\\/on-y-va\\\/ressources-enfants-parents\\\/#primaryimage\"},\"thumbnailUrl\":\"http:\\\/\\\/crcoc.ca\\\/wp-content\\\/uploads\\\/2019\\\/02\\\/partners_logo_211_ontario.png\",\"datePublished\":\"2019-02-19T21:04:58+00:00\",\"dateModified\":\"2019-03-15T16:12:48+00:00\",\"breadcrumb\":{\"@id\":\"http:\\\/\\\/www.crcoc.ca\\\/fr\\\/on-y-va\\\/ressources-enfants-parents\\\/#breadcrumb\"},\"inLanguage\":\"fr-FR\",\"potentialAction\":[{\"@type\":\"ReadAction\",\"target\":[\"http:\\\/\\\/www.crcoc.ca\\\/fr\\\/on-y-va\\\/ressources-enfants-parents\\\/\"]}]},{\"@type\":\"ImageObject\",\"inLanguage\":\"fr-FR\",\"@id\":\"http:\\\/\\\/www.crcoc.ca\\\/fr\\\/on-y-va\\\/ressources-enfants-parents\\\/#primaryimage\",\"url\":\"http:\\\/\\\/crcoc.ca\\\/wp-content\\\/uploads\\\/2019\\\/02\\\/partners_logo_211_ontario.png\",\"contentUrl\":\"http:\\\/\\\/crcoc.ca\\\/wp-content\\\/uploads\\\/2019\\\/02\\\/partners_logo_211_ontario.png\"},{\"@type\":\"BreadcrumbList\",\"@id\":\"http:\\\/\\\/www.crcoc.ca\\\/fr\\\/on-y-va\\\/ressources-enfants-parents\\\/#breadcrumb\",\"itemListElement\":[{\"@type\":\"ListItem\",\"position\":1,\"name\":\"Home\",\"item\":\"http:\\\/\\\/www.crcoc.ca\\\/fr\\\/\"},{\"@type\":\"ListItem\",\"position\":2,\"name\":\"ON y va\",\"item\":\"http:\\\/\\\/www.crcoc.ca\\\/fr\\\/on-y-va\\\/\"},{\"@type\":\"ListItem\",\"position\":3,\"name\":\"Ressources enfants et parents\"}]},{\"@type\":\"WebSite\",\"@id\":\"https:\\\/\\\/www.crcoc.ca\\\/fr\\\/#website\",\"url\":\"https:\\\/\\\/www.crcoc.ca\\\/fr\\\/\",\"name\":\"CRCOC - OCCRC\",\"description\":\"Centre de ressources communautaires Orl\u00e9ans-Cumberland | Orl\u00e9ans-Cumberland Community Resource Center\",\"publisher\":{\"@id\":\"https:\\\/\\\/www.crcoc.ca\\\/fr\\\/#organization\"},\"potentialAction\":[{\"@type\":\"SearchAction\",\"target\":{\"@type\":\"EntryPoint\",\"urlTemplate\":\"https:\\\/\\\/www.crcoc.ca\\\/fr\\\/?s={search_term_string}\"},\"query-input\":{\"@type\":\"PropertyValueSpecification\",\"valueRequired\":true,\"valueName\":\"search_term_string\"}}],\"inLanguage\":\"fr-FR\"},{\"@type\":\"Organization\",\"@id\":\"https:\\\/\\\/www.crcoc.ca\\\/fr\\\/#organization\",\"name\":\"Orl\u00e9ans-Cumberland Community Resource Centre\",\"url\":\"https:\\\/\\\/www.crcoc.ca\\\/fr\\\/\",\"logo\":{\"@type\":\"ImageObject\",\"inLanguage\":\"fr-FR\",\"@id\":\"https:\\\/\\\/www.crcoc.ca\\\/fr\\\/#\\\/schema\\\/logo\\\/image\\\/\",\"url\":\"https:\\\/\\\/www.crcoc.ca\\\/wp-content\\\/uploads\\\/2019\\\/01\\\/cropped-Logo_OCCRCeachside-1.png\",\"contentUrl\":\"https:\\\/\\\/www.crcoc.ca\\\/wp-content\\\/uploads\\\/2019\\\/01\\\/cropped-Logo_OCCRCeachside-1.png\",\"width\":512,\"height\":512,\"caption\":\"Orl\u00e9ans-Cumberland Community Resource Centre\"},\"image\":{\"@id\":\"https:\\\/\\\/www.crcoc.ca\\\/fr\\\/#\\\/schema\\\/logo\\\/image\\\/\"},\"sameAs\":[\"https:\\\/\\\/www.facebook.com\\\/OCCRC.CRCOC\\\/\",\"https:\\\/\\\/x.com\\\/OCCRC_CRCOC\",\"https:\\\/\\\/instagram.com\\\/occrcyp_crcocpj\\\/\"]}]}<\/script>\n<!-- \/ Yoast SEO plugin. -->","yoast_head_json":{"title":"Ressources enfants et parents - CRCOC - OCCRC","robots":{"index":"index","follow":"follow","max-snippet":"max-snippet:-1","max-image-preview":"max-image-preview:large","max-video-preview":"max-video-preview:-1"},"canonical":"http:\/\/www.crcoc.ca\/fr\/on-y-va\/ressources-enfants-parents\/","og_locale":"fr_FR","og_type":"article","og_title":"Ressources enfants et parents - CRCOC - OCCRC","og_description":"Service 211 Ontario Aller au site web Ligne d\u2019aide t\u00e9l\u00e9phonique (2-1-1) Service 211 Ontario peut vous diriger vers les ressources dont vous avez besoin\u00a0: services sociaux et communautaires, services de sant\u00e9 et autres services du gouvernement de l\u2019Ontario. Autres ressources : Centre psychosocial Aller au site web Centre francophone de sant\u00e9 mentale pour enfants, jeunes ... Read more","og_url":"http:\/\/www.crcoc.ca\/fr\/on-y-va\/ressources-enfants-parents\/","og_site_name":"CRCOC - OCCRC","article_publisher":"https:\/\/www.facebook.com\/OCCRC.CRCOC\/","article_modified_time":"2019-03-15T16:12:48+00:00","og_image":[{"url":"http:\/\/crcoc.ca\/wp-content\/uploads\/2019\/02\/partners_logo_211_ontario.png","type":"","width":"","height":""}],"twitter_card":"summary_large_image","twitter_site":"@OCCRC_CRCOC","twitter_misc":{"Dur\u00e9e de lecture estim\u00e9e":"1 minute"},"schema":{"@context":"https:\/\/schema.org","@graph":[{"@type":"WebPage","@id":"http:\/\/www.crcoc.ca\/fr\/on-y-va\/ressources-enfants-parents\/","url":"http:\/\/www.crcoc.ca\/fr\/on-y-va\/ressources-enfants-parents\/","name":"Ressources enfants et parents - CRCOC - OCCRC","isPartOf":{"@id":"https:\/\/www.crcoc.ca\/fr\/#website"},"primaryImageOfPage":{"@id":"http:\/\/www.crcoc.ca\/fr\/on-y-va\/ressources-enfants-parents\/#primaryimage"},"image":{"@id":"http:\/\/www.crcoc.ca\/fr\/on-y-va\/ressources-enfants-parents\/#primaryimage"},"thumbnailUrl":"http:\/\/crcoc.ca\/wp-content\/uploads\/2019\/02\/partners_logo_211_ontario.png","datePublished":"2019-02-19T21:04:58+00:00","dateModified":"2019-03-15T16:12:48+00:00","breadcrumb":{"@id":"http:\/\/www.crcoc.ca\/fr\/on-y-va\/ressources-enfants-parents\/#breadcrumb"},"inLanguage":"fr-FR","potentialAction":[{"@type":"ReadAction","target":["http:\/\/www.crcoc.ca\/fr\/on-y-va\/ressources-enfants-parents\/"]}]},{"@type":"ImageObject","inLanguage":"fr-FR","@id":"http:\/\/www.crcoc.ca\/fr\/on-y-va\/ressources-enfants-parents\/#primaryimage","url":"http:\/\/crcoc.ca\/wp-content\/uploads\/2019\/02\/partners_logo_211_ontario.png","contentUrl":"http:\/\/crcoc.ca\/wp-content\/uploads\/2019\/02\/partners_logo_211_ontario.png"},{"@type":"BreadcrumbList","@id":"http:\/\/www.crcoc.ca\/fr\/on-y-va\/ressources-enfants-parents\/#breadcrumb","itemListElement":[{"@type":"ListItem","position":1,"name":"Home","item":"http:\/\/www.crcoc.ca\/fr\/"},{"@type":"ListItem","position":2,"name":"ON y va","item":"http:\/\/www.crcoc.ca\/fr\/on-y-va\/"},{"@type":"ListItem","position":3,"name":"Ressources enfants et parents"}]},{"@type":"WebSite","@id":"https:\/\/www.crcoc.ca\/fr\/#website","url":"https:\/\/www.crcoc.ca\/fr\/","name":"CRCOC - OCCRC","description":"Centre de ressources communautaires Orl\u00e9ans-Cumberland | Orl\u00e9ans-Cumberland Community Resource Center","publisher":{"@id":"https:\/\/www.crcoc.ca\/fr\/#organization"},"potentialAction":[{"@type":"SearchAction","target":{"@type":"EntryPoint","urlTemplate":"https:\/\/www.crcoc.ca\/fr\/?s={search_term_string}"},"query-input":{"@type":"PropertyValueSpecification","valueRequired":true,"valueName":"search_term_string"}}],"inLanguage":"fr-FR"},{"@type":"Organization","@id":"https:\/\/www.crcoc.ca\/fr\/#organization","name":"Orl\u00e9ans-Cumberland Community Resource Centre","url":"https:\/\/www.crcoc.ca\/fr\/","logo":{"@type":"ImageObject","inLanguage":"fr-FR","@id":"https:\/\/www.crcoc.ca\/fr\/#\/schema\/logo\/image\/","url":"https:\/\/www.crcoc.ca\/wp-content\/uploads\/2019\/01\/cropped-Logo_OCCRCeachside-1.png","contentUrl":"https:\/\/www.crcoc.ca\/wp-content\/uploads\/2019\/01\/cropped-Logo_OCCRCeachside-1.png","width":512,"height":512,"caption":"Orl\u00e9ans-Cumberland Community Resource Centre"},"image":{"@id":"https:\/\/www.crcoc.ca\/fr\/#\/schema\/logo\/image\/"},"sameAs":["https:\/\/www.facebook.com\/OCCRC.CRCOC\/","https:\/\/x.com\/OCCRC_CRCOC","https:\/\/instagram.com\/occrcyp_crcocpj\/"]}]}},"_links":{"self":[{"href":"http:\/\/www.crcoc.ca\/fr\/wp-json\/wp\/v2\/pages\/1902","targetHints":{"allow":["GET"]}}],"collection":[{"href":"http:\/\/www.crcoc.ca\/fr\/wp-json\/wp\/v2\/pages"}],"about":[{"href":"http:\/\/www.crcoc.ca\/fr\/wp-json\/wp\/v2\/types\/page"}],"author":[{"embeddable":true,"href":"http:\/\/www.crcoc.ca\/fr\/wp-json\/wp\/v2\/users\/1"}],"replies":[{"embeddable":true,"href":"http:\/\/www.crcoc.ca\/fr\/wp-json\/wp\/v2\/comments?post=1902"}],"version-history":[{"count":0,"href":"http:\/\/www.crcoc.ca\/fr\/wp-json\/wp\/v2\/pages\/1902\/revisions"}],"up":[{"embeddable":true,"href":"http:\/\/www.crcoc.ca\/fr\/wp-json\/wp\/v2\/pages\/839"}],"wp:attachment":[{"href":"http:\/\/www.crcoc.ca\/fr\/wp-json\/wp\/v2\/media?parent=1902"}],"curies":[{"name":"wp","href":"https:\/\/api.w.org\/{rel}","templated":true}]}}