{"id":1437,"date":"2019-02-12T15:18:05","date_gmt":"2019-02-12T20:18:05","guid":{"rendered":"http:\/\/crcoc.ca\/financial-resources\/"},"modified":"2019-03-19T10:23:20","modified_gmt":"2019-03-19T14:23:20","slug":"ressources-financieres","status":"publish","type":"page","link":"http:\/\/www.crcoc.ca\/fr\/adultes\/ressources-financieres\/","title":{"rendered":"Ressources financi\u00e8res"},"content":{"rendered":"\t\t<div data-elementor-type=\"wp-post\" data-elementor-id=\"1437\" class=\"elementor elementor-1437 elementor-1429\" data-elementor-post-type=\"page\">\n\t\t\t\t\t\t<section class=\"elementor-section elementor-top-section elementor-element elementor-element-5f0a049 elementor-section-boxed elementor-section-height-default elementor-section-height-default\" data-id=\"5f0a049\" data-element_type=\"section\" data-e-type=\"section\">\n\t\t\t\t\t\t<div class=\"elementor-container elementor-column-gap-default\">\n\t\t\t\t\t<div class=\"elementor-column elementor-col-100 elementor-top-column elementor-element elementor-element-8280074\" data-id=\"8280074\" data-element_type=\"column\" data-e-type=\"column\">\n\t\t\t<div class=\"elementor-widget-wrap elementor-element-populated\">\n\t\t\t\t\t\t<section class=\"elementor-section elementor-inner-section elementor-element elementor-element-f45c349 elementor-section-boxed elementor-section-height-default elementor-section-height-default\" data-id=\"f45c349\" data-element_type=\"section\" data-e-type=\"section\">\n\t\t\t\t\t\t<div class=\"elementor-container elementor-column-gap-default\">\n\t\t\t\t\t<div class=\"elementor-column elementor-col-25 elementor-inner-column elementor-element elementor-element-6fd0bb4\" data-id=\"6fd0bb4\" data-element_type=\"column\" data-e-type=\"column\">\n\t\t\t<div class=\"elementor-widget-wrap elementor-element-populated\">\n\t\t\t\t\t\t<div class=\"elementor-element elementor-element-d7de3c2 elementor-widget elementor-widget-image\" data-id=\"d7de3c2\" data-element_type=\"widget\" data-e-type=\"widget\" data-widget_type=\"image.default\">\n\t\t\t\t<div class=\"elementor-widget-container\">\n\t\t\t\t\t\t\t\t\t\t\t\t<figure class=\"wp-caption\">\n\t\t\t\t\t\t\t\t\t\t\t<a href=\"https:\/\/211ontario.ca\/fr\/211-sujets\/parcourir-tous-les-sujets\/\">\n\t\t\t\t\t\t\t<img decoding=\"async\" src=\"http:\/\/www.crcoc.ca\/wp-content\/uploads\/elementor\/thumbs\/partners_logo_211_ontario-ox5kfhgabnuxl0t5bivrdwy4bmdv0bds2b8v8k3bb4.png\" title=\"partners_logo_211_ontario\" alt=\"partners_logo_211_ontario\" loading=\"lazy\" \/>\t\t\t\t\t\t\t\t<\/a>\n\t\t\t\t\t\t\t\t\t\t\t<figcaption class=\"widget-image-caption wp-caption-text\">Service 211 Ontario<\/figcaption>\n\t\t\t\t\t\t\t\t\t\t<\/figure>\n\t\t\t\t\t\t\t\t\t<\/div>\n\t\t\t\t<\/div>\n\t\t\t\t<div class=\"elementor-element elementor-element-352adec elementor-align-justify elementor-widget elementor-widget-button\" data-id=\"352adec\" data-element_type=\"widget\" data-e-type=\"widget\" data-widget_type=\"button.default\">\n\t\t\t\t<div class=\"elementor-widget-container\">\n\t\t\t\t\t\t\t\t\t<div class=\"elementor-button-wrapper\">\n\t\t\t\t\t<a class=\"elementor-button elementor-button-link elementor-size-sm\" href=\"https:\/\/211ontario.ca\/fr\/211-sujets\/parcourir-tous-les-sujets\/\">\n\t\t\t\t\t\t<span class=\"elementor-button-content-wrapper\">\n\t\t\t\t\t\t\t\t\t<span class=\"elementor-button-text\">Aller au site web<\/span>\n\t\t\t\t\t<\/span>\n\t\t\t\t\t<\/a>\n\t\t\t\t<\/div>\n\t\t\t\t\t\t\t\t<\/div>\n\t\t\t\t<\/div>\n\t\t\t\t<div class=\"elementor-element elementor-element-86cf07d elementor-widget elementor-widget-text-editor\" data-id=\"86cf07d\" data-element_type=\"widget\" data-e-type=\"widget\" data-widget_type=\"text-editor.default\">\n\t\t\t\t<div class=\"elementor-widget-container\">\n\t\t\t\t\t\t\t\t\t<ul><li>Ligne d\u2019aide t\u00e9l\u00e9phonique (2-1-1)<\/li><li>Service 211 Ontario peut vous diriger vers les ressources dont vous avez besoin\u00a0: services sociaux et communautaires, services de sant\u00e9 et autres services du gouvernement de l\u2019Ontario<\/li><\/ul>\t\t\t\t\t\t\t\t<\/div>\n\t\t\t\t<\/div>\n\t\t\t\t\t<\/div>\n\t\t<\/div>\n\t\t\t\t<div class=\"elementor-column elementor-col-25 elementor-inner-column elementor-element elementor-element-b48ab45\" data-id=\"b48ab45\" data-element_type=\"column\" data-e-type=\"column\">\n\t\t\t<div class=\"elementor-widget-wrap elementor-element-populated\">\n\t\t\t\t\t\t<div class=\"elementor-element elementor-element-782d627 elementor-widget elementor-widget-image\" data-id=\"782d627\" data-element_type=\"widget\" data-e-type=\"widget\" data-widget_type=\"image.default\">\n\t\t\t\t<div class=\"elementor-widget-container\">\n\t\t\t\t\t\t\t\t\t\t\t\t<figure class=\"wp-caption\">\n\t\t\t\t\t\t\t\t\t\t\t<a href=\"https:\/\/211ontario.ca\/fr\/211-sujets\/parcourir-tous-les-sujets\/\">\n\t\t\t\t\t\t\t<img decoding=\"async\" src=\"http:\/\/www.crcoc.ca\/wp-content\/uploads\/elementor\/thumbs\/snowsuit-fund_logo-ox5kfhgabnuxl0t5bivrdwy4bmdv0bds2b8v8k3bb4.jpg\" title=\"snowsuit fund_logo\" alt=\"snowsuit fund_logo\" loading=\"lazy\" \/>\t\t\t\t\t\t\t\t<\/a>\n\t\t\t\t\t\t\t\t\t\t\t<figcaption class=\"widget-image-caption wp-caption-text\">Le Fonds Habineige<\/figcaption>\n\t\t\t\t\t\t\t\t\t\t<\/figure>\n\t\t\t\t\t\t\t\t\t<\/div>\n\t\t\t\t<\/div>\n\t\t\t\t<div class=\"elementor-element elementor-element-256efd1 elementor-align-justify elementor-widget elementor-widget-button\" data-id=\"256efd1\" data-element_type=\"widget\" data-e-type=\"widget\" data-widget_type=\"button.default\">\n\t\t\t\t<div class=\"elementor-widget-container\">\n\t\t\t\t\t\t\t\t\t<div class=\"elementor-button-wrapper\">\n\t\t\t\t\t<a class=\"elementor-button elementor-button-link elementor-size-sm\" href=\"https:\/\/211ontario.ca\/fr\/211-sujets\/parcourir-tous-les-sujets\/\">\n\t\t\t\t\t\t<span class=\"elementor-button-content-wrapper\">\n\t\t\t\t\t\t\t\t\t<span class=\"elementor-button-text\">Aller au site web<\/span>\n\t\t\t\t\t<\/span>\n\t\t\t\t\t<\/a>\n\t\t\t\t<\/div>\n\t\t\t\t\t\t\t\t<\/div>\n\t\t\t\t<\/div>\n\t\t\t\t<div class=\"elementor-element elementor-element-c112313 elementor-widget elementor-widget-text-editor\" data-id=\"c112313\" data-element_type=\"widget\" data-e-type=\"widget\" data-widget_type=\"text-editor.default\">\n\t\t\t\t<div class=\"elementor-widget-container\">\n\t\t\t\t\t\t\t\t\t<ul><li>Amasse les fonds n\u00e9cessaires \u00e0 l\u2019achat et \u00e0 la distribution d\u2019habits de neige pour les enfants dans le besoin de 15 ans et moins<\/li><li>Organisme de bienfaisance de la r\u00e9gion d\u2019Ottawa<\/li><\/ul>\t\t\t\t\t\t\t\t<\/div>\n\t\t\t\t<\/div>\n\t\t\t\t\t<\/div>\n\t\t<\/div>\n\t\t\t\t<div class=\"elementor-column elementor-col-25 elementor-inner-column elementor-element elementor-element-a0f4a92\" data-id=\"a0f4a92\" data-element_type=\"column\" data-e-type=\"column\">\n\t\t\t<div class=\"elementor-widget-wrap elementor-element-populated\">\n\t\t\t\t\t\t<div class=\"elementor-element elementor-element-013c076 elementor-widget elementor-widget-image\" data-id=\"013c076\" data-element_type=\"widget\" data-e-type=\"widget\" data-widget_type=\"image.default\">\n\t\t\t\t<div class=\"elementor-widget-container\">\n\t\t\t\t\t\t\t\t\t\t\t\t<figure class=\"wp-caption\">\n\t\t\t\t\t\t\t\t\t\t\t<a href=\"https:\/\/www.centre-ebo.com\/fr\/\">\n\t\t\t\t\t\t\t<img decoding=\"async\" src=\"http:\/\/www.crcoc.ca\/wp-content\/uploads\/elementor\/thumbs\/EBO-ox5kfhgabnuxl0t5bivrdwy4bmdv0bds2b8v8k3bb4.png\" title=\"EBO\" alt=\"EBO\" loading=\"lazy\" \/>\t\t\t\t\t\t\t\t<\/a>\n\t\t\t\t\t\t\t\t\t\t\t<figcaption class=\"widget-image-caption wp-caption-text\">Centre d\u2019\u00e9ducation financi\u00e8re EBO<\/figcaption>\n\t\t\t\t\t\t\t\t\t\t<\/figure>\n\t\t\t\t\t\t\t\t\t<\/div>\n\t\t\t\t<\/div>\n\t\t\t\t<div class=\"elementor-element elementor-element-240d95b elementor-align-justify elementor-widget elementor-widget-button\" data-id=\"240d95b\" data-element_type=\"widget\" data-e-type=\"widget\" data-widget_type=\"button.default\">\n\t\t\t\t<div class=\"elementor-widget-container\">\n\t\t\t\t\t\t\t\t\t<div class=\"elementor-button-wrapper\">\n\t\t\t\t\t<a class=\"elementor-button elementor-button-link elementor-size-sm\" href=\"https:\/\/www.centre-ebo.com\/fr\/\">\n\t\t\t\t\t\t<span class=\"elementor-button-content-wrapper\">\n\t\t\t\t\t\t\t\t\t<span class=\"elementor-button-text\">Aller au site web<\/span>\n\t\t\t\t\t<\/span>\n\t\t\t\t\t<\/a>\n\t\t\t\t<\/div>\n\t\t\t\t\t\t\t\t<\/div>\n\t\t\t\t<\/div>\n\t\t\t\t<div class=\"elementor-element elementor-element-616ed2f elementor-widget elementor-widget-text-editor\" data-id=\"616ed2f\" data-element_type=\"widget\" data-e-type=\"widget\" data-widget_type=\"text-editor.default\">\n\t\t\t\t<div class=\"elementor-widget-container\">\n\t\t\t\t\t\t\t\t\t<ul><li>Services gratuits en anglais et en fran\u00e7ais aux r\u00e9sidents \u00e0 faible revenu de la Ville d\u2019Ottawa<\/li><li>Consultation budg\u00e9taire<\/li><li>OASIS-conseil budget<\/li><li>\u00c9ducation sur les finances<\/li><li>Service d\u2019imp\u00f4ts<\/li><\/ul>\t\t\t\t\t\t\t\t<\/div>\n\t\t\t\t<\/div>\n\t\t\t\t\t<\/div>\n\t\t<\/div>\n\t\t\t\t<div class=\"elementor-column elementor-col-25 elementor-inner-column elementor-element elementor-element-9d9b192\" data-id=\"9d9b192\" data-element_type=\"column\" data-e-type=\"column\">\n\t\t\t<div class=\"elementor-widget-wrap elementor-element-populated\">\n\t\t\t\t\t\t<div class=\"elementor-element elementor-element-10f921f elementor-widget elementor-widget-image\" data-id=\"10f921f\" data-element_type=\"widget\" data-e-type=\"widget\" data-widget_type=\"image.default\">\n\t\t\t\t<div class=\"elementor-widget-container\">\n\t\t\t\t\t\t\t\t\t\t\t\t<figure class=\"wp-caption\">\n\t\t\t\t\t\t\t\t\t\t\t<a href=\"https:\/\/www.ontario.ca\/fr\/page\/obtenez-une-prise-en-charge-pour-vos-medicaments-dordonnance#section-0\">\n\t\t\t\t\t\t\t<img decoding=\"async\" src=\"http:\/\/www.crcoc.ca\/wp-content\/uploads\/elementor\/thumbs\/Ontario-logo-big-ox5kfhgabnuxl0t5bivrdwy4bmdv0bds2b8v8k3bb4.jpg\" title=\"Ontario logo big\" alt=\"Ontario logo big\" loading=\"lazy\" \/>\t\t\t\t\t\t\t\t<\/a>\n\t\t\t\t\t\t\t\t\t\t\t<figcaption class=\"widget-image-caption wp-caption-text\">Programme de m\u00e9dicaments de l\u2019Ontario<\/figcaption>\n\t\t\t\t\t\t\t\t\t\t<\/figure>\n\t\t\t\t\t\t\t\t\t<\/div>\n\t\t\t\t<\/div>\n\t\t\t\t<div class=\"elementor-element elementor-element-1e32252 elementor-align-justify elementor-widget elementor-widget-button\" data-id=\"1e32252\" data-element_type=\"widget\" data-e-type=\"widget\" data-widget_type=\"button.default\">\n\t\t\t\t<div class=\"elementor-widget-container\">\n\t\t\t\t\t\t\t\t\t<div class=\"elementor-button-wrapper\">\n\t\t\t\t\t<a class=\"elementor-button elementor-button-link elementor-size-sm\" href=\"https:\/\/www.ontario.ca\/fr\/page\/obtenez-une-prise-en-charge-pour-vos-medicaments-dordonnance#section-0\">\n\t\t\t\t\t\t<span class=\"elementor-button-content-wrapper\">\n\t\t\t\t\t\t\t\t\t<span class=\"elementor-button-text\">Aller au site web<\/span>\n\t\t\t\t\t<\/span>\n\t\t\t\t\t<\/a>\n\t\t\t\t<\/div>\n\t\t\t\t\t\t\t\t<\/div>\n\t\t\t\t<\/div>\n\t\t\t\t<div class=\"elementor-element elementor-element-f9b941e elementor-widget elementor-widget-text-editor\" data-id=\"f9b941e\" data-element_type=\"widget\" data-e-type=\"widget\" data-widget_type=\"text-editor.default\">\n\t\t\t\t<div class=\"elementor-widget-container\">\n\t\t\t\t\t\t\t\t\t<p>Une personne peut \u00eatre admissible \u00e0 ce programme avant l\u2019\u00e2ge de 65 ans si elle satisfait \u00e0 certaines conditions.<\/p>\t\t\t\t\t\t\t\t<\/div>\n\t\t\t\t<\/div>\n\t\t\t\t\t<\/div>\n\t\t<\/div>\n\t\t\t\t\t<\/div>\n\t\t<\/section>\n\t\t\t\t\t<\/div>\n\t\t<\/div>\n\t\t\t\t\t<\/div>\n\t\t<\/section>\n\t\t\t\t<\/div>\n\t\t","protected":false},"excerpt":{"rendered":"<p>Service 211 Ontario Aller au site web Ligne d\u2019aide t\u00e9l\u00e9phonique (2-1-1) Service 211 Ontario peut vous diriger vers les ressources dont vous avez besoin&nbsp;: services sociaux et communautaires, services de sant\u00e9 et autres services du gouvernement de l\u2019Ontario Le Fonds Habineige Aller au site web Amasse les fonds n\u00e9cessaires \u00e0 l\u2019achat et \u00e0 la distribution &#8230; <a title=\"Ressources financi\u00e8res\" class=\"read-more\" href=\"http:\/\/www.crcoc.ca\/fr\/adultes\/ressources-financieres\/\">Read more<\/a><\/p>\n","protected":false},"author":1,"featured_media":0,"parent":684,"menu_order":0,"comment_status":"closed","ping_status":"closed","template":"","meta":{"footnotes":""},"class_list":["post-1437","page","type-page","status-publish"],"yoast_head":"<!-- This site is optimized with the Yoast SEO plugin v27.3 - https:\/\/yoast.com\/product\/yoast-seo-wordpress\/ -->\n<title>Ressources financi\u00e8res - CRCOC - OCCRC<\/title>\n<meta name=\"robots\" content=\"index, follow, max-snippet:-1, max-image-preview:large, max-video-preview:-1\" \/>\n<link rel=\"canonical\" href=\"http:\/\/www.crcoc.ca\/fr\/adultes\/ressources-financieres\/\" \/>\n<meta property=\"og:locale\" content=\"fr_FR\" \/>\n<meta property=\"og:type\" content=\"article\" \/>\n<meta property=\"og:title\" content=\"Ressources financi\u00e8res - CRCOC - OCCRC\" \/>\n<meta property=\"og:description\" content=\"Service 211 Ontario Aller au site web Ligne d\u2019aide t\u00e9l\u00e9phonique (2-1-1) Service 211 Ontario peut vous diriger vers les ressources dont vous avez besoin&nbsp;: services sociaux et communautaires, services de sant\u00e9 et autres services du gouvernement de l\u2019Ontario Le Fonds Habineige Aller au site web Amasse les fonds n\u00e9cessaires \u00e0 l\u2019achat et \u00e0 la distribution ... Read more\" \/>\n<meta property=\"og:url\" content=\"http:\/\/www.crcoc.ca\/fr\/adultes\/ressources-financieres\/\" \/>\n<meta property=\"og:site_name\" content=\"CRCOC - OCCRC\" \/>\n<meta property=\"article:publisher\" content=\"https:\/\/www.facebook.com\/OCCRC.CRCOC\/\" \/>\n<meta property=\"article:modified_time\" content=\"2019-03-19T14:23:20+00:00\" \/>\n<meta property=\"og:image\" content=\"http:\/\/crcoc.ca\/wp-content\/uploads\/elementor\/thumbs\/partners_logo_211_ontario-o4tpzpxa3v559aiffdufrskzywvc0sj9gv5eex5tz4.png\" \/>\n<meta name=\"twitter:card\" content=\"summary_large_image\" \/>\n<meta name=\"twitter:site\" content=\"@OCCRC_CRCOC\" \/>\n<meta name=\"twitter:label1\" content=\"Dur\u00e9e de lecture estim\u00e9e\" \/>\n\t<meta name=\"twitter:data1\" content=\"1 minute\" \/>\n<script type=\"application\/ld+json\" class=\"yoast-schema-graph\">{\"@context\":\"https:\\\/\\\/schema.org\",\"@graph\":[{\"@type\":\"WebPage\",\"@id\":\"http:\\\/\\\/www.crcoc.ca\\\/fr\\\/adultes\\\/ressources-financieres\\\/\",\"url\":\"http:\\\/\\\/www.crcoc.ca\\\/fr\\\/adultes\\\/ressources-financieres\\\/\",\"name\":\"Ressources financi\u00e8res - CRCOC - OCCRC\",\"isPartOf\":{\"@id\":\"https:\\\/\\\/www.crcoc.ca\\\/fr\\\/#website\"},\"primaryImageOfPage\":{\"@id\":\"http:\\\/\\\/www.crcoc.ca\\\/fr\\\/adultes\\\/ressources-financieres\\\/#primaryimage\"},\"image\":{\"@id\":\"http:\\\/\\\/www.crcoc.ca\\\/fr\\\/adultes\\\/ressources-financieres\\\/#primaryimage\"},\"thumbnailUrl\":\"http:\\\/\\\/crcoc.ca\\\/wp-content\\\/uploads\\\/elementor\\\/thumbs\\\/partners_logo_211_ontario-o4tpzpxa3v559aiffdufrskzywvc0sj9gv5eex5tz4.png\",\"datePublished\":\"2019-02-12T20:18:05+00:00\",\"dateModified\":\"2019-03-19T14:23:20+00:00\",\"breadcrumb\":{\"@id\":\"http:\\\/\\\/www.crcoc.ca\\\/fr\\\/adultes\\\/ressources-financieres\\\/#breadcrumb\"},\"inLanguage\":\"fr-FR\",\"potentialAction\":[{\"@type\":\"ReadAction\",\"target\":[\"http:\\\/\\\/www.crcoc.ca\\\/fr\\\/adultes\\\/ressources-financieres\\\/\"]}]},{\"@type\":\"ImageObject\",\"inLanguage\":\"fr-FR\",\"@id\":\"http:\\\/\\\/www.crcoc.ca\\\/fr\\\/adultes\\\/ressources-financieres\\\/#primaryimage\",\"url\":\"http:\\\/\\\/crcoc.ca\\\/wp-content\\\/uploads\\\/elementor\\\/thumbs\\\/partners_logo_211_ontario-o4tpzpxa3v559aiffdufrskzywvc0sj9gv5eex5tz4.png\",\"contentUrl\":\"http:\\\/\\\/crcoc.ca\\\/wp-content\\\/uploads\\\/elementor\\\/thumbs\\\/partners_logo_211_ontario-o4tpzpxa3v559aiffdufrskzywvc0sj9gv5eex5tz4.png\"},{\"@type\":\"BreadcrumbList\",\"@id\":\"http:\\\/\\\/www.crcoc.ca\\\/fr\\\/adultes\\\/ressources-financieres\\\/#breadcrumb\",\"itemListElement\":[{\"@type\":\"ListItem\",\"position\":1,\"name\":\"Home\",\"item\":\"http:\\\/\\\/www.crcoc.ca\\\/fr\\\/\"},{\"@type\":\"ListItem\",\"position\":2,\"name\":\"Adultes\",\"item\":\"https:\\\/\\\/www.crcoc.ca\\\/fr\\\/adultes\\\/\"},{\"@type\":\"ListItem\",\"position\":3,\"name\":\"Ressources financi\u00e8res\"}]},{\"@type\":\"WebSite\",\"@id\":\"https:\\\/\\\/www.crcoc.ca\\\/fr\\\/#website\",\"url\":\"https:\\\/\\\/www.crcoc.ca\\\/fr\\\/\",\"name\":\"CRCOC - OCCRC\",\"description\":\"Centre de ressources communautaires Orl\u00e9ans-Cumberland | Orl\u00e9ans-Cumberland Community Resource Center\",\"publisher\":{\"@id\":\"https:\\\/\\\/www.crcoc.ca\\\/fr\\\/#organization\"},\"potentialAction\":[{\"@type\":\"SearchAction\",\"target\":{\"@type\":\"EntryPoint\",\"urlTemplate\":\"https:\\\/\\\/www.crcoc.ca\\\/fr\\\/?s={search_term_string}\"},\"query-input\":{\"@type\":\"PropertyValueSpecification\",\"valueRequired\":true,\"valueName\":\"search_term_string\"}}],\"inLanguage\":\"fr-FR\"},{\"@type\":\"Organization\",\"@id\":\"https:\\\/\\\/www.crcoc.ca\\\/fr\\\/#organization\",\"name\":\"Orl\u00e9ans-Cumberland Community Resource Centre\",\"url\":\"https:\\\/\\\/www.crcoc.ca\\\/fr\\\/\",\"logo\":{\"@type\":\"ImageObject\",\"inLanguage\":\"fr-FR\",\"@id\":\"https:\\\/\\\/www.crcoc.ca\\\/fr\\\/#\\\/schema\\\/logo\\\/image\\\/\",\"url\":\"https:\\\/\\\/www.crcoc.ca\\\/wp-content\\\/uploads\\\/2019\\\/01\\\/cropped-Logo_OCCRCeachside-1.png\",\"contentUrl\":\"https:\\\/\\\/www.crcoc.ca\\\/wp-content\\\/uploads\\\/2019\\\/01\\\/cropped-Logo_OCCRCeachside-1.png\",\"width\":512,\"height\":512,\"caption\":\"Orl\u00e9ans-Cumberland Community Resource Centre\"},\"image\":{\"@id\":\"https:\\\/\\\/www.crcoc.ca\\\/fr\\\/#\\\/schema\\\/logo\\\/image\\\/\"},\"sameAs\":[\"https:\\\/\\\/www.facebook.com\\\/OCCRC.CRCOC\\\/\",\"https:\\\/\\\/x.com\\\/OCCRC_CRCOC\",\"https:\\\/\\\/instagram.com\\\/occrcyp_crcocpj\\\/\"]}]}<\/script>\n<!-- \/ Yoast SEO plugin. -->","yoast_head_json":{"title":"Ressources financi\u00e8res - CRCOC - OCCRC","robots":{"index":"index","follow":"follow","max-snippet":"max-snippet:-1","max-image-preview":"max-image-preview:large","max-video-preview":"max-video-preview:-1"},"canonical":"http:\/\/www.crcoc.ca\/fr\/adultes\/ressources-financieres\/","og_locale":"fr_FR","og_type":"article","og_title":"Ressources financi\u00e8res - CRCOC - OCCRC","og_description":"Service 211 Ontario Aller au site web Ligne d\u2019aide t\u00e9l\u00e9phonique (2-1-1) Service 211 Ontario peut vous diriger vers les ressources dont vous avez besoin&nbsp;: services sociaux et communautaires, services de sant\u00e9 et autres services du gouvernement de l\u2019Ontario Le Fonds Habineige Aller au site web Amasse les fonds n\u00e9cessaires \u00e0 l\u2019achat et \u00e0 la distribution ... Read more","og_url":"http:\/\/www.crcoc.ca\/fr\/adultes\/ressources-financieres\/","og_site_name":"CRCOC - OCCRC","article_publisher":"https:\/\/www.facebook.com\/OCCRC.CRCOC\/","article_modified_time":"2019-03-19T14:23:20+00:00","og_image":[{"url":"http:\/\/crcoc.ca\/wp-content\/uploads\/elementor\/thumbs\/partners_logo_211_ontario-o4tpzpxa3v559aiffdufrskzywvc0sj9gv5eex5tz4.png","type":"","width":"","height":""}],"twitter_card":"summary_large_image","twitter_site":"@OCCRC_CRCOC","twitter_misc":{"Dur\u00e9e de lecture estim\u00e9e":"1 minute"},"schema":{"@context":"https:\/\/schema.org","@graph":[{"@type":"WebPage","@id":"http:\/\/www.crcoc.ca\/fr\/adultes\/ressources-financieres\/","url":"http:\/\/www.crcoc.ca\/fr\/adultes\/ressources-financieres\/","name":"Ressources financi\u00e8res - CRCOC - OCCRC","isPartOf":{"@id":"https:\/\/www.crcoc.ca\/fr\/#website"},"primaryImageOfPage":{"@id":"http:\/\/www.crcoc.ca\/fr\/adultes\/ressources-financieres\/#primaryimage"},"image":{"@id":"http:\/\/www.crcoc.ca\/fr\/adultes\/ressources-financieres\/#primaryimage"},"thumbnailUrl":"http:\/\/crcoc.ca\/wp-content\/uploads\/elementor\/thumbs\/partners_logo_211_ontario-o4tpzpxa3v559aiffdufrskzywvc0sj9gv5eex5tz4.png","datePublished":"2019-02-12T20:18:05+00:00","dateModified":"2019-03-19T14:23:20+00:00","breadcrumb":{"@id":"http:\/\/www.crcoc.ca\/fr\/adultes\/ressources-financieres\/#breadcrumb"},"inLanguage":"fr-FR","potentialAction":[{"@type":"ReadAction","target":["http:\/\/www.crcoc.ca\/fr\/adultes\/ressources-financieres\/"]}]},{"@type":"ImageObject","inLanguage":"fr-FR","@id":"http:\/\/www.crcoc.ca\/fr\/adultes\/ressources-financieres\/#primaryimage","url":"http:\/\/crcoc.ca\/wp-content\/uploads\/elementor\/thumbs\/partners_logo_211_ontario-o4tpzpxa3v559aiffdufrskzywvc0sj9gv5eex5tz4.png","contentUrl":"http:\/\/crcoc.ca\/wp-content\/uploads\/elementor\/thumbs\/partners_logo_211_ontario-o4tpzpxa3v559aiffdufrskzywvc0sj9gv5eex5tz4.png"},{"@type":"BreadcrumbList","@id":"http:\/\/www.crcoc.ca\/fr\/adultes\/ressources-financieres\/#breadcrumb","itemListElement":[{"@type":"ListItem","position":1,"name":"Home","item":"http:\/\/www.crcoc.ca\/fr\/"},{"@type":"ListItem","position":2,"name":"Adultes","item":"https:\/\/www.crcoc.ca\/fr\/adultes\/"},{"@type":"ListItem","position":3,"name":"Ressources financi\u00e8res"}]},{"@type":"WebSite","@id":"https:\/\/www.crcoc.ca\/fr\/#website","url":"https:\/\/www.crcoc.ca\/fr\/","name":"CRCOC - OCCRC","description":"Centre de ressources communautaires Orl\u00e9ans-Cumberland | Orl\u00e9ans-Cumberland Community Resource Center","publisher":{"@id":"https:\/\/www.crcoc.ca\/fr\/#organization"},"potentialAction":[{"@type":"SearchAction","target":{"@type":"EntryPoint","urlTemplate":"https:\/\/www.crcoc.ca\/fr\/?s={search_term_string}"},"query-input":{"@type":"PropertyValueSpecification","valueRequired":true,"valueName":"search_term_string"}}],"inLanguage":"fr-FR"},{"@type":"Organization","@id":"https:\/\/www.crcoc.ca\/fr\/#organization","name":"Orl\u00e9ans-Cumberland Community Resource Centre","url":"https:\/\/www.crcoc.ca\/fr\/","logo":{"@type":"ImageObject","inLanguage":"fr-FR","@id":"https:\/\/www.crcoc.ca\/fr\/#\/schema\/logo\/image\/","url":"https:\/\/www.crcoc.ca\/wp-content\/uploads\/2019\/01\/cropped-Logo_OCCRCeachside-1.png","contentUrl":"https:\/\/www.crcoc.ca\/wp-content\/uploads\/2019\/01\/cropped-Logo_OCCRCeachside-1.png","width":512,"height":512,"caption":"Orl\u00e9ans-Cumberland Community Resource Centre"},"image":{"@id":"https:\/\/www.crcoc.ca\/fr\/#\/schema\/logo\/image\/"},"sameAs":["https:\/\/www.facebook.com\/OCCRC.CRCOC\/","https:\/\/x.com\/OCCRC_CRCOC","https:\/\/instagram.com\/occrcyp_crcocpj\/"]}]}},"_links":{"self":[{"href":"http:\/\/www.crcoc.ca\/fr\/wp-json\/wp\/v2\/pages\/1437","targetHints":{"allow":["GET"]}}],"collection":[{"href":"http:\/\/www.crcoc.ca\/fr\/wp-json\/wp\/v2\/pages"}],"about":[{"href":"http:\/\/www.crcoc.ca\/fr\/wp-json\/wp\/v2\/types\/page"}],"author":[{"embeddable":true,"href":"http:\/\/www.crcoc.ca\/fr\/wp-json\/wp\/v2\/users\/1"}],"replies":[{"embeddable":true,"href":"http:\/\/www.crcoc.ca\/fr\/wp-json\/wp\/v2\/comments?post=1437"}],"version-history":[{"count":0,"href":"http:\/\/www.crcoc.ca\/fr\/wp-json\/wp\/v2\/pages\/1437\/revisions"}],"up":[{"embeddable":true,"href":"http:\/\/www.crcoc.ca\/fr\/wp-json\/wp\/v2\/pages\/684"}],"wp:attachment":[{"href":"http:\/\/www.crcoc.ca\/fr\/wp-json\/wp\/v2\/media?parent=1437"}],"curies":[{"name":"wp","href":"https:\/\/api.w.org\/{rel}","templated":true}]}}