{"id":2035,"date":"2019-02-22T14:27:43","date_gmt":"2019-02-22T19:27:43","guid":{"rendered":"http:\/\/crcoc.ca\/?page_id=2035"},"modified":"2025-01-20T14:35:34","modified_gmt":"2025-01-20T19:35:34","slug":"subscribe-to-our-mailing-list","status":"publish","type":"page","link":"http:\/\/www.crcoc.ca\/en\/subscribe-to-our-mailing-list\/","title":{"rendered":"Subscribe to our mailing list"},"content":{"rendered":"\t\t<div data-elementor-type=\"wp-post\" data-elementor-id=\"2035\" class=\"elementor elementor-2035\" data-elementor-post-type=\"page\">\n\t\t\t\t\t\t<section class=\"elementor-section elementor-top-section elementor-element elementor-element-8325d28 elementor-section-boxed elementor-section-height-default elementor-section-height-default\" data-id=\"8325d28\" data-element_type=\"section\" data-e-type=\"section\">\n\t\t\t\t\t\t<div class=\"elementor-container elementor-column-gap-default\">\n\t\t\t\t\t<div class=\"elementor-column elementor-col-100 elementor-top-column elementor-element elementor-element-78ac849\" data-id=\"78ac849\" data-element_type=\"column\" data-e-type=\"column\">\n\t\t\t<div class=\"elementor-widget-wrap elementor-element-populated\">\n\t\t\t\t\t\t<div class=\"elementor-element elementor-element-69e1551 elementor-widget elementor-widget-html\" data-id=\"69e1551\" data-element_type=\"widget\" data-e-type=\"widget\" data-widget_type=\"html.default\">\n\t\t\t\t<div class=\"elementor-widget-container\">\n\t\t\t\t\t<div id=\"mc_embed_shell\">\n      <link href=\"\/\/cdn-images.mailchimp.com\/embedcode\/classic-061523.css\" rel=\"stylesheet\" type=\"text\/css\">\n  <style type=\"text\/css\">\n        #mc_embed_signup{background:#fff; false;clear:left; font:14px Helvetica,Arial,sans-serif; width: 600px;}\n        \/* Add your own Mailchimp form style overrides in your site stylesheet or in this style block.\n           We recommend moving this block and the preceding CSS link to the HEAD of your HTML file. *\/\n<\/style>\n<div id=\"mc_embed_signup\">\n    <form action=\"https:\/\/crcoc.us17.list-manage.com\/subscribe\/post?u=61d22092c1894b7983647232b&amp;id=534c16433f&amp;f_id=006de1e3f0\" method=\"post\" id=\"mc-embedded-subscribe-form\" name=\"mc-embedded-subscribe-form\" class=\"validate\" target=\"_blank\">\n        <div id=\"mc_embed_signup_scroll\"><h2>Subscribe<\/h2>\n            <div class=\"indicates-required\"><span class=\"asterisk\">*<\/span> indicates required<\/div>\n            <div class=\"mc-field-group\"><label for=\"mce-EMAIL\">Email <span class=\"asterisk\">*<\/span><\/label><input type=\"email\" name=\"EMAIL\" class=\"required email\" id=\"mce-EMAIL\" required=\"\" value=\"\"><\/div><div class=\"mc-field-group\"><label for=\"mce-TITRE\">Title <\/label><input type=\"text\" name=\"TITRE\" class=\" text\" id=\"mce-TITRE\" value=\"\"><\/div><div class=\"mc-field-group\"><label for=\"mce-FNAME\">First name <\/label><input type=\"text\" name=\"FNAME\" class=\" text\" id=\"mce-FNAME\" value=\"\"><\/div><div class=\"mc-field-group\"><label for=\"mce-LNAME\">Last name <\/label><input type=\"text\" name=\"LNAME\" class=\" text\" id=\"mce-LNAME\" value=\"\"><\/div><div class=\"mc-field-group input-group\"><strong>Interests <\/strong><ul><li><input type=\"checkbox\" name=\"group[5653][1]\" id=\"mce-group[5653]-5653-0\" value=\"\"><label for=\"mce-group[5653]-5653-0\">E-newsletter subscription<\/label><\/li><li><input type=\"checkbox\" name=\"group[5653][2]\" id=\"mce-group[5653]-5653-1\" value=\"\"><label for=\"mce-group[5653]-5653-1\">Fundraising events for the OCCRC<\/label><\/li><\/ul><\/div>\n        <div id=\"mce-responses\" class=\"clear\">\n            <div class=\"response\" id=\"mce-error-response\" style=\"display: none;\"><\/div>\n            <div class=\"response\" id=\"mce-success-response\" style=\"display: none;\"><\/div>\n        <\/div><div aria-hidden=\"true\" style=\"position: absolute; left: -5000px;\"><input type=\"text\" name=\"b_61d22092c1894b7983647232b_534c16433f\" tabindex=\"-1\" value=\"\"><\/div><div class=\"clear\"><input type=\"submit\" name=\"subscribe\" id=\"mc-embedded-subscribe\" class=\"button\" value=\"Subscribe\"><\/div>\n    <\/div>\n<\/form>\n<\/div>\n<script type=\"text\/javascript\" src=\"\/\/s3.amazonaws.com\/downloads.mailchimp.com\/js\/mc-validate.js\"><\/script><script type=\"text\/javascript\">(function($) {window.fnames = new Array(); window.ftypes = new Array();fnames[3]='LANGSELECT';ftypes[3]='radio';fnames[0]='EMAIL';ftypes[0]='email';fnames[8]='TITRE';ftypes[8]='text';fnames[1]='FNAME';ftypes[1]='text';fnames[2]='LNAME';ftypes[2]='text';fnames[20]='MMERGE20';ftypes[20]='date';fnames[19]='P10';ftypes[19]='number';fnames[18]='P9';ftypes[18]='number';fnames[17]='P8';ftypes[17]='number';fnames[16]='P7';ftypes[16]='number';fnames[15]='P6';ftypes[15]='number';fnames[14]='P5';ftypes[14]='number';fnames[13]='P4';ftypes[13]='number';fnames[12]='P3';ftypes[12]='number';fnames[11]='P2';ftypes[11]='number';fnames[10]='P1';ftypes[10]='number';fnames[9]='DON_PROG';ftypes[9]='text';fnames[7]='S_GROUPE';ftypes[7]='text';fnames[5]='GROUPE';ftypes[5]='text';fnames[6]='ORG';ftypes[6]='text';fnames[4]='CPE';ftypes[4]='radio';\/*\n * Translated default messages for the $ validation plugin.\n * Locale: FR\n *\/\n$.extend($.validator.messages, {\n        required: \"Ce champ est requis.\",\n        remote: \"Veuillez remplir ce champ pour continuer.\",\n        email: \"Veuillez entrer une adresse email valide.\",\n        url: \"Veuillez entrer une URL valide.\",\n        date: \"Veuillez entrer une date valide.\",\n        dateISO: \"Veuillez entrer une date valide (ISO).\",\n        number: \"Veuillez entrer un nombre valide.\",\n        digits: \"Veuillez entrer (seulement) une valeur num\u00e9rique.\",\n        creditcard: \"Veuillez entrer un num\u00e9ro de carte de cr\u00e9dit valide.\",\n        equalTo: \"Veuillez entrer une nouvelle fois la m\u00eame valeur.\",\n        accept: \"Veuillez entrer une valeur avec une extension valide.\",\n        maxlength: $.validator.format(\"Veuillez ne pas entrer plus de {0} caract\u00e8res.\"),\n        minlength: $.validator.format(\"Veuillez entrer au moins {0} caract\u00e8res.\"),\n        rangelength: $.validator.format(\"Veuillez entrer entre {0} et {1} caract\u00e8res.\"),\n        range: $.validator.format(\"Veuillez entrer une valeur entre {0} et {1}.\"),\n        max: $.validator.format(\"Veuillez entrer une valeur inf\u00e9rieure ou \u00e9gale \u00e0 {0}.\"),\n        min: $.validator.format(\"Veuillez entrer une valeur sup\u00e9rieure ou \u00e9gale \u00e0 {0}.\")\n});}(jQuery));var $mcj = jQuery.noConflict(true);<\/script><\/div>\n\t\t\t\t<\/div>\n\t\t\t\t<\/div>\n\t\t\t\t\t<\/div>\n\t\t<\/div>\n\t\t\t\t\t<\/div>\n\t\t<\/section>\n\t\t\t\t<\/div>\n\t\t","protected":false},"excerpt":{"rendered":"<p>Subscribe * indicates required Email *Title First name Last name Interests E-newsletter subscription Fundraising events for the OCCRC<\/p>\n","protected":false},"author":1,"featured_media":0,"parent":0,"menu_order":0,"comment_status":"closed","ping_status":"closed","template":"","meta":{"footnotes":""},"class_list":["post-2035","page","type-page","status-publish"],"yoast_head":"<!-- This site is optimized with the Yoast SEO plugin v27.3 - https:\/\/yoast.com\/product\/yoast-seo-wordpress\/ -->\n<title>Subscribe to our mailing list - CRCOC - OCCRC<\/title>\n<meta name=\"robots\" content=\"index, follow, max-snippet:-1, max-image-preview:large, max-video-preview:-1\" \/>\n<link rel=\"canonical\" href=\"http:\/\/www.crcoc.ca\/en\/subscribe-to-our-mailing-list\/\" \/>\n<meta property=\"og:locale\" content=\"en_US\" \/>\n<meta property=\"og:type\" content=\"article\" \/>\n<meta property=\"og:title\" content=\"Subscribe to our mailing list - CRCOC - OCCRC\" \/>\n<meta property=\"og:description\" content=\"Subscribe * indicates required Email *Title First name Last name Interests E-newsletter subscription Fundraising events for the OCCRC\" \/>\n<meta property=\"og:url\" content=\"http:\/\/www.crcoc.ca\/en\/subscribe-to-our-mailing-list\/\" \/>\n<meta property=\"og:site_name\" content=\"CRCOC - OCCRC\" \/>\n<meta property=\"article:publisher\" content=\"https:\/\/www.facebook.com\/OCCRC.CRCOC\/\" \/>\n<meta property=\"article:modified_time\" content=\"2025-01-20T19:35:34+00:00\" \/>\n<meta name=\"twitter:card\" content=\"summary_large_image\" \/>\n<meta name=\"twitter:site\" content=\"@OCCRC_CRCOC\" \/>\n<meta name=\"twitter:label1\" content=\"Est. reading time\" \/>\n\t<meta name=\"twitter:data1\" content=\"1 minute\" \/>\n<script type=\"application\/ld+json\" class=\"yoast-schema-graph\">{\"@context\":\"https:\\\/\\\/schema.org\",\"@graph\":[{\"@type\":\"WebPage\",\"@id\":\"http:\\\/\\\/www.crcoc.ca\\\/en\\\/subscribe-to-our-mailing-list\\\/\",\"url\":\"http:\\\/\\\/www.crcoc.ca\\\/en\\\/subscribe-to-our-mailing-list\\\/\",\"name\":\"Subscribe to our mailing list - CRCOC - OCCRC\",\"isPartOf\":{\"@id\":\"http:\\\/\\\/www.crcoc.ca\\\/en\\\/#website\"},\"datePublished\":\"2019-02-22T19:27:43+00:00\",\"dateModified\":\"2025-01-20T19:35:34+00:00\",\"breadcrumb\":{\"@id\":\"http:\\\/\\\/www.crcoc.ca\\\/en\\\/subscribe-to-our-mailing-list\\\/#breadcrumb\"},\"inLanguage\":\"en-US\",\"potentialAction\":[{\"@type\":\"ReadAction\",\"target\":[\"http:\\\/\\\/www.crcoc.ca\\\/en\\\/subscribe-to-our-mailing-list\\\/\"]}]},{\"@type\":\"BreadcrumbList\",\"@id\":\"http:\\\/\\\/www.crcoc.ca\\\/en\\\/subscribe-to-our-mailing-list\\\/#breadcrumb\",\"itemListElement\":[{\"@type\":\"ListItem\",\"position\":1,\"name\":\"Home\",\"item\":\"https:\\\/\\\/www.crcoc.ca\\\/en\\\/\"},{\"@type\":\"ListItem\",\"position\":2,\"name\":\"Subscribe to our mailing list\"}]},{\"@type\":\"WebSite\",\"@id\":\"http:\\\/\\\/www.crcoc.ca\\\/en\\\/#website\",\"url\":\"http:\\\/\\\/www.crcoc.ca\\\/en\\\/\",\"name\":\"CRCOC - OCCRC\",\"description\":\"Centre de ressources communautaires Orl\u00e9ans-Cumberland | Orl\u00e9ans-Cumberland Community Resource Center\",\"publisher\":{\"@id\":\"http:\\\/\\\/www.crcoc.ca\\\/en\\\/#organization\"},\"potentialAction\":[{\"@type\":\"SearchAction\",\"target\":{\"@type\":\"EntryPoint\",\"urlTemplate\":\"http:\\\/\\\/www.crcoc.ca\\\/en\\\/?s={search_term_string}\"},\"query-input\":{\"@type\":\"PropertyValueSpecification\",\"valueRequired\":true,\"valueName\":\"search_term_string\"}}],\"inLanguage\":\"en-US\"},{\"@type\":\"Organization\",\"@id\":\"http:\\\/\\\/www.crcoc.ca\\\/en\\\/#organization\",\"name\":\"Orl\u00e9ans-Cumberland Community Resource Centre\",\"url\":\"http:\\\/\\\/www.crcoc.ca\\\/en\\\/\",\"logo\":{\"@type\":\"ImageObject\",\"inLanguage\":\"en-US\",\"@id\":\"http:\\\/\\\/www.crcoc.ca\\\/en\\\/#\\\/schema\\\/logo\\\/image\\\/\",\"url\":\"https:\\\/\\\/www.crcoc.ca\\\/wp-content\\\/uploads\\\/2019\\\/01\\\/cropped-Logo_OCCRCeachside-1.png\",\"contentUrl\":\"https:\\\/\\\/www.crcoc.ca\\\/wp-content\\\/uploads\\\/2019\\\/01\\\/cropped-Logo_OCCRCeachside-1.png\",\"width\":512,\"height\":512,\"caption\":\"Orl\u00e9ans-Cumberland Community Resource Centre\"},\"image\":{\"@id\":\"http:\\\/\\\/www.crcoc.ca\\\/en\\\/#\\\/schema\\\/logo\\\/image\\\/\"},\"sameAs\":[\"https:\\\/\\\/www.facebook.com\\\/OCCRC.CRCOC\\\/\",\"https:\\\/\\\/x.com\\\/OCCRC_CRCOC\",\"https:\\\/\\\/instagram.com\\\/occrcyp_crcocpj\\\/\"]}]}<\/script>\n<!-- \/ Yoast SEO plugin. -->","yoast_head_json":{"title":"Subscribe to our mailing list - CRCOC - OCCRC","robots":{"index":"index","follow":"follow","max-snippet":"max-snippet:-1","max-image-preview":"max-image-preview:large","max-video-preview":"max-video-preview:-1"},"canonical":"http:\/\/www.crcoc.ca\/en\/subscribe-to-our-mailing-list\/","og_locale":"en_US","og_type":"article","og_title":"Subscribe to our mailing list - CRCOC - OCCRC","og_description":"Subscribe * indicates required Email *Title First name Last name Interests E-newsletter subscription Fundraising events for the OCCRC","og_url":"http:\/\/www.crcoc.ca\/en\/subscribe-to-our-mailing-list\/","og_site_name":"CRCOC - OCCRC","article_publisher":"https:\/\/www.facebook.com\/OCCRC.CRCOC\/","article_modified_time":"2025-01-20T19:35:34+00:00","twitter_card":"summary_large_image","twitter_site":"@OCCRC_CRCOC","twitter_misc":{"Est. reading time":"1 minute"},"schema":{"@context":"https:\/\/schema.org","@graph":[{"@type":"WebPage","@id":"http:\/\/www.crcoc.ca\/en\/subscribe-to-our-mailing-list\/","url":"http:\/\/www.crcoc.ca\/en\/subscribe-to-our-mailing-list\/","name":"Subscribe to our mailing list - CRCOC - OCCRC","isPartOf":{"@id":"http:\/\/www.crcoc.ca\/en\/#website"},"datePublished":"2019-02-22T19:27:43+00:00","dateModified":"2025-01-20T19:35:34+00:00","breadcrumb":{"@id":"http:\/\/www.crcoc.ca\/en\/subscribe-to-our-mailing-list\/#breadcrumb"},"inLanguage":"en-US","potentialAction":[{"@type":"ReadAction","target":["http:\/\/www.crcoc.ca\/en\/subscribe-to-our-mailing-list\/"]}]},{"@type":"BreadcrumbList","@id":"http:\/\/www.crcoc.ca\/en\/subscribe-to-our-mailing-list\/#breadcrumb","itemListElement":[{"@type":"ListItem","position":1,"name":"Home","item":"https:\/\/www.crcoc.ca\/en\/"},{"@type":"ListItem","position":2,"name":"Subscribe to our mailing list"}]},{"@type":"WebSite","@id":"http:\/\/www.crcoc.ca\/en\/#website","url":"http:\/\/www.crcoc.ca\/en\/","name":"CRCOC - OCCRC","description":"Centre de ressources communautaires Orl\u00e9ans-Cumberland | Orl\u00e9ans-Cumberland Community Resource Center","publisher":{"@id":"http:\/\/www.crcoc.ca\/en\/#organization"},"potentialAction":[{"@type":"SearchAction","target":{"@type":"EntryPoint","urlTemplate":"http:\/\/www.crcoc.ca\/en\/?s={search_term_string}"},"query-input":{"@type":"PropertyValueSpecification","valueRequired":true,"valueName":"search_term_string"}}],"inLanguage":"en-US"},{"@type":"Organization","@id":"http:\/\/www.crcoc.ca\/en\/#organization","name":"Orl\u00e9ans-Cumberland Community Resource Centre","url":"http:\/\/www.crcoc.ca\/en\/","logo":{"@type":"ImageObject","inLanguage":"en-US","@id":"http:\/\/www.crcoc.ca\/en\/#\/schema\/logo\/image\/","url":"https:\/\/www.crcoc.ca\/wp-content\/uploads\/2019\/01\/cropped-Logo_OCCRCeachside-1.png","contentUrl":"https:\/\/www.crcoc.ca\/wp-content\/uploads\/2019\/01\/cropped-Logo_OCCRCeachside-1.png","width":512,"height":512,"caption":"Orl\u00e9ans-Cumberland Community Resource Centre"},"image":{"@id":"http:\/\/www.crcoc.ca\/en\/#\/schema\/logo\/image\/"},"sameAs":["https:\/\/www.facebook.com\/OCCRC.CRCOC\/","https:\/\/x.com\/OCCRC_CRCOC","https:\/\/instagram.com\/occrcyp_crcocpj\/"]}]}},"_links":{"self":[{"href":"http:\/\/www.crcoc.ca\/en\/wp-json\/wp\/v2\/pages\/2035","targetHints":{"allow":["GET"]}}],"collection":[{"href":"http:\/\/www.crcoc.ca\/en\/wp-json\/wp\/v2\/pages"}],"about":[{"href":"http:\/\/www.crcoc.ca\/en\/wp-json\/wp\/v2\/types\/page"}],"author":[{"embeddable":true,"href":"http:\/\/www.crcoc.ca\/en\/wp-json\/wp\/v2\/users\/1"}],"replies":[{"embeddable":true,"href":"http:\/\/www.crcoc.ca\/en\/wp-json\/wp\/v2\/comments?post=2035"}],"version-history":[{"count":8,"href":"http:\/\/www.crcoc.ca\/en\/wp-json\/wp\/v2\/pages\/2035\/revisions"}],"predecessor-version":[{"id":34099,"href":"http:\/\/www.crcoc.ca\/en\/wp-json\/wp\/v2\/pages\/2035\/revisions\/34099"}],"wp:attachment":[{"href":"http:\/\/www.crcoc.ca\/en\/wp-json\/wp\/v2\/media?parent=2035"}],"curies":[{"name":"wp","href":"https:\/\/api.w.org\/{rel}","templated":true}]}}